{"id":4986,"date":"2022-08-31T13:07:55","date_gmt":"2022-08-31T11:07:55","guid":{"rendered":"https:\/\/usedsoft.dev.bitdivision.de\/i\/?page_id=4986"},"modified":"2026-03-24T17:51:42","modified_gmt":"2026-03-24T16:51:42","slug":"ueber-usedsoft","status":"publish","type":"page","link":"https:\/\/www.usedsoft.com\/i\/ueber-usedsoft\/","title":{"rendered":"\u00dcber usedSoft"},"content":{"rendered":"<p>[vc_section el_class=&#8220;introBlock&#8220;][vc_row][vc_column][vc_single_image image=&#8220;5751&#8243; img_size=&#8220;600&#215;600&#8243; alignment=&#8220;center&#8220;][vc_column_text]<\/p>\n<h1 style=\"text-align: left;\">usedSoft: Ihr zuverl\u00e4ssiger Gebrauchtsoftware-Pionier<\/h1>\n<p>Mit usedSoft k\u00f6nnen Sie beim Kauf gebrauchter Softwarelizenzen richtig Geld sparen. Wir bieten gebrauchte Softwarelizenzen f\u00fcr Unternehmen an, die bis zu 70 % g\u00fcnstiger sind als ein Neukauf. Und das Beste daran: Weil Software sich nicht abnutzt, ist die Qualit\u00e4t gebraucht wie neu dieselbe. Als erster B2B-Anbieter Europas sind wir 2003 mit unserer Gesch\u00e4ftsidee f\u00fcr gebrauchte Softwarelizenzen an den Start gegangen. Heute sind wir nicht nur einer der f\u00fchrenden europ\u00e4ischen Anbieter, sondern haben auch einen pr\u00e4mierten Online-Shop.<\/p>\n<p>Wir kombinieren modernen E-Commerce und klassischen Vertrieb. Dadurch sind wir f\u00fcr unsere Kunden so da, wie es f\u00fcr sie am besten passt. Unsere Philosophie? Attraktive Preise, eine professionelle und einfache Abwicklung, bester Service, eine schnelle Lieferung und absolute Zuverl\u00e4ssigkeit. Mit diesen Werten haben wir bereits rund 17.500 Kunden \u00fcberzeugt! Die K\u00e4ufer von Gebrauchtsoftware sind Unternehmen jeder Gr\u00f6\u00dfe, Beh\u00f6rden und \u00f6ffentliche Einrichtungen, aber auch Software-H\u00e4ndler und Systemh\u00e4user.[\/vc_column_text][vc_row_inner equal_height=&#8220;yes&#8220; el_class=&#8220;whiteboxes&#8220;][vc_column_inner width=&#8220;1\/3&#8243;]<div class=\"text-center\"><img decoding=\"async\" src=\"https:\/\/www.usedsoft.com\/i\/wp-content\/themes\/usedsoft\/svg\/pioneer.svg\"><\/div>[vc_column_text]<\/p>\n<h3 style=\"text-align: center;\">Gebrauchtsoftware seit 2003<\/h3>\n<p style=\"text-align: center;\">usedSoft ist der Pionier f\u00fcr gebrauchte Software und hat die Gesch\u00e4ftsidee in Europa zur Marktreife gebracht. Kein Wunder, dass sich unser Team bestens auskennt. Bei Fragen helfen wir Ihnen gerne weiter.<\/p>\n<p>[\/vc_column_text]<div class='usButton '><a href=\"https:\/\/www.usedsoft.com\/i\/team\/\" class='btn btn-primary mb-3' target=\"\" rel=\"\">Zum Experten-Team<\/a><\/div>[\/vc_column_inner][vc_column_inner width=&#8220;1\/3&#8243;]<div class=\"text-center\"><img decoding=\"async\" src=\"https:\/\/www.usedsoft.com\/i\/wp-content\/themes\/usedsoft\/svg\/excellent.svg\"><\/div>[vc_column_text]<\/p>\n<h3 style=\"text-align: center;\">Pr\u00e4mierter Online-Shop<\/h3>\n<p style=\"text-align: center;\">Unser Online-Shop f\u00fcr B2B-Kunden ist EHI-gepr\u00fcft, ISO-zertifiziert und von der IT-Fachzeitschrift &#8222;manage it&#8220; mit dem Preis \u201eDeutschlands beste Online-Shops\u201c in der Kategorie \u201eB2B Software\u201c ausgezeichnet.<\/p>\n<p>[\/vc_column_text]<div class='usButton '><a href=\"https:\/\/www.usedsoft.com\/\" class='btn btn-primary mb-3' target=\"\" rel=\"\">Lizenzen kaufen<\/a><\/div>[\/vc_column_inner][vc_column_inner width=&#8220;1\/3&#8243;]<div class=\"text-center\"><img decoding=\"async\" src=\"https:\/\/www.usedsoft.com\/i\/wp-content\/themes\/usedsoft\/svg\/clients.svg\"><\/div>[vc_column_text]<\/p>\n<h3 style=\"text-align: center;\">\u00dcberzeugte Kunden<\/h3>\n<p style=\"text-align: center;\">Unternehmen, Beh\u00f6rden, H\u00e4ndler: Zufriedene usedSoft-Kunden kommen aus so gut wie jeder Branche. Unsere Referenzen sprechen f\u00fcr sich!<\/p>\n<p>[\/vc_column_text]<div class='usButton '><a href=\"https:\/\/www.usedsoft.com\/i\/referenzen\/\" class='btn btn-primary mb-3' target=\"\" rel=\"\">Zu den Referenzen<\/a><\/div>[\/vc_column_inner][\/vc_row_inner][\/vc_column][\/vc_row][\/vc_section][vc_section][vc_row][vc_column][vc_text_separator title=&#8220;Eine Auswahl unserer Kunden&#8220; title_align=&#8220;separator_align_left&#8220;]<div class=\"slider row my-5 align-items-center\">\r\n        \r\n    <a href=\"https:\/\/www.usedsoft.com\/i\/referenzen\/\" class=\"col-6 col-md-3 mb-3\">\r\n                    <img decoding=\"async\" class=\"img-fluid\" src=\"https:\/\/www.usedsoft.com\/i\/wp-content\/uploads\/2022\/06\/SPOE-300x158.png\" class=\"card-img-top\" alt=\"SP\u00d6 Wien\">\r\n            <\/a>\r\n\r\n        \r\n    <a href=\"https:\/\/www.usedsoft.com\/i\/referenzen\/\" class=\"col-6 col-md-3 mb-3\">\r\n                    <img decoding=\"async\" class=\"img-fluid\" src=\"https:\/\/www.usedsoft.com\/i\/wp-content\/uploads\/2022\/06\/Brennecke-300x44.png\" class=\"card-img-top\" alt=\"Brennecke & Partner mbB\">\r\n            <\/a>\r\n\r\n        \r\n    <a href=\"https:\/\/www.usedsoft.com\/i\/referenzen\/\" class=\"col-6 col-md-3 mb-3\">\r\n                    <img decoding=\"async\" class=\"img-fluid\" src=\"https:\/\/www.usedsoft.com\/i\/wp-content\/uploads\/2022\/06\/Mitteldeutsches-Institut-fuer-Arbeitsmedizin.png\" class=\"card-img-top\" alt=\"Mitteldeutsches Institut f\u00fcr Arbeitsmedizin GmbH\">\r\n            <\/a>\r\n\r\n        \r\n    <a href=\"https:\/\/www.usedsoft.com\/i\/referenzen\/\" class=\"col-6 col-md-3 mb-3\">\r\n                    <img decoding=\"async\" class=\"img-fluid\" src=\"https:\/\/www.usedsoft.com\/i\/wp-content\/uploads\/2022\/06\/Segafredo.png\" class=\"card-img-top\" alt=\"Segafredo Deutschland GmbH\">\r\n            <\/a>\r\n\r\n        \r\n    <a href=\"https:\/\/www.usedsoft.com\/i\/referenzen\/\" class=\"col-6 col-md-3 mb-3\">\r\n                    <img decoding=\"async\" class=\"img-fluid\" src=\"https:\/\/www.usedsoft.com\/i\/wp-content\/uploads\/2022\/06\/Hildegard-Braukmann-300x127.png\" class=\"card-img-top\" alt=\"Hildegard Braukmann Kosmetik GmbH & Co.KG\">\r\n            <\/a>\r\n\r\n        \r\n    <a href=\"https:\/\/www.usedsoft.com\/i\/referenzen\/\" class=\"col-6 col-md-3 mb-3\">\r\n                    <img decoding=\"async\" class=\"img-fluid\" src=\"https:\/\/www.usedsoft.com\/i\/wp-content\/uploads\/2022\/06\/Stralsund-1-300x99.jpg\" class=\"card-img-top\" alt=\"Hansestadt Stralsund\">\r\n            <\/a>\r\n\r\n        \r\n    <a href=\"https:\/\/www.usedsoft.com\/i\/referenzen\/\" class=\"col-6 col-md-3 mb-3\">\r\n                    <img decoding=\"async\" class=\"img-fluid\" src=\"https:\/\/www.usedsoft.com\/i\/wp-content\/uploads\/2022\/06\/MVB-1-300x91.jpg\" class=\"card-img-top\" alt=\"Magdeburger Verkehrsbetriebe GmbH & Co. KG (MVB)\">\r\n            <\/a>\r\n\r\n        \r\n    <a href=\"https:\/\/www.usedsoft.com\/i\/referenzen\/\" class=\"col-6 col-md-3 mb-3\">\r\n                    <img decoding=\"async\" class=\"img-fluid\" src=\"https:\/\/www.usedsoft.com\/i\/wp-content\/uploads\/2022\/06\/Kaerntner_Flughafen-214x300.jpg\" class=\"card-img-top\" alt=\"K\u00e4rntner Flughafen Betriebsgesellschaft mbH\">\r\n            <\/a>\r\n\r\n        \r\n    <a href=\"https:\/\/www.usedsoft.com\/i\/referenzen\/\" class=\"col-6 col-md-3 mb-3\">\r\n                    <img decoding=\"async\" class=\"img-fluid\" src=\"https:\/\/www.usedsoft.com\/i\/wp-content\/uploads\/2022\/06\/Caritas-Traegergesellschaft-West_Logo.jpg\" class=\"card-img-top\" alt=\"Caritas Tr\u00e4gergesellschaft West gGmbH\">\r\n            <\/a>\r\n\r\n        \r\n    <a href=\"https:\/\/www.usedsoft.com\/i\/referenzen\/\" class=\"col-6 col-md-3 mb-3\">\r\n                    <img decoding=\"async\" class=\"img-fluid\" src=\"https:\/\/www.usedsoft.com\/i\/wp-content\/uploads\/2022\/06\/Stadt-Flensburg-Logo-300x86.jpg\" class=\"card-img-top\" alt=\"Stadt Flensburg\">\r\n            <\/a>\r\n\r\n        \r\n    <a href=\"https:\/\/www.usedsoft.com\/i\/referenzen\/\" class=\"col-6 col-md-3 mb-3\">\r\n                    <img decoding=\"async\" class=\"img-fluid\" src=\"https:\/\/www.usedsoft.com\/i\/wp-content\/uploads\/2022\/06\/Friedrichstadt-Palast-300x51.png\" class=\"card-img-top\" alt=\"Friedrichstadt-Palast Betriebsgesellschaft mbH\">\r\n            <\/a>\r\n\r\n        \r\n    <a href=\"https:\/\/www.usedsoft.com\/i\/referenzen\/\" class=\"col-6 col-md-3 mb-3\">\r\n                    <img decoding=\"async\" class=\"img-fluid\" src=\"https:\/\/www.usedsoft.com\/i\/wp-content\/uploads\/2022\/06\/Alete-1-300x106.jpg\" class=\"card-img-top\" alt=\"Alete GmbH\">\r\n            <\/a>\r\n\r\n    <\/div>[\/vc_column][\/vc_row][vc_row equal_height=&#8220;yes&#8220; el_id=&#8220;team&#8220;][vc_column width=&#8220;9\/12&#8243;][vc_text_separator title=&#8220;Gesch\u00e4ftsf\u00fchrung&#8220; title_align=&#8220;separator_align_left&#8220;][vc_row_inner][vc_column_inner width=&#8220;1\/2&#8243;][vc_single_image image=&#8220;9858&#8243; img_size=&#8220;full&#8220;][\/vc_column_inner][vc_column_inner width=&#8220;1\/2&#8243;][vc_column_text css=&#8220;.vc_custom_1668078561242{margin-top: -10px !important;margin-bottom: 15px !important;}&#8220;]<strong>Johannes J\u00e4ger<br \/>\n<\/strong>Gesch\u00e4ftsf\u00fchrer, usedSoft Deutschland GmbH<\/p>\n<p>Johannes J\u00e4ger verf\u00fcgt \u00fcber langj\u00e4hrige und internationale Erfahrungen in Management und Vertrieb. Bevor er Gesch\u00e4ftsf\u00fchrer bei usedSoft wurde, war er kaufm\u00e4nnischer und technischer Vertriebsleiter bei der Schniewindt GmbH &amp; Co. KG, dem f\u00fchrenden Hersteller von elektrischer Beheizungstechnik. Dort verantwortete er unter anderem die strategische Ausrichtung des Vertriebs, den Aufbau des Vertriebsnetzes und die Entwicklung neuer Absatzm\u00e4rkte sowie eines Online-Shops. Zuvor war J\u00e4ger f\u00fcr Schniewindt als General Manager des chinesischen Standorts in Shanghai t\u00e4tig. J\u00e4ger ist studierter Ingenieur und hat zudem einen MBA in Betriebswirtschaft.[\/vc_column_text][\/vc_column_inner][\/vc_row_inner][\/vc_column][vc_column width=&#8220;3\/12&#8243; el_class=&#8220;sticky&#8220;][vc_column_text el_class=&#8220;infobox sticky&#8220;]<\/p>\n<h4>Komm ins Team usedSoft!<\/h4>\n<p>Wir sind immer auf der Suche nach motivierten Kolleginnen und Kollegen, die ihre Kompetenzen und Ideen in unser Team einbringen m\u00f6chten. Vor allem Vertriebsprofis, die mit uns wachsen wollen, sind jederzeit willkommen.<\/p>\n<p>Alle Informationen und aktuelle Stellenausschreibungen gibt es auf unserer <a href=\"https:\/\/www.usedsoft.com\/i\/karriere\/\">Karriere-Seite<\/a>.[\/vc_column_text][vc_raw_html]JTNDYSUyMGNsYXNzJTNEJTIyY29va2llY29uc2VudC1vcHRpbi1tYXJrZXRpbmclMjJocmVmJTNEJTIyaHR0cHMlM0ElMkYlMkZrdW51bnUuY29tJTJGZGUlMkZ1c2Vkc29mdC1kZXV0c2NobGFuZDElM0Z1dG1fbWVkaXVtJTNEYWZmaWxpYXRlJTI2dXRtX3NvdXJjZSUzRHdpZGdldCUyNnV0bV9jb250ZW50JTNEd2lkZ2V0X2ljb25fc2NvcmVfbG9nb19zbWFsbCUyNnJmciUzRGFmZmlsaWF0ZV93aWRnZXQlMjAlMjIlMjByZWwlM0QlMjJub2ZvbGxvdyUyMG5vb3BlbmVyJTIyJTIwdGFyZ2V0JTNEJTIyX2JsYW5rJTIyJTNFJTNDaW1nJTIwYWx0JTNEJTIya3VudW51JTIwd2lkZ2V0JTIyJTIwc3JjJTNEJTIyaHR0cHMlM0ElMkYlMkZ3aWRnZXRzLmt1bnVudS5jb20lMkZ3aWRnZXRfaWNvbl9zY29yZV9sb2dvX3NtYWxsJTJGcHJvZmlsZXMlMkY4NDNiOWYzOC1iMzdjLTRkM2YtYjExZi0xOTdkYTU4NDgwZTQlMjIlMjAlMkYlM0UlM0MlMkZhJTNF[\/vc_raw_html][\/vc_column][\/vc_row][vc_row][vc_column][vc_text_separator title=&#8220;Unsere Marke System Performance&#8220; title_align=&#8220;separator_align_left&#8220;][vc_row_inner][vc_column_inner width=&#8220;4\/6&#8243;][vc_column_text]<\/p>\n<h2>System Performance: IT-Dienstleistungen f\u00fcr den Mittelstand im Gro\u00dfraum Dortmund<\/h2>\n<p>Sie suchen einen Experten f\u00fcr gewerbliche IT-Systeme, Netzwerke und Telefonanlagen? Bei System Performance, einer 100% usedSoft-Marke, erhalten Sie ma\u00dfgeschneiderte L\u00f6sungen, die genau auf Ihre Bed\u00fcrfnissen zugeschnitten sind &#8211; zu fairen Preisen und mit nachhaltigem Ansatz. Denn wir kennen uns nicht nur mit gebrauchter Software aus, sondern auch mit wiederaufbereiteter, gebrauchter Hardware. Refurbished Hardware, die professionell aufgearbeitet wird, bietet gleich mehrere Vorteile: Sie erhalten hochwertige IT-Ger\u00e4te, die so gut sind wie neu, aber deutlich g\u00fcnstiger. Gleichzeitig ist die Wiederverwendung nachhaltig und hilft, wertvolle Ressourcen zu schonen.<\/p>\n<p><strong>Einfach.<\/strong> Bei System Performance erhalten Sie unkomplizierte L\u00f6sungen, die Ihre IT-Anforderungen effizient und problemlos erf\u00fcllen.<\/p>\n<p><strong>Fair.<\/strong> Wir legen Wert auf faire Preise und Transparenz. So stelle wir sicher, dass Sie das beste Angebot erhalten, das Ihren Bed\u00fcrfnissen entspricht.<\/p>\n<p><strong>Nachhaltig.<\/strong> Als Experten f\u00fcr nachhaltige Hard- und Softwarel\u00f6sungen bieten wir Ihnen Qualit\u00e4t und Langlebigkeit, w\u00e4hrend wir gleichzeitig Ressourcen schonen.<\/p>\n<p>Besuchen Sie unsere Website <strong><a href=\"http:\/\/www.system-performance.de\">www.system-performance.de<\/a><\/strong>[\/vc_column_text][\/vc_column_inner][vc_column_inner width=&#8220;2\/6&#8243;][vc_single_image image=&#8220;9837&#8243; img_size=&#8220;medium&#8220; onclick=&#8220;custom_link&#8220; link=&#8220;https:\/\/www.system-performance.de\/&#8220;][vc_column_text]<strong>Kontakt:<\/strong><span class=\"elementor-icon-list-text\"><br \/>\n<\/span><span class=\"elementor-icon-list-text\">0231 9999 10 40<br \/>\n<\/span><a href=\"mailto:info@system-performance.de\"><span class=\"elementor-icon-list-text\">info@system-performance.de<\/span><\/a>[\/vc_column_text][\/vc_column_inner][\/vc_row_inner][\/vc_column][\/vc_row][\/vc_section][vc_section][vc_row][vc_column]<\/div><\/div><\/div><\/div><\/div>\r\n<div id=\"linkBanner\" class=\"container-fluid bg-primary mb-5\">\r\n    <div class=\"container\">\r\n        <div class=\"row my-5\">\r\n            <div class=\"col my-3\">\r\n                <div class=\"inner h-100\">\r\n                    <h3>Lizenzen kaufen<\/h3>\r\n\r\n                    <a href=\"\/\" class=\"btn btn-white mt-5\">mehr Informationen<\/a>\r\n                <\/div>\r\n            <\/div>\r\n            <div class=\"col my-3\">\r\n                <div class=\"inner h-100\">\r\n                    <h3>Lizenzen verkaufen<\/h3>\r\n\r\n                    <a href=\"\/de\/Lizenzen-verkaufen\/\" class=\"btn btn-white mt-5\">mehr Informationen<\/a>\r\n                <\/div>\r\n            <\/div>\r\n            <div class=\"col my-3\">\r\n                <div class=\"inner h-100\">\r\n                    <h3>Sonderaktion<\/h3>\r\n                    <a href=\"\/de\/Sonderaktion\/\" class=\"btn btn-white mt-5\">mehr Informationen<\/a>\r\n                <\/div>\r\n            <\/div>\r\n        <\/div>\r\n    <\/div>\r\n\r\n<\/div>\r\n<div class=\"container\"><div><div><div><div>\r\n\r\n\r\n[\/vc_column][\/vc_row][\/vc_section]<\/p>\n","protected":false},"excerpt":{"rendered":"<p>[vc_section el_class=&#8220;introBlock&#8220;][vc_row][vc_column][vc_single_image image=&#8220;5751&#8243; img_size=&#8220;600&#215;600&#8243; alignment=&#8220;center&#8220;][vc_column_text] usedSoft: Ihr zuverl\u00e4ssiger Gebrauchtsoftware-Pionier Mit usedSoft k\u00f6nnen Sie beim Kauf gebrauchter Softwarelizenzen richtig Geld sparen. Wir bieten gebrauchte Softwarelizenzen f\u00fcr Unternehmen an, die bis zu 70 % g\u00fcnstiger sind als ein Neukauf. Und das Beste daran: Weil Software sich nicht abnutzt, ist die Qualit\u00e4t gebraucht wie neu dieselbe. Als erster [&hellip;]<\/p>\n","protected":false},"author":5,"featured_media":0,"parent":0,"menu_order":0,"comment_status":"closed","ping_status":"closed","template":"","meta":{"footnotes":""},"class_list":["post-4986","page","type-page","status-publish","hentry"],"yoast_head":"<!-- This site is optimized with the Yoast SEO plugin v23.3 - https:\/\/yoast.com\/wordpress\/plugins\/seo\/ -->\n<title>Gebrauchte Softwarelizenzen f\u00fcr Unternehmen | \u00dcber usedSoft<\/title>\n<meta name=\"description\" content=\"Gebrauchte Softwarelizenzen f\u00fcr Unternehmen \u2013 usedSoft bietet Microsoft-Lizenzen, g\u00fcnstig und legal. Jetzt bis zu 50 % sparen!\" \/>\n<meta name=\"robots\" content=\"index, follow, max-snippet:-1, max-image-preview:large, max-video-preview:-1\" \/>\n<link rel=\"canonical\" href=\"https:\/\/www.usedsoft.com\/i\/ueber-usedsoft\/\" \/>\n<meta property=\"og:locale\" content=\"de_DE\" \/>\n<meta property=\"og:type\" content=\"article\" \/>\n<meta property=\"og:title\" content=\"\u00dcber usedSoft\" \/>\n<meta property=\"og:description\" content=\"usedSoft ist einer der f\u00fchrenden Anbieter f\u00fcr Gebrauchtsoftware. Das Unternehmen hat den Gebrauchtsoftware-Handel in Europa etabliert.\" \/>\n<meta property=\"og:url\" content=\"https:\/\/www.usedsoft.com\/i\/ueber-usedsoft\/\" \/>\n<meta property=\"og:site_name\" content=\"usedSoft\" \/>\n<meta property=\"article:modified_time\" content=\"2026-03-24T16:51:42+00:00\" \/>\n<meta property=\"og:image\" content=\"https:\/\/www.usedsoft.com\/i\/wp-content\/uploads\/2022\/11\/ueber-uns.jpg\" \/>\n\t<meta property=\"og:image:width\" content=\"600\" \/>\n\t<meta property=\"og:image:height\" content=\"600\" \/>\n\t<meta property=\"og:image:type\" content=\"image\/jpeg\" \/>\n<meta name=\"twitter:card\" content=\"summary_large_image\" \/>\n<meta name=\"twitter:title\" content=\"\u00dcber usedSoft\" \/>\n<meta name=\"twitter:description\" content=\"usedSoft ist einer der f\u00fchrenden Anbieter f\u00fcr Gebrauchtsoftware. Das Unternehmen hat den Gebrauchtsoftware-Handel in Europa etabliert.\" \/>\n<meta name=\"twitter:image\" content=\"https:\/\/www.usedsoft.com\/i\/wp-content\/uploads\/2022\/11\/ueber-uns.jpg\" \/>\n<meta name=\"twitter:label1\" content=\"Gesch\u00e4tzte Lesezeit\" \/>\n\t<meta name=\"twitter:data1\" content=\"4\u00a0Minuten\" \/>\n<script type=\"application\/ld+json\" class=\"yoast-schema-graph\">{\"@context\":\"https:\/\/schema.org\",\"@graph\":[{\"@type\":\"WebPage\",\"@id\":\"https:\/\/www.usedsoft.com\/i\/ueber-usedsoft\/\",\"url\":\"https:\/\/www.usedsoft.com\/i\/ueber-usedsoft\/\",\"name\":\"Gebrauchte Softwarelizenzen f\u00fcr Unternehmen | \u00dcber usedSoft\",\"isPartOf\":{\"@id\":\"https:\/\/www.usedsoft.com\/i\/#website\"},\"datePublished\":\"2022-08-31T11:07:55+00:00\",\"dateModified\":\"2026-03-24T16:51:42+00:00\",\"description\":\"Gebrauchte Softwarelizenzen f\u00fcr Unternehmen \u2013 usedSoft bietet Microsoft-Lizenzen, g\u00fcnstig und legal. Jetzt bis zu 50 % sparen!\",\"breadcrumb\":{\"@id\":\"https:\/\/www.usedsoft.com\/i\/ueber-usedsoft\/#breadcrumb\"},\"inLanguage\":\"de\",\"potentialAction\":[{\"@type\":\"ReadAction\",\"target\":[\"https:\/\/www.usedsoft.com\/i\/ueber-usedsoft\/\"]}]},{\"@type\":\"BreadcrumbList\",\"@id\":\"https:\/\/www.usedsoft.com\/i\/ueber-usedsoft\/#breadcrumb\",\"itemListElement\":[{\"@type\":\"ListItem\",\"position\":1,\"name\":\"Startseite\",\"item\":\"https:\/\/www.usedsoft.com\/i\/\"},{\"@type\":\"ListItem\",\"position\":2,\"name\":\"\u00dcber usedSoft\"}]},{\"@type\":\"WebSite\",\"@id\":\"https:\/\/www.usedsoft.com\/i\/#website\",\"url\":\"https:\/\/www.usedsoft.com\/i\/\",\"name\":\"usedSoft\",\"description\":\"\",\"potentialAction\":[{\"@type\":\"SearchAction\",\"target\":{\"@type\":\"EntryPoint\",\"urlTemplate\":\"https:\/\/www.usedsoft.com\/i\/?s={search_term_string}\"},\"query-input\":\"required name=search_term_string\"}],\"inLanguage\":\"de\"}]}<\/script>\n<!-- \/ Yoast SEO plugin. -->","yoast_head_json":{"title":"Gebrauchte Softwarelizenzen f\u00fcr Unternehmen | \u00dcber usedSoft","description":"Gebrauchte Softwarelizenzen f\u00fcr Unternehmen \u2013 usedSoft bietet Microsoft-Lizenzen, g\u00fcnstig und legal. Jetzt bis zu 50 % sparen!","robots":{"index":"index","follow":"follow","max-snippet":"max-snippet:-1","max-image-preview":"max-image-preview:large","max-video-preview":"max-video-preview:-1"},"canonical":"https:\/\/www.usedsoft.com\/i\/ueber-usedsoft\/","og_locale":"de_DE","og_type":"article","og_title":"\u00dcber usedSoft","og_description":"usedSoft ist einer der f\u00fchrenden Anbieter f\u00fcr Gebrauchtsoftware. Das Unternehmen hat den Gebrauchtsoftware-Handel in Europa etabliert.","og_url":"https:\/\/www.usedsoft.com\/i\/ueber-usedsoft\/","og_site_name":"usedSoft","article_modified_time":"2026-03-24T16:51:42+00:00","og_image":[{"width":600,"height":600,"url":"https:\/\/www.usedsoft.com\/i\/wp-content\/uploads\/2022\/11\/ueber-uns.jpg","type":"image\/jpeg"}],"twitter_card":"summary_large_image","twitter_title":"\u00dcber usedSoft","twitter_description":"usedSoft ist einer der f\u00fchrenden Anbieter f\u00fcr Gebrauchtsoftware. Das Unternehmen hat den Gebrauchtsoftware-Handel in Europa etabliert.","twitter_image":"https:\/\/www.usedsoft.com\/i\/wp-content\/uploads\/2022\/11\/ueber-uns.jpg","twitter_misc":{"Gesch\u00e4tzte Lesezeit":"4\u00a0Minuten"},"schema":{"@context":"https:\/\/schema.org","@graph":[{"@type":"WebPage","@id":"https:\/\/www.usedsoft.com\/i\/ueber-usedsoft\/","url":"https:\/\/www.usedsoft.com\/i\/ueber-usedsoft\/","name":"Gebrauchte Softwarelizenzen f\u00fcr Unternehmen | \u00dcber usedSoft","isPartOf":{"@id":"https:\/\/www.usedsoft.com\/i\/#website"},"datePublished":"2022-08-31T11:07:55+00:00","dateModified":"2026-03-24T16:51:42+00:00","description":"Gebrauchte Softwarelizenzen f\u00fcr Unternehmen \u2013 usedSoft bietet Microsoft-Lizenzen, g\u00fcnstig und legal. Jetzt bis zu 50 % sparen!","breadcrumb":{"@id":"https:\/\/www.usedsoft.com\/i\/ueber-usedsoft\/#breadcrumb"},"inLanguage":"de","potentialAction":[{"@type":"ReadAction","target":["https:\/\/www.usedsoft.com\/i\/ueber-usedsoft\/"]}]},{"@type":"BreadcrumbList","@id":"https:\/\/www.usedsoft.com\/i\/ueber-usedsoft\/#breadcrumb","itemListElement":[{"@type":"ListItem","position":1,"name":"Startseite","item":"https:\/\/www.usedsoft.com\/i\/"},{"@type":"ListItem","position":2,"name":"\u00dcber usedSoft"}]},{"@type":"WebSite","@id":"https:\/\/www.usedsoft.com\/i\/#website","url":"https:\/\/www.usedsoft.com\/i\/","name":"usedSoft","description":"","potentialAction":[{"@type":"SearchAction","target":{"@type":"EntryPoint","urlTemplate":"https:\/\/www.usedsoft.com\/i\/?s={search_term_string}"},"query-input":"required name=search_term_string"}],"inLanguage":"de"}]}},"_links":{"self":[{"href":"https:\/\/www.usedsoft.com\/i\/wp-json\/wp\/v2\/pages\/4986","targetHints":{"allow":["GET"]}}],"collection":[{"href":"https:\/\/www.usedsoft.com\/i\/wp-json\/wp\/v2\/pages"}],"about":[{"href":"https:\/\/www.usedsoft.com\/i\/wp-json\/wp\/v2\/types\/page"}],"author":[{"embeddable":true,"href":"https:\/\/www.usedsoft.com\/i\/wp-json\/wp\/v2\/users\/5"}],"replies":[{"embeddable":true,"href":"https:\/\/www.usedsoft.com\/i\/wp-json\/wp\/v2\/comments?post=4986"}],"version-history":[{"count":294,"href":"https:\/\/www.usedsoft.com\/i\/wp-json\/wp\/v2\/pages\/4986\/revisions"}],"predecessor-version":[{"id":12303,"href":"https:\/\/www.usedsoft.com\/i\/wp-json\/wp\/v2\/pages\/4986\/revisions\/12303"}],"wp:attachment":[{"href":"https:\/\/www.usedsoft.com\/i\/wp-json\/wp\/v2\/media?parent=4986"}],"curies":[{"name":"wp","href":"https:\/\/api.w.org\/{rel}","templated":true}]}}