{"id":4815,"date":"2022-08-08T10:40:35","date_gmt":"2022-08-08T08:40:35","guid":{"rendered":"https:\/\/usedsoft.dev.bitdivision.de\/i\/?page_id=4815"},"modified":"2023-04-06T15:40:11","modified_gmt":"2023-04-06T13:40:11","slug":"volumenvertrag-bei-software","status":"publish","type":"page","link":"https:\/\/www.usedsoft.com\/i\/volumenvertrag-bei-software\/","title":{"rendered":"Volumenvertrag bei Software"},"content":{"rendered":"<p>[vc_section][vc_row][vc_column][vc_column_text el_class=&#8220;headline&#8220;]<\/p>\n<h1>Volumenvertrag bei Software<\/h1>\n<p>[\/vc_column_text][\/vc_column][\/vc_row][\/vc_section][vc_section][vc_row][vc_column width=&#8220;1\/2&#8243;][vc_column_text el_class=&#8220;subheadline&#8220;]Im Rahmen von Volumenvertr\u00e4gen\u2013 auch Volumenlizenzvertr\u00e4ge\u00a0genannt \u2013 kauft ein Unternehmen eine gr\u00f6\u00dfere Anzahl an Lizenzen, f\u00fcr die es aber nur eine Master-CD erh\u00e4lt. Die Software wird dann auf der entsprechenden Anzahl an Rechnern installiert. Mehrere Gerichte haben bereits unterstrichen, dass auch Teile eines Volumenvertrages als gebrauchte Lizenzen weiterver\u00e4u\u00dfert werden k\u00f6nnen. Auch bei Volumenlizenzvertr\u00e4gen werden demnach einzelne Lizenzen verkauft, bei denen sich das Verbreitungsrecht des Herstellers ersch\u00f6pft hat. Der Verkauf mehrerer Lizenzen \u00fcber einen\u00a0Volumenvertrag\u00a0ist lediglich ein alternativer Vertriebsweg. Somit k\u00f6nnen auch neue Volumenvertr\u00e4ge mit einer ver\u00e4nderten Zahl von Lizenzen entstehen.[\/vc_column_text][\/vc_column][vc_column width=&#8220;1\/2&#8243;][vc_column_text]So entschied das Landgericht M\u00fcnchen I in seinem rechtskr\u00e4ftigen Urteil mit Urteilsbegr\u00fcndung vom April 2008 (Aktenzeichen 30 O 8684\/07), \u201edass der Verkauf bzw. die Ver\u00e4u\u00dferung einzelner Microsoft-Software-Lizenzen, die zuvor im Rahmen von Volumenlizenzvertr\u00e4gen abgegeben worden waren, auch ohne Zustimmung von Microsoft im Grundsatz wirksam m\u00f6glich ist.\u201c Einzelne Software-Lizenzen aus Microsoft-Volumenlizenzvertr\u00e4gen d\u00fcrfen demnach gebraucht weiterverkauft werden. Das Gericht verwarf mit diesem Urteil die Rechtsauffassung von Microsoft, nach welcher der K\u00e4ufer einer Volumenlizenz keine Einzellizenzen erwirbt, sondern nur ein Vervielf\u00e4ltigungsrecht.<\/p>\n<p>Das Landgericht M\u00fcnchen nimmt ausdr\u00fccklich Bezug auf das Urteil des Landgerichts Hamburg, das bereits im Juni 2006 den Weiterverkauf einzelner Microsoft-Lizenzen aus Volumenlizenzvertr\u00e4gen f\u00fcr zul\u00e4ssig erkl\u00e4rt hatte (Aktenzeichen 315 O 343\/06). Zur Argumentation des Kl\u00e4gers, eine Aufsplittung von Volumenlizenzen sei aufgrund der dabei gew\u00e4hrten g\u00fcnstigeren Konditionen, nicht m\u00f6glich, erkl\u00e4rten die Hamburger Richter: \u201eDas Verg\u00fctungsinteresse von Microsoft (ist) nicht zu ber\u00fccksichtigen. F\u00fcr die Frage des Eintrittes einer urheberrechtlichen Ersch\u00f6pfung (ist dies) viel mehr g\u00e4nzlich irrelevant.\u201c Diese Rechtsauffassung zu Volumenvertr\u00e4gen teilt \u00fcbrigens auch die Mehrzahl der deutschen Urheberrechtsexperten.<\/p>\n<p>Zur\u00a0<a href=\"\/de\/gebrauchte-software\/Rechtslage\/\">Situation des Volumenlizenzhandels in der EU<\/a>\u00a0brachte der\u00a0EuGH mit einem aufsehenerregenden Urteil\u00a0die jahrelang vermisste Nachdr\u00fccklichkeit in die Rechtsprechung zur\u00fcck. Das im EuGH-Urteil vom 03. Juli 2012 angesprochene Aufspaltungsverbot bezieht sich lediglich auf die dort verhandelten Oracle-Lizenzen und nicht auf Volumenlizenzen, wo mehrere einzelne Programme lediglich in einem Paket zusammen verkauft und auch einzeln auf den jeweiligen Arbeitsplatz-Computern abgespeichert werden.[\/vc_column_text][\/vc_column][\/vc_row][\/vc_section]<\/p>\n","protected":false},"excerpt":{"rendered":"<p>[vc_section][vc_row][vc_column][vc_column_text el_class=&#8220;headline&#8220;] Volumenvertrag bei Software [\/vc_column_text][\/vc_column][\/vc_row][\/vc_section][vc_section][vc_row][vc_column width=&#8220;1\/2&#8243;][vc_column_text el_class=&#8220;subheadline&#8220;]Im Rahmen von Volumenvertr\u00e4gen\u2013 auch Volumenlizenzvertr\u00e4ge\u00a0genannt \u2013 kauft ein Unternehmen eine gr\u00f6\u00dfere Anzahl an Lizenzen, f\u00fcr die es aber nur eine Master-CD erh\u00e4lt. Die Software wird dann auf der entsprechenden Anzahl an Rechnern installiert. Mehrere Gerichte haben bereits unterstrichen, dass auch Teile eines Volumenvertrages als gebrauchte Lizenzen weiterver\u00e4u\u00dfert [&hellip;]<\/p>\n","protected":false},"author":5,"featured_media":0,"parent":0,"menu_order":0,"comment_status":"closed","ping_status":"closed","template":"","meta":{"footnotes":""},"class_list":["post-4815","page","type-page","status-publish","hentry"],"yoast_head":"<!-- This site is optimized with the Yoast SEO plugin v23.3 - https:\/\/yoast.com\/wordpress\/plugins\/seo\/ -->\n<title>Gebrauchtsoftware-Glossar: Volumenvertrag bei Software<\/title>\n<meta name=\"description\" content=\"Im Rahmen von Volumenvertr\u00e4gen erh\u00e4lt man eine gr\u00f6\u00dfere Anzahl an Lizenzen mit nur einer Master-CD. Weitere Infos bietet unser Glossar.\" \/>\n<meta name=\"robots\" content=\"index, follow, max-snippet:-1, max-image-preview:large, max-video-preview:-1\" \/>\n<link rel=\"canonical\" href=\"https:\/\/www.usedsoft.com\/i\/volumenvertrag-bei-software\/\" \/>\n<meta property=\"og:locale\" content=\"de_DE\" \/>\n<meta property=\"og:type\" content=\"article\" \/>\n<meta property=\"og:title\" content=\"Gebrauchtsoftware-Glossar: Volumenvertrag bei Software\" \/>\n<meta property=\"og:description\" content=\"Im Rahmen von Volumenvertr\u00e4gen erh\u00e4lt man eine gr\u00f6\u00dfere Anzahl an Lizenzen mit nur einer Master-CD. Weitere Infos bietet unser Glossar.\" \/>\n<meta property=\"og:url\" content=\"https:\/\/www.usedsoft.com\/i\/volumenvertrag-bei-software\/\" \/>\n<meta property=\"og:site_name\" content=\"usedSoft\" \/>\n<meta property=\"article:modified_time\" content=\"2023-04-06T13:40:11+00:00\" \/>\n<meta name=\"twitter:card\" content=\"summary_large_image\" \/>\n<meta name=\"twitter:label1\" content=\"Gesch\u00e4tzte Lesezeit\" \/>\n\t<meta name=\"twitter:data1\" content=\"2\u00a0Minuten\" \/>\n<script type=\"application\/ld+json\" class=\"yoast-schema-graph\">{\"@context\":\"https:\/\/schema.org\",\"@graph\":[{\"@type\":\"WebPage\",\"@id\":\"https:\/\/www.usedsoft.com\/i\/volumenvertrag-bei-software\/\",\"url\":\"https:\/\/www.usedsoft.com\/i\/volumenvertrag-bei-software\/\",\"name\":\"Gebrauchtsoftware-Glossar: Volumenvertrag bei Software\",\"isPartOf\":{\"@id\":\"https:\/\/www.usedsoft.com\/i\/#website\"},\"datePublished\":\"2022-08-08T08:40:35+00:00\",\"dateModified\":\"2023-04-06T13:40:11+00:00\",\"description\":\"Im Rahmen von Volumenvertr\u00e4gen erh\u00e4lt man eine gr\u00f6\u00dfere Anzahl an Lizenzen mit nur einer Master-CD. Weitere Infos bietet unser Glossar.\",\"breadcrumb\":{\"@id\":\"https:\/\/www.usedsoft.com\/i\/volumenvertrag-bei-software\/#breadcrumb\"},\"inLanguage\":\"de\",\"potentialAction\":[{\"@type\":\"ReadAction\",\"target\":[\"https:\/\/www.usedsoft.com\/i\/volumenvertrag-bei-software\/\"]}]},{\"@type\":\"BreadcrumbList\",\"@id\":\"https:\/\/www.usedsoft.com\/i\/volumenvertrag-bei-software\/#breadcrumb\",\"itemListElement\":[{\"@type\":\"ListItem\",\"position\":1,\"name\":\"Startseite\",\"item\":\"https:\/\/www.usedsoft.com\/i\/\"},{\"@type\":\"ListItem\",\"position\":2,\"name\":\"Volumenvertrag bei Software\"}]},{\"@type\":\"WebSite\",\"@id\":\"https:\/\/www.usedsoft.com\/i\/#website\",\"url\":\"https:\/\/www.usedsoft.com\/i\/\",\"name\":\"usedSoft\",\"description\":\"\",\"potentialAction\":[{\"@type\":\"SearchAction\",\"target\":{\"@type\":\"EntryPoint\",\"urlTemplate\":\"https:\/\/www.usedsoft.com\/i\/?s={search_term_string}\"},\"query-input\":\"required name=search_term_string\"}],\"inLanguage\":\"de\"}]}<\/script>\n<!-- \/ Yoast SEO plugin. -->","yoast_head_json":{"title":"Gebrauchtsoftware-Glossar: Volumenvertrag bei Software","description":"Im Rahmen von Volumenvertr\u00e4gen erh\u00e4lt man eine gr\u00f6\u00dfere Anzahl an Lizenzen mit nur einer Master-CD. Weitere Infos bietet unser Glossar.","robots":{"index":"index","follow":"follow","max-snippet":"max-snippet:-1","max-image-preview":"max-image-preview:large","max-video-preview":"max-video-preview:-1"},"canonical":"https:\/\/www.usedsoft.com\/i\/volumenvertrag-bei-software\/","og_locale":"de_DE","og_type":"article","og_title":"Gebrauchtsoftware-Glossar: Volumenvertrag bei Software","og_description":"Im Rahmen von Volumenvertr\u00e4gen erh\u00e4lt man eine gr\u00f6\u00dfere Anzahl an Lizenzen mit nur einer Master-CD. Weitere Infos bietet unser Glossar.","og_url":"https:\/\/www.usedsoft.com\/i\/volumenvertrag-bei-software\/","og_site_name":"usedSoft","article_modified_time":"2023-04-06T13:40:11+00:00","twitter_card":"summary_large_image","twitter_misc":{"Gesch\u00e4tzte Lesezeit":"2\u00a0Minuten"},"schema":{"@context":"https:\/\/schema.org","@graph":[{"@type":"WebPage","@id":"https:\/\/www.usedsoft.com\/i\/volumenvertrag-bei-software\/","url":"https:\/\/www.usedsoft.com\/i\/volumenvertrag-bei-software\/","name":"Gebrauchtsoftware-Glossar: Volumenvertrag bei Software","isPartOf":{"@id":"https:\/\/www.usedsoft.com\/i\/#website"},"datePublished":"2022-08-08T08:40:35+00:00","dateModified":"2023-04-06T13:40:11+00:00","description":"Im Rahmen von Volumenvertr\u00e4gen erh\u00e4lt man eine gr\u00f6\u00dfere Anzahl an Lizenzen mit nur einer Master-CD. Weitere Infos bietet unser Glossar.","breadcrumb":{"@id":"https:\/\/www.usedsoft.com\/i\/volumenvertrag-bei-software\/#breadcrumb"},"inLanguage":"de","potentialAction":[{"@type":"ReadAction","target":["https:\/\/www.usedsoft.com\/i\/volumenvertrag-bei-software\/"]}]},{"@type":"BreadcrumbList","@id":"https:\/\/www.usedsoft.com\/i\/volumenvertrag-bei-software\/#breadcrumb","itemListElement":[{"@type":"ListItem","position":1,"name":"Startseite","item":"https:\/\/www.usedsoft.com\/i\/"},{"@type":"ListItem","position":2,"name":"Volumenvertrag bei Software"}]},{"@type":"WebSite","@id":"https:\/\/www.usedsoft.com\/i\/#website","url":"https:\/\/www.usedsoft.com\/i\/","name":"usedSoft","description":"","potentialAction":[{"@type":"SearchAction","target":{"@type":"EntryPoint","urlTemplate":"https:\/\/www.usedsoft.com\/i\/?s={search_term_string}"},"query-input":"required name=search_term_string"}],"inLanguage":"de"}]}},"_links":{"self":[{"href":"https:\/\/www.usedsoft.com\/i\/wp-json\/wp\/v2\/pages\/4815","targetHints":{"allow":["GET"]}}],"collection":[{"href":"https:\/\/www.usedsoft.com\/i\/wp-json\/wp\/v2\/pages"}],"about":[{"href":"https:\/\/www.usedsoft.com\/i\/wp-json\/wp\/v2\/types\/page"}],"author":[{"embeddable":true,"href":"https:\/\/www.usedsoft.com\/i\/wp-json\/wp\/v2\/users\/5"}],"replies":[{"embeddable":true,"href":"https:\/\/www.usedsoft.com\/i\/wp-json\/wp\/v2\/comments?post=4815"}],"version-history":[{"count":1,"href":"https:\/\/www.usedsoft.com\/i\/wp-json\/wp\/v2\/pages\/4815\/revisions"}],"predecessor-version":[{"id":4816,"href":"https:\/\/www.usedsoft.com\/i\/wp-json\/wp\/v2\/pages\/4815\/revisions\/4816"}],"wp:attachment":[{"href":"https:\/\/www.usedsoft.com\/i\/wp-json\/wp\/v2\/media?parent=4815"}],"curies":[{"name":"wp","href":"https:\/\/api.w.org\/{rel}","templated":true}]}}