{"id":4805,"date":"2022-08-08T10:31:03","date_gmt":"2022-08-08T08:31:03","guid":{"rendered":"https:\/\/usedsoft.dev.bitdivision.de\/i\/?page_id=4805"},"modified":"2023-04-06T15:55:50","modified_gmt":"2023-04-06T13:55:50","slug":"urheberrecht-urheberrechtsgesetz","status":"publish","type":"page","link":"https:\/\/www.usedsoft.com\/i\/urheberrecht-urheberrechtsgesetz\/","title":{"rendered":"Urheberrecht &#8211; Urheberrechtsgesetz"},"content":{"rendered":"<p>[vc_section][vc_row][vc_column][vc_column_text el_class=&#8220;headline&#8220;]<\/p>\n<h1>Urheberrecht &#8211; Urheberrechtsgesetz<\/h1>\n<p>[\/vc_column_text][\/vc_column][\/vc_row][\/vc_section][vc_section][vc_row][vc_column width=&#8220;1\/2&#8243;][vc_column_text el_class=&#8220;subheadline&#8220;]&#8220;Das Urheberrecht in der Bundesrepublik wurde mit der Neufassung des Urheberrechtsgesetzes, das am 13.9.2003 in Kraft trat, neu geregelt. Es verschafft Werken der Literatur, Wissenschaft und Kunst Schutz.<\/p>\n<p>Zu den im Sinne des Urheberrechts sch\u00fctzenswerten Werken z\u00e4hlen nach \u00a7 2 Abs. 1:<\/p>\n<ul>\n<li>Sprachwerke<\/li>\n<li>Werke der Musik<\/li>\n<li>pantomimische Werke und Werke der Tanzkunst<\/li>\n<li>Werke und Entw\u00fcrfe der bildenden und der angewandten Kunst<\/li>\n<li>Lichtbildwerke<\/li>\n<li>Filmwerke<\/li>\n<li>Darstellungen wissenschaftlicher oder technischer Art: Pl\u00e4ne, Karten, Skizzen, Tabellen, plastische Darstellungen<\/li>\n<\/ul>\n<p>Das Gesetz behandelt lt. \u00a7 2 Abs. 2 ausdr\u00fccklich \u201enur pers\u00f6nliche geistige Sch\u00f6pfungen\u201c.[\/vc_column_text][\/vc_column][vc_column width=&#8220;1\/2&#8243;][vc_column_text]Der \u00a7 69a ff. enth\u00e4lt \u201eBesondere Bestimmungen f\u00fcr Computerprogramme&#8220;. Dabei wird hervorgehoben, dass es sich um individuelle Werke handeln muss, diese also \u201eErgebnis der eigenen geistigen Sch\u00f6pfung ihres Urhebers sind\u201c. (\u00a7 69 a Abs. 3 UrhG). Handelt es sich lediglich um \u201eIdeen und Grunds\u00e4tze\u201c von Computerprogrammen, so sind diese nicht durch das Urheberrecht gesch\u00fctzt.<\/p>\n<p>Auch die Ersch\u00f6pfung des Urheberrechts f\u00fcr Computerprogramme ist in \u00a7 69c Abs. 3 festgelegt: \u201eWird ein Vervielf\u00e4ltigungsst\u00fcck eines Computerprogramms mit Zustimmung des Rechtsinhabers im Gebiet der Europ\u00e4ischen Union im Wege der Ver\u00e4u\u00dferung in Verkehr gebracht, so ersch\u00f6pft sich das Verbreitungsrecht in Bezug auf dieses Vervielf\u00e4ltigungsst\u00fcck mit Ausnahme des Vermietrechts.\u201c, womit einem Weiterverkauf dieses Vervielf\u00e4ltigungsst\u00fccks nichts mehr im Wege steht.[\/vc_column_text][\/vc_column][\/vc_row][\/vc_section]<\/p>\n","protected":false},"excerpt":{"rendered":"<p>[vc_section][vc_row][vc_column][vc_column_text el_class=&#8220;headline&#8220;] Urheberrecht &#8211; Urheberrechtsgesetz [\/vc_column_text][\/vc_column][\/vc_row][\/vc_section][vc_section][vc_row][vc_column width=&#8220;1\/2&#8243;][vc_column_text el_class=&#8220;subheadline&#8220;]&#8220;Das Urheberrecht in der Bundesrepublik wurde mit der Neufassung des Urheberrechtsgesetzes, das am 13.9.2003 in Kraft trat, neu geregelt. Es verschafft Werken der Literatur, Wissenschaft und Kunst Schutz. Zu den im Sinne des Urheberrechts sch\u00fctzenswerten Werken z\u00e4hlen nach \u00a7 2 Abs. 1: Sprachwerke Werke der Musik pantomimische Werke [&hellip;]<\/p>\n","protected":false},"author":5,"featured_media":0,"parent":0,"menu_order":0,"comment_status":"closed","ping_status":"closed","template":"","meta":{"footnotes":""},"class_list":["post-4805","page","type-page","status-publish","hentry"],"yoast_head":"<!-- This site is optimized with the Yoast SEO plugin v23.3 - https:\/\/yoast.com\/wordpress\/plugins\/seo\/ -->\n<title>Gebrauchtsoftware-Glossar: Urheberrecht<\/title>\n<meta name=\"description\" content=\"Was es im Bezug auf Gebrauchtsoftware beim Urheberrecht alles zu beachten gibt, fasst unser Glossar kompakt f\u00fcr Sie zusammen.\" \/>\n<meta name=\"robots\" content=\"index, follow, max-snippet:-1, max-image-preview:large, max-video-preview:-1\" \/>\n<link rel=\"canonical\" href=\"https:\/\/www.usedsoft.com\/i\/urheberrecht-urheberrechtsgesetz\/\" \/>\n<meta property=\"og:locale\" content=\"de_DE\" \/>\n<meta property=\"og:type\" content=\"article\" \/>\n<meta property=\"og:title\" content=\"Gebrauchtsoftware-Glossar: Urheberrecht\" \/>\n<meta property=\"og:description\" content=\"Was es im Bezug auf Gebrauchtsoftware beim Urheberrecht alles zu beachten gibt, fasst unser Glossar kompakt f\u00fcr Sie zusammen.\" \/>\n<meta property=\"og:url\" content=\"https:\/\/www.usedsoft.com\/i\/urheberrecht-urheberrechtsgesetz\/\" \/>\n<meta property=\"og:site_name\" content=\"usedSoft\" \/>\n<meta property=\"article:modified_time\" content=\"2023-04-06T13:55:50+00:00\" \/>\n<meta name=\"twitter:card\" content=\"summary_large_image\" \/>\n<meta name=\"twitter:label1\" content=\"Gesch\u00e4tzte Lesezeit\" \/>\n\t<meta name=\"twitter:data1\" content=\"2\u00a0Minuten\" \/>\n<script type=\"application\/ld+json\" class=\"yoast-schema-graph\">{\"@context\":\"https:\/\/schema.org\",\"@graph\":[{\"@type\":\"WebPage\",\"@id\":\"https:\/\/www.usedsoft.com\/i\/urheberrecht-urheberrechtsgesetz\/\",\"url\":\"https:\/\/www.usedsoft.com\/i\/urheberrecht-urheberrechtsgesetz\/\",\"name\":\"Gebrauchtsoftware-Glossar: Urheberrecht\",\"isPartOf\":{\"@id\":\"https:\/\/www.usedsoft.com\/i\/#website\"},\"datePublished\":\"2022-08-08T08:31:03+00:00\",\"dateModified\":\"2023-04-06T13:55:50+00:00\",\"description\":\"Was es im Bezug auf Gebrauchtsoftware beim Urheberrecht alles zu beachten gibt, fasst unser Glossar kompakt f\u00fcr Sie zusammen.\",\"breadcrumb\":{\"@id\":\"https:\/\/www.usedsoft.com\/i\/urheberrecht-urheberrechtsgesetz\/#breadcrumb\"},\"inLanguage\":\"de\",\"potentialAction\":[{\"@type\":\"ReadAction\",\"target\":[\"https:\/\/www.usedsoft.com\/i\/urheberrecht-urheberrechtsgesetz\/\"]}]},{\"@type\":\"BreadcrumbList\",\"@id\":\"https:\/\/www.usedsoft.com\/i\/urheberrecht-urheberrechtsgesetz\/#breadcrumb\",\"itemListElement\":[{\"@type\":\"ListItem\",\"position\":1,\"name\":\"Startseite\",\"item\":\"https:\/\/www.usedsoft.com\/i\/\"},{\"@type\":\"ListItem\",\"position\":2,\"name\":\"Urheberrecht &#8211; Urheberrechtsgesetz\"}]},{\"@type\":\"WebSite\",\"@id\":\"https:\/\/www.usedsoft.com\/i\/#website\",\"url\":\"https:\/\/www.usedsoft.com\/i\/\",\"name\":\"usedSoft\",\"description\":\"\",\"potentialAction\":[{\"@type\":\"SearchAction\",\"target\":{\"@type\":\"EntryPoint\",\"urlTemplate\":\"https:\/\/www.usedsoft.com\/i\/?s={search_term_string}\"},\"query-input\":\"required name=search_term_string\"}],\"inLanguage\":\"de\"}]}<\/script>\n<!-- \/ Yoast SEO plugin. -->","yoast_head_json":{"title":"Gebrauchtsoftware-Glossar: Urheberrecht","description":"Was es im Bezug auf Gebrauchtsoftware beim Urheberrecht alles zu beachten gibt, fasst unser Glossar kompakt f\u00fcr Sie zusammen.","robots":{"index":"index","follow":"follow","max-snippet":"max-snippet:-1","max-image-preview":"max-image-preview:large","max-video-preview":"max-video-preview:-1"},"canonical":"https:\/\/www.usedsoft.com\/i\/urheberrecht-urheberrechtsgesetz\/","og_locale":"de_DE","og_type":"article","og_title":"Gebrauchtsoftware-Glossar: Urheberrecht","og_description":"Was es im Bezug auf Gebrauchtsoftware beim Urheberrecht alles zu beachten gibt, fasst unser Glossar kompakt f\u00fcr Sie zusammen.","og_url":"https:\/\/www.usedsoft.com\/i\/urheberrecht-urheberrechtsgesetz\/","og_site_name":"usedSoft","article_modified_time":"2023-04-06T13:55:50+00:00","twitter_card":"summary_large_image","twitter_misc":{"Gesch\u00e4tzte Lesezeit":"2\u00a0Minuten"},"schema":{"@context":"https:\/\/schema.org","@graph":[{"@type":"WebPage","@id":"https:\/\/www.usedsoft.com\/i\/urheberrecht-urheberrechtsgesetz\/","url":"https:\/\/www.usedsoft.com\/i\/urheberrecht-urheberrechtsgesetz\/","name":"Gebrauchtsoftware-Glossar: Urheberrecht","isPartOf":{"@id":"https:\/\/www.usedsoft.com\/i\/#website"},"datePublished":"2022-08-08T08:31:03+00:00","dateModified":"2023-04-06T13:55:50+00:00","description":"Was es im Bezug auf Gebrauchtsoftware beim Urheberrecht alles zu beachten gibt, fasst unser Glossar kompakt f\u00fcr Sie zusammen.","breadcrumb":{"@id":"https:\/\/www.usedsoft.com\/i\/urheberrecht-urheberrechtsgesetz\/#breadcrumb"},"inLanguage":"de","potentialAction":[{"@type":"ReadAction","target":["https:\/\/www.usedsoft.com\/i\/urheberrecht-urheberrechtsgesetz\/"]}]},{"@type":"BreadcrumbList","@id":"https:\/\/www.usedsoft.com\/i\/urheberrecht-urheberrechtsgesetz\/#breadcrumb","itemListElement":[{"@type":"ListItem","position":1,"name":"Startseite","item":"https:\/\/www.usedsoft.com\/i\/"},{"@type":"ListItem","position":2,"name":"Urheberrecht &#8211; Urheberrechtsgesetz"}]},{"@type":"WebSite","@id":"https:\/\/www.usedsoft.com\/i\/#website","url":"https:\/\/www.usedsoft.com\/i\/","name":"usedSoft","description":"","potentialAction":[{"@type":"SearchAction","target":{"@type":"EntryPoint","urlTemplate":"https:\/\/www.usedsoft.com\/i\/?s={search_term_string}"},"query-input":"required name=search_term_string"}],"inLanguage":"de"}]}},"_links":{"self":[{"href":"https:\/\/www.usedsoft.com\/i\/wp-json\/wp\/v2\/pages\/4805","targetHints":{"allow":["GET"]}}],"collection":[{"href":"https:\/\/www.usedsoft.com\/i\/wp-json\/wp\/v2\/pages"}],"about":[{"href":"https:\/\/www.usedsoft.com\/i\/wp-json\/wp\/v2\/types\/page"}],"author":[{"embeddable":true,"href":"https:\/\/www.usedsoft.com\/i\/wp-json\/wp\/v2\/users\/5"}],"replies":[{"embeddable":true,"href":"https:\/\/www.usedsoft.com\/i\/wp-json\/wp\/v2\/comments?post=4805"}],"version-history":[{"count":1,"href":"https:\/\/www.usedsoft.com\/i\/wp-json\/wp\/v2\/pages\/4805\/revisions"}],"predecessor-version":[{"id":4806,"href":"https:\/\/www.usedsoft.com\/i\/wp-json\/wp\/v2\/pages\/4805\/revisions\/4806"}],"wp:attachment":[{"href":"https:\/\/www.usedsoft.com\/i\/wp-json\/wp\/v2\/media?parent=4805"}],"curies":[{"name":"wp","href":"https:\/\/api.w.org\/{rel}","templated":true}]}}