{"id":4801,"date":"2022-08-08T10:28:03","date_gmt":"2022-08-08T08:28:03","guid":{"rendered":"https:\/\/usedsoft.dev.bitdivision.de\/i\/?page_id=4801"},"modified":"2023-04-06T16:00:34","modified_gmt":"2023-04-06T14:00:34","slug":"territorialitaetsprinzip","status":"publish","type":"page","link":"https:\/\/www.usedsoft.com\/i\/territorialitaetsprinzip\/","title":{"rendered":"Territorialit\u00e4tsprinzip"},"content":{"rendered":"<p>[vc_section][vc_row][vc_column][vc_column_text el_class=&#8220;headline&#8220;]<\/p>\n<h1>Territorialit\u00e4tsprinzip<\/h1>\n<p>[\/vc_column_text][\/vc_column][\/vc_row][\/vc_section][vc_section][vc_row][vc_column width=&#8220;1\/2&#8243;][vc_column_text el_class=&#8220;subheadline&#8220;]Das sowohl im Zivilrecht als auch im Strafrecht verankerte\u00a0Territorialit\u00e4tsprinzip\u00a0ist ein international verbreiteter Rechtsgrundsatz, gem\u00e4\u00df dem alle Personen und Unternehmen unabh\u00e4ngig von Ihrer Nationalit\u00e4t bzw. Herkunft dem Rechtssystem des Staates unterworfen werden, auf dessen Territorium sie sich aktuell aufhalten bzw. Gesch\u00e4fte betreiben.[\/vc_column_text][\/vc_column][vc_column width=&#8220;1\/2&#8243;][vc_column_text]Im\u00a0Urheberrecht\u00a0hei\u00dft dies konkret, dass urheberrechtliche Anspr\u00fcche individuell immer nur in dem Land gesch\u00fctzt werden k\u00f6nnen, f\u00fcr das entsprechende Rechte, z.B. vom Hersteller einer Software angemeldet werden bzw. von Rechts wegen bestehen.<\/p>\n<p>Innerhalb der Europ\u00e4ischen Union ist allerdings von einer einheitlichen Rechtssituation auszugehen, da die deutschen Vorschriften \u00fcber das Urheberrecht bei Computerprogrammen auf der europ\u00e4ischen Richtlinie 91\/250\/EWG \u00fcber den Rechtsschutz von Computerprogrammen beruhen. Innerhalb der EU ersch\u00f6pft sich das Verbreitungsrecht eines Herstellers, wenn mit Zustimmung des Rechteinhabers ein Computerprogramm erstmalig auf dem Territorium der Europ\u00e4ischen Union in Verkehr gebracht worden ist.<\/p>\n<p>Vergleichen Sie dazu die <a href=\"https:\/\/curia.europa.eu\/jcms\/upload\/docs\/application\/pdf\/2012-07\/cp120094de.pdf\" target=\"_blank\" rel=\"noopener\">EuGH-Pressemitteilung vom 3.7.2012<\/a>.[\/vc_column_text][\/vc_column][\/vc_row][\/vc_section]<\/p>\n","protected":false},"excerpt":{"rendered":"<p>[vc_section][vc_row][vc_column][vc_column_text el_class=&#8220;headline&#8220;] Territorialit\u00e4tsprinzip [\/vc_column_text][\/vc_column][\/vc_row][\/vc_section][vc_section][vc_row][vc_column width=&#8220;1\/2&#8243;][vc_column_text el_class=&#8220;subheadline&#8220;]Das sowohl im Zivilrecht als auch im Strafrecht verankerte\u00a0Territorialit\u00e4tsprinzip\u00a0ist ein international verbreiteter Rechtsgrundsatz, gem\u00e4\u00df dem alle Personen und Unternehmen unabh\u00e4ngig von Ihrer Nationalit\u00e4t bzw. Herkunft dem Rechtssystem des Staates unterworfen werden, auf dessen Territorium sie sich aktuell aufhalten bzw. Gesch\u00e4fte betreiben.[\/vc_column_text][\/vc_column][vc_column width=&#8220;1\/2&#8243;][vc_column_text]Im\u00a0Urheberrecht\u00a0hei\u00dft dies konkret, dass urheberrechtliche Anspr\u00fcche individuell immer nur [&hellip;]<\/p>\n","protected":false},"author":5,"featured_media":0,"parent":0,"menu_order":0,"comment_status":"closed","ping_status":"closed","template":"","meta":{"footnotes":""},"class_list":["post-4801","page","type-page","status-publish","hentry"],"yoast_head":"<!-- This site is optimized with the Yoast SEO plugin v23.3 - https:\/\/yoast.com\/wordpress\/plugins\/seo\/ -->\n<title>Gebrauchtsoftware-Glossar: Territorialit\u00e4tsprinzip<\/title>\n<meta name=\"description\" content=\"Das Territorialit\u00e4tsprinzip ist ein international verbreiteter Rechtsgrundsatz. Was er aussagt verr\u00e4t Ihnen unser Glossar.\" \/>\n<meta name=\"robots\" content=\"index, follow, max-snippet:-1, max-image-preview:large, max-video-preview:-1\" \/>\n<link rel=\"canonical\" href=\"https:\/\/www.usedsoft.com\/i\/territorialitaetsprinzip\/\" \/>\n<meta property=\"og:locale\" content=\"de_DE\" \/>\n<meta property=\"og:type\" content=\"article\" \/>\n<meta property=\"og:title\" content=\"Gebrauchtsoftware-Glossar: Territorialit\u00e4tsprinzip\" \/>\n<meta property=\"og:description\" content=\"Das Territorialit\u00e4tsprinzip ist ein international verbreiteter Rechtsgrundsatz. Was er aussagt verr\u00e4t Ihnen unser Glossar.\" \/>\n<meta property=\"og:url\" content=\"https:\/\/www.usedsoft.com\/i\/territorialitaetsprinzip\/\" \/>\n<meta property=\"og:site_name\" content=\"usedSoft\" \/>\n<meta property=\"article:modified_time\" content=\"2023-04-06T14:00:34+00:00\" \/>\n<meta name=\"twitter:card\" content=\"summary_large_image\" \/>\n<meta name=\"twitter:label1\" content=\"Gesch\u00e4tzte Lesezeit\" \/>\n\t<meta name=\"twitter:data1\" content=\"1\u00a0Minute\" \/>\n<script type=\"application\/ld+json\" class=\"yoast-schema-graph\">{\"@context\":\"https:\/\/schema.org\",\"@graph\":[{\"@type\":\"WebPage\",\"@id\":\"https:\/\/www.usedsoft.com\/i\/territorialitaetsprinzip\/\",\"url\":\"https:\/\/www.usedsoft.com\/i\/territorialitaetsprinzip\/\",\"name\":\"Gebrauchtsoftware-Glossar: Territorialit\u00e4tsprinzip\",\"isPartOf\":{\"@id\":\"https:\/\/www.usedsoft.com\/i\/#website\"},\"datePublished\":\"2022-08-08T08:28:03+00:00\",\"dateModified\":\"2023-04-06T14:00:34+00:00\",\"description\":\"Das Territorialit\u00e4tsprinzip ist ein international verbreiteter Rechtsgrundsatz. Was er aussagt verr\u00e4t Ihnen unser Glossar.\",\"breadcrumb\":{\"@id\":\"https:\/\/www.usedsoft.com\/i\/territorialitaetsprinzip\/#breadcrumb\"},\"inLanguage\":\"de\",\"potentialAction\":[{\"@type\":\"ReadAction\",\"target\":[\"https:\/\/www.usedsoft.com\/i\/territorialitaetsprinzip\/\"]}]},{\"@type\":\"BreadcrumbList\",\"@id\":\"https:\/\/www.usedsoft.com\/i\/territorialitaetsprinzip\/#breadcrumb\",\"itemListElement\":[{\"@type\":\"ListItem\",\"position\":1,\"name\":\"Startseite\",\"item\":\"https:\/\/www.usedsoft.com\/i\/\"},{\"@type\":\"ListItem\",\"position\":2,\"name\":\"Territorialit\u00e4tsprinzip\"}]},{\"@type\":\"WebSite\",\"@id\":\"https:\/\/www.usedsoft.com\/i\/#website\",\"url\":\"https:\/\/www.usedsoft.com\/i\/\",\"name\":\"usedSoft\",\"description\":\"\",\"potentialAction\":[{\"@type\":\"SearchAction\",\"target\":{\"@type\":\"EntryPoint\",\"urlTemplate\":\"https:\/\/www.usedsoft.com\/i\/?s={search_term_string}\"},\"query-input\":\"required name=search_term_string\"}],\"inLanguage\":\"de\"}]}<\/script>\n<!-- \/ Yoast SEO plugin. -->","yoast_head_json":{"title":"Gebrauchtsoftware-Glossar: Territorialit\u00e4tsprinzip","description":"Das Territorialit\u00e4tsprinzip ist ein international verbreiteter Rechtsgrundsatz. Was er aussagt verr\u00e4t Ihnen unser Glossar.","robots":{"index":"index","follow":"follow","max-snippet":"max-snippet:-1","max-image-preview":"max-image-preview:large","max-video-preview":"max-video-preview:-1"},"canonical":"https:\/\/www.usedsoft.com\/i\/territorialitaetsprinzip\/","og_locale":"de_DE","og_type":"article","og_title":"Gebrauchtsoftware-Glossar: Territorialit\u00e4tsprinzip","og_description":"Das Territorialit\u00e4tsprinzip ist ein international verbreiteter Rechtsgrundsatz. Was er aussagt verr\u00e4t Ihnen unser Glossar.","og_url":"https:\/\/www.usedsoft.com\/i\/territorialitaetsprinzip\/","og_site_name":"usedSoft","article_modified_time":"2023-04-06T14:00:34+00:00","twitter_card":"summary_large_image","twitter_misc":{"Gesch\u00e4tzte Lesezeit":"1\u00a0Minute"},"schema":{"@context":"https:\/\/schema.org","@graph":[{"@type":"WebPage","@id":"https:\/\/www.usedsoft.com\/i\/territorialitaetsprinzip\/","url":"https:\/\/www.usedsoft.com\/i\/territorialitaetsprinzip\/","name":"Gebrauchtsoftware-Glossar: Territorialit\u00e4tsprinzip","isPartOf":{"@id":"https:\/\/www.usedsoft.com\/i\/#website"},"datePublished":"2022-08-08T08:28:03+00:00","dateModified":"2023-04-06T14:00:34+00:00","description":"Das Territorialit\u00e4tsprinzip ist ein international verbreiteter Rechtsgrundsatz. Was er aussagt verr\u00e4t Ihnen unser Glossar.","breadcrumb":{"@id":"https:\/\/www.usedsoft.com\/i\/territorialitaetsprinzip\/#breadcrumb"},"inLanguage":"de","potentialAction":[{"@type":"ReadAction","target":["https:\/\/www.usedsoft.com\/i\/territorialitaetsprinzip\/"]}]},{"@type":"BreadcrumbList","@id":"https:\/\/www.usedsoft.com\/i\/territorialitaetsprinzip\/#breadcrumb","itemListElement":[{"@type":"ListItem","position":1,"name":"Startseite","item":"https:\/\/www.usedsoft.com\/i\/"},{"@type":"ListItem","position":2,"name":"Territorialit\u00e4tsprinzip"}]},{"@type":"WebSite","@id":"https:\/\/www.usedsoft.com\/i\/#website","url":"https:\/\/www.usedsoft.com\/i\/","name":"usedSoft","description":"","potentialAction":[{"@type":"SearchAction","target":{"@type":"EntryPoint","urlTemplate":"https:\/\/www.usedsoft.com\/i\/?s={search_term_string}"},"query-input":"required name=search_term_string"}],"inLanguage":"de"}]}},"_links":{"self":[{"href":"https:\/\/www.usedsoft.com\/i\/wp-json\/wp\/v2\/pages\/4801","targetHints":{"allow":["GET"]}}],"collection":[{"href":"https:\/\/www.usedsoft.com\/i\/wp-json\/wp\/v2\/pages"}],"about":[{"href":"https:\/\/www.usedsoft.com\/i\/wp-json\/wp\/v2\/types\/page"}],"author":[{"embeddable":true,"href":"https:\/\/www.usedsoft.com\/i\/wp-json\/wp\/v2\/users\/5"}],"replies":[{"embeddable":true,"href":"https:\/\/www.usedsoft.com\/i\/wp-json\/wp\/v2\/comments?post=4801"}],"version-history":[{"count":1,"href":"https:\/\/www.usedsoft.com\/i\/wp-json\/wp\/v2\/pages\/4801\/revisions"}],"predecessor-version":[{"id":4802,"href":"https:\/\/www.usedsoft.com\/i\/wp-json\/wp\/v2\/pages\/4801\/revisions\/4802"}],"wp:attachment":[{"href":"https:\/\/www.usedsoft.com\/i\/wp-json\/wp\/v2\/media?parent=4801"}],"curies":[{"name":"wp","href":"https:\/\/api.w.org\/{rel}","templated":true}]}}