{"id":4776,"date":"2022-08-08T09:52:08","date_gmt":"2022-08-08T07:52:08","guid":{"rendered":"https:\/\/usedsoft.dev.bitdivision.de\/i\/?page_id=4776"},"modified":"2023-04-06T15:22:15","modified_gmt":"2023-04-06T13:22:15","slug":"rechtssicherheit-beim-software-kauf","status":"publish","type":"page","link":"https:\/\/www.usedsoft.com\/i\/rechtssicherheit-beim-software-kauf\/","title":{"rendered":"Rechtssicherheit beim Software Kauf"},"content":{"rendered":"<p>[vc_section][vc_row][vc_column][vc_column_text el_class=&#8220;headline&#8220;]<\/p>\n<h1>Rechtssicherheit beim Software Kauf<\/h1>\n<p>[\/vc_column_text][\/vc_column][\/vc_row][\/vc_section][vc_section][vc_row][vc_column width=&#8220;1\/2&#8243;][vc_column_text el_class=&#8220;subheadline&#8220;]Die Aussicht auf unternehmerisch lukrative Vertr\u00e4ge sollte nicht zur Aufgabe juristischer Prinzipien f\u00fchren.\u00a0Rechtssicherheit zu schaffen, ist deshalb auch ein wichtiges Anliegen von usedSoft.[\/vc_column_text][\/vc_column][vc_column width=&#8220;1\/2&#8243;][vc_column_text]Die Erkenntnis, dass im scharf kalkulierten Einkauf eine Hauptquelle des Unternehmensgewinns liegen kann, ist Richtschnur f\u00fcr das Handeln vieler Entscheider. Dass ebenso g\u00fcltige wie leistungsf\u00e4hige gebrauchte Software-Lizenzen f\u00fcr eine wachsende Nachfrage sorgen, kommt insofern nicht \u00fcberraschend. Doch ist wie bei anderen intelligenten Gesch\u00e4ftsmodellen auch in diesem Bereich f\u00fcr unprofessionell oder gar betr\u00fcgerisch vorgehende Gl\u00fccksritter Platz. Man denke nur an die mit \u00fcbelsten Spam-Methoden operierenden Werber f\u00fcr angeblich v\u00f6llig legale und funktionsf\u00e4hige OEM-Software, deren Website dann regelm\u00e4\u00dfig nicht \u00fcber die elementaren Angaben eines seri\u00f6sen Impressums (bzw. entsprechende Informationen in einer About Us-Sektion) verf\u00fcgen. Bei fehlender ladungsf\u00e4higer Anschrift ist von einer Rechtssicherheit des Einkaufs dann auch eher nicht auszugehen.<\/p>\n<p>\u00c4hnlich sieht es mitunter bei vergleichbaren Angeboten bei Ebay aus, wo h\u00e4ufig nur Updates oder hardwaregebundene Recovery-Versionen angeboten werden.<\/p>\n<p>Rechtssichere Software\u00a0auch in \u201egebrauchtem Zustand\u201c kaufen zu k\u00f6nnen, ist aus Sicht des K\u00e4ufers somit ohne wenn und aber eine\u00a0unverzichtbare Forderung an den\u00a0Software-H\u00e4ndler.[\/vc_column_text][\/vc_column][\/vc_row][\/vc_section]<\/p>\n","protected":false},"excerpt":{"rendered":"<p>[vc_section][vc_row][vc_column][vc_column_text el_class=&#8220;headline&#8220;] Rechtssicherheit beim Software Kauf [\/vc_column_text][\/vc_column][\/vc_row][\/vc_section][vc_section][vc_row][vc_column width=&#8220;1\/2&#8243;][vc_column_text el_class=&#8220;subheadline&#8220;]Die Aussicht auf unternehmerisch lukrative Vertr\u00e4ge sollte nicht zur Aufgabe juristischer Prinzipien f\u00fchren.\u00a0Rechtssicherheit zu schaffen, ist deshalb auch ein wichtiges Anliegen von usedSoft.[\/vc_column_text][\/vc_column][vc_column width=&#8220;1\/2&#8243;][vc_column_text]Die Erkenntnis, dass im scharf kalkulierten Einkauf eine Hauptquelle des Unternehmensgewinns liegen kann, ist Richtschnur f\u00fcr das Handeln vieler Entscheider. Dass ebenso g\u00fcltige wie [&hellip;]<\/p>\n","protected":false},"author":5,"featured_media":0,"parent":0,"menu_order":0,"comment_status":"closed","ping_status":"closed","template":"","meta":{"footnotes":""},"class_list":["post-4776","page","type-page","status-publish","hentry"],"yoast_head":"<!-- This site is optimized with the Yoast SEO plugin v23.3 - https:\/\/yoast.com\/wordpress\/plugins\/seo\/ -->\n<title>Gebrauchtsoftware-Glossar: Rechtssicherheit beim Software Kauf<\/title>\n<meta name=\"description\" content=\"Der Weiterverkauf von gebrauchter Software ist im Grundsatz legal. Mit einem seri\u00f6sen Anbieter wie usedSoft ist man auf der sicheren Seite.\" \/>\n<meta name=\"robots\" content=\"index, follow, max-snippet:-1, max-image-preview:large, max-video-preview:-1\" \/>\n<link rel=\"canonical\" href=\"https:\/\/www.usedsoft.com\/i\/rechtssicherheit-beim-software-kauf\/\" \/>\n<meta property=\"og:locale\" content=\"de_DE\" \/>\n<meta property=\"og:type\" content=\"article\" \/>\n<meta property=\"og:title\" content=\"Gebrauchtsoftware-Glossar: Rechtssicherheit beim Software Kauf\" \/>\n<meta property=\"og:description\" content=\"Der Weiterverkauf von gebrauchter Software ist im Grundsatz legal. Mit einem seri\u00f6sen Anbieter wie usedSoft ist man auf der sicheren Seite.\" \/>\n<meta property=\"og:url\" content=\"https:\/\/www.usedsoft.com\/i\/rechtssicherheit-beim-software-kauf\/\" \/>\n<meta property=\"og:site_name\" content=\"usedSoft\" \/>\n<meta property=\"article:modified_time\" content=\"2023-04-06T13:22:15+00:00\" \/>\n<meta name=\"twitter:card\" content=\"summary_large_image\" \/>\n<meta name=\"twitter:label1\" content=\"Gesch\u00e4tzte Lesezeit\" \/>\n\t<meta name=\"twitter:data1\" content=\"2\u00a0Minuten\" \/>\n<script type=\"application\/ld+json\" class=\"yoast-schema-graph\">{\"@context\":\"https:\/\/schema.org\",\"@graph\":[{\"@type\":\"WebPage\",\"@id\":\"https:\/\/www.usedsoft.com\/i\/rechtssicherheit-beim-software-kauf\/\",\"url\":\"https:\/\/www.usedsoft.com\/i\/rechtssicherheit-beim-software-kauf\/\",\"name\":\"Gebrauchtsoftware-Glossar: Rechtssicherheit beim Software Kauf\",\"isPartOf\":{\"@id\":\"https:\/\/www.usedsoft.com\/i\/#website\"},\"datePublished\":\"2022-08-08T07:52:08+00:00\",\"dateModified\":\"2023-04-06T13:22:15+00:00\",\"description\":\"Der Weiterverkauf von gebrauchter Software ist im Grundsatz legal. Mit einem seri\u00f6sen Anbieter wie usedSoft ist man auf der sicheren Seite.\",\"breadcrumb\":{\"@id\":\"https:\/\/www.usedsoft.com\/i\/rechtssicherheit-beim-software-kauf\/#breadcrumb\"},\"inLanguage\":\"de\",\"potentialAction\":[{\"@type\":\"ReadAction\",\"target\":[\"https:\/\/www.usedsoft.com\/i\/rechtssicherheit-beim-software-kauf\/\"]}]},{\"@type\":\"BreadcrumbList\",\"@id\":\"https:\/\/www.usedsoft.com\/i\/rechtssicherheit-beim-software-kauf\/#breadcrumb\",\"itemListElement\":[{\"@type\":\"ListItem\",\"position\":1,\"name\":\"Startseite\",\"item\":\"https:\/\/www.usedsoft.com\/i\/\"},{\"@type\":\"ListItem\",\"position\":2,\"name\":\"Rechtssicherheit beim Software Kauf\"}]},{\"@type\":\"WebSite\",\"@id\":\"https:\/\/www.usedsoft.com\/i\/#website\",\"url\":\"https:\/\/www.usedsoft.com\/i\/\",\"name\":\"usedSoft\",\"description\":\"\",\"potentialAction\":[{\"@type\":\"SearchAction\",\"target\":{\"@type\":\"EntryPoint\",\"urlTemplate\":\"https:\/\/www.usedsoft.com\/i\/?s={search_term_string}\"},\"query-input\":\"required name=search_term_string\"}],\"inLanguage\":\"de\"}]}<\/script>\n<!-- \/ Yoast SEO plugin. -->","yoast_head_json":{"title":"Gebrauchtsoftware-Glossar: Rechtssicherheit beim Software Kauf","description":"Der Weiterverkauf von gebrauchter Software ist im Grundsatz legal. Mit einem seri\u00f6sen Anbieter wie usedSoft ist man auf der sicheren Seite.","robots":{"index":"index","follow":"follow","max-snippet":"max-snippet:-1","max-image-preview":"max-image-preview:large","max-video-preview":"max-video-preview:-1"},"canonical":"https:\/\/www.usedsoft.com\/i\/rechtssicherheit-beim-software-kauf\/","og_locale":"de_DE","og_type":"article","og_title":"Gebrauchtsoftware-Glossar: Rechtssicherheit beim Software Kauf","og_description":"Der Weiterverkauf von gebrauchter Software ist im Grundsatz legal. Mit einem seri\u00f6sen Anbieter wie usedSoft ist man auf der sicheren Seite.","og_url":"https:\/\/www.usedsoft.com\/i\/rechtssicherheit-beim-software-kauf\/","og_site_name":"usedSoft","article_modified_time":"2023-04-06T13:22:15+00:00","twitter_card":"summary_large_image","twitter_misc":{"Gesch\u00e4tzte Lesezeit":"2\u00a0Minuten"},"schema":{"@context":"https:\/\/schema.org","@graph":[{"@type":"WebPage","@id":"https:\/\/www.usedsoft.com\/i\/rechtssicherheit-beim-software-kauf\/","url":"https:\/\/www.usedsoft.com\/i\/rechtssicherheit-beim-software-kauf\/","name":"Gebrauchtsoftware-Glossar: Rechtssicherheit beim Software Kauf","isPartOf":{"@id":"https:\/\/www.usedsoft.com\/i\/#website"},"datePublished":"2022-08-08T07:52:08+00:00","dateModified":"2023-04-06T13:22:15+00:00","description":"Der Weiterverkauf von gebrauchter Software ist im Grundsatz legal. Mit einem seri\u00f6sen Anbieter wie usedSoft ist man auf der sicheren Seite.","breadcrumb":{"@id":"https:\/\/www.usedsoft.com\/i\/rechtssicherheit-beim-software-kauf\/#breadcrumb"},"inLanguage":"de","potentialAction":[{"@type":"ReadAction","target":["https:\/\/www.usedsoft.com\/i\/rechtssicherheit-beim-software-kauf\/"]}]},{"@type":"BreadcrumbList","@id":"https:\/\/www.usedsoft.com\/i\/rechtssicherheit-beim-software-kauf\/#breadcrumb","itemListElement":[{"@type":"ListItem","position":1,"name":"Startseite","item":"https:\/\/www.usedsoft.com\/i\/"},{"@type":"ListItem","position":2,"name":"Rechtssicherheit beim Software Kauf"}]},{"@type":"WebSite","@id":"https:\/\/www.usedsoft.com\/i\/#website","url":"https:\/\/www.usedsoft.com\/i\/","name":"usedSoft","description":"","potentialAction":[{"@type":"SearchAction","target":{"@type":"EntryPoint","urlTemplate":"https:\/\/www.usedsoft.com\/i\/?s={search_term_string}"},"query-input":"required name=search_term_string"}],"inLanguage":"de"}]}},"_links":{"self":[{"href":"https:\/\/www.usedsoft.com\/i\/wp-json\/wp\/v2\/pages\/4776","targetHints":{"allow":["GET"]}}],"collection":[{"href":"https:\/\/www.usedsoft.com\/i\/wp-json\/wp\/v2\/pages"}],"about":[{"href":"https:\/\/www.usedsoft.com\/i\/wp-json\/wp\/v2\/types\/page"}],"author":[{"embeddable":true,"href":"https:\/\/www.usedsoft.com\/i\/wp-json\/wp\/v2\/users\/5"}],"replies":[{"embeddable":true,"href":"https:\/\/www.usedsoft.com\/i\/wp-json\/wp\/v2\/comments?post=4776"}],"version-history":[{"count":1,"href":"https:\/\/www.usedsoft.com\/i\/wp-json\/wp\/v2\/pages\/4776\/revisions"}],"predecessor-version":[{"id":4777,"href":"https:\/\/www.usedsoft.com\/i\/wp-json\/wp\/v2\/pages\/4776\/revisions\/4777"}],"wp:attachment":[{"href":"https:\/\/www.usedsoft.com\/i\/wp-json\/wp\/v2\/media?parent=4776"}],"curies":[{"name":"wp","href":"https:\/\/api.w.org\/{rel}","templated":true}]}}