{"id":4753,"date":"2022-08-08T09:22:50","date_gmt":"2022-08-08T07:22:50","guid":{"rendered":"https:\/\/usedsoft.dev.bitdivision.de\/i\/?page_id=4753"},"modified":"2023-04-06T14:58:04","modified_gmt":"2023-04-06T12:58:04","slug":"lizenzkosten","status":"publish","type":"page","link":"https:\/\/www.usedsoft.com\/i\/lizenzkosten\/","title":{"rendered":"Lizenzkosten"},"content":{"rendered":"<p>[vc_section][vc_row][vc_column][vc_column_text el_class=&#8220;headline&#8220;]<\/p>\n<h1>Lizenzkosten<\/h1>\n<p>[\/vc_column_text][\/vc_column][\/vc_row][\/vc_section][vc_section][vc_row][vc_column width=&#8220;1\/2&#8243;][vc_column_text el_class=&#8220;subheadline&#8220;]Beim\u00a0Thema \u201eKosten sparen\u201c\u00a0stellt in Betrieben ohne Zweifel die eingesetzte Unternehmenssoftware eine relevante Gr\u00f6\u00dfe dar.[\/vc_column_text][\/vc_column][vc_column width=&#8220;1\/2&#8243;][vc_column_text]Die Lizenzkosten f\u00fcr ein Produkt sind immer Bestandteil einer Lizenzvereinbarung. Sie k\u00f6nnen vollkommen entfallen, wie etwa bei Open-Source-Produkten. Sofern Kosten f\u00fcr eine (oder mehrere) Lizenzen anfallen, so variieren diese Kosten pro Lizenz in der H\u00f6he naturgem\u00e4\u00df, da bei Wahrnehmung eines Lizenzprogramms des Herstellers oder der Abnahme eines gr\u00f6\u00dferen Kontingents von gebrauchten Einzellizenzen eines H\u00e4ndlers die Konditionen g\u00fcnstiger werden. Von Fall zu Fall unterschiedlich bleibt auch die Festlegung bei gemieteten Lizenzen, ob eine Nutzungsgeb\u00fchr f\u00fcr die Lizenz einmalig, in Raten oder auch nach einem bestimmten Zeitraum wiederkehrend anf\u00e4llt.<\/p>\n<p><strong>Lizenzkosten k\u00f6nnen h\u00e4ufig erheblich reduziert werden.<\/strong><\/p>\n<p>Insbesondere mit dem Erwerb gebrauchter Software lassen sich f\u00fcr Unternehmen aller Betriebsgr\u00f6\u00dfen relevante Einsparungen erzielen. Diese liegen bei bis zu 50% gegen\u00fcber neuen Lizenzen. usedSoft als H\u00e4ndler von gebrauchten Software-Lizenzen sorgt daf\u00fcr, dass sowohl Verk\u00e4ufer als auch K\u00e4ufer ein erhebliches Einsparpotenzial rechtssicher realisieren k\u00f6nnen.<\/p>\n<p>Wie der Stand der EU-Rechtssprechung zum Thema \u201eKosten sparen durch Gebrauchtsoftware\u201c ist, entnehmen Sie u.a. <a href=\"\/de\/gebrauchte-software\/Rechtslage\/\">unserer Erl\u00e4uterung<\/a> und der EuGH-Pressemitteilung vom 3.7.2012.[\/vc_column_text][\/vc_column][\/vc_row][\/vc_section]<\/p>\n","protected":false},"excerpt":{"rendered":"<p>[vc_section][vc_row][vc_column][vc_column_text el_class=&#8220;headline&#8220;] Lizenzkosten [\/vc_column_text][\/vc_column][\/vc_row][\/vc_section][vc_section][vc_row][vc_column width=&#8220;1\/2&#8243;][vc_column_text el_class=&#8220;subheadline&#8220;]Beim\u00a0Thema \u201eKosten sparen\u201c\u00a0stellt in Betrieben ohne Zweifel die eingesetzte Unternehmenssoftware eine relevante Gr\u00f6\u00dfe dar.[\/vc_column_text][\/vc_column][vc_column width=&#8220;1\/2&#8243;][vc_column_text]Die Lizenzkosten f\u00fcr ein Produkt sind immer Bestandteil einer Lizenzvereinbarung. Sie k\u00f6nnen vollkommen entfallen, wie etwa bei Open-Source-Produkten. Sofern Kosten f\u00fcr eine (oder mehrere) Lizenzen anfallen, so variieren diese Kosten pro Lizenz in der H\u00f6he naturgem\u00e4\u00df, [&hellip;]<\/p>\n","protected":false},"author":5,"featured_media":0,"parent":0,"menu_order":0,"comment_status":"closed","ping_status":"closed","template":"","meta":{"footnotes":""},"class_list":["post-4753","page","type-page","status-publish","hentry"],"yoast_head":"<!-- This site is optimized with the Yoast SEO plugin v23.3 - https:\/\/yoast.com\/wordpress\/plugins\/seo\/ -->\n<title>Gebrauchtsoftware-Glossar: Lizenzkosten<\/title>\n<meta name=\"description\" content=\"Beim Kauf von gebrauchter Software k\u00f6nnen Betriebe viel Geld sparen. Mit usedSoft profitieren Sie von g\u00fcnstigen Lizenzkosten.\" \/>\n<meta name=\"robots\" content=\"index, follow, max-snippet:-1, max-image-preview:large, max-video-preview:-1\" \/>\n<link rel=\"canonical\" href=\"https:\/\/www.usedsoft.com\/i\/lizenzkosten\/\" \/>\n<meta property=\"og:locale\" content=\"de_DE\" \/>\n<meta property=\"og:type\" content=\"article\" \/>\n<meta property=\"og:title\" content=\"Gebrauchtsoftware-Glossar: Lizenzkosten\" \/>\n<meta property=\"og:description\" content=\"Beim Kauf von gebrauchter Software k\u00f6nnen Betriebe viel Geld sparen. Mit usedSoft profitieren Sie von g\u00fcnstigen Lizenzkosten.\" \/>\n<meta property=\"og:url\" content=\"https:\/\/www.usedsoft.com\/i\/lizenzkosten\/\" \/>\n<meta property=\"og:site_name\" content=\"usedSoft\" \/>\n<meta property=\"article:modified_time\" content=\"2023-04-06T12:58:04+00:00\" \/>\n<meta name=\"twitter:card\" content=\"summary_large_image\" \/>\n<meta name=\"twitter:label1\" content=\"Gesch\u00e4tzte Lesezeit\" \/>\n\t<meta name=\"twitter:data1\" content=\"2\u00a0Minuten\" \/>\n<script type=\"application\/ld+json\" class=\"yoast-schema-graph\">{\"@context\":\"https:\/\/schema.org\",\"@graph\":[{\"@type\":\"WebPage\",\"@id\":\"https:\/\/www.usedsoft.com\/i\/lizenzkosten\/\",\"url\":\"https:\/\/www.usedsoft.com\/i\/lizenzkosten\/\",\"name\":\"Gebrauchtsoftware-Glossar: Lizenzkosten\",\"isPartOf\":{\"@id\":\"https:\/\/www.usedsoft.com\/i\/#website\"},\"datePublished\":\"2022-08-08T07:22:50+00:00\",\"dateModified\":\"2023-04-06T12:58:04+00:00\",\"description\":\"Beim Kauf von gebrauchter Software k\u00f6nnen Betriebe viel Geld sparen. Mit usedSoft profitieren Sie von g\u00fcnstigen Lizenzkosten.\",\"breadcrumb\":{\"@id\":\"https:\/\/www.usedsoft.com\/i\/lizenzkosten\/#breadcrumb\"},\"inLanguage\":\"de\",\"potentialAction\":[{\"@type\":\"ReadAction\",\"target\":[\"https:\/\/www.usedsoft.com\/i\/lizenzkosten\/\"]}]},{\"@type\":\"BreadcrumbList\",\"@id\":\"https:\/\/www.usedsoft.com\/i\/lizenzkosten\/#breadcrumb\",\"itemListElement\":[{\"@type\":\"ListItem\",\"position\":1,\"name\":\"Startseite\",\"item\":\"https:\/\/www.usedsoft.com\/i\/\"},{\"@type\":\"ListItem\",\"position\":2,\"name\":\"Lizenzkosten\"}]},{\"@type\":\"WebSite\",\"@id\":\"https:\/\/www.usedsoft.com\/i\/#website\",\"url\":\"https:\/\/www.usedsoft.com\/i\/\",\"name\":\"usedSoft\",\"description\":\"\",\"potentialAction\":[{\"@type\":\"SearchAction\",\"target\":{\"@type\":\"EntryPoint\",\"urlTemplate\":\"https:\/\/www.usedsoft.com\/i\/?s={search_term_string}\"},\"query-input\":\"required name=search_term_string\"}],\"inLanguage\":\"de\"}]}<\/script>\n<!-- \/ Yoast SEO plugin. -->","yoast_head_json":{"title":"Gebrauchtsoftware-Glossar: Lizenzkosten","description":"Beim Kauf von gebrauchter Software k\u00f6nnen Betriebe viel Geld sparen. Mit usedSoft profitieren Sie von g\u00fcnstigen Lizenzkosten.","robots":{"index":"index","follow":"follow","max-snippet":"max-snippet:-1","max-image-preview":"max-image-preview:large","max-video-preview":"max-video-preview:-1"},"canonical":"https:\/\/www.usedsoft.com\/i\/lizenzkosten\/","og_locale":"de_DE","og_type":"article","og_title":"Gebrauchtsoftware-Glossar: Lizenzkosten","og_description":"Beim Kauf von gebrauchter Software k\u00f6nnen Betriebe viel Geld sparen. Mit usedSoft profitieren Sie von g\u00fcnstigen Lizenzkosten.","og_url":"https:\/\/www.usedsoft.com\/i\/lizenzkosten\/","og_site_name":"usedSoft","article_modified_time":"2023-04-06T12:58:04+00:00","twitter_card":"summary_large_image","twitter_misc":{"Gesch\u00e4tzte Lesezeit":"2\u00a0Minuten"},"schema":{"@context":"https:\/\/schema.org","@graph":[{"@type":"WebPage","@id":"https:\/\/www.usedsoft.com\/i\/lizenzkosten\/","url":"https:\/\/www.usedsoft.com\/i\/lizenzkosten\/","name":"Gebrauchtsoftware-Glossar: Lizenzkosten","isPartOf":{"@id":"https:\/\/www.usedsoft.com\/i\/#website"},"datePublished":"2022-08-08T07:22:50+00:00","dateModified":"2023-04-06T12:58:04+00:00","description":"Beim Kauf von gebrauchter Software k\u00f6nnen Betriebe viel Geld sparen. Mit usedSoft profitieren Sie von g\u00fcnstigen Lizenzkosten.","breadcrumb":{"@id":"https:\/\/www.usedsoft.com\/i\/lizenzkosten\/#breadcrumb"},"inLanguage":"de","potentialAction":[{"@type":"ReadAction","target":["https:\/\/www.usedsoft.com\/i\/lizenzkosten\/"]}]},{"@type":"BreadcrumbList","@id":"https:\/\/www.usedsoft.com\/i\/lizenzkosten\/#breadcrumb","itemListElement":[{"@type":"ListItem","position":1,"name":"Startseite","item":"https:\/\/www.usedsoft.com\/i\/"},{"@type":"ListItem","position":2,"name":"Lizenzkosten"}]},{"@type":"WebSite","@id":"https:\/\/www.usedsoft.com\/i\/#website","url":"https:\/\/www.usedsoft.com\/i\/","name":"usedSoft","description":"","potentialAction":[{"@type":"SearchAction","target":{"@type":"EntryPoint","urlTemplate":"https:\/\/www.usedsoft.com\/i\/?s={search_term_string}"},"query-input":"required name=search_term_string"}],"inLanguage":"de"}]}},"_links":{"self":[{"href":"https:\/\/www.usedsoft.com\/i\/wp-json\/wp\/v2\/pages\/4753","targetHints":{"allow":["GET"]}}],"collection":[{"href":"https:\/\/www.usedsoft.com\/i\/wp-json\/wp\/v2\/pages"}],"about":[{"href":"https:\/\/www.usedsoft.com\/i\/wp-json\/wp\/v2\/types\/page"}],"author":[{"embeddable":true,"href":"https:\/\/www.usedsoft.com\/i\/wp-json\/wp\/v2\/users\/5"}],"replies":[{"embeddable":true,"href":"https:\/\/www.usedsoft.com\/i\/wp-json\/wp\/v2\/comments?post=4753"}],"version-history":[{"count":1,"href":"https:\/\/www.usedsoft.com\/i\/wp-json\/wp\/v2\/pages\/4753\/revisions"}],"predecessor-version":[{"id":4754,"href":"https:\/\/www.usedsoft.com\/i\/wp-json\/wp\/v2\/pages\/4753\/revisions\/4754"}],"wp:attachment":[{"href":"https:\/\/www.usedsoft.com\/i\/wp-json\/wp\/v2\/media?parent=4753"}],"curies":[{"name":"wp","href":"https:\/\/api.w.org\/{rel}","templated":true}]}}