{"id":4747,"date":"2022-08-08T09:13:20","date_gmt":"2022-08-08T07:13:20","guid":{"rendered":"https:\/\/usedsoft.dev.bitdivision.de\/i\/?page_id=4747"},"modified":"2023-04-06T14:54:15","modified_gmt":"2023-04-06T12:54:15","slug":"lizenz","status":"publish","type":"page","link":"https:\/\/www.usedsoft.com\/i\/lizenz\/","title":{"rendered":"Lizenz"},"content":{"rendered":"<p>[vc_section][vc_row][vc_column][vc_column_text el_class=&#8220;headline&#8220;]<\/p>\n<h1><strong>Lizenz<\/strong><\/h1>\n<p>[\/vc_column_text][\/vc_column][\/vc_row][\/vc_section][vc_section][vc_row][vc_column width=&#8220;1\/2&#8243;][vc_column_text el_class=&#8220;subheadline&#8220;]usedSoft handelt mit\u00a0gebrauchter Software\u00a0und dabei mit Lizenzen f\u00fcr verschiedenste Produkte.<\/p>\n<p>Der Begriff der Lizenz\u00a0ist aus dem Lateinischen abgeleitet (licere=erlauben, gestatten) und bezeichnet die Erteilung einer Erlaubnis, ohne die kein Recht best\u00fcnde, einen bestimmten immateriellen Gegenstand wie ein dem Urheberrecht entstammendes Recht, eine bildliche Darstellung, oder eben auch eine Software zu nutzen oder zu vertreiben.[\/vc_column_text][\/vc_column][vc_column width=&#8220;1\/2&#8243;][vc_column_text]Lizenzen k\u00f6nnen dabei verschiedene Spezifizierungen erfahren.<\/p>\n<p>Beispiele f\u00fcr\u00a0Gegenst\u00e4nde von Lizenzvertr\u00e4gen\u00a0sind Marken, Patente, Geschmacks- und Gebrauchsmuster (gewerbliche Schutzrechte).<\/p>\n<p>Ihre Nutzung kann beispielsweise eine zeitliche Einschr\u00e4nkung enthalten, so dass nach einer Ablauffrist eine erneute Lizenzgeb\u00fchr f\u00e4llig w\u00e4re. Lizenzen k\u00f6nnen selbstverst\u00e4ndlich und in erster Linie auch an eine Person gebunden sein; die personengebundene Lizenz ist in der Regel eine einfache Lizenz, was bedeutet, dass der Lizenznehmer keine exklusiven Rechte an der Lizenz erwirbt, sondern diese wie auch Hunderte, Tausende oder Millionen anderer Nutzer erh\u00e4lt. Im Gegensatz dazu ist es freilich auch m\u00f6glich, eine exklusive sogenannte ausschlie\u00dfliche Lizenz zu vergeben bzw. zu erhalten. Dies kann z.B. im Vertrieb interessant sein, wenn au\u00dferhalb der Landesgrenzen ein Produkt oder Service \u00fcber genau einen starken Partner promotet oder verkauft werden soll. Wie das eben genannte Beispiele verdeutlicht, ist auch eine r\u00e4umliche Einschr\u00e4nkung der G\u00fcltigkeit einer Lizenz m\u00f6glich.<\/p>\n<p>Im Buchhandel spielen Lizenzverk\u00e4ufe in bestimmten Sprachr\u00e4umen je nach Verlagspolitik eine unterschiedlich wichtige Rolle, bed\u00fcrfen dann aber ebenfalls der Lizenzerteilung.<\/p>\n<p>Auch staatliche oder \u00f6ffentlich-rechtliche Instanzen (etwa die Landesmedienanstalten oder dazu eigens staatlich beauftragte Verb\u00e4nde) k\u00f6nnen Lizenzen vergeben, zum Beispiel Piloten bzw. Fluglizenzen, Funklizenzen, F\u00fchrerscheine, Lizenzen f\u00fcr die Ausstrahlung von Rundfunk- und\/oder Fernsehsendungen oder auch zum Betrieb von Mobilfunk-Anlagen.<\/p>\n<p>Neben der Lizenz f\u00fcr Vertrieb bzw. Verkauf eines Produkts kann auch f\u00fcr die Produktion einer Ware eine Lizenz erteilt werden.<\/p>\n<p>Bei einem Lizenzerwerb werden beim Kauf einmalige bzw. bei einer Miete rekurrierende Lizenzgeb\u00fchren f\u00e4llig, die allerdings in Unternehmen auch steuermindernd angesetzt werden k\u00f6nnen.<\/p>\n<p>Zum aktuellen Stand des Lizenzrechts f\u00fcr gebrauchte Software sehen Sie bitte auch unsere diesbez\u00fcgliche <a href=\"\/de\/gebrauchte-software\/Rechtslage\/\">Erl\u00e4uterung<\/a>\u00a0und die\u00a0EuGH-Pressemitteilung vom 3.7.2012.[\/vc_column_text][\/vc_column][\/vc_row][\/vc_section]<\/p>\n","protected":false},"excerpt":{"rendered":"<p>[vc_section][vc_row][vc_column][vc_column_text el_class=&#8220;headline&#8220;] Lizenz [\/vc_column_text][\/vc_column][\/vc_row][\/vc_section][vc_section][vc_row][vc_column width=&#8220;1\/2&#8243;][vc_column_text el_class=&#8220;subheadline&#8220;]usedSoft handelt mit\u00a0gebrauchter Software\u00a0und dabei mit Lizenzen f\u00fcr verschiedenste Produkte. Der Begriff der Lizenz\u00a0ist aus dem Lateinischen abgeleitet (licere=erlauben, gestatten) und bezeichnet die Erteilung einer Erlaubnis, ohne die kein Recht best\u00fcnde, einen bestimmten immateriellen Gegenstand wie ein dem Urheberrecht entstammendes Recht, eine bildliche Darstellung, oder eben auch eine Software zu [&hellip;]<\/p>\n","protected":false},"author":5,"featured_media":0,"parent":0,"menu_order":0,"comment_status":"closed","ping_status":"closed","template":"","meta":{"footnotes":""},"class_list":["post-4747","page","type-page","status-publish","hentry"],"yoast_head":"<!-- This site is optimized with the Yoast SEO plugin v23.3 - https:\/\/yoast.com\/wordpress\/plugins\/seo\/ -->\n<title>Gebrauchtsoftware-Glossar: Lizenz<\/title>\n<meta name=\"description\" content=\"usedSoft bietet Unternehmen Software-Lizenzen f\u00fcr bis zu 50% unter dem Neupreis an. Unser Glossar fasst die wichtigsten Informationen zusammen\" \/>\n<meta name=\"robots\" content=\"index, follow, max-snippet:-1, max-image-preview:large, max-video-preview:-1\" \/>\n<link rel=\"canonical\" href=\"https:\/\/www.usedsoft.com\/i\/lizenz\/\" \/>\n<meta property=\"og:locale\" content=\"de_DE\" \/>\n<meta property=\"og:type\" content=\"article\" \/>\n<meta property=\"og:title\" content=\"Gebrauchtsoftware-Glossar: Lizenz\" \/>\n<meta property=\"og:description\" content=\"usedSoft bietet Unternehmen Software-Lizenzen f\u00fcr bis zu 50% unter dem Neupreis an. Unser Glossar fasst die wichtigsten Informationen zusammen\" \/>\n<meta property=\"og:url\" content=\"https:\/\/www.usedsoft.com\/i\/lizenz\/\" \/>\n<meta property=\"og:site_name\" content=\"usedSoft\" \/>\n<meta property=\"article:modified_time\" content=\"2023-04-06T12:54:15+00:00\" \/>\n<meta name=\"twitter:card\" content=\"summary_large_image\" \/>\n<meta name=\"twitter:label1\" content=\"Gesch\u00e4tzte Lesezeit\" \/>\n\t<meta name=\"twitter:data1\" content=\"2\u00a0Minuten\" \/>\n<script type=\"application\/ld+json\" class=\"yoast-schema-graph\">{\"@context\":\"https:\/\/schema.org\",\"@graph\":[{\"@type\":\"WebPage\",\"@id\":\"https:\/\/www.usedsoft.com\/i\/lizenz\/\",\"url\":\"https:\/\/www.usedsoft.com\/i\/lizenz\/\",\"name\":\"Gebrauchtsoftware-Glossar: Lizenz\",\"isPartOf\":{\"@id\":\"https:\/\/www.usedsoft.com\/i\/#website\"},\"datePublished\":\"2022-08-08T07:13:20+00:00\",\"dateModified\":\"2023-04-06T12:54:15+00:00\",\"description\":\"usedSoft bietet Unternehmen Software-Lizenzen f\u00fcr bis zu 50% unter dem Neupreis an. Unser Glossar fasst die wichtigsten Informationen zusammen\",\"breadcrumb\":{\"@id\":\"https:\/\/www.usedsoft.com\/i\/lizenz\/#breadcrumb\"},\"inLanguage\":\"de\",\"potentialAction\":[{\"@type\":\"ReadAction\",\"target\":[\"https:\/\/www.usedsoft.com\/i\/lizenz\/\"]}]},{\"@type\":\"BreadcrumbList\",\"@id\":\"https:\/\/www.usedsoft.com\/i\/lizenz\/#breadcrumb\",\"itemListElement\":[{\"@type\":\"ListItem\",\"position\":1,\"name\":\"Startseite\",\"item\":\"https:\/\/www.usedsoft.com\/i\/\"},{\"@type\":\"ListItem\",\"position\":2,\"name\":\"Lizenz\"}]},{\"@type\":\"WebSite\",\"@id\":\"https:\/\/www.usedsoft.com\/i\/#website\",\"url\":\"https:\/\/www.usedsoft.com\/i\/\",\"name\":\"usedSoft\",\"description\":\"\",\"potentialAction\":[{\"@type\":\"SearchAction\",\"target\":{\"@type\":\"EntryPoint\",\"urlTemplate\":\"https:\/\/www.usedsoft.com\/i\/?s={search_term_string}\"},\"query-input\":\"required name=search_term_string\"}],\"inLanguage\":\"de\"}]}<\/script>\n<!-- \/ Yoast SEO plugin. -->","yoast_head_json":{"title":"Gebrauchtsoftware-Glossar: Lizenz","description":"usedSoft bietet Unternehmen Software-Lizenzen f\u00fcr bis zu 50% unter dem Neupreis an. Unser Glossar fasst die wichtigsten Informationen zusammen","robots":{"index":"index","follow":"follow","max-snippet":"max-snippet:-1","max-image-preview":"max-image-preview:large","max-video-preview":"max-video-preview:-1"},"canonical":"https:\/\/www.usedsoft.com\/i\/lizenz\/","og_locale":"de_DE","og_type":"article","og_title":"Gebrauchtsoftware-Glossar: Lizenz","og_description":"usedSoft bietet Unternehmen Software-Lizenzen f\u00fcr bis zu 50% unter dem Neupreis an. Unser Glossar fasst die wichtigsten Informationen zusammen","og_url":"https:\/\/www.usedsoft.com\/i\/lizenz\/","og_site_name":"usedSoft","article_modified_time":"2023-04-06T12:54:15+00:00","twitter_card":"summary_large_image","twitter_misc":{"Gesch\u00e4tzte Lesezeit":"2\u00a0Minuten"},"schema":{"@context":"https:\/\/schema.org","@graph":[{"@type":"WebPage","@id":"https:\/\/www.usedsoft.com\/i\/lizenz\/","url":"https:\/\/www.usedsoft.com\/i\/lizenz\/","name":"Gebrauchtsoftware-Glossar: Lizenz","isPartOf":{"@id":"https:\/\/www.usedsoft.com\/i\/#website"},"datePublished":"2022-08-08T07:13:20+00:00","dateModified":"2023-04-06T12:54:15+00:00","description":"usedSoft bietet Unternehmen Software-Lizenzen f\u00fcr bis zu 50% unter dem Neupreis an. Unser Glossar fasst die wichtigsten Informationen zusammen","breadcrumb":{"@id":"https:\/\/www.usedsoft.com\/i\/lizenz\/#breadcrumb"},"inLanguage":"de","potentialAction":[{"@type":"ReadAction","target":["https:\/\/www.usedsoft.com\/i\/lizenz\/"]}]},{"@type":"BreadcrumbList","@id":"https:\/\/www.usedsoft.com\/i\/lizenz\/#breadcrumb","itemListElement":[{"@type":"ListItem","position":1,"name":"Startseite","item":"https:\/\/www.usedsoft.com\/i\/"},{"@type":"ListItem","position":2,"name":"Lizenz"}]},{"@type":"WebSite","@id":"https:\/\/www.usedsoft.com\/i\/#website","url":"https:\/\/www.usedsoft.com\/i\/","name":"usedSoft","description":"","potentialAction":[{"@type":"SearchAction","target":{"@type":"EntryPoint","urlTemplate":"https:\/\/www.usedsoft.com\/i\/?s={search_term_string}"},"query-input":"required name=search_term_string"}],"inLanguage":"de"}]}},"_links":{"self":[{"href":"https:\/\/www.usedsoft.com\/i\/wp-json\/wp\/v2\/pages\/4747","targetHints":{"allow":["GET"]}}],"collection":[{"href":"https:\/\/www.usedsoft.com\/i\/wp-json\/wp\/v2\/pages"}],"about":[{"href":"https:\/\/www.usedsoft.com\/i\/wp-json\/wp\/v2\/types\/page"}],"author":[{"embeddable":true,"href":"https:\/\/www.usedsoft.com\/i\/wp-json\/wp\/v2\/users\/5"}],"replies":[{"embeddable":true,"href":"https:\/\/www.usedsoft.com\/i\/wp-json\/wp\/v2\/comments?post=4747"}],"version-history":[{"count":2,"href":"https:\/\/www.usedsoft.com\/i\/wp-json\/wp\/v2\/pages\/4747\/revisions"}],"predecessor-version":[{"id":4749,"href":"https:\/\/www.usedsoft.com\/i\/wp-json\/wp\/v2\/pages\/4747\/revisions\/4749"}],"wp:attachment":[{"href":"https:\/\/www.usedsoft.com\/i\/wp-json\/wp\/v2\/media?parent=4747"}],"curies":[{"name":"wp","href":"https:\/\/api.w.org\/{rel}","templated":true}]}}