{"id":4727,"date":"2022-08-05T18:53:45","date_gmt":"2022-08-05T16:53:45","guid":{"rendered":"https:\/\/usedsoft.dev.bitdivision.de\/i\/?page_id=4727"},"modified":"2023-04-06T14:50:20","modified_gmt":"2023-04-06T12:50:20","slug":"it-kosten","status":"publish","type":"page","link":"https:\/\/www.usedsoft.com\/i\/it-kosten\/","title":{"rendered":"IT Kosten"},"content":{"rendered":"<p>[vc_section][vc_row][vc_column][vc_column_text el_class=&#8220;headline&#8220;]<\/p>\n<h1>IT-Kosten senken<\/h1>\n<p>[\/vc_column_text][\/vc_column][\/vc_row][\/vc_section][vc_section][vc_row][vc_column width=&#8220;1\/2&#8243;][vc_column_text el_class=&#8220;subheadline&#8220;]Mit dem Angebot,\u00a0gebrauchte Software zu kaufen bzw. an Unternehmen zu verkaufen, zielt usedSoft u.a. auf die Senkung von Kosten in der Unternehmens-IT.<\/p>\n<p>Alle Unternehmen sind gezwungen, unter den heutigen Rahmenbedingungen Kosten zu reduzieren, um im lokalen, regionalen, nationalen oder h\u00e4ufig schon globalen Wettbewerb zu bestehen. Bei mittelst\u00e4ndischen Unternehmen wie Gro\u00dfunternehmen stehen hierbei nicht zuletzt die Kosten f\u00fcr eine funktionierende, moderne und effiziente IT-Infrastruktur auf dem Plan. Auch hier m\u00fcssen Unternehmen sparen.[\/vc_column_text][\/vc_column][vc_column width=&#8220;1\/2&#8243;][vc_column_text]Einerseits ist bei einer Analyse von\u00a0IT-Kosten\u00a0nat\u00fcrlich nicht zu \u00fcbersehen, dass sich alle Unternehmen mit wachsenden Anforderungen an zuverl\u00e4ssige Systeme und Anwendungen im Bereich von Business-Intelligence, Projekt- und Qualit\u00e4tsmanagement, Personal- oder Warenwirtschaft (ERP, SCM etc.) konfrontiert sehen. Auch f\u00fcr grundlegende Funktionen wie Datenbankverwaltung und- analyse, Webanbindung und Wirelesszug\u00e4nge samt der daf\u00fcr notwendigen sicheren Netzwerkl\u00f6sungen entsteht immer wieder neuer Investitionsbedarf. Dies steht dem Ziel der Kosteneinsparung zun\u00e4chst einmal entgegen.<\/p>\n<p>Andererseits ist es oft durchaus nicht notwendig, in allen IT-Bereichen auf die neuesten Versionen einer Software zur\u00fcckzugreifen, wenn der Update-Mehrwert f\u00fcr das Unternehmen, verglichen mit den dadurch entstehenden Zusatzkosten, als vernachl\u00e4ssigenswert bzw. zu gering erscheint. Dies kann sowohl bei der Einf\u00fchrung als auch beim Upgrade einer Software, aber auch bei einer Vergr\u00f6\u00dferung der Zahl von Clients zu erheblichem Sparpotential f\u00fchren.<\/p>\n<p>Kosten k\u00f6nnen nicht nur dadurch gespart werden, dass auf eine fr\u00fchere Version zur\u00fcckgegriffen wird, sondern auch dadurch, dass Software-Lizenzen, die von anderen Unternehmen aufgrund struktureller Umstellungen, Insolvenzen oder anderer Gr\u00fcnde nicht mehr ben\u00f6tigt werden, zu einem g\u00fcnstigeren Preis erworben werden.<\/p>\n<p>Hier kommt die professionelle Erfahrung der usedSoft Unternehmen ins Spiel, die sich als\u00a0H\u00e4ndler mit gebrauchter Software\u00a0etabliert haben und sich in diesem Feld sowohl an Unternehmen wendet, die <a href=\"\/de\/gebrauchte-software\/Lizenzen-verkaufen\/\">Lizenzen verkaufen<\/a> wollen als auch an diejenigen Unternehmen, die mit dem\u00a0<a href=\"\/de\/gebrauchte-software\/\">Einkauf<\/a> g\u00fcnstiger gebrauchter Software\u00a0ihre IT-Kosten bei Erweiterung oder Neueinf\u00fchrung niedrig halten m\u00f6chten.[\/vc_column_text][\/vc_column][\/vc_row][\/vc_section]<\/p>\n","protected":false},"excerpt":{"rendered":"<p>[vc_section][vc_row][vc_column][vc_column_text el_class=&#8220;headline&#8220;] IT-Kosten senken [\/vc_column_text][\/vc_column][\/vc_row][\/vc_section][vc_section][vc_row][vc_column width=&#8220;1\/2&#8243;][vc_column_text el_class=&#8220;subheadline&#8220;]Mit dem Angebot,\u00a0gebrauchte Software zu kaufen bzw. an Unternehmen zu verkaufen, zielt usedSoft u.a. auf die Senkung von Kosten in der Unternehmens-IT. Alle Unternehmen sind gezwungen, unter den heutigen Rahmenbedingungen Kosten zu reduzieren, um im lokalen, regionalen, nationalen oder h\u00e4ufig schon globalen Wettbewerb zu bestehen. Bei mittelst\u00e4ndischen Unternehmen wie [&hellip;]<\/p>\n","protected":false},"author":5,"featured_media":0,"parent":0,"menu_order":0,"comment_status":"closed","ping_status":"closed","template":"","meta":{"footnotes":""},"class_list":["post-4727","page","type-page","status-publish","hentry"],"yoast_head":"<!-- This site is optimized with the Yoast SEO plugin v23.3 - https:\/\/yoast.com\/wordpress\/plugins\/seo\/ -->\n<title>Gebrauchtsoftware-Glossar: IT-Kosten senken<\/title>\n<meta name=\"description\" content=\"Mit gebrauchter Software bietet usedSoft die M\u00f6glichkeit die IT-Kosten zu senken. Alles Wissenswerte zum Thema finden Sie in unserem Glossar.\" \/>\n<meta name=\"robots\" content=\"index, follow, max-snippet:-1, max-image-preview:large, max-video-preview:-1\" \/>\n<link rel=\"canonical\" href=\"https:\/\/www.usedsoft.com\/i\/it-kosten\/\" \/>\n<meta property=\"og:locale\" content=\"de_DE\" \/>\n<meta property=\"og:type\" content=\"article\" \/>\n<meta property=\"og:title\" content=\"Gebrauchtsoftware-Glossar: IT-Kosten senken\" \/>\n<meta property=\"og:description\" content=\"Mit gebrauchter Software bietet usedSoft die M\u00f6glichkeit die IT-Kosten zu senken. Alles Wissenswerte zum Thema finden Sie in unserem Glossar.\" \/>\n<meta property=\"og:url\" content=\"https:\/\/www.usedsoft.com\/i\/it-kosten\/\" \/>\n<meta property=\"og:site_name\" content=\"usedSoft\" \/>\n<meta property=\"article:modified_time\" content=\"2023-04-06T12:50:20+00:00\" \/>\n<meta name=\"twitter:card\" content=\"summary_large_image\" \/>\n<meta name=\"twitter:label1\" content=\"Gesch\u00e4tzte Lesezeit\" \/>\n\t<meta name=\"twitter:data1\" content=\"2\u00a0Minuten\" \/>\n<script type=\"application\/ld+json\" class=\"yoast-schema-graph\">{\"@context\":\"https:\/\/schema.org\",\"@graph\":[{\"@type\":\"WebPage\",\"@id\":\"https:\/\/www.usedsoft.com\/i\/it-kosten\/\",\"url\":\"https:\/\/www.usedsoft.com\/i\/it-kosten\/\",\"name\":\"Gebrauchtsoftware-Glossar: IT-Kosten senken\",\"isPartOf\":{\"@id\":\"https:\/\/www.usedsoft.com\/i\/#website\"},\"datePublished\":\"2022-08-05T16:53:45+00:00\",\"dateModified\":\"2023-04-06T12:50:20+00:00\",\"description\":\"Mit gebrauchter Software bietet usedSoft die M\u00f6glichkeit die IT-Kosten zu senken. Alles Wissenswerte zum Thema finden Sie in unserem Glossar.\",\"breadcrumb\":{\"@id\":\"https:\/\/www.usedsoft.com\/i\/it-kosten\/#breadcrumb\"},\"inLanguage\":\"de\",\"potentialAction\":[{\"@type\":\"ReadAction\",\"target\":[\"https:\/\/www.usedsoft.com\/i\/it-kosten\/\"]}]},{\"@type\":\"BreadcrumbList\",\"@id\":\"https:\/\/www.usedsoft.com\/i\/it-kosten\/#breadcrumb\",\"itemListElement\":[{\"@type\":\"ListItem\",\"position\":1,\"name\":\"Startseite\",\"item\":\"https:\/\/www.usedsoft.com\/i\/\"},{\"@type\":\"ListItem\",\"position\":2,\"name\":\"IT Kosten\"}]},{\"@type\":\"WebSite\",\"@id\":\"https:\/\/www.usedsoft.com\/i\/#website\",\"url\":\"https:\/\/www.usedsoft.com\/i\/\",\"name\":\"usedSoft\",\"description\":\"\",\"potentialAction\":[{\"@type\":\"SearchAction\",\"target\":{\"@type\":\"EntryPoint\",\"urlTemplate\":\"https:\/\/www.usedsoft.com\/i\/?s={search_term_string}\"},\"query-input\":\"required name=search_term_string\"}],\"inLanguage\":\"de\"}]}<\/script>\n<!-- \/ Yoast SEO plugin. -->","yoast_head_json":{"title":"Gebrauchtsoftware-Glossar: IT-Kosten senken","description":"Mit gebrauchter Software bietet usedSoft die M\u00f6glichkeit die IT-Kosten zu senken. Alles Wissenswerte zum Thema finden Sie in unserem Glossar.","robots":{"index":"index","follow":"follow","max-snippet":"max-snippet:-1","max-image-preview":"max-image-preview:large","max-video-preview":"max-video-preview:-1"},"canonical":"https:\/\/www.usedsoft.com\/i\/it-kosten\/","og_locale":"de_DE","og_type":"article","og_title":"Gebrauchtsoftware-Glossar: IT-Kosten senken","og_description":"Mit gebrauchter Software bietet usedSoft die M\u00f6glichkeit die IT-Kosten zu senken. Alles Wissenswerte zum Thema finden Sie in unserem Glossar.","og_url":"https:\/\/www.usedsoft.com\/i\/it-kosten\/","og_site_name":"usedSoft","article_modified_time":"2023-04-06T12:50:20+00:00","twitter_card":"summary_large_image","twitter_misc":{"Gesch\u00e4tzte Lesezeit":"2\u00a0Minuten"},"schema":{"@context":"https:\/\/schema.org","@graph":[{"@type":"WebPage","@id":"https:\/\/www.usedsoft.com\/i\/it-kosten\/","url":"https:\/\/www.usedsoft.com\/i\/it-kosten\/","name":"Gebrauchtsoftware-Glossar: IT-Kosten senken","isPartOf":{"@id":"https:\/\/www.usedsoft.com\/i\/#website"},"datePublished":"2022-08-05T16:53:45+00:00","dateModified":"2023-04-06T12:50:20+00:00","description":"Mit gebrauchter Software bietet usedSoft die M\u00f6glichkeit die IT-Kosten zu senken. Alles Wissenswerte zum Thema finden Sie in unserem Glossar.","breadcrumb":{"@id":"https:\/\/www.usedsoft.com\/i\/it-kosten\/#breadcrumb"},"inLanguage":"de","potentialAction":[{"@type":"ReadAction","target":["https:\/\/www.usedsoft.com\/i\/it-kosten\/"]}]},{"@type":"BreadcrumbList","@id":"https:\/\/www.usedsoft.com\/i\/it-kosten\/#breadcrumb","itemListElement":[{"@type":"ListItem","position":1,"name":"Startseite","item":"https:\/\/www.usedsoft.com\/i\/"},{"@type":"ListItem","position":2,"name":"IT Kosten"}]},{"@type":"WebSite","@id":"https:\/\/www.usedsoft.com\/i\/#website","url":"https:\/\/www.usedsoft.com\/i\/","name":"usedSoft","description":"","potentialAction":[{"@type":"SearchAction","target":{"@type":"EntryPoint","urlTemplate":"https:\/\/www.usedsoft.com\/i\/?s={search_term_string}"},"query-input":"required name=search_term_string"}],"inLanguage":"de"}]}},"_links":{"self":[{"href":"https:\/\/www.usedsoft.com\/i\/wp-json\/wp\/v2\/pages\/4727","targetHints":{"allow":["GET"]}}],"collection":[{"href":"https:\/\/www.usedsoft.com\/i\/wp-json\/wp\/v2\/pages"}],"about":[{"href":"https:\/\/www.usedsoft.com\/i\/wp-json\/wp\/v2\/types\/page"}],"author":[{"embeddable":true,"href":"https:\/\/www.usedsoft.com\/i\/wp-json\/wp\/v2\/users\/5"}],"replies":[{"embeddable":true,"href":"https:\/\/www.usedsoft.com\/i\/wp-json\/wp\/v2\/comments?post=4727"}],"version-history":[{"count":3,"href":"https:\/\/www.usedsoft.com\/i\/wp-json\/wp\/v2\/pages\/4727\/revisions"}],"predecessor-version":[{"id":4739,"href":"https:\/\/www.usedsoft.com\/i\/wp-json\/wp\/v2\/pages\/4727\/revisions\/4739"}],"wp:attachment":[{"href":"https:\/\/www.usedsoft.com\/i\/wp-json\/wp\/v2\/media?parent=4727"}],"curies":[{"name":"wp","href":"https:\/\/api.w.org\/{rel}","templated":true}]}}