{"id":4439,"date":"2022-07-19T09:58:20","date_gmt":"2022-07-19T07:58:20","guid":{"rendered":"https:\/\/usedsoft.dev.bitdivision.de\/i\/?page_id=4439"},"modified":"2026-02-25T14:05:24","modified_gmt":"2026-02-25T13:05:24","slug":"karriere","status":"publish","type":"page","link":"https:\/\/www.usedsoft.com\/i\/karriere\/","title":{"rendered":"Karriere"},"content":{"rendered":"<p>[vc_section el_class=&#8220;introBlock&#8220;][vc_row][vc_column][vc_single_image image=&#8220;5762&#8243; img_size=&#8220;600&#215;600&#8243; alignment=&#8220;center&#8220;][vc_column_text]<\/p>\n<h1>Karriere im Softwarevertrieb: Verst\u00e4rke unser usedSoft-Team!<\/h1>\n<p>Du hast das Zeug f\u00fcr eine Karriere im Softwarevertrieb? Und bist auf der Suche nach einer neuen Aufgabe? Dann schau Dir unsere Stellenangebote an. Wir haben nicht nur unseren Kunden, sondern auch unseren Mitarbeitern und Mitarbeiterinnen viel zu bieten.<\/p>\n<p>Als Marktpionier hat usedSoft die IT-Branche mit der Gesch\u00e4ftsidee &#8222;Gebrauchtsoftware&#8220; aufgemischt. Heute kombinieren wir zeitgem\u00e4\u00dfen E-Commerce und klassischen Vertrieb. Die Basis f\u00fcr unseren Erfolg? Unser starkes <a href=\"https:\/\/www.usedsoft.com\/i\/team\/\">Team usedSoft<\/a>!<\/p>\n<p>Wir sind st\u00e4ndig auf der Suche nach engagierten Menschen, die mit und bei uns wachsen m\u00f6chten. Du steckst voller Tatendrang und Initiative und hast Lust auf den Vertrieb von Software in der DACH-Region oder weiteren europ\u00e4ischen M\u00e4rkten? Dann bewirb Dich initiativ oder auf eine unserer aktuellen Stellen. Starte Deine Karriere im Softwarevertrieb bei usedSoft.[\/vc_column_text][vc_row_inner equal_height=&#8220;yes&#8220; el_class=&#8220;whiteboxes&#8220;][vc_column_inner width=&#8220;1\/3&#8243;]<div class=\"text-center\"><img decoding=\"async\" src=\"https:\/\/www.usedsoft.com\/i\/wp-content\/themes\/usedsoft\/svg\/bewerben.svg\"><\/div>[vc_column_text]<\/p>\n<h3 style=\"text-align: center;\">Jetzt bewerben!<\/h3>\n<p style=\"text-align: center;\">Interesse an einem Job bei usedSoft? Unsere Kollegin Julia Klein freut sich auf Deine Bewerbung.<\/p>\n<p>[\/vc_column_text]<div class='usButton '><a href=\"mailto:Julia.Klein@usedSoft.com\" class='btn btn-primary mb-3' target=\"\" rel=\"\">E-Mail<\/a><\/div>[\/vc_column_inner][\/vc_row_inner][\/vc_column][\/vc_row][\/vc_section][vc_section][vc_row el_id=&#8220;#jobs&#8220;][vc_column][vc_text_separator title=&#8220;Aktuelle Stellenangebote&#8220; title_align=&#8220;separator_align_left&#8220;][vc_toggle title=&#8220;Vertriebsmitarbeiter (m\/w\/d) im Innendienst&#8220;]Werde als Mitarbeiter (m\/w\/d) in Vollzeit Teil unseres Sales Teams am Standort Dortmund! Hier bist Du f\u00fcr den eigenst\u00e4ndigen Auf- und Ausbau Deines Kundenstamms in der D-A-CH-Region verantwortlich, den Du vollumf\u00e4nglich betreust.<\/p>\n<p><strong>Diese Aufgaben erwarten Dich:<\/strong><\/p>\n<ul>\n<li>Aktiver Verkauf von Software-Produkten im B2B-Bereich<\/li>\n<li>Betreuung und Ausbau eines eigenen Kundenstamms durch pers\u00f6nliche Beratung und Betreuung inkl. aktive Kundenr\u00fcckgewinnung<\/li>\n<li>Eigenst\u00e4ndige Gewinnung und Betreuung von Neukunden (aus ganz Europa)<\/li>\n<li>Selbst\u00e4ndige Erstellung von Angeboten sowie deren Nachverfolgung bis zum erfolgreichen Abschluss<\/li>\n<li>Pflege Ihrer Kundendaten in unserem Kundenmanagementsystem<\/li>\n<\/ul>\n<p><strong>Das bringst Du mit:<\/strong><\/p>\n<ul>\n<li>Verhandlungssichere Englischkenntnisse (in Wort und Schrift)<\/li>\n<li>Mind. 2-3 Jahre Berufserfahrung im aktiven Vertrieb \u2013 idealerweise im B2B-Umfeld<\/li>\n<li>Kommunikationsst\u00e4rke, Verhandlungsgeschick und Begeisterungsf\u00e4higkeit<\/li>\n<li>Zielorientierte Arbeitsweise und Eigeninitiative<\/li>\n<li>Sehr gute Kenntnisse im Umgang mit MS Office und anderen Standard-Anwendungen<\/li>\n<\/ul>\n<p><strong>Das bieten wir Dir:<\/strong><\/p>\n<ul>\n<li>Einen Arbeitsvertrag mit Grundgehalt plus erfolgsorientierten Provisionen<\/li>\n<li>Flexible Arbeitszeiten (Gleitzeit)<\/li>\n<li>Home-Office-M\u00f6glichkeiten<\/li>\n<li>Ein junges, internationales Team<\/li>\n<li>Angenehme Arbeitsatmosph\u00e4re mit flachen Hierarchien und netten, kompetenten Kolleginnen und Kollegen<\/li>\n<li>Ein gut ausgestatteter und moderner Arbeitsplatz<\/li>\n<li>Umfassende Unterst\u00fctzung bei der Einarbeitung in unser dynamisches Arbeitsumfeld<\/li>\n<li>Eigenverantwortliches Arbeiten mit Freiraum f\u00fcr eigene Ideen<\/li>\n<li>Viele Benefits (z.B. Teamevents, Getr\u00e4nke &amp; Obst zur freien Verf\u00fcgung)<\/li>\n<li>Kein Dresscode<\/li>\n<li>Tierfreundliches Unternehmen<\/li>\n<\/ul>\n<p>Willst Du in einem nicht allt\u00e4glichen Unternehmen selbstst\u00e4ndig arbeiten? Dann werde Teil unseres Expertenteams und wachse mit uns. Bewirb Dich jetzt &#8211; gerne per Mail an:<\/p>\n<p>Julia Klein<br \/>\n<a href=\"mailto:Julia.Klein@usedSoft.com\">Julia.Klein@usedSoft.com<\/a><\/p>\n<p>Oder per Post an:<br \/>\nJulia Klein<br \/>\nusedSoft Deutschland GmbH<br \/>\nFeldstr. 40<br \/>\n44141 Dortmund[\/vc_toggle][vc_toggle title=&#8220;Vertriebsmitarbeiter (m\/w\/d) f\u00fcr Europa&#8220;]Werde als Mitarbeiter (m\/w\/d) in Vollzeit Teil unseres Sales Teams! Hier bist Du f\u00fcr den eigenst\u00e4ndigen Auf- und Ausbau Deines eigenen Kundenstamms in Europa verantwortlich, den Du vollumf\u00e4nglich betreust. Wir freuen uns vor allem \u00fcber die Unterst\u00fctzung von Muttersprachlern aller europ\u00e4ischen Amtssprachen, um unser internationales Team weiter auszubauen.<\/p>\n<p><strong>Diese Aufgaben erwarten Dich:<\/strong><\/p>\n<ul>\n<li>Aktiver Verkauf von Software-Produkten im B2B-Bereich<\/li>\n<li>Betreuung und Ausbau eines eigenen Kundenstamms durch pers\u00f6nliche Beratung und Betreuung inkl. aktive Kundenr\u00fcckgewinnung<\/li>\n<li>Eigenst\u00e4ndige Gewinnung und Betreuung von Neukunden (aus ganz Europa)<\/li>\n<li>Selbst\u00e4ndige Erstellung von Angeboten sowie deren Nachverfolgung bis zum erfolgreichen Abschluss<\/li>\n<li>Pflege Ihrer Kundendaten in unserem Kundenmanagementsystem<\/li>\n<\/ul>\n<p><strong>Das bringst Du mit:<\/strong><\/p>\n<ul>\n<li>Verhandlungssichere Sprachkenntnisse einer europ\u00e4ischen Amtssprache, im Idealfall auf Muttersprachenniveau (in Wort und Schrift)<\/li>\n<li>Verhandlungssichere Englischkenntnisse und Deutschkenntnisse (in Wort und Schrift)<\/li>\n<li>Mind. 2-3 Jahre Berufserfahrung im aktiven Vertrieb \u2013 idealerweise im B2B-Umfeld<\/li>\n<li>Kommunikationsst\u00e4rke, Verhandlungsgeschick und Begeisterungsf\u00e4higkeit<\/li>\n<li>Zielorientierte Arbeitsweise und Eigeninitiative<\/li>\n<li>Sehr gute Kenntnisse im Umgang mit MS Office und anderen Standard-Anwendungen<\/li>\n<\/ul>\n<p><strong>Das bieten wir Dir:<\/strong><\/p>\n<ul>\n<li>Einen Arbeitsvertrag mit Grundgehalt plus erfolgsorientierten Provisionen<\/li>\n<li>Flexible Arbeitszeiten (Gleitzeit)<\/li>\n<li>Home-Office-M\u00f6glichkeiten<\/li>\n<li>Ein junges, internationales Team<\/li>\n<li>Angenehme Arbeitsatmosph\u00e4re mit flachen Hierarchien und netten, kompetenten Kolleginnen und Kollegen<\/li>\n<li>Ein gut ausgestatteter und moderner Arbeitsplatz<\/li>\n<li>Umfassende Unterst\u00fctzung bei der Einarbeitung in unser dynamisches Arbeitsumfeld<\/li>\n<li>Eigenverantwortliches Arbeiten mit Freiraum f\u00fcr eigene Ideen<\/li>\n<li>Viele Benefits (z.B. Teamevents, Getr\u00e4nke &amp; Obst zur freien Verf\u00fcgung)<\/li>\n<li>Kein Dresscode<\/li>\n<li>Tierfreundliches Unternehmen<\/li>\n<\/ul>\n<p>Willst Du in einem nicht allt\u00e4glichen Unternehmen selbstst\u00e4ndig arbeiten? Dann werde Teil unseres Expertenteams und wachse mit uns. Bewirb Dich jetzt &#8211; gerne per Mail an:<\/p>\n<p>Julia Klein<br \/>\n<a href=\"mailto:Julia.Klein@usedSoft.com\">Julia.Klein@usedSoft.com<\/a><\/p>\n<p>Oder per Post an:<br \/>\nJulia Klein<br \/>\nusedSoft Deutschland GmbH<br \/>\nFeldstr. 40<br \/>\n44141 Dortmund[\/vc_toggle][\/vc_column][\/vc_row][vc_row css=&#8220;.vc_custom_1667497162988{background-color: #f2f4f5 !important;}&#8220;][vc_column][vc_row_inner el_id=&#8220;juliaklein&#8220;][vc_column_inner width=&#8220;1\/3&#8243;][vc_column_text]<\/p>\n<h2 style=\"text-align: center;\">Jetzt bewerben.<\/h2>\n<p>[\/vc_column_text][\/vc_column_inner][vc_column_inner width=&#8220;1\/3&#8243;][vc_column_text]Julia Klein freut sich auf Deine aussagekr\u00e4ftige Be\u00adwerbung.<\/p>\n<p>Bitte sende ihr eine E-Mail mit:<\/p>\n<ul>\n<li>Anschreiben<\/li>\n<li>Lebens\u00adlauf<\/li>\n<li>Zeugnissen<\/li>\n<li>Gehalts\u00adwunsch<\/li>\n<li>fr\u00fchstm\u00f6glichem Eintrittstermin<\/li>\n<\/ul>\n<p>[\/vc_column_text]<div class='usButton '><a href=\"mailto:Julia.Klein@usedSoft.com\" class='btn btn-primary mb-3' target=\"\" rel=\"\">E-Mail an Julia Klein<\/a><\/div>[\/vc_column_inner][vc_column_inner width=&#8220;1\/3&#8243;][vc_single_image image=&#8220;6882&#8243; img_size=&#8220;300&#8243;][\/vc_column_inner][\/vc_row_inner][\/vc_column][\/vc_row][vc_row css=&#8220;.vc_custom_1668090565175{background-color: #f2f4f5 !important;}&#8220;][vc_column][vc_empty_space][vc_column_text]<\/p>\n<h2 style=\"text-align: center;\">Arbeiten bei usedSoft. Was uns ausmacht.<\/h2>\n<p>[\/vc_column_text][vc_row_inner][vc_column_inner][vc_empty_space][vc_raw_html el_class=&#8220;text-center&#8220;]JTNDYSUyMGNsYXNzJTNEJTIyY29va2llY29uc2VudC1vcHRpbi1tYXJrZXRpbmclMjJocmVmJTNEJTIyaHR0cHMlM0ElMkYlMkZrdW51bnUuY29tJTJGZGUlMkZ1c2Vkc29mdC1kZXV0c2NobGFuZDElM0Z1dG1fbWVkaXVtJTNEYWZmaWxpYXRlJTI2dXRtX3NvdXJjZSUzRHdpZGdldCUyNnV0bV9jb250ZW50JTNEd2lkZ2V0X2ljb25fc2NvcmVfbG9nb19zbWFsbCUyNnJmciUzRGFmZmlsaWF0ZV93aWRnZXQlMjAlMjIlMjByZWwlM0QlMjJub2ZvbGxvdyUyMG5vb3BlbmVyJTIyJTIwdGFyZ2V0JTNEJTIyX2JsYW5rJTIyJTNFJTNDaW1nJTIwYWx0JTNEJTIya3VudW51JTIwd2lkZ2V0JTIyJTIwc3JjJTNEJTIyaHR0cHMlM0ElMkYlMkZ3aWRnZXRzLmt1bnVudS5jb20lMkZ3aWRnZXRfaWNvbl9zY29yZV9sb2dvX3NtYWxsJTJGcHJvZmlsZXMlMkY4NDNiOWYzOC1iMzdjLTRkM2YtYjExZi0xOTdkYTU4NDgwZTQlMjIlMjAlMkYlM0UlM0MlMkZhJTNF[\/vc_raw_html][\/vc_column_inner][\/vc_row_inner][vc_row_inner][vc_column_inner width=&#8220;1\/3&#8243;][vc_column_text]<\/p>\n<h4>Gehalt und Vorsorge<\/h4>\n<ul class=\"styled\">\n<li>faires Grundgehalt<\/li>\n<li>erfolgsorientierte Provisionen<\/li>\n<li>betriebliche Altersvorsorge m\u00f6glich<\/li>\n<\/ul>\n<p>[\/vc_column_text][\/vc_column_inner][vc_column_inner width=&#8220;1\/3&#8243;][vc_column_text]<\/p>\n<h4>Flexibilit\u00e4t<\/h4>\n<div class=\"module-container\">\n<div class=\"re-mb-30 md:re-mb-60 basic-text-component re-text-sm lg:re-text-base re-single-copy re-leading-tight is--following-text-false\" data-v-dde36c08=\"\">\n<ul>\n<li>Gleitzeit<\/li>\n<li>Zeitkonto zur flexiblen Arbeitszeitgestaltung<\/li>\n<li>individuelle Absprachen zu Home Office-Tagen m\u00f6glich<\/li>\n<\/ul>\n<\/div>\n<\/div>\n<p>[\/vc_column_text][\/vc_column_inner][vc_column_inner width=&#8220;1\/3&#8243;][vc_column_text]<\/p>\n<h4>Entwicklungsm\u00f6glichkeiten<\/h4>\n<ul>\n<li>sorgf\u00e4ltige Einarbeitung<\/li>\n<li>Weiterbildungsm\u00f6glichkeiten, z.B. Microsoft Licensing Expert<\/li>\n<li>Freiraum f\u00fcr eigene Ideen<\/li>\n<\/ul>\n<p>[\/vc_column_text][\/vc_column_inner][\/vc_row_inner][vc_row_inner][vc_column_inner width=&#8220;1\/3&#8243;][vc_column_text]<\/p>\n<h4>Team &amp; Kultur<\/h4>\n<div class=\"module-container\">\n<div class=\"re-mb-30 md:re-mb-60 basic-text-component re-text-sm lg:re-text-base re-single-copy re-leading-tight is--following-text-false\" data-v-dde36c08=\"\">\n<ul>\n<li>angenehme Arbeitsatmosph\u00e4re mit flachen Hierarchien<\/li>\n<li>nette, kompetente Kolleginnen und Kollegen<\/li>\n<li>kein Dresscode<\/li>\n<\/ul>\n<\/div>\n<\/div>\n<p>[\/vc_column_text][\/vc_column_inner][vc_column_inner width=&#8220;1\/3&#8243;][vc_column_text css=&#8220;.vc_custom_1661237851785{border-radius: 1px !important;}&#8220;]<\/p>\n<h4>Friends &amp; Family<\/h4>\n<ul>\n<li>familienfreundliche Teilzeit-Modelle m\u00f6glich<\/li>\n<li>freundliche B\u00fcrohunde willkommen<\/li>\n<li>Team-Events<\/li>\n<\/ul>\n<p>[\/vc_column_text][\/vc_column_inner][vc_column_inner width=&#8220;1\/3&#8243;][vc_column_text]<\/p>\n<h4>Bewegte Pausen<\/h4>\n<div class=\"module-container\">\n<div class=\"re-mb-30 md:re-mb-60 basic-text-component re-text-sm lg:re-text-base re-single-copy re-leading-tight is--following-text-false\" data-v-dde36c08=\"\">\n<ul>\n<li>K\u00fcche, kostenloses Snack-, Obst- und Kaffeeangebot<\/li>\n<li>Tischkicker und Dartscheibe<\/li>\n<li>Yogamatten, Fitnessb\u00e4nder<\/li>\n<\/ul>\n<\/div>\n<\/div>\n<p>[\/vc_column_text][\/vc_column_inner][\/vc_row_inner][\/vc_column][\/vc_row][\/vc_section]<\/p>\n","protected":false},"excerpt":{"rendered":"<p>[vc_section el_class=&#8220;introBlock&#8220;][vc_row][vc_column][vc_single_image image=&#8220;5762&#8243; img_size=&#8220;600&#215;600&#8243; alignment=&#8220;center&#8220;][vc_column_text] Karriere im Softwarevertrieb: Verst\u00e4rke unser usedSoft-Team! Du hast das Zeug f\u00fcr eine Karriere im Softwarevertrieb? Und bist auf der Suche nach einer neuen Aufgabe? Dann schau Dir unsere Stellenangebote an. Wir haben nicht nur unseren Kunden, sondern auch unseren Mitarbeitern und Mitarbeiterinnen viel zu bieten. Als Marktpionier hat usedSoft die [&hellip;]<\/p>\n","protected":false},"author":4,"featured_media":0,"parent":0,"menu_order":0,"comment_status":"closed","ping_status":"closed","template":"","meta":{"footnotes":""},"class_list":["post-4439","page","type-page","status-publish","hentry"],"yoast_head":"<!-- This site is optimized with the Yoast SEO plugin v23.3 - https:\/\/yoast.com\/wordpress\/plugins\/seo\/ -->\n<title>Karriere im Softwarevertrieb | usedSoft<\/title>\n<meta name=\"description\" content=\"Sie haben das Zeug f\u00fcr eine Karriere im Softwarevertrieb? Dann verst\u00e4rken Sie unser usedSoft-Team. Alle Infos zur Bewerbung finden Sie hier.\" \/>\n<meta name=\"robots\" content=\"index, follow, max-snippet:-1, max-image-preview:large, max-video-preview:-1\" \/>\n<link rel=\"canonical\" href=\"https:\/\/www.usedsoft.com\/i\/karriere\/\" \/>\n<meta property=\"og:locale\" content=\"de_DE\" \/>\n<meta property=\"og:type\" content=\"article\" \/>\n<meta property=\"og:title\" content=\"Karriere im Softwarevertrieb | usedSoft\" \/>\n<meta property=\"og:description\" content=\"Sie haben das Zeug f\u00fcr eine Karriere im Softwarevertrieb? Dann verst\u00e4rken Sie unser usedSoft-Team. Alle Infos zur Bewerbung finden Sie hier.\" \/>\n<meta property=\"og:url\" content=\"https:\/\/www.usedsoft.com\/i\/karriere\/\" \/>\n<meta property=\"og:site_name\" content=\"usedSoft\" \/>\n<meta property=\"article:modified_time\" content=\"2026-02-25T13:05:24+00:00\" \/>\n<meta property=\"og:image\" content=\"https:\/\/www.usedsoft.com\/i\/wp-content\/uploads\/2022\/11\/karriere.jpg\" \/>\n\t<meta property=\"og:image:width\" content=\"600\" \/>\n\t<meta property=\"og:image:height\" content=\"600\" \/>\n\t<meta property=\"og:image:type\" content=\"image\/jpeg\" \/>\n<meta name=\"twitter:card\" content=\"summary_large_image\" \/>\n<meta name=\"twitter:title\" content=\"Karriere im Softwarevertrieb | usedSoft\" \/>\n<meta name=\"twitter:description\" content=\"Sie haben das Zeug f\u00fcr eine Karriere im Softwarevertrieb? Dann verst\u00e4rken Sie unser usedSoft-Team. Alle Infos zur Bewerbung finden Sie hier.\" \/>\n<meta name=\"twitter:image\" content=\"https:\/\/www.usedsoft.com\/i\/wp-content\/uploads\/2022\/11\/karriere.jpg\" \/>\n<meta name=\"twitter:label1\" content=\"Gesch\u00e4tzte Lesezeit\" \/>\n\t<meta name=\"twitter:data1\" content=\"5\u00a0Minuten\" \/>\n<script type=\"application\/ld+json\" class=\"yoast-schema-graph\">{\"@context\":\"https:\/\/schema.org\",\"@graph\":[{\"@type\":\"WebPage\",\"@id\":\"https:\/\/www.usedsoft.com\/i\/karriere\/\",\"url\":\"https:\/\/www.usedsoft.com\/i\/karriere\/\",\"name\":\"Karriere im Softwarevertrieb | usedSoft\",\"isPartOf\":{\"@id\":\"https:\/\/www.usedsoft.com\/i\/#website\"},\"datePublished\":\"2022-07-19T07:58:20+00:00\",\"dateModified\":\"2026-02-25T13:05:24+00:00\",\"description\":\"Sie haben das Zeug f\u00fcr eine Karriere im Softwarevertrieb? Dann verst\u00e4rken Sie unser usedSoft-Team. Alle Infos zur Bewerbung finden Sie hier.\",\"breadcrumb\":{\"@id\":\"https:\/\/www.usedsoft.com\/i\/karriere\/#breadcrumb\"},\"inLanguage\":\"de\",\"potentialAction\":[{\"@type\":\"ReadAction\",\"target\":[\"https:\/\/www.usedsoft.com\/i\/karriere\/\"]}]},{\"@type\":\"BreadcrumbList\",\"@id\":\"https:\/\/www.usedsoft.com\/i\/karriere\/#breadcrumb\",\"itemListElement\":[{\"@type\":\"ListItem\",\"position\":1,\"name\":\"Startseite\",\"item\":\"https:\/\/www.usedsoft.com\/i\/\"},{\"@type\":\"ListItem\",\"position\":2,\"name\":\"Karriere\"}]},{\"@type\":\"WebSite\",\"@id\":\"https:\/\/www.usedsoft.com\/i\/#website\",\"url\":\"https:\/\/www.usedsoft.com\/i\/\",\"name\":\"usedSoft\",\"description\":\"\",\"potentialAction\":[{\"@type\":\"SearchAction\",\"target\":{\"@type\":\"EntryPoint\",\"urlTemplate\":\"https:\/\/www.usedsoft.com\/i\/?s={search_term_string}\"},\"query-input\":\"required name=search_term_string\"}],\"inLanguage\":\"de\"}]}<\/script>\n<!-- \/ Yoast SEO plugin. -->","yoast_head_json":{"title":"Karriere im Softwarevertrieb | usedSoft","description":"Sie haben das Zeug f\u00fcr eine Karriere im Softwarevertrieb? Dann verst\u00e4rken Sie unser usedSoft-Team. Alle Infos zur Bewerbung finden Sie hier.","robots":{"index":"index","follow":"follow","max-snippet":"max-snippet:-1","max-image-preview":"max-image-preview:large","max-video-preview":"max-video-preview:-1"},"canonical":"https:\/\/www.usedsoft.com\/i\/karriere\/","og_locale":"de_DE","og_type":"article","og_title":"Karriere im Softwarevertrieb | usedSoft","og_description":"Sie haben das Zeug f\u00fcr eine Karriere im Softwarevertrieb? Dann verst\u00e4rken Sie unser usedSoft-Team. Alle Infos zur Bewerbung finden Sie hier.","og_url":"https:\/\/www.usedsoft.com\/i\/karriere\/","og_site_name":"usedSoft","article_modified_time":"2026-02-25T13:05:24+00:00","og_image":[{"width":600,"height":600,"url":"https:\/\/www.usedsoft.com\/i\/wp-content\/uploads\/2022\/11\/karriere.jpg","type":"image\/jpeg"}],"twitter_card":"summary_large_image","twitter_title":"Karriere im Softwarevertrieb | usedSoft","twitter_description":"Sie haben das Zeug f\u00fcr eine Karriere im Softwarevertrieb? Dann verst\u00e4rken Sie unser usedSoft-Team. Alle Infos zur Bewerbung finden Sie hier.","twitter_image":"https:\/\/www.usedsoft.com\/i\/wp-content\/uploads\/2022\/11\/karriere.jpg","twitter_misc":{"Gesch\u00e4tzte Lesezeit":"5\u00a0Minuten"},"schema":{"@context":"https:\/\/schema.org","@graph":[{"@type":"WebPage","@id":"https:\/\/www.usedsoft.com\/i\/karriere\/","url":"https:\/\/www.usedsoft.com\/i\/karriere\/","name":"Karriere im Softwarevertrieb | usedSoft","isPartOf":{"@id":"https:\/\/www.usedsoft.com\/i\/#website"},"datePublished":"2022-07-19T07:58:20+00:00","dateModified":"2026-02-25T13:05:24+00:00","description":"Sie haben das Zeug f\u00fcr eine Karriere im Softwarevertrieb? Dann verst\u00e4rken Sie unser usedSoft-Team. Alle Infos zur Bewerbung finden Sie hier.","breadcrumb":{"@id":"https:\/\/www.usedsoft.com\/i\/karriere\/#breadcrumb"},"inLanguage":"de","potentialAction":[{"@type":"ReadAction","target":["https:\/\/www.usedsoft.com\/i\/karriere\/"]}]},{"@type":"BreadcrumbList","@id":"https:\/\/www.usedsoft.com\/i\/karriere\/#breadcrumb","itemListElement":[{"@type":"ListItem","position":1,"name":"Startseite","item":"https:\/\/www.usedsoft.com\/i\/"},{"@type":"ListItem","position":2,"name":"Karriere"}]},{"@type":"WebSite","@id":"https:\/\/www.usedsoft.com\/i\/#website","url":"https:\/\/www.usedsoft.com\/i\/","name":"usedSoft","description":"","potentialAction":[{"@type":"SearchAction","target":{"@type":"EntryPoint","urlTemplate":"https:\/\/www.usedsoft.com\/i\/?s={search_term_string}"},"query-input":"required name=search_term_string"}],"inLanguage":"de"}]}},"_links":{"self":[{"href":"https:\/\/www.usedsoft.com\/i\/wp-json\/wp\/v2\/pages\/4439","targetHints":{"allow":["GET"]}}],"collection":[{"href":"https:\/\/www.usedsoft.com\/i\/wp-json\/wp\/v2\/pages"}],"about":[{"href":"https:\/\/www.usedsoft.com\/i\/wp-json\/wp\/v2\/types\/page"}],"author":[{"embeddable":true,"href":"https:\/\/www.usedsoft.com\/i\/wp-json\/wp\/v2\/users\/4"}],"replies":[{"embeddable":true,"href":"https:\/\/www.usedsoft.com\/i\/wp-json\/wp\/v2\/comments?post=4439"}],"version-history":[{"count":96,"href":"https:\/\/www.usedsoft.com\/i\/wp-json\/wp\/v2\/pages\/4439\/revisions"}],"predecessor-version":[{"id":12293,"href":"https:\/\/www.usedsoft.com\/i\/wp-json\/wp\/v2\/pages\/4439\/revisions\/12293"}],"wp:attachment":[{"href":"https:\/\/www.usedsoft.com\/i\/wp-json\/wp\/v2\/media?parent=4439"}],"curies":[{"name":"wp","href":"https:\/\/api.w.org\/{rel}","templated":true}]}}