{"id":3346,"date":"2022-07-14T12:05:28","date_gmt":"2022-07-14T10:05:28","guid":{"rendered":"https:\/\/us.dev.bitdivision.de\/i\/?page_id=3346"},"modified":"2023-04-06T15:16:40","modified_gmt":"2023-04-06T13:16:40","slug":"rechtslage","status":"publish","type":"page","link":"https:\/\/www.usedsoft.com\/i\/rechtslage\/","title":{"rendered":"Rechtslage"},"content":{"rendered":"<p>[vc_section el_class=&#8220;introBlock&#8220;][vc_row][vc_column][vc_single_image image=&#8220;5933&#8243; img_size=&#8220;600&#215;600&#8243; alignment=&#8220;center&#8220;][vc_column_text]<\/p>\n<h1>Rechtslage zu Gebrauchtsoftware: Legaler Kauf und Verkauf<\/h1>\n<div class=\"wpb_text_column wpb_content_element \">\n<div class=\"wpb_wrapper\">\n<p>Die Rechtslage beim Kauf gebrauchter Software von usedSoft ist eindeutig. Laut Europ\u00e4ischem Gerichtshof ist der Kauf legal.\u00a0In der\u00a0<a href=\"https:\/\/curia.europa.eu\/jcms\/upload\/docs\/application\/pdf\/2012-07\/cp120094de.pdf\" target=\"_blank\" rel=\"noopener\">Pressemitteilung Nr. 94\/12<\/a>\u00a0zum Urteil in der Rechtssache C-128\/11 des Europ\u00e4ischen Gerichtshofs (EuGH) wird festgestellt:<\/p>\n<p><strong>\u201eEin Softwarehersteller kann sich dem Weiterverkauf seiner \u201agebrauchten\u2018 Lizenzen, die die Nutzung seiner aus dem Internet heruntergeladenen Programme erm\u00f6glichen, nicht widersetzen.\u201c<\/strong><\/p>\n<\/div>\n<\/div>\n<div class=\"wpb_text_column wpb_content_element \">\n<div class=\"wpb_wrapper\">\n<p>Mit seinem Urteil hat der EuGH als oberstes rechtssprechendes Organ der Europ\u00e4ischen Union endg\u00fcltig f\u00fcr Klarheit gesorgt und den Handel mit gebrauchten Computerprogrammen f\u00fcr grunds\u00e4tzlich rechtm\u00e4\u00dfig erkl\u00e4rt. Der EuGH entschied zudem, dass der Software-Gebrauchthandel auch dann zul\u00e4ssig ist, wenn es sich um online \u00fcbertragene Software handelt.<\/p>\n<\/div>\n<\/div>\n<p>[\/vc_column_text][vc_row_inner equal_height=&#8220;yes&#8220; el_class=&#8220;whiteboxes&#8220;][vc_column_inner width=&#8220;1\/3&#8243;]<div class=\"text-center\"><img decoding=\"async\" src=\"https:\/\/www.usedsoft.com\/i\/wp-content\/themes\/usedsoft\/svg\/rechtssicherheit.svg\"><\/div>[vc_column_text]<\/p>\n<h3 style=\"text-align: center;\">Rechtssicherheit<\/h3>\n<p style=\"text-align: center;\">Der Europ\u00e4ische Gerichtshof hat mit seinem Urteil f\u00fcr Klarheit gesorgt. Der Handel mit Gebrauchtsoftware ist legal. Und \u00fcbrigens auch dann zul\u00e4ssig, wenn es sich um online \u00fcbertragene Software handelt.<\/p>\n<p>[\/vc_column_text][\/vc_column_inner][vc_column_inner width=&#8220;1\/3&#8243;]<div class=\"text-center\"><img decoding=\"async\" src=\"https:\/\/www.usedsoft.com\/i\/wp-content\/themes\/usedsoft\/svg\/volumenlizenzen.svg\"><\/div>[vc_column_text]<\/p>\n<h3 style=\"text-align: center;\">Volumenlizenzen<\/h3>\n<p style=\"text-align: center;\"><a href=\"https:\/\/www.usedsoft.com\/i\/volumenlizenzen\/\">Volumenlizenzen<\/a> k\u00f6nnen auch einzeln weiterverkauft werden. Denn bereits aus dem EuGH-Urteil usedSoft\/Oracle ergibt sich, dass bei jedem einzelnen Programm, das k\u00e4uflich erworben wird, die sogenannte \u201eErsch\u00f6pfung\u201c eintritt.<\/p>\n<p>[\/vc_column_text][\/vc_column_inner][\/vc_row_inner][\/vc_column][\/vc_row][\/vc_section][vc_section][vc_row][vc_column][vc_text_separator title=&#8220;Ersch\u00f6pfungsgrundsatz&#8220; title_align=&#8220;separator_align_left&#8220;][vc_row_inner][vc_column_inner width=&#8220;1\/6&#8243;][\/vc_column_inner][vc_column_inner width=&#8220;4\/6&#8243;][vc_column_text]<\/p>\n<h3>Die Basis f\u00fcr den Gebrauchtsoftware-Handel<\/h3>\n<p>Der sogenannte Ersch\u00f6pfungsgrundsatz ist im Urheberrechtsgesetz (UrhG) verankert und besagt, dass sich das Verbreitungsrecht des Urhebers ersch\u00f6pft, sobald er sein Werk erstmalig in Verkehr gebracht hat. Das bedeutet, er kann nach der Ver\u00e4u\u00dferung nicht mehr bestimmen, welchen weiteren Weg das Werkst\u00fcck nimmt, und der Erstk\u00e4ufer kann ohne Zustimmung des Herstellers entscheiden, ob und an wen er es weiterverkauft.<\/p>\n<p><strong>Der Ersch\u00f6pfungsgrundsatz gilt auch f\u00fcr Software (\u00a7 69 c Nr. 3 Satz 2 UrhG). <\/strong><\/p>\n<p>Der Hersteller kann nur einmal vom Verkauf seines Produktes profitieren. Vertragsklauseln, mit denen die Software-Hersteller den Handel mit gebrauchten Software-Lizenzen einschr\u00e4nken wollen, sind mit dem Grundgedanken des Ersch\u00f6pfungsgrundsatzes nicht vereinbar und deswegen grunds\u00e4tzlich unwirksam.<\/p>\n<p><strong>Auch\u00a0jede einzelne Software-Lizenz aus einem\u00a0Volumenlizenzvertrag f\u00e4llt unter den Ersch\u00f6pfungsgrundsatz und darf deshalb einzeln weiterverkauft werden.<\/strong>[\/vc_column_text][\/vc_column_inner][vc_column_inner width=&#8220;1\/6&#8243;][\/vc_column_inner][\/vc_row_inner][\/vc_column][\/vc_row][vc_row css=&#8220;.vc_custom_1667919004147{background-color: #f2f4f5 !important;}&#8220;][vc_column][vc_row_inner css=&#8220;.vc_custom_1667919309031{background-color: #f2f4f5 !important;}&#8220;][vc_column_inner width=&#8220;1\/6&#8243;][\/vc_column_inner][vc_column_inner width=&#8220;4\/6&#8243;][vc_text_separator title=&#8220;Wichtige Urteile&#8220; title_align=&#8220;separator_align_left&#8220;][vc_column_text]<\/p>\n<h3>Rechtm\u00e4\u00dfig. Das EuGH-Urteil zu gebrauchter Software.<\/h3>\n<p>Der Europ\u00e4ische Gerichtshof (EuGH) hat als oberstes rechtssprechendes Organ der Europ\u00e4ischen Union mit seinem Urteil f\u00fcr endg\u00fcltige Klarheit gesorgt und den Handel mit gebrauchten Computerprogrammen f\u00fcr grunds\u00e4tzlich rechtm\u00e4\u00dfig erkl\u00e4rt. Der EuGH entschied zudem, dass der Software-Gebrauchthandel auch dann zul\u00e4ssig ist, wenn es sich um online \u00fcbertragene Software handelt. <span data-mce-mark=\"1\">Der BGH hat dann\u00a0am 17.07.2013\u00a0h<\/span><span data-mce-mark=\"1\">insichtlich der zugrunde liegenden Rechtsfragen die Grundsatzentscheidung des EuGH vollumf\u00e4nglich best\u00e4tigt.\u00a0<\/span>Und auch bei\u00a0<a href=\"https:\/\/www.usedsoft.com\/i\/volumenlizenzen\/\">Volumenlizenzen<\/a>\u00a0und deren Aufsplittung ist das Urteil des EuGH anzuwenden. Dies best\u00e4tigte das Oberlandesgericht Frankfurt am Main in einem Verfahren zwischen Adobe und usedSoft.<\/p>\n<p>In ihrer Urteilsbegr\u00fcndung stellten die 13 Richter der gro\u00dfen Kammer eindeutig fest, dass der Ersch\u00f6pfungsgrundsatz bei jedem erstmaligen Verkauf einer Software gilt. Der EuGH verf\u00fcgte sogar, dass der Zweiterwerber bei online \u00fcbertragenen Lizenzen die Software beim Hersteller erneut herunterladen darf: \u201eAu\u00dferdem erstreckt sich die Ersch\u00f6pfung des Verbreitungsrechts auf die Programmkopie in der vom Urheberrechtsinhaber verbesserten und aktualisierten Fassung\u201c, so der EuGH. Der Gerichtshof ging damit deutlich \u00fcber den Schlussantrag des EuGH-Generalanwalts vom 24. April 2012 hinaus.<\/p>\n<h3>Volumenlizenzen und deren Aufsplittung ebenfalls legal<\/h3>\n<p>In einem sp\u00e4teren Urteil des Oberlandesgerichts Frankfurt am Main in einem Verfahren zwischen Adobe und usedSoft wurden die weiteren Konsequenzen des EuGH-Urteils eindrucksvoll best\u00e4tigt: Das OLG Frankfurt entschied n\u00e4mlich, dass das EuGH-Urteil auch bei Volumenlizenz-Vertr\u00e4gen und deren Aufsplittung anzuwenden ist. Eine Revision von Adobe wies der Bundesgerichtshof am 11.12.2014 vollumf\u00e4nglich zur\u00fcck (Az. I ZR 8\/13). Damit wurde das Urteil des OLG Frankfurt letztinstanzlich best\u00e4tigt.<\/p>\n<p>Und auch in der Schweiz gab es eine f\u00fcr den Gebrauchtsoftwarehandel positive Rechtssprechung, wie u.a. ein Urteil des Kantonsgerichts Zug best\u00e4tigt. Weitere Infos finden Sie auch in unseren <a href=\"https:\/\/www.usedsoft.com\/i\/faq\/\">FAQ<\/a>.<\/p>\n<p><strong>Weitere Infos:<\/strong><br \/>\n<span data-mce-mark=\"1\"><a href=\"http:\/\/juris.bundesgerichtshof.de\/cgi-bin\/rechtsprechung\/document.py?Gericht=bgh&amp;Art=pm&amp;Datum=2013&amp;Sort=3&amp;nr=64704&amp;pos=1&amp;anz=126\" target=\"_blank\" rel=\"noopener\">Pressemitteilung des BGH (PDF)<\/a><\/span><br \/>\n<a href=\"https:\/\/www.usedsoft.com\/i\/wp-content\/uploads\/2022\/07\/OLG_FFM.pdf\" target=\"_blank\" rel=\"noopener\">Urteil des OLG Frankfurt (PDF)<\/a><br \/>\n<a href=\"https:\/\/curia.europa.eu\/jcms\/upload\/docs\/application\/pdf\/2012-07\/cp120094de.pdf\" target=\"_blank\" rel=\"noopener\">Pressemitteilung des EuGH (PDF)<\/a><br \/>\n<a href=\"https:\/\/www.usedsoft.com\/i\/wp-content\/uploads\/2022\/11\/Revision-Adobe.pdf\" target=\"_blank\" rel=\"noopener\">BGH-Urteil Adobe-Revision (PDF)<\/a><br \/>\n<a href=\"https:\/\/www.usedsoft.com\/i\/wp-content\/uploads\/2022\/07\/Urteil-Kanton-Zug.pdf\" target=\"_blank\" rel=\"noopener\">Urteil des Kantonsgerichts Zug (PDF)<\/a>[\/vc_column_text][\/vc_column_inner][vc_column_inner width=&#8220;1\/6&#8243;][\/vc_column_inner][\/vc_row_inner][\/vc_column][\/vc_row][vc_row][vc_column]<\/div><\/div><\/div><\/div><\/div>\r\n<div id=\"linkBanner\" class=\"container-fluid bg-primary mb-5\">\r\n    <div class=\"container\">\r\n        <div class=\"row my-5\">\r\n            <div class=\"col my-3\">\r\n                <div class=\"inner h-100\">\r\n                    <h3>Lizenzen kaufen<\/h3>\r\n\r\n                    <a href=\"\/\" class=\"btn btn-white mt-5\">mehr Informationen<\/a>\r\n                <\/div>\r\n            <\/div>\r\n            <div class=\"col my-3\">\r\n                <div class=\"inner h-100\">\r\n                    <h3>Lizenzen verkaufen<\/h3>\r\n\r\n                    <a href=\"\/de\/Lizenzen-verkaufen\/\" class=\"btn btn-white mt-5\">mehr Informationen<\/a>\r\n                <\/div>\r\n            <\/div>\r\n            <div class=\"col my-3\">\r\n                <div class=\"inner h-100\">\r\n                    <h3>Sonderaktion<\/h3>\r\n                    <a href=\"\/de\/Sonderaktion\/\" class=\"btn btn-white mt-5\">mehr Informationen<\/a>\r\n                <\/div>\r\n            <\/div>\r\n        <\/div>\r\n    <\/div>\r\n\r\n<\/div>\r\n<div class=\"container\"><div><div><div><div>\r\n\r\n\r\n[\/vc_column][\/vc_row][\/vc_section]<\/p>\n","protected":false},"excerpt":{"rendered":"<p>[vc_section el_class=&#8220;introBlock&#8220;][vc_row][vc_column][vc_single_image image=&#8220;5933&#8243; img_size=&#8220;600&#215;600&#8243; alignment=&#8220;center&#8220;][vc_column_text] Rechtslage zu Gebrauchtsoftware: Legaler Kauf und Verkauf Die Rechtslage beim Kauf gebrauchter Software von usedSoft ist eindeutig. Laut Europ\u00e4ischem Gerichtshof ist der Kauf legal.\u00a0In der\u00a0Pressemitteilung Nr. 94\/12\u00a0zum Urteil in der Rechtssache C-128\/11 des Europ\u00e4ischen Gerichtshofs (EuGH) wird festgestellt: \u201eEin Softwarehersteller kann sich dem Weiterverkauf seiner \u201agebrauchten\u2018 Lizenzen, die die Nutzung [&hellip;]<\/p>\n","protected":false},"author":4,"featured_media":0,"parent":0,"menu_order":0,"comment_status":"closed","ping_status":"closed","template":"","meta":{"footnotes":""},"class_list":["post-3346","page","type-page","status-publish","hentry"],"yoast_head":"<!-- This site is optimized with the Yoast SEO plugin v23.3 - https:\/\/yoast.com\/wordpress\/plugins\/seo\/ -->\n<title>Rechtslage von usedSoft<\/title>\n<meta name=\"description\" content=\"Die Rechtslage beim Kauf gebrauchter Software von usedSoft ist eindeutig. Laut Europ\u00e4ischem Gerichtshof ist der Kauf legal. Erfahren Sie mehr\" \/>\n<meta name=\"robots\" content=\"index, follow, max-snippet:-1, max-image-preview:large, max-video-preview:-1\" \/>\n<link rel=\"canonical\" href=\"https:\/\/www.usedsoft.com\/i\/rechtslage\/\" \/>\n<meta property=\"og:locale\" content=\"de_DE\" \/>\n<meta property=\"og:type\" content=\"article\" \/>\n<meta property=\"og:title\" content=\"Rechtslage von usedSoft\" \/>\n<meta property=\"og:description\" content=\"Die Rechtslage beim Kauf gebrauchter Software von usedSoft ist eindeutig. Laut Europ\u00e4ischem Gerichtshof ist der Kauf legal. Erfahren Sie mehr\" \/>\n<meta property=\"og:url\" content=\"https:\/\/www.usedsoft.com\/i\/rechtslage\/\" \/>\n<meta property=\"og:site_name\" content=\"usedSoft\" \/>\n<meta property=\"article:modified_time\" content=\"2023-04-06T13:16:40+00:00\" \/>\n<meta property=\"og:image\" content=\"https:\/\/www.usedsoft.com\/i\/wp-content\/uploads\/2022\/11\/rechtliches.jpg\" \/>\n\t<meta property=\"og:image:width\" content=\"600\" \/>\n\t<meta property=\"og:image:height\" content=\"600\" \/>\n\t<meta property=\"og:image:type\" content=\"image\/jpeg\" \/>\n<meta name=\"twitter:card\" content=\"summary_large_image\" \/>\n<meta name=\"twitter:title\" content=\"Rechtslage von usedSoft\" \/>\n<meta name=\"twitter:description\" content=\"Die Rechtslage beim Kauf gebrauchter Software von usedSoft ist eindeutig. Laut Europ\u00e4ischem Gerichtshof ist der Kauf legal. Erfahren Sie mehr\" \/>\n<meta name=\"twitter:image\" content=\"https:\/\/www.usedsoft.com\/i\/wp-content\/uploads\/2022\/11\/rechtliches.jpg\" \/>\n<meta name=\"twitter:label1\" content=\"Gesch\u00e4tzte Lesezeit\" \/>\n\t<meta name=\"twitter:data1\" content=\"4\u00a0Minuten\" \/>\n<script type=\"application\/ld+json\" class=\"yoast-schema-graph\">{\"@context\":\"https:\/\/schema.org\",\"@graph\":[{\"@type\":\"WebPage\",\"@id\":\"https:\/\/www.usedsoft.com\/i\/rechtslage\/\",\"url\":\"https:\/\/www.usedsoft.com\/i\/rechtslage\/\",\"name\":\"Rechtslage von usedSoft\",\"isPartOf\":{\"@id\":\"https:\/\/www.usedsoft.com\/i\/#website\"},\"datePublished\":\"2022-07-14T10:05:28+00:00\",\"dateModified\":\"2023-04-06T13:16:40+00:00\",\"description\":\"Die Rechtslage beim Kauf gebrauchter Software von usedSoft ist eindeutig. Laut Europ\u00e4ischem Gerichtshof ist der Kauf legal. Erfahren Sie mehr\",\"breadcrumb\":{\"@id\":\"https:\/\/www.usedsoft.com\/i\/rechtslage\/#breadcrumb\"},\"inLanguage\":\"de\",\"potentialAction\":[{\"@type\":\"ReadAction\",\"target\":[\"https:\/\/www.usedsoft.com\/i\/rechtslage\/\"]}]},{\"@type\":\"BreadcrumbList\",\"@id\":\"https:\/\/www.usedsoft.com\/i\/rechtslage\/#breadcrumb\",\"itemListElement\":[{\"@type\":\"ListItem\",\"position\":1,\"name\":\"Startseite\",\"item\":\"https:\/\/www.usedsoft.com\/i\/\"},{\"@type\":\"ListItem\",\"position\":2,\"name\":\"Rechtslage\"}]},{\"@type\":\"WebSite\",\"@id\":\"https:\/\/www.usedsoft.com\/i\/#website\",\"url\":\"https:\/\/www.usedsoft.com\/i\/\",\"name\":\"usedSoft\",\"description\":\"\",\"potentialAction\":[{\"@type\":\"SearchAction\",\"target\":{\"@type\":\"EntryPoint\",\"urlTemplate\":\"https:\/\/www.usedsoft.com\/i\/?s={search_term_string}\"},\"query-input\":\"required name=search_term_string\"}],\"inLanguage\":\"de\"}]}<\/script>\n<!-- \/ Yoast SEO plugin. -->","yoast_head_json":{"title":"Rechtslage von usedSoft","description":"Die Rechtslage beim Kauf gebrauchter Software von usedSoft ist eindeutig. Laut Europ\u00e4ischem Gerichtshof ist der Kauf legal. Erfahren Sie mehr","robots":{"index":"index","follow":"follow","max-snippet":"max-snippet:-1","max-image-preview":"max-image-preview:large","max-video-preview":"max-video-preview:-1"},"canonical":"https:\/\/www.usedsoft.com\/i\/rechtslage\/","og_locale":"de_DE","og_type":"article","og_title":"Rechtslage von usedSoft","og_description":"Die Rechtslage beim Kauf gebrauchter Software von usedSoft ist eindeutig. Laut Europ\u00e4ischem Gerichtshof ist der Kauf legal. Erfahren Sie mehr","og_url":"https:\/\/www.usedsoft.com\/i\/rechtslage\/","og_site_name":"usedSoft","article_modified_time":"2023-04-06T13:16:40+00:00","og_image":[{"width":600,"height":600,"url":"https:\/\/www.usedsoft.com\/i\/wp-content\/uploads\/2022\/11\/rechtliches.jpg","type":"image\/jpeg"}],"twitter_card":"summary_large_image","twitter_title":"Rechtslage von usedSoft","twitter_description":"Die Rechtslage beim Kauf gebrauchter Software von usedSoft ist eindeutig. Laut Europ\u00e4ischem Gerichtshof ist der Kauf legal. Erfahren Sie mehr","twitter_image":"https:\/\/www.usedsoft.com\/i\/wp-content\/uploads\/2022\/11\/rechtliches.jpg","twitter_misc":{"Gesch\u00e4tzte Lesezeit":"4\u00a0Minuten"},"schema":{"@context":"https:\/\/schema.org","@graph":[{"@type":"WebPage","@id":"https:\/\/www.usedsoft.com\/i\/rechtslage\/","url":"https:\/\/www.usedsoft.com\/i\/rechtslage\/","name":"Rechtslage von usedSoft","isPartOf":{"@id":"https:\/\/www.usedsoft.com\/i\/#website"},"datePublished":"2022-07-14T10:05:28+00:00","dateModified":"2023-04-06T13:16:40+00:00","description":"Die Rechtslage beim Kauf gebrauchter Software von usedSoft ist eindeutig. Laut Europ\u00e4ischem Gerichtshof ist der Kauf legal. Erfahren Sie mehr","breadcrumb":{"@id":"https:\/\/www.usedsoft.com\/i\/rechtslage\/#breadcrumb"},"inLanguage":"de","potentialAction":[{"@type":"ReadAction","target":["https:\/\/www.usedsoft.com\/i\/rechtslage\/"]}]},{"@type":"BreadcrumbList","@id":"https:\/\/www.usedsoft.com\/i\/rechtslage\/#breadcrumb","itemListElement":[{"@type":"ListItem","position":1,"name":"Startseite","item":"https:\/\/www.usedsoft.com\/i\/"},{"@type":"ListItem","position":2,"name":"Rechtslage"}]},{"@type":"WebSite","@id":"https:\/\/www.usedsoft.com\/i\/#website","url":"https:\/\/www.usedsoft.com\/i\/","name":"usedSoft","description":"","potentialAction":[{"@type":"SearchAction","target":{"@type":"EntryPoint","urlTemplate":"https:\/\/www.usedsoft.com\/i\/?s={search_term_string}"},"query-input":"required name=search_term_string"}],"inLanguage":"de"}]}},"_links":{"self":[{"href":"https:\/\/www.usedsoft.com\/i\/wp-json\/wp\/v2\/pages\/3346","targetHints":{"allow":["GET"]}}],"collection":[{"href":"https:\/\/www.usedsoft.com\/i\/wp-json\/wp\/v2\/pages"}],"about":[{"href":"https:\/\/www.usedsoft.com\/i\/wp-json\/wp\/v2\/types\/page"}],"author":[{"embeddable":true,"href":"https:\/\/www.usedsoft.com\/i\/wp-json\/wp\/v2\/users\/4"}],"replies":[{"embeddable":true,"href":"https:\/\/www.usedsoft.com\/i\/wp-json\/wp\/v2\/comments?post=3346"}],"version-history":[{"count":60,"href":"https:\/\/www.usedsoft.com\/i\/wp-json\/wp\/v2\/pages\/3346\/revisions"}],"predecessor-version":[{"id":6426,"href":"https:\/\/www.usedsoft.com\/i\/wp-json\/wp\/v2\/pages\/3346\/revisions\/6426"}],"wp:attachment":[{"href":"https:\/\/www.usedsoft.com\/i\/wp-json\/wp\/v2\/media?parent=3346"}],"curies":[{"name":"wp","href":"https:\/\/api.w.org\/{rel}","templated":true}]}}