{"id":12160,"date":"2025-11-11T10:45:54","date_gmt":"2025-11-11T09:45:54","guid":{"rendered":"https:\/\/www.usedsoft.com\/i\/?page_id=12160"},"modified":"2025-11-11T10:59:23","modified_gmt":"2025-11-11T09:59:23","slug":"rechtssichere-und-auditsichere-lizenzen","status":"publish","type":"page","link":"https:\/\/www.usedsoft.com\/i\/rechtssichere-und-auditsichere-lizenzen\/","title":{"rendered":"Rechtssichere und auditsichere Lizenzen"},"content":{"rendered":"<p>[vc_section el_class=&#8220;introBlock&#8220;][vc_row][vc_column][vc_single_image image=&#8220;5933&#8243; img_size=&#8220;600&#215;600&#8243; alignment=&#8220;center&#8220;][vc_column_text]<\/p>\n<h1>Lizenz-Audits? Mit usedSoft bleiben Sie gelassen<\/h1>\n<div class=\"wpb_text_column wpb_content_element \">\n<div class=\"wpb_wrapper\">\n<p>Viele Softwarehersteller wie Microsoft f\u00fchren regelm\u00e4\u00dfig Lizenz-Audits bei ihren Kunden durch. Gut, wenn man dann nicht nur vorbereitet ist, sondern auf rechtssichere Lizenzen und alle notwendigen Nachweise zur\u00fcckgreifen kann. Genau das bietet Ihnen usedSoft \u2013 verl\u00e4sslich, transparent und wirtschaftlich.<\/p>\n<p data-start=\"998\" data-end=\"1044\"><strong data-start=\"1002\" data-end=\"1044\">Warum Unternehmen auf usedSoft setzen:<\/strong><\/p>\n<ul data-start=\"1045\" data-end=\"1456\">\n<li data-start=\"1045\" data-end=\"1152\">\n<p data-start=\"1047\" data-end=\"1152\"><strong data-start=\"1047\" data-end=\"1086\">Rechtssicher dokumentierte Lizenzen<\/strong> \u2013 konform mit geltender Rechtsprechung<\/p>\n<\/li>\n<li data-start=\"1153\" data-end=\"1197\">\n<p data-start=\"1155\" data-end=\"1197\"><strong data-start=\"1155\" data-end=\"1197\">Transparente Nachweise f\u00fcr jedes Audit<\/strong><\/p>\n<\/li>\n<li data-start=\"1198\" data-end=\"1268\"><strong data-start=\"1271\" data-end=\"1304\">Kostenvorteil von bis zu 70\u202f%<\/strong> gegen\u00fcber Neulizenzen \u2013 auch bei Nachlizenzierungen<\/li>\n<li data-start=\"1357\" data-end=\"1456\">\n<p data-start=\"1359\" data-end=\"1456\"><strong data-start=\"1359\" data-end=\"1387\">Alle Versionen verf\u00fcgbar<\/strong> \u2013 nicht nur die neuesten, sondern genau die, die Ihre IT-Landschaft ben\u00f6tigt<\/p>\n<\/li>\n<\/ul>\n<p data-start=\"1458\" data-end=\"1505\"><strong data-start=\"1462\" data-end=\"1505\">Souver\u00e4n vorbereitet \u2013 ohne Mehraufwand<\/strong><\/p>\n<p data-start=\"1507\" data-end=\"1832\">Mit unseren gebrauchten Lizenzen vermeiden Sie nicht nur unn\u00f6tige Ausgaben bei der Nachlizenzierung, sondern sparen sich auch viele Diskussionen im Audit-Prozess. Unsere Expertinnen und Experten unterst\u00fctzen Sie bei der Auswahl der passenden Lizenzmodelle \u2013 und liefern L\u00f6sungen, die zu Ihrem Unternehmen und Ihrer IT passen.<\/p>\n<p>Ein Audit kann auch eine Chance sein: F\u00fcr viele Unternehmen zeigt sich dabei, dass nicht nur Unterlizenzierung ein Thema ist, sondern auch \u00dcberlizenzierung \u2013 also zu viel bezahlte Software. In diesen F\u00e4llen k\u00f6nnen ungenutzte Lizenzen verkauft und Wartungsvertr\u00e4ge reduziert werden. Auch hier unterst\u00fctzt usedSoft: Als seri\u00f6ser Gebrauchtsoftware-H\u00e4ndler kaufen wir \u00fcbersch\u00fcssige Lizenzen zur\u00fcck \u2013 transparent, rechtssicher und zu fairen Marktpreisen.<\/p>\n<\/div>\n<\/div>\n<p>[\/vc_column_text][\/vc_column][\/vc_row][\/vc_section][vc_row][vc_column][vc_row_inner][vc_column_inner width=&#8220;5\/6&#8243; offset=&#8220;vc_col-sm-offset-1&#8243;]\r\n<div class=\"row banner secondary mb-3 align-items-center mx-0\">\r\n    <div class=\"col-12 col-md-auto ps-5 py-3\">\r\n            <h3 class=\"m-0\">Rechtliche Grundlagen<\/h3>\r\n    <\/div>\r\n    <div class=\"col-md py-4 secondcolor\">\r\n            <div class=\"row align-items-center\">\r\n                                <div class=\"col-12 col-md ps-5\">\r\n                    Infos zum EuGH-Urteil und Co.                <\/div>\r\n                                <div class=\"col-12 col-md-auto  pe-md-5 mt-3 mt-md-0 text-center text-md-end\">\r\n                    <a href=\"https:\/\/www.usedsoft.com\/i\/rechtslage\/\" target=\"\" rel=\"\" class=\"btn btn-white\">Mehr erfahren<\/a>\r\n                <\/div>\r\n            <\/div>\r\n    <\/div>\r\n<\/div>\r\n<div class=\"row banner  mb-3 align-items-center mx-0\">\r\n    <div class=\"col-12 col-md-auto ps-5 py-3\">\r\n            <h3 class=\"m-0\">Volumenlizenzen<\/h3>\r\n    <\/div>\r\n    <div class=\"col-md py-4 secondcolor\">\r\n            <div class=\"row align-items-center\">\r\n                                <div class=\"col-12 col-md ps-5\">\r\n                    Alles zu den Vorteilen von Volumenlizenzen                <\/div>\r\n                                <div class=\"col-12 col-md-auto  pe-md-5 mt-3 mt-md-0 text-center text-md-end\">\r\n                    <a href=\"https:\/\/www.usedsoft.com\/i\/volumenlizenzen\/\" target=\"\" rel=\"\" class=\"btn btn-white\">Hier nachlesen<\/a>\r\n                <\/div>\r\n            <\/div>\r\n    <\/div>\r\n<\/div>\r\n<div class=\"row banner secondary mb-3 align-items-center mx-0\">\r\n    <div class=\"col-12 col-md-auto ps-5 py-3\">\r\n            <h3 class=\"m-0\">Noch Fragen?<\/h3>\r\n    <\/div>\r\n    <div class=\"col-md py-4 secondcolor\">\r\n            <div class=\"row align-items-center\">\r\n                                <div class=\"col-12 col-md ps-5\">\r\n                    Hier gibt es die Antworten auf die h\u00e4ufigsten Fragen                <\/div>\r\n                                <div class=\"col-12 col-md-auto  pe-md-5 mt-3 mt-md-0 text-center text-md-end\">\r\n                    <a href=\"https:\/\/www.usedsoft.com\/i\/faq\/\" target=\"\" rel=\"\" class=\"btn btn-white\">Zu den FAQ<\/a>\r\n                <\/div>\r\n            <\/div>\r\n    <\/div>\r\n<\/div>[\/vc_column_inner][\/vc_row_inner][vc_row_inner][\/vc_row_inner][vc_column_inner width=&#8220;5\/12&#8243; offset=&#8220;vc_col-sm-offset-1&#8243;][\/vc_column_inner][vc_column_text][\/vc_column_text][\/vc_column][\/vc_row]<\/p>\n","protected":false},"excerpt":{"rendered":"<p>[vc_section el_class=&#8220;introBlock&#8220;][vc_row][vc_column][vc_single_image image=&#8220;5933&#8243; img_size=&#8220;600&#215;600&#8243; alignment=&#8220;center&#8220;][vc_column_text] Lizenz-Audits? Mit usedSoft bleiben Sie gelassen Viele Softwarehersteller wie Microsoft f\u00fchren regelm\u00e4\u00dfig Lizenz-Audits bei ihren Kunden durch. Gut, wenn man dann nicht nur vorbereitet ist, sondern auf rechtssichere Lizenzen und alle notwendigen Nachweise zur\u00fcckgreifen kann. Genau das bietet Ihnen usedSoft \u2013 verl\u00e4sslich, transparent und wirtschaftlich. Warum Unternehmen auf usedSoft setzen: [&hellip;]<\/p>\n","protected":false},"author":3,"featured_media":0,"parent":0,"menu_order":0,"comment_status":"closed","ping_status":"closed","template":"","meta":{"footnotes":""},"class_list":["post-12160","page","type-page","status-publish","hentry"],"yoast_head":"<!-- This site is optimized with the Yoast SEO plugin v23.3 - https:\/\/yoast.com\/wordpress\/plugins\/seo\/ -->\n<title>Rechtssichere und auditsichere Lizenzen | usedSoft<\/title>\n<meta name=\"robots\" content=\"index, follow, max-snippet:-1, max-image-preview:large, max-video-preview:-1\" \/>\n<link rel=\"canonical\" href=\"https:\/\/www.usedsoft.com\/i\/rechtssichere-und-auditsichere-lizenzen\/\" \/>\n<meta property=\"og:locale\" content=\"de_DE\" \/>\n<meta property=\"og:type\" content=\"article\" \/>\n<meta property=\"og:title\" content=\"Rechtssichere und auditsichere Lizenzen | usedSoft\" \/>\n<meta property=\"og:description\" content=\"[vc_section el_class=&#8220;introBlock&#8220;][vc_row][vc_column][vc_single_image image=&#8220;5933&#8243; img_size=&#8220;600&#215;600&#8243; alignment=&#8220;center&#8220;][vc_column_text] Lizenz-Audits? Mit usedSoft bleiben Sie gelassen Viele Softwarehersteller wie Microsoft f\u00fchren regelm\u00e4\u00dfig Lizenz-Audits bei ihren Kunden durch. Gut, wenn man dann nicht nur vorbereitet ist, sondern auf rechtssichere Lizenzen und alle notwendigen Nachweise zur\u00fcckgreifen kann. Genau das bietet Ihnen usedSoft \u2013 verl\u00e4sslich, transparent und wirtschaftlich. Warum Unternehmen auf usedSoft setzen: [&hellip;]\" \/>\n<meta property=\"og:url\" content=\"https:\/\/www.usedsoft.com\/i\/rechtssichere-und-auditsichere-lizenzen\/\" \/>\n<meta property=\"og:site_name\" content=\"usedSoft\" \/>\n<meta property=\"article:modified_time\" content=\"2025-11-11T09:59:23+00:00\" \/>\n<meta name=\"twitter:card\" content=\"summary_large_image\" \/>\n<meta name=\"twitter:label1\" content=\"Gesch\u00e4tzte Lesezeit\" \/>\n\t<meta name=\"twitter:data1\" content=\"2\u00a0Minuten\" \/>\n<script type=\"application\/ld+json\" class=\"yoast-schema-graph\">{\"@context\":\"https:\/\/schema.org\",\"@graph\":[{\"@type\":\"WebPage\",\"@id\":\"https:\/\/www.usedsoft.com\/i\/rechtssichere-und-auditsichere-lizenzen\/\",\"url\":\"https:\/\/www.usedsoft.com\/i\/rechtssichere-und-auditsichere-lizenzen\/\",\"name\":\"Rechtssichere und auditsichere Lizenzen | usedSoft\",\"isPartOf\":{\"@id\":\"https:\/\/www.usedsoft.com\/i\/#website\"},\"datePublished\":\"2025-11-11T09:45:54+00:00\",\"dateModified\":\"2025-11-11T09:59:23+00:00\",\"breadcrumb\":{\"@id\":\"https:\/\/www.usedsoft.com\/i\/rechtssichere-und-auditsichere-lizenzen\/#breadcrumb\"},\"inLanguage\":\"de\",\"potentialAction\":[{\"@type\":\"ReadAction\",\"target\":[\"https:\/\/www.usedsoft.com\/i\/rechtssichere-und-auditsichere-lizenzen\/\"]}]},{\"@type\":\"BreadcrumbList\",\"@id\":\"https:\/\/www.usedsoft.com\/i\/rechtssichere-und-auditsichere-lizenzen\/#breadcrumb\",\"itemListElement\":[{\"@type\":\"ListItem\",\"position\":1,\"name\":\"Startseite\",\"item\":\"https:\/\/www.usedsoft.com\/i\/\"},{\"@type\":\"ListItem\",\"position\":2,\"name\":\"Rechtssichere und auditsichere Lizenzen\"}]},{\"@type\":\"WebSite\",\"@id\":\"https:\/\/www.usedsoft.com\/i\/#website\",\"url\":\"https:\/\/www.usedsoft.com\/i\/\",\"name\":\"usedSoft\",\"description\":\"\",\"potentialAction\":[{\"@type\":\"SearchAction\",\"target\":{\"@type\":\"EntryPoint\",\"urlTemplate\":\"https:\/\/www.usedsoft.com\/i\/?s={search_term_string}\"},\"query-input\":\"required name=search_term_string\"}],\"inLanguage\":\"de\"}]}<\/script>\n<!-- \/ Yoast SEO plugin. -->","yoast_head_json":{"title":"Rechtssichere und auditsichere Lizenzen | usedSoft","robots":{"index":"index","follow":"follow","max-snippet":"max-snippet:-1","max-image-preview":"max-image-preview:large","max-video-preview":"max-video-preview:-1"},"canonical":"https:\/\/www.usedsoft.com\/i\/rechtssichere-und-auditsichere-lizenzen\/","og_locale":"de_DE","og_type":"article","og_title":"Rechtssichere und auditsichere Lizenzen | usedSoft","og_description":"[vc_section el_class=&#8220;introBlock&#8220;][vc_row][vc_column][vc_single_image image=&#8220;5933&#8243; img_size=&#8220;600&#215;600&#8243; alignment=&#8220;center&#8220;][vc_column_text] Lizenz-Audits? Mit usedSoft bleiben Sie gelassen Viele Softwarehersteller wie Microsoft f\u00fchren regelm\u00e4\u00dfig Lizenz-Audits bei ihren Kunden durch. Gut, wenn man dann nicht nur vorbereitet ist, sondern auf rechtssichere Lizenzen und alle notwendigen Nachweise zur\u00fcckgreifen kann. Genau das bietet Ihnen usedSoft \u2013 verl\u00e4sslich, transparent und wirtschaftlich. Warum Unternehmen auf usedSoft setzen: [&hellip;]","og_url":"https:\/\/www.usedsoft.com\/i\/rechtssichere-und-auditsichere-lizenzen\/","og_site_name":"usedSoft","article_modified_time":"2025-11-11T09:59:23+00:00","twitter_card":"summary_large_image","twitter_misc":{"Gesch\u00e4tzte Lesezeit":"2\u00a0Minuten"},"schema":{"@context":"https:\/\/schema.org","@graph":[{"@type":"WebPage","@id":"https:\/\/www.usedsoft.com\/i\/rechtssichere-und-auditsichere-lizenzen\/","url":"https:\/\/www.usedsoft.com\/i\/rechtssichere-und-auditsichere-lizenzen\/","name":"Rechtssichere und auditsichere Lizenzen | usedSoft","isPartOf":{"@id":"https:\/\/www.usedsoft.com\/i\/#website"},"datePublished":"2025-11-11T09:45:54+00:00","dateModified":"2025-11-11T09:59:23+00:00","breadcrumb":{"@id":"https:\/\/www.usedsoft.com\/i\/rechtssichere-und-auditsichere-lizenzen\/#breadcrumb"},"inLanguage":"de","potentialAction":[{"@type":"ReadAction","target":["https:\/\/www.usedsoft.com\/i\/rechtssichere-und-auditsichere-lizenzen\/"]}]},{"@type":"BreadcrumbList","@id":"https:\/\/www.usedsoft.com\/i\/rechtssichere-und-auditsichere-lizenzen\/#breadcrumb","itemListElement":[{"@type":"ListItem","position":1,"name":"Startseite","item":"https:\/\/www.usedsoft.com\/i\/"},{"@type":"ListItem","position":2,"name":"Rechtssichere und auditsichere Lizenzen"}]},{"@type":"WebSite","@id":"https:\/\/www.usedsoft.com\/i\/#website","url":"https:\/\/www.usedsoft.com\/i\/","name":"usedSoft","description":"","potentialAction":[{"@type":"SearchAction","target":{"@type":"EntryPoint","urlTemplate":"https:\/\/www.usedsoft.com\/i\/?s={search_term_string}"},"query-input":"required name=search_term_string"}],"inLanguage":"de"}]}},"_links":{"self":[{"href":"https:\/\/www.usedsoft.com\/i\/wp-json\/wp\/v2\/pages\/12160","targetHints":{"allow":["GET"]}}],"collection":[{"href":"https:\/\/www.usedsoft.com\/i\/wp-json\/wp\/v2\/pages"}],"about":[{"href":"https:\/\/www.usedsoft.com\/i\/wp-json\/wp\/v2\/types\/page"}],"author":[{"embeddable":true,"href":"https:\/\/www.usedsoft.com\/i\/wp-json\/wp\/v2\/users\/3"}],"replies":[{"embeddable":true,"href":"https:\/\/www.usedsoft.com\/i\/wp-json\/wp\/v2\/comments?post=12160"}],"version-history":[{"count":10,"href":"https:\/\/www.usedsoft.com\/i\/wp-json\/wp\/v2\/pages\/12160\/revisions"}],"predecessor-version":[{"id":12172,"href":"https:\/\/www.usedsoft.com\/i\/wp-json\/wp\/v2\/pages\/12160\/revisions\/12172"}],"wp:attachment":[{"href":"https:\/\/www.usedsoft.com\/i\/wp-json\/wp\/v2\/media?parent=12160"}],"curies":[{"name":"wp","href":"https:\/\/api.w.org\/{rel}","templated":true}]}}