{"id":12111,"date":"2025-10-18T02:41:46","date_gmt":"2025-10-18T00:41:46","guid":{"rendered":"https:\/\/www.usedsoft.com\/i\/?page_id=12111"},"modified":"2025-10-18T02:42:24","modified_gmt":"2025-10-18T00:42:24","slug":"barrierefreiheit","status":"publish","type":"page","link":"https:\/\/www.usedsoft.com\/i\/barrierefreiheit\/","title":{"rendered":"Barrierefreiheit"},"content":{"rendered":"<p>[vc_section][vc_row][vc_column][vc_column_text]<\/p>\n<h1>Erkl\u00e4rung zur Barrierefreiheit<\/h1>\n<p>Die <strong>usedSoft Deutschland GmbH<\/strong> ist bem\u00fcht, ihre Website im Einklang mit dem <strong>Barrierefreiheitsst\u00e4rkungsgesetz (BFSG)<\/strong> und der <strong>Barrierefreie-Informationstechnik-Verordnung (BFSGV)<\/strong> barrierefrei zug\u00e4nglich zu machen.<\/p>\n<p>Diese Erkl\u00e4rung zur Barrierefreiheit gilt f\u00fcr die Website:<\/p>\n<p><a href=\"https:\/\/www.usedsoft.com\/\">https:\/\/www.usedsoft.com\/<\/a><\/p>\n<h3>Stand der Vereinbarkeit mit den Anforderungen<\/h3>\n<p>Diese Website ist <strong>teilweise<\/strong> mit den Anforderungen des BFSG vereinbar. Nicht barrierefreie Inhalte sind nachfolgend aufgef\u00fchrt.<\/p>\n<h3>Nicht barrierefreie Inhalte<\/h3>\n<ul>\n<li>Nicht alle Grafiken haben Alternativ- und Titelbezeichnungen.<\/li>\n<li>Nicht in allen Bereichen wird ein Kontrastverh\u00e4ltnis von 3:1 eingehalten.<\/li>\n<li>Nicht alle Formularfelder haben einen Submit-Button<\/li>\n<li>Nicht alle anklickbaren Elemente haben ein valides ARIA-Attribut<\/li>\n<li>Es gibt Elemente mit doppelten ID-Attributen<\/li>\n<li>Es gibt nicht-funktionale Icons oder Symbole, die nicht f\u00fcr unterst\u00fctzende Technologien ausgeschlossen werden<\/li>\n<\/ul>\n<p>Wir arbeiten fortlaufend an der Verbesserung der Barrierefreiheit und planen, die genannten Punkte bis zum 03.09.2028 zu beheben.<\/p>\n<h3>Erstellung dieser Erkl\u00e4rung<\/h3>\n<p>Diese Erkl\u00e4rung wurde am 03. September 2025 erstellt. Die Einsch\u00e4tzung beruht auf einer <strong>Selbstbewertung<\/strong>.<\/p>\n<h3>R\u00fcckmeldung und Kontakt<\/h3>\n<p>Sind Ihnen M\u00e4ngel beim barrierefreien Zugang zu Inhalten auf dieser Website aufgefallen?<br \/>\nDann k\u00f6nnen Sie sich gerne bei uns melden:<\/p>\n<p><strong>Johannes J\u00e4ger<\/strong><br \/>\nE-Mail: info@usedSoft.com<br \/>\nTelefon: + 49 231 9999 1000<br \/>\nPostanschrift: Feldstrasse 40, 44141 Dortmund<\/p>\n<h3>Durchsetzungsverfahren<\/h3>\n<p>Sollten Sie keine zufriedenstellende Antwort auf Ihre Hinweise oder Anfragen zur Barrierefreiheit erhalten, k\u00f6nnen Sie sich an die Durchsetzungsstelle wenden:<\/p>\n<p><strong>Schlichtungsstelle nach dem Behindertengleichstellungsgesetz (BGG)<\/strong><br \/>\nbei dem Beauftragten der Bundesregierung f\u00fcr die Belange von Menschen mit Behinderungen<br \/>\nMauerstra\u00dfe 53, 10117 Berlin<br \/>\nTelefon: +49 30 18 527-2805<br \/>\nE-Mail: <a href=\"mailto:info@schlichtungsstelle-bgg.de\">info@schlichtungsstelle-bgg.de<\/a><br \/>\nWebsite: <a href=\"https:\/\/www.schlichtungsstelle-bgg.de\">www.schlichtungsstelle-bgg.de<\/a>[\/vc_column_text][\/vc_column][\/vc_row][\/vc_section]<\/p>\n","protected":false},"excerpt":{"rendered":"<p>[vc_section][vc_row][vc_column][vc_column_text] Erkl\u00e4rung zur Barrierefreiheit Die usedSoft Deutschland GmbH ist bem\u00fcht, ihre Website im Einklang mit dem Barrierefreiheitsst\u00e4rkungsgesetz (BFSG) und der Barrierefreie-Informationstechnik-Verordnung (BFSGV) barrierefrei zug\u00e4nglich zu machen. Diese Erkl\u00e4rung zur Barrierefreiheit gilt f\u00fcr die Website: https:\/\/www.usedsoft.com\/ Stand der Vereinbarkeit mit den Anforderungen Diese Website ist teilweise mit den Anforderungen des BFSG vereinbar. Nicht barrierefreie Inhalte sind [&hellip;]<\/p>\n","protected":false},"author":1,"featured_media":0,"parent":0,"menu_order":0,"comment_status":"closed","ping_status":"closed","template":"","meta":{"footnotes":""},"class_list":["post-12111","page","type-page","status-publish","hentry"],"yoast_head":"<!-- This site is optimized with the Yoast SEO plugin v23.3 - https:\/\/yoast.com\/wordpress\/plugins\/seo\/ -->\n<title>Barrierefreiheit | usedSoft<\/title>\n<meta name=\"robots\" content=\"index, follow, max-snippet:-1, max-image-preview:large, max-video-preview:-1\" \/>\n<link rel=\"canonical\" href=\"https:\/\/www.usedsoft.com\/i\/barrierefreiheit\/\" \/>\n<meta property=\"og:locale\" content=\"de_DE\" \/>\n<meta property=\"og:type\" content=\"article\" \/>\n<meta property=\"og:title\" content=\"Barrierefreiheit | usedSoft\" \/>\n<meta property=\"og:description\" content=\"[vc_section][vc_row][vc_column][vc_column_text] Erkl\u00e4rung zur Barrierefreiheit Die usedSoft Deutschland GmbH ist bem\u00fcht, ihre Website im Einklang mit dem Barrierefreiheitsst\u00e4rkungsgesetz (BFSG) und der Barrierefreie-Informationstechnik-Verordnung (BFSGV) barrierefrei zug\u00e4nglich zu machen. Diese Erkl\u00e4rung zur Barrierefreiheit gilt f\u00fcr die Website: https:\/\/www.usedsoft.com\/ Stand der Vereinbarkeit mit den Anforderungen Diese Website ist teilweise mit den Anforderungen des BFSG vereinbar. Nicht barrierefreie Inhalte sind [&hellip;]\" \/>\n<meta property=\"og:url\" content=\"https:\/\/www.usedsoft.com\/i\/barrierefreiheit\/\" \/>\n<meta property=\"og:site_name\" content=\"usedSoft\" \/>\n<meta property=\"article:modified_time\" content=\"2025-10-18T00:42:24+00:00\" \/>\n<meta name=\"twitter:card\" content=\"summary_large_image\" \/>\n<meta name=\"twitter:label1\" content=\"Gesch\u00e4tzte Lesezeit\" \/>\n\t<meta name=\"twitter:data1\" content=\"2\u00a0Minuten\" \/>\n<script type=\"application\/ld+json\" class=\"yoast-schema-graph\">{\"@context\":\"https:\/\/schema.org\",\"@graph\":[{\"@type\":\"WebPage\",\"@id\":\"https:\/\/www.usedsoft.com\/i\/barrierefreiheit\/\",\"url\":\"https:\/\/www.usedsoft.com\/i\/barrierefreiheit\/\",\"name\":\"Barrierefreiheit | usedSoft\",\"isPartOf\":{\"@id\":\"https:\/\/www.usedsoft.com\/i\/#website\"},\"datePublished\":\"2025-10-18T00:41:46+00:00\",\"dateModified\":\"2025-10-18T00:42:24+00:00\",\"breadcrumb\":{\"@id\":\"https:\/\/www.usedsoft.com\/i\/barrierefreiheit\/#breadcrumb\"},\"inLanguage\":\"de\",\"potentialAction\":[{\"@type\":\"ReadAction\",\"target\":[\"https:\/\/www.usedsoft.com\/i\/barrierefreiheit\/\"]}]},{\"@type\":\"BreadcrumbList\",\"@id\":\"https:\/\/www.usedsoft.com\/i\/barrierefreiheit\/#breadcrumb\",\"itemListElement\":[{\"@type\":\"ListItem\",\"position\":1,\"name\":\"Startseite\",\"item\":\"https:\/\/www.usedsoft.com\/i\/\"},{\"@type\":\"ListItem\",\"position\":2,\"name\":\"Barrierefreiheit\"}]},{\"@type\":\"WebSite\",\"@id\":\"https:\/\/www.usedsoft.com\/i\/#website\",\"url\":\"https:\/\/www.usedsoft.com\/i\/\",\"name\":\"usedSoft\",\"description\":\"\",\"potentialAction\":[{\"@type\":\"SearchAction\",\"target\":{\"@type\":\"EntryPoint\",\"urlTemplate\":\"https:\/\/www.usedsoft.com\/i\/?s={search_term_string}\"},\"query-input\":\"required name=search_term_string\"}],\"inLanguage\":\"de\"}]}<\/script>\n<!-- \/ Yoast SEO plugin. -->","yoast_head_json":{"title":"Barrierefreiheit | usedSoft","robots":{"index":"index","follow":"follow","max-snippet":"max-snippet:-1","max-image-preview":"max-image-preview:large","max-video-preview":"max-video-preview:-1"},"canonical":"https:\/\/www.usedsoft.com\/i\/barrierefreiheit\/","og_locale":"de_DE","og_type":"article","og_title":"Barrierefreiheit | usedSoft","og_description":"[vc_section][vc_row][vc_column][vc_column_text] Erkl\u00e4rung zur Barrierefreiheit Die usedSoft Deutschland GmbH ist bem\u00fcht, ihre Website im Einklang mit dem Barrierefreiheitsst\u00e4rkungsgesetz (BFSG) und der Barrierefreie-Informationstechnik-Verordnung (BFSGV) barrierefrei zug\u00e4nglich zu machen. Diese Erkl\u00e4rung zur Barrierefreiheit gilt f\u00fcr die Website: https:\/\/www.usedsoft.com\/ Stand der Vereinbarkeit mit den Anforderungen Diese Website ist teilweise mit den Anforderungen des BFSG vereinbar. Nicht barrierefreie Inhalte sind [&hellip;]","og_url":"https:\/\/www.usedsoft.com\/i\/barrierefreiheit\/","og_site_name":"usedSoft","article_modified_time":"2025-10-18T00:42:24+00:00","twitter_card":"summary_large_image","twitter_misc":{"Gesch\u00e4tzte Lesezeit":"2\u00a0Minuten"},"schema":{"@context":"https:\/\/schema.org","@graph":[{"@type":"WebPage","@id":"https:\/\/www.usedsoft.com\/i\/barrierefreiheit\/","url":"https:\/\/www.usedsoft.com\/i\/barrierefreiheit\/","name":"Barrierefreiheit | usedSoft","isPartOf":{"@id":"https:\/\/www.usedsoft.com\/i\/#website"},"datePublished":"2025-10-18T00:41:46+00:00","dateModified":"2025-10-18T00:42:24+00:00","breadcrumb":{"@id":"https:\/\/www.usedsoft.com\/i\/barrierefreiheit\/#breadcrumb"},"inLanguage":"de","potentialAction":[{"@type":"ReadAction","target":["https:\/\/www.usedsoft.com\/i\/barrierefreiheit\/"]}]},{"@type":"BreadcrumbList","@id":"https:\/\/www.usedsoft.com\/i\/barrierefreiheit\/#breadcrumb","itemListElement":[{"@type":"ListItem","position":1,"name":"Startseite","item":"https:\/\/www.usedsoft.com\/i\/"},{"@type":"ListItem","position":2,"name":"Barrierefreiheit"}]},{"@type":"WebSite","@id":"https:\/\/www.usedsoft.com\/i\/#website","url":"https:\/\/www.usedsoft.com\/i\/","name":"usedSoft","description":"","potentialAction":[{"@type":"SearchAction","target":{"@type":"EntryPoint","urlTemplate":"https:\/\/www.usedsoft.com\/i\/?s={search_term_string}"},"query-input":"required name=search_term_string"}],"inLanguage":"de"}]}},"_links":{"self":[{"href":"https:\/\/www.usedsoft.com\/i\/wp-json\/wp\/v2\/pages\/12111","targetHints":{"allow":["GET"]}}],"collection":[{"href":"https:\/\/www.usedsoft.com\/i\/wp-json\/wp\/v2\/pages"}],"about":[{"href":"https:\/\/www.usedsoft.com\/i\/wp-json\/wp\/v2\/types\/page"}],"author":[{"embeddable":true,"href":"https:\/\/www.usedsoft.com\/i\/wp-json\/wp\/v2\/users\/1"}],"replies":[{"embeddable":true,"href":"https:\/\/www.usedsoft.com\/i\/wp-json\/wp\/v2\/comments?post=12111"}],"version-history":[{"count":2,"href":"https:\/\/www.usedsoft.com\/i\/wp-json\/wp\/v2\/pages\/12111\/revisions"}],"predecessor-version":[{"id":12113,"href":"https:\/\/www.usedsoft.com\/i\/wp-json\/wp\/v2\/pages\/12111\/revisions\/12113"}],"wp:attachment":[{"href":"https:\/\/www.usedsoft.com\/i\/wp-json\/wp\/v2\/media?parent=12111"}],"curies":[{"name":"wp","href":"https:\/\/api.w.org\/{rel}","templated":true}]}}