{"id":1157,"date":"2022-07-07T14:45:08","date_gmt":"2022-07-07T12:45:08","guid":{"rendered":"https:\/\/us.dev.bitdivision.de\/?page_id=1157"},"modified":"2023-04-06T14:08:51","modified_gmt":"2023-04-06T12:08:51","slug":"faq","status":"publish","type":"page","link":"https:\/\/www.usedsoft.com\/i\/faq\/","title":{"rendered":"FAQ"},"content":{"rendered":"<p>[vc_section el_class=&#8220;introBlock&#8220;][vc_row][vc_column][vc_single_image image=&#8220;5772&#8243; img_size=&#8220;600&#215;600&#8243; alignment=&#8220;center&#8220;][vc_column_text]<\/p>\n<h1>FAQ zu Gebrauchtsoftware \u2013 Antworten auf die h\u00e4ufigsten Fragen<\/h1>\n<p>In unseren FAQ zu Gebrauchtsoftware finden Sie Antworten auf die wichtigsten Fragen. Ist der Kauf legal? Wie kann ich gebrauchte Software kaufen? Wie funktioniert die Lizenzierung? Bekomme ich f\u00fcr Gebrauchtsoftware auch Updates?<\/p>\n<p>Weitere Hilfe gibt es in unserer Rubrik <a href=\"https:\/\/www.usedsoft.com\/i\/\">Wissenswertes<\/a>. Dort finden Sie Tutorials zu Installationen, Erkl\u00e4rvideos zu Lizenzmodellen, Infos rund um Gebrauchtsoftware und, und, und.[\/vc_column_text][vc_row_inner equal_height=&#8220;yes&#8220; el_class=&#8220;whiteboxes&#8220;][vc_column_inner width=&#8220;1\/3&#8243;]<div class=\"text-center\"><img decoding=\"async\" src=\"https:\/\/www.usedsoft.com\/i\/wp-content\/themes\/usedsoft\/svg\/tutorials.svg\"><\/div>[vc_column_text]<\/p>\n<h3 style=\"text-align: center;\">Tutorials<\/h3>\n<p style=\"text-align: center;\">Wir haben allerlei wissenswerte Fakten, Anleitungen und Video-Tutorials f\u00fcr Sie zusammengestellt.<\/p>\n<p>[\/vc_column_text]<div class='usButton '><a href=\"https:\/\/www.usedsoft.com\/i\/\" class='btn btn-primary mb-3' target=\"\" rel=\"\">Wissenswertes<\/a><\/div>[\/vc_column_inner][vc_column_inner width=&#8220;1\/3&#8243;]<div class=\"text-center\"><img decoding=\"async\" src=\"https:\/\/www.usedsoft.com\/i\/wp-content\/themes\/usedsoft\/svg\/mail.svg\"><\/div>[vc_column_text]<\/p>\n<h3 style=\"text-align: center;\">Informiert bleiben<\/h3>\n<p style=\"text-align: center;\">Abonnieren Sie unseren Newsletter. Damit liefern wir Ihnen monatlich hilfreiche Tipps zu gebrauchter Software und relevante News zu usedSoft.<\/p>\n<p>[\/vc_column_text]<div class='usButton '><a href=\"https:\/\/www.usedsoft.com\/de\/newsletter\/\" class='btn btn-primary mb-3' target=\"\" rel=\"\">Zur Anmeldung<\/a><\/div>[\/vc_column_inner][vc_column_inner width=&#8220;1\/3&#8243;]<div class=\"text-center\"><img decoding=\"async\" src=\"https:\/\/www.usedsoft.com\/i\/wp-content\/themes\/usedsoft\/svg\/faq.svg\"><\/div>[vc_column_text]<\/p>\n<h3 style=\"text-align: center;\">Noch Fragen?<\/h3>\n<p style=\"text-align: center;\">Dann kontaktieren Sie uns gerne. Reichen Sie Ihre Frage hier ein oder fragen Sie unser <a href=\"https:\/\/www.usedsoft.com\/i\/ueber-usedsoft\/#team\">Team usedSoft<\/a>! Wir helfen Ihnen gerne weiter.<\/p>\n<p>[\/vc_column_text]<div class='usButton '><a href=\"mailto:info@usedsoft.com\" class='btn btn-primary mb-3' target=\"\" rel=\"\">E-Mail<\/a><\/div>[\/vc_column_inner][\/vc_row_inner][\/vc_column][\/vc_row][\/vc_section][vc_section][vc_row][vc_column][vc_text_separator title=&#8220;FAQ zu Gebrauchtsoftware&#8220; title_align=&#8220;separator_align_left&#8220;][vc_toggle title=&#8220;D\u00fcrfen Software-Lizenzen frei verkauft werden?&#8220;]<\/p>\n<div class=\"vc_tta-panel-body\">\n<div class=\"wpb_text_column wpb_content_element \">\n<div class=\"wpb_wrapper\">\n<p>Ja, siehe auch\u00a0<a href=\"https:\/\/www.usedsoft.com\/i\/rechtslage\/\">Rechtslage<\/a>.<\/p>\n<\/div>\n<\/div>\n<\/div>\n<p>[\/vc_toggle][vc_toggle title=&#8220;Was erwerbe ich beim Kauf einer gebrauchten Software-Lizenz?&#8220;]Beim Kauf gebrauchter Software handelt es sich in der Regel um einen Rechtskauf. Erworben wird das Recht, ein Computerprogramm zu nutzen.[\/vc_toggle][vc_toggle title=&#8220;Was ist der Unterschied zwischen Lizenz und Lizenzschl\u00fcssel (Key)?&#8220;]Key (Lizenzschl\u00fcssel) und Lizenz sind nicht dasselbe. Nur eine Lizenz r\u00e4umt dem K\u00e4ufer das Recht ein, ein Computerprogramm zu nutzen. Ein Key hingegen nicht: Der sogenannte Lizenzschl\u00fcssel ist lediglich dazu da, um das lizenzierte Programm zu installieren und aktivieren zu k\u00f6nnen. Ein Key ist also kein Nutzungsrecht. Ohne entsprechende Lizenz darf er nicht benutzt werden.[\/vc_toggle][vc_toggle title=&#8220;Wer kann bei usedSoft gebrauchte Software kaufen?&#8220;]usedSoft ist ausschlie\u00dflich im B2B-Bereich t\u00e4tigt und verkauft die Lizenzen rein zu gewerblichen Zwecken. Zu unseren Kunden z\u00e4hlen Unternehmen, H\u00e4ndler und Beh\u00f6rden.[\/vc_toggle][vc_toggle title=&#8220;Welche Dokumente werden mit der Software geliefert?&#8220;]Zu jeder Bestellung erhalten unsere Kunden Lieferschein und Rechnung. Diese Dokumente sind ausreichend, um den rechtm\u00e4\u00dfigen Erwerb der Lizenzen nachweisen zu k\u00f6nnen. Dar\u00fcber hinaus liefern wir auf einem separaten Beiblatt Lizenzkeys zur Aktivierung der jeweiligen Software mit, sofern dies notwendig ist. Hiervon ausgenommen sind CALs, da diese nicht mittels Key aktiviert werden m\u00fcssen.[\/vc_toggle][vc_toggle title=&#8220;Habe ich auch mit gebrauchter Software Anspruch auf Updates und Wartung?&#8220;]Ja. Ob neu oder gebraucht: In puncto Updates und Wartung wird jede Software gleich behandelt. Sprich: S\u00e4mtliche After-Sales-Leistungen der Hersteller stehen Ihnen auch beim Einsatz gebrauchter Lizenzen zur Verf\u00fcgung. Eine Update-berechtigte Version beh\u00e4lt ihren Status auch als gebrauchte Software bei.<\/p>\n<p>W\u00fcrde ein Hersteller die Wartung der von ihm produzierten Software verweigern, lie\u00dfen sich schwerwiegende rechtliche Bedenken anf\u00fchren: Hersteller k\u00f6nnten dadurch Ihre marktbeherrschende Stellung missbrauchen und damit einen Versto\u00df gegen das (europ\u00e4ische) Kartellrecht begehen. Allein deshalb hat auch noch nie ein Hersteller Wartung oder Updates abgelehnt.[\/vc_toggle][vc_toggle title=&#8220;Muss ich den Softwareherstellern Belege vorlegen oder mich einem \u201eAudit\u201c unterziehen?&#8220;]Es gibt keine allgemeine Pflicht eines Verwenders von Software, dem Hersteller auf dessen nicht weiter begr\u00fcndete Anfrage seine Berechtigung zur Nutzung darzulegen. Auch ist der Verwender nicht ohne Weiteres verpflichtet, sich einem Audit zu unterziehen. Eine dahingehende Rechtspflicht l\u00e4sst sich auch nicht den einschl\u00e4gigen Urteilen des Europ\u00e4ischen Gerichtshofs (EuGH) und des deutschen Bundesgerichtshofs (BGH), welche die Rechtm\u00e4\u00dfigkeit der Verwendung gebrauchter Software zweifelsfrei best\u00e4tigen, entnehmen. Mehr Informationen rund um das Thema Audit finden Sie in unseren kurzen <a href=\"https:\/\/www.youtube.com\/watch?v=jXJvda4AlLA&amp;list=PLIEKkx9mrUojA0iO4rpXuRNjE7DzxYw44&amp;index=3\" target=\"_blank\" rel=\"noopener\">Erkl\u00e4rvideos<\/a> mit Lizenzexperte Denis Heinzmann.[\/vc_toggle][vc_toggle title=&#8220;D\u00fcrfen einzelne Software-Lizenzen auch dann verkauft werden, wenn sie Teil eines Volumenvertrages waren?&#8220;]Einzelne Software-Lizenzen aus Microsoft-Volumenlizenzvertr\u00e4gen d\u00fcrfen gebraucht weiterverkauft werden. Dies entschied das Landgericht M\u00fcnchen I im Rahmen eines Kaufpreiszahlungsprozesses am 4. April 2008 (Az. 30 O 8684\/07).<\/p>\n<p>Das Landgericht M\u00fcnchen urteilte, \u201edass der Verkauf bzw. die Ver\u00e4u\u00dferung einzelner Microsoft-Software-Lizenzen, die zuvor im Rahmen von Volumenlizenzvertr\u00e4gen abgegeben worden waren, auch ohne Zustimmung von Microsoft im Grundsatz wirksam m\u00f6glich ist.\u201c<\/p>\n<p>Das hei\u00dft konkret: Verkauft Microsoft mehrere Nutzungsrechte in einem Volumen-Paket z. B. mit nur einer Master-CD, ersch\u00f6pft sich sein Verbreitungsrecht trotzdem in Bezug auf jede einzelne Lizenz. Diese d\u00fcrfen folglich auch einzeln weiterverkauft werden, und nicht nur in Form des urspr\u00fcnglichen Pakets. Das Gericht verwarf mit diesem Urteil die Rechtsauffassung von Microsoft, nach welcher der K\u00e4ufer einer Volumenlizenz keine Einzellizenzen erwirbt, sondern nur ein Vervielf\u00e4ltigungsrecht.<\/p>\n<p>Das Landgericht M\u00fcnchen nimmt ausdr\u00fccklich Bezug auf das Urteil des Landgerichts Hamburg, das bereits im Juni 2006 den Weiterverkauf einzelner Microsoft-Lizenzen aus Volumenlizenzvertr\u00e4gen f\u00fcr zul\u00e4ssig erkl\u00e4rt hatte (Az. 315 O 343\/06). In diesem Urteil erteilte das Landgericht Hamburg unter anderem der Argumentation von Microsoft eine klare Absage, dass eine Aufsplittung von Volumenlizenzen aufgrund der dabei gew\u00e4hrten g\u00fcnstigeren Konditionen nicht m\u00f6glich sei. Dies ist, so das Urteil, \u201ef\u00fcr die Frage des Eintritts einer urheberrechtlichen Ersch\u00f6pfung \u2026 g\u00e4nzlich irrelevant.\u201c Nicht zuletzt betonte das Hamburger Gericht, dass die den Weiterverkauf einschr\u00e4nkenden Bestimmungen in den Microsoft-Lizenzbedingungen unwirksam seien: Bei der Ersch\u00f6pfung handele es sich \u201eum zwingendes Recht, das nicht vertraglich abbedungen werden kann.\u201c<\/p>\n<p>Das im EuGH-Urteil vom 03. Juli 2012 angesprochene Aufspaltungsverbot bezieht sich lediglich auf die dort verhandelten Oracle-Lizenzen. Best\u00e4tigt wurde dies auch durch das Urteil des Oberlandesgerichts Frankfurt am 18.12.2012 (Az. 11 U 68\/11).[\/vc_toggle][vc_toggle title=&#8220;Wie wird der Kauf der gebrauchten Software sauber vorgenommen?&#8220;]Damit Sie genau nachvollziehen k\u00f6nnen, wie ein Lizenzkauf bei uns Schritt f\u00fcr Schritt stattfindet, finden Sie im Folgenden die einzelnen Abl\u00e4ufe:<\/p>\n<p>Bei einem Kauf im Webshop:<\/p>\n<ol>\n<li>Sie bestellen die Software in unserem Online-Shop.<\/li>\n<li>Sie erhalten dann eine Eingangsbest\u00e4tigung f\u00fcr Ihre Bestellung.<\/li>\n<li>Kurz darauf erhalten Sie eine Auftragsbest\u00e4tigung, womit der Kauf zustande kommt.<\/li>\n<li>Sie erhalten innerhalb der vereinbarten Frist Ihre Software, inklusive:<br \/>\n\u2013 Lieferschein und Rechnung (als Nachweis des rechtm\u00e4\u00dfigen Erwerbs des Lizenzrechts<br \/>\n\u2013 Lizenzkeys und ggf. Installations-Datentr\u00e4ger (CD\/DVD)<\/li>\n<\/ol>\n<p>Mit der abschlie\u00dfenden Begleichung der Rechnung ist der Kauf ordnungsgem\u00e4\u00df vollzogen.<\/p>\n<p>Ansonsten:<\/p>\n<ol>\n<li>Sie stellen eine Anfrage an usedSoft.<\/li>\n<li>Von usedSoft kommt ein Angebot an Sie.<\/li>\n<li>Sie best\u00e4tigen das Ihnen gemachte Angebot.<\/li>\n<li>Von usedSoft erhalten Sie eine Auftragsbest\u00e4tigung, womit der Kauf zustande kommt.<\/li>\n<li>Sie erhalten innerhalb der vereinbarten Frist Ihre Software, inklusive:<br \/>\n\u2013 Lieferschein und Rechnung (als Nachweis des rechtm\u00e4\u00dfigen Erwerbs des Lizenzrechts)<br \/>\n\u2013 Lizenzkeys und ggf. Installations-Datentr\u00e4ger (CD\/DVD)<\/li>\n<li>Mit der abschlie\u00dfenden Begleichung der Rechnung ist der Kauf ordnungsgem\u00e4\u00df vollzogen<\/li>\n<\/ol>\n<p>[\/vc_toggle][vc_toggle title=&#8220;Muss ich meine gebraucht erworbene Software immer beim Hersteller registrieren?&#8220;]Eine allgemeine Registrierungspflicht beim Software-Hersteller f\u00fcr die von uns gehandelte Software ist nicht erforderlich. Anders lautende Lizenzbestimmungen im Kaufvertrag sind daher grunds\u00e4tzlich unwirksam. Der Grund: Eine vertraglich auferlegte Registrierungspflicht ist weder mit dem Ersch\u00f6pfungsgrundsatz noch mit der grunds\u00e4tzlichen Verf\u00fcgungsfreiheit des Eigent\u00fcmers vereinbar.[\/vc_toggle][vc_toggle title=&#8220;Muss der Software-Hersteller dem Verkauf gebrauchter Lizenzen zustimmen?&#8220;]Nein, eine Zustimmung des Software-Herstellers ist beim Verkauf gebrauchter Lizenzen grunds\u00e4tzlich nicht notwendig. Einem Software-Lieferanten steht eine solche \u2013 von seiner Zustimmung abh\u00e4ngige \u2013 Einflussnahme auf eine Weiterver\u00e4u\u00dferung grunds\u00e4tzlich nicht zu, weshalb entsprechende Klauseln in Kaufvertr\u00e4gen regelm\u00e4\u00dfig unwirksam sind. Der Grund: Ein vertraglich auferlegter Zustimmungsvorbehalt ist weder mit dem Ersch\u00f6pfungsgrundsatz noch mit der Verf\u00fcgungsfreiheit des Eigent\u00fcmers\u00a0grunds\u00e4tzlichen vereinbar.<\/p>\n<p>Vielmehr w\u00fcrde dies dem Hersteller die M\u00f6glichkeit geben, seine Zustimmung zu verweigern, was dem\u00a0Urteil des EuGH\u00a0widerspricht.[\/vc_toggle][vc_toggle title=&#8220;In welchen L\u00e4ndern d\u00fcrften Software-Lizenzen gebraucht verkauft werden?&#8220;]Gebrauchte Software-Lizenzen d\u00fcrfen innerhalb der EU verkauft werden.[\/vc_toggle][vc_toggle title=&#8220;Wie ist die Rechtslage in der Schweiz?&#8220;]\u201eGebrauchte Software darf grunds\u00e4tzlich auch in der Schweiz gekauft und verkauft werden, soweit die Software vom Urheber mit dessen Zustimmung ver\u00e4u\u00dfert wurde. So hei\u00dft es in Art. 12, Abs. 2 des Schweizer Bundesgesetzes \u00fcber das Urheberrecht und verwandte Schutzrechte (URG): \u201eHat ein Urheber (\u2026) ein Computerprogramm ver\u00e4u\u00dfert oder der Ver\u00e4u\u00dferung zugestimmt, darf dieses gebraucht oder weiterver\u00e4u\u00dfert werden.\u201c Am 4. Mai 2011 gab es dar\u00fcber hinaus beim Kantonsgericht in Zug ein positives Urteil gegen Adobe.<\/p>\n<p>Prof. Dr. Cyrill Rigamonti, Professor f\u00fcr Rechtswissenschaften an der Universit\u00e4t Bern, h\u00e4lt dann auch in einem Artikel eindeutig fest, dass der Weiterverkauf von Software in der Schweiz rechtm\u00e4\u00dfig ist: \u201eDer Handel mit Gebrauchtsoftware (ist \u2026) nach schweizerischem Urheberrecht zul\u00e4ssig.\u201c<\/p>\n<p>Zudem liegt die Zustimmung des Herstellers beim Erstverkauf durch den Verkauf an sich schon definitiv vor.[\/vc_toggle][vc_toggle title=&#8220;Darf gebrauchte Software bei einer Ausschreibung ausgeschlossen werden?&#8220;]Nein. Das ist interessant, wenn es sich bei Ihrem Unternehmen um eine Beh\u00f6rde handelt.<\/p>\n<p>Am 01.03.2016 hat die Vergabekammer der Bezirksregierung M\u00fcnster entschieden (Az. VK 1-2\/16), dass gebrauchte Software bei Ausschreibungen nicht mehr ausgeschlossen werden darf. Sie sieht \u2013 im Gegenteil \u2013 Ausschreibung, die nur Microsoft Licensing Solutions Partner (LSP) zur Angebotsabgabe zulassen, als rechtswidrig und den konkurrierenden Gebrauchtsoftwareh\u00e4ndler dadurch als in seinen Rechten verletzt an. Die Festlegung auf neue Microsoft-Software sei ein Versto\u00df gegen das offene Verfahren und ein Versto\u00df gegen den Grundsatz der produktneutralen Ausschreibung (\u00a7 8 EG Abs. 7 VOL\/A).<\/p>\n<p>In der Entscheidung hei\u00dft es zudem u.a. in Rn. 127\/128, dass gebrauchte Software f\u00fcr \u00f6ffentliche Auftraggeber keine \u201eungew\u00f6hnlichen Risiken\u201c bietet, wenn diese sich absichern. Dabei wird u.a. ausdr\u00fccklich auf die M\u00f6glichkeit einer \u201eFreistellungsvereinbarung\u201c verwiesen. Hieraus wird klar, dass die Freistellungserkl\u00e4rung bei den Beh\u00f6rden gen\u00fcgt und eine dar\u00fcberhinausgehende Offenlegung der Rechtekette nicht erforderlich ist und auch nicht verlangt werden kann.[\/vc_toggle][\/vc_column][\/vc_row][\/vc_section]<\/p>\n","protected":false},"excerpt":{"rendered":"<p>[vc_section el_class=&#8220;introBlock&#8220;][vc_row][vc_column][vc_single_image image=&#8220;5772&#8243; img_size=&#8220;600&#215;600&#8243; alignment=&#8220;center&#8220;][vc_column_text] FAQ zu Gebrauchtsoftware \u2013 Antworten auf die h\u00e4ufigsten Fragen In unseren FAQ zu Gebrauchtsoftware finden Sie Antworten auf die wichtigsten Fragen. Ist der Kauf legal? Wie kann ich gebrauchte Software kaufen? Wie funktioniert die Lizenzierung? Bekomme ich f\u00fcr Gebrauchtsoftware auch Updates? Weitere Hilfe gibt es in unserer Rubrik Wissenswertes. Dort [&hellip;]<\/p>\n","protected":false},"author":4,"featured_media":0,"parent":0,"menu_order":0,"comment_status":"closed","ping_status":"closed","template":"","meta":{"footnotes":""},"class_list":["post-1157","page","type-page","status-publish","hentry"],"yoast_head":"<!-- This site is optimized with the Yoast SEO plugin v23.3 - https:\/\/yoast.com\/wordpress\/plugins\/seo\/ -->\n<title>FAQ zu Gebrauchtsoftware | usedSoft<\/title>\n<meta name=\"description\" content=\"Wir haben die FAQ zu Gebrauchtsoftware f\u00fcr Sie zusammengestellt. Hier finden Sie Antworten auf Ihre Fragen zu gebrauchter Software.\" \/>\n<meta name=\"robots\" content=\"index, follow, max-snippet:-1, max-image-preview:large, max-video-preview:-1\" \/>\n<link rel=\"canonical\" href=\"https:\/\/www.usedsoft.com\/i\/faq\/\" \/>\n<meta property=\"og:locale\" content=\"de_DE\" \/>\n<meta property=\"og:type\" content=\"article\" \/>\n<meta property=\"og:title\" content=\"FAQ zu Gebrauchtsoftware usedSoft\" \/>\n<meta property=\"og:description\" content=\"Wir haben die FAQ zu Gebrauchtsoftware f\u00fcr Sie zusammengestellt. Hier finden Sie Antworten auf Ihre Fragen zu gebrauchter Software.\" \/>\n<meta property=\"og:url\" content=\"https:\/\/www.usedsoft.com\/i\/faq\/\" \/>\n<meta property=\"og:site_name\" content=\"usedSoft\" \/>\n<meta property=\"article:modified_time\" content=\"2023-04-06T12:08:51+00:00\" \/>\n<meta property=\"og:image\" content=\"https:\/\/www.usedsoft.com\/i\/wp-content\/uploads\/2022\/11\/faq.jpg\" \/>\n\t<meta property=\"og:image:width\" content=\"600\" \/>\n\t<meta property=\"og:image:height\" content=\"600\" \/>\n\t<meta property=\"og:image:type\" content=\"image\/jpeg\" \/>\n<meta name=\"twitter:card\" content=\"summary_large_image\" \/>\n<meta name=\"twitter:title\" content=\"FAQ zu Gebrauchtsoftware usedSoft\" \/>\n<meta name=\"twitter:description\" content=\"Wir haben die FAQ zu Gebrauchtsoftware f\u00fcr Sie zusammengestellt. Hier finden Sie Antworten auf Ihre Fragen zu gebrauchter Software.\" \/>\n<meta name=\"twitter:image\" content=\"https:\/\/www.usedsoft.com\/i\/wp-content\/uploads\/2022\/11\/faq.jpg\" \/>\n<meta name=\"twitter:label1\" content=\"Gesch\u00e4tzte Lesezeit\" \/>\n\t<meta name=\"twitter:data1\" content=\"8\u00a0Minuten\" \/>\n<script type=\"application\/ld+json\" class=\"yoast-schema-graph\">{\"@context\":\"https:\/\/schema.org\",\"@graph\":[{\"@type\":\"WebPage\",\"@id\":\"https:\/\/www.usedsoft.com\/i\/faq\/\",\"url\":\"https:\/\/www.usedsoft.com\/i\/faq\/\",\"name\":\"FAQ zu Gebrauchtsoftware | usedSoft\",\"isPartOf\":{\"@id\":\"https:\/\/www.usedsoft.com\/i\/#website\"},\"datePublished\":\"2022-07-07T12:45:08+00:00\",\"dateModified\":\"2023-04-06T12:08:51+00:00\",\"description\":\"Wir haben die FAQ zu Gebrauchtsoftware f\u00fcr Sie zusammengestellt. Hier finden Sie Antworten auf Ihre Fragen zu gebrauchter Software.\",\"breadcrumb\":{\"@id\":\"https:\/\/www.usedsoft.com\/i\/faq\/#breadcrumb\"},\"inLanguage\":\"de\",\"potentialAction\":[{\"@type\":\"ReadAction\",\"target\":[\"https:\/\/www.usedsoft.com\/i\/faq\/\"]}]},{\"@type\":\"BreadcrumbList\",\"@id\":\"https:\/\/www.usedsoft.com\/i\/faq\/#breadcrumb\",\"itemListElement\":[{\"@type\":\"ListItem\",\"position\":1,\"name\":\"Startseite\",\"item\":\"https:\/\/www.usedsoft.com\/i\/\"},{\"@type\":\"ListItem\",\"position\":2,\"name\":\"FAQ\"}]},{\"@type\":\"WebSite\",\"@id\":\"https:\/\/www.usedsoft.com\/i\/#website\",\"url\":\"https:\/\/www.usedsoft.com\/i\/\",\"name\":\"usedSoft\",\"description\":\"\",\"potentialAction\":[{\"@type\":\"SearchAction\",\"target\":{\"@type\":\"EntryPoint\",\"urlTemplate\":\"https:\/\/www.usedsoft.com\/i\/?s={search_term_string}\"},\"query-input\":\"required name=search_term_string\"}],\"inLanguage\":\"de\"}]}<\/script>\n<!-- \/ Yoast SEO plugin. -->","yoast_head_json":{"title":"FAQ zu Gebrauchtsoftware | usedSoft","description":"Wir haben die FAQ zu Gebrauchtsoftware f\u00fcr Sie zusammengestellt. Hier finden Sie Antworten auf Ihre Fragen zu gebrauchter Software.","robots":{"index":"index","follow":"follow","max-snippet":"max-snippet:-1","max-image-preview":"max-image-preview:large","max-video-preview":"max-video-preview:-1"},"canonical":"https:\/\/www.usedsoft.com\/i\/faq\/","og_locale":"de_DE","og_type":"article","og_title":"FAQ zu Gebrauchtsoftware usedSoft","og_description":"Wir haben die FAQ zu Gebrauchtsoftware f\u00fcr Sie zusammengestellt. Hier finden Sie Antworten auf Ihre Fragen zu gebrauchter Software.","og_url":"https:\/\/www.usedsoft.com\/i\/faq\/","og_site_name":"usedSoft","article_modified_time":"2023-04-06T12:08:51+00:00","og_image":[{"width":600,"height":600,"url":"https:\/\/www.usedsoft.com\/i\/wp-content\/uploads\/2022\/11\/faq.jpg","type":"image\/jpeg"}],"twitter_card":"summary_large_image","twitter_title":"FAQ zu Gebrauchtsoftware usedSoft","twitter_description":"Wir haben die FAQ zu Gebrauchtsoftware f\u00fcr Sie zusammengestellt. Hier finden Sie Antworten auf Ihre Fragen zu gebrauchter Software.","twitter_image":"https:\/\/www.usedsoft.com\/i\/wp-content\/uploads\/2022\/11\/faq.jpg","twitter_misc":{"Gesch\u00e4tzte Lesezeit":"8\u00a0Minuten"},"schema":{"@context":"https:\/\/schema.org","@graph":[{"@type":"WebPage","@id":"https:\/\/www.usedsoft.com\/i\/faq\/","url":"https:\/\/www.usedsoft.com\/i\/faq\/","name":"FAQ zu Gebrauchtsoftware | usedSoft","isPartOf":{"@id":"https:\/\/www.usedsoft.com\/i\/#website"},"datePublished":"2022-07-07T12:45:08+00:00","dateModified":"2023-04-06T12:08:51+00:00","description":"Wir haben die FAQ zu Gebrauchtsoftware f\u00fcr Sie zusammengestellt. Hier finden Sie Antworten auf Ihre Fragen zu gebrauchter Software.","breadcrumb":{"@id":"https:\/\/www.usedsoft.com\/i\/faq\/#breadcrumb"},"inLanguage":"de","potentialAction":[{"@type":"ReadAction","target":["https:\/\/www.usedsoft.com\/i\/faq\/"]}]},{"@type":"BreadcrumbList","@id":"https:\/\/www.usedsoft.com\/i\/faq\/#breadcrumb","itemListElement":[{"@type":"ListItem","position":1,"name":"Startseite","item":"https:\/\/www.usedsoft.com\/i\/"},{"@type":"ListItem","position":2,"name":"FAQ"}]},{"@type":"WebSite","@id":"https:\/\/www.usedsoft.com\/i\/#website","url":"https:\/\/www.usedsoft.com\/i\/","name":"usedSoft","description":"","potentialAction":[{"@type":"SearchAction","target":{"@type":"EntryPoint","urlTemplate":"https:\/\/www.usedsoft.com\/i\/?s={search_term_string}"},"query-input":"required name=search_term_string"}],"inLanguage":"de"}]}},"_links":{"self":[{"href":"https:\/\/www.usedsoft.com\/i\/wp-json\/wp\/v2\/pages\/1157","targetHints":{"allow":["GET"]}}],"collection":[{"href":"https:\/\/www.usedsoft.com\/i\/wp-json\/wp\/v2\/pages"}],"about":[{"href":"https:\/\/www.usedsoft.com\/i\/wp-json\/wp\/v2\/types\/page"}],"author":[{"embeddable":true,"href":"https:\/\/www.usedsoft.com\/i\/wp-json\/wp\/v2\/users\/4"}],"replies":[{"embeddable":true,"href":"https:\/\/www.usedsoft.com\/i\/wp-json\/wp\/v2\/comments?post=1157"}],"version-history":[{"count":56,"href":"https:\/\/www.usedsoft.com\/i\/wp-json\/wp\/v2\/pages\/1157\/revisions"}],"predecessor-version":[{"id":6467,"href":"https:\/\/www.usedsoft.com\/i\/wp-json\/wp\/v2\/pages\/1157\/revisions\/6467"}],"wp:attachment":[{"href":"https:\/\/www.usedsoft.com\/i\/wp-json\/wp\/v2\/media?parent=1157"}],"curies":[{"name":"wp","href":"https:\/\/api.w.org\/{rel}","templated":true}]}}