{"id":7411,"date":"2022-07-14T09:43:11","date_gmt":"2022-07-14T07:43:11","guid":{"rendered":"https:\/\/www.usedsoft.com\/i\/volumenlizenzen\/"},"modified":"2023-07-05T09:29:15","modified_gmt":"2023-07-05T07:29:15","slug":"licencas-de-volume","status":"publish","type":"page","link":"https:\/\/www.usedsoft.com\/i\/pt-pt\/licencas-de-volume\/","title":{"rendered":"Licen\u00e7as de volume"},"content":{"rendered":"<p>[vc_section el_class=&#8221;introBlock&#8221;][vc_row][vc_column][vc_single_image image=&#8221;5914&#8243; img_size=&#8221;600&#215;600&#8243; alignment=&#8221;center&#8221;][vc_column_text]<\/p>\n<h1>Licen\u00e7as por volume &#8211; tamb\u00e9m ideais para empresas quando utilizadas<\/h1>\n<p>Que sejam novas ou usadas &#8211; as licen\u00e7as de volume s\u00e3o normalmente a melhor op\u00e7\u00e3o se forem necess\u00e1rias v\u00e1rias licen\u00e7as de uma s\u00f3 vez. Por outras palavras, s\u00e3o ideais para empresas. Com a compra, recebe um suporte de dados e uma chave de activa\u00e7\u00e3o. O software pode ser implementado e activado pelo administrador em v\u00e1rios dispositivos e para v\u00e1rios utilizadores. Isto poupa tempo e trabalho![\/vc_column_text][vc_row_inner equal_height=&#8221;yes&#8221; el_class=&#8221;whiteboxes&#8221;][vc_column_inner width=&#8221;1\/3&#8243;]<div class=\"text-center\"><img decoding=\"async\" src=\"https:\/\/www.usedsoft.com\/i\/wp-content\/themes\/usedsoft\/svg\/zeitsparen.svg\"><\/div>[vc_column_text]<\/p>\n<h3 style=\"text-align: center;\">Activa\u00e7\u00e3o r\u00e1pida<\/h3>\n<p style=\"text-align: center;\">Para as licen\u00e7as por volume, existe um pr\u00e1tico &#8220;Servi\u00e7o de gest\u00e3o de chaves&#8221; que pode ser utilizado para activar v\u00e1rios dispositivos numa rede. Pode saber como funciona aqui.<\/p>\n<p>[\/vc_column_text][\/vc_column_inner][vc_column_inner width=&#8221;1\/3&#8243;]<div class=\"text-center\"><img decoding=\"async\" src=\"https:\/\/www.usedsoft.com\/i\/wp-content\/themes\/usedsoft\/svg\/sparschwein.svg\"><\/div>[vc_column_text]<\/p>\n<h3 style=\"text-align: center;\">Mais f\u00e1cil e mais barato<\/h3>\n<p style=\"text-align: center;\">Regra geral, as licen\u00e7as por volume n\u00e3o s\u00e3o apenas mais baratas em princ\u00edpio. A aquisi\u00e7\u00e3o mais simples e a possibilidade de gerir as licen\u00e7as e as chaves de forma centralizada e eficiente tamb\u00e9m reduzem os custos globais.<\/p>\n<p>[\/vc_column_text][\/vc_column_inner][vc_column_inner width=&#8221;1\/3&#8243;]<div class=\"text-center\"><img decoding=\"async\" src=\"https:\/\/www.usedsoft.com\/i\/wp-content\/themes\/usedsoft\/svg\/volumenlizenzen.svg\"><\/div>[vc_column_text]<\/p>\n<h3 style=\"text-align: center;\">Direitos especiais de utiliza\u00e7\u00e3o<\/h3>\n<p style=\"text-align: center;\">Certas fun\u00e7\u00f5es s\u00f3 s\u00e3o poss\u00edveis com licen\u00e7as de volume: por exemplo, s\u00e3o compat\u00edveis com terminais. O titular dos direitos pode utilizar infra-estruturas de ambiente de trabalho virtual. E, se necess\u00e1rio, podem tamb\u00e9m ser objecto de downgrade.<\/p>\n<p>[\/vc_column_text][\/vc_column_inner][\/vc_row_inner][\/vc_column][\/vc_row][\/vc_section][vc_section][vc_row][vc_column][vc_row_inner][vc_column_inner][vc_text_separator title=&#8221;N\u00fctzliche Videos zu Volumenlizenzen&#8221; title_align=&#8221;separator_align_left&#8221;][\/vc_column_inner][\/vc_row_inner][vc_row_inner][vc_column_inner width=&#8221;5\/12&#8243;][vc_column_text]<\/p>\n<h3>Que tipos de licen\u00e7as existem?<\/h3>\n<p>Neste v\u00eddeo, explicamos as diferen\u00e7as entre os tipos comuns de licen\u00e7as Microsoft: FPP, OEM e licen\u00e7as de volume.[\/vc_column_text][\/vc_column_inner][vc_column_inner width=&#8221;1\/12&#8243;][\/vc_column_inner][vc_column_inner width=&#8221;6\/12&#8243;][vc_video link=&#8221;https:\/\/youtu.be\/WHSkXnWc_Dk&#8221;][\/vc_column_inner][\/vc_row_inner][vc_row_inner el_id=&#8221;aktivierung&#8221;][vc_column_inner width=&#8221;5\/12&#8243;][vc_column_text]<\/p>\n<h3>Activar licen\u00e7as de volume<\/h3>\n<p>Neste tutorial, aprender\u00e1 a melhor forma de activar as suas licen\u00e7as de volume: por MAK (Multiple Activation Key) ou por KMS (Key Management Service).[\/vc_column_text][\/vc_column_inner][vc_column_inner width=&#8221;1\/12&#8243;][\/vc_column_inner][vc_column_inner width=&#8221;6\/12&#8243;][vc_video link=&#8221;https:\/\/youtu.be\/dN3aE8wF1hg&#8221;][\/vc_column_inner][\/vc_row_inner][vc_row_inner][vc_column_inner width=&#8221;5\/12&#8243;][vc_column_text]<\/p>\n<h3>Configurar o servidor como anfitri\u00e3o KMS<\/h3>\n<p>Neste v\u00eddeo, explicamos como configurar um anfitri\u00e3o KMS no seu servidor Windows.[\/vc_column_text][\/vc_column_inner][vc_column_inner width=&#8221;1\/12&#8243;][\/vc_column_inner][vc_column_inner width=&#8221;6\/12&#8243;][vc_video link=&#8221;https:\/\/youtu.be\/lZGyKwEEevo&#8221;][\/vc_column_inner][\/vc_row_inner][vc_row_inner][vc_column_inner width=&#8221;5\/12&#8243;][vc_column_text]<\/p>\n<h3>Configurar o PC como anfitri\u00e3o KMS<\/h3>\n<p>Neste v\u00eddeo, explicamos como pode utilizar um PC na sua rede como um anfitri\u00e3o KMS.[\/vc_column_text][\/vc_column_inner][vc_column_inner width=&#8221;1\/12&#8243;][\/vc_column_inner][vc_column_inner width=&#8221;6\/12&#8243;][vc_video link=&#8221;https:\/\/youtu.be\/nPTaTKjdTlM&#8221;][\/vc_column_inner][\/vc_row_inner][vc_row_inner][vc_column_inner][vc_text_separator title=&#8221;Situa\u00e7\u00e3o jur\u00eddica das licen\u00e7as de volume&#8221; title_align=&#8221;separator_align_left&#8221;][\/vc_column_inner][\/vc_row_inner][vc_row_inner][vc_column_inner width=&#8221;1\/12&#8243;][\/vc_column_inner][vc_column_inner width=&#8221;10\/12&#8243;][vc_column_text]<\/p>\n<h3>As licen\u00e7as individuais dos acordos de licenciamento por volume podem ser revendidas?<\/h3>\n<p>Sim. J\u00e1 decorre do ac\u00f3rd\u00e3o do TJCE usedSoft\/Oracle que o chamado &#8220;esgotamento&#8221; ocorre para cada programa individual que \u00e9 adquirido. \u00c9 irrelevante se os programas individuais s\u00e3o vendidos no \u00e2mbito de um acordo de licenciamento por volume.<\/p>\n<p>O Tribunal Regional Superior de Frankfurt tamb\u00e9m subscreveu este ponto de vista numa decis\u00e3o de Dezembro de 2012. Considerou que a revenda de licen\u00e7as individuais originalmente adquiridas ao abrigo de um acordo de licenciamento em volume &#8220;n\u00e3o leva a supor que tenha ocorrido uma divis\u00e3o inadmiss\u00edvel.[\/vc_column_text]<div class='usButton '><a href=\"https:\/\/www.usedsoft.com\/i\/pt-pt\/situacao-juridica\/\" class='btn btn-primary mb-3' target=\"\" rel=\"\">Mais informa\u00e7\u00f5es sobre temas jur\u00eddicos<\/a><\/div>[\/vc_column_inner][vc_column_inner width=&#8221;1\/12&#8243;][\/vc_column_inner][\/vc_row_inner][\/vc_column][\/vc_row][\/vc_section]<\/p>\n","protected":false},"excerpt":{"rendered":"<p>[vc_section el_class=&#8221;introBlock&#8221;][vc_row][vc_column][vc_single_image image=&#8221;5914&#8243; img_size=&#8221;600&#215;600&#8243; alignment=&#8221;center&#8221;][vc_column_text] Licen\u00e7as por volume &#8211; tamb\u00e9m ideais para empresas quando utilizadas Que sejam novas ou usadas &#8211; as licen\u00e7as de volume s\u00e3o normalmente a melhor op\u00e7\u00e3o se forem necess\u00e1rias v\u00e1rias licen\u00e7as de uma s\u00f3 vez. Por outras palavras, s\u00e3o ideais para empresas. Com a compra, recebe um suporte de dados e [&hellip;]<\/p>\n","protected":false},"author":4,"featured_media":0,"parent":0,"menu_order":0,"comment_status":"closed","ping_status":"closed","template":"","meta":{"footnotes":""},"class_list":["post-7411","page","type-page","status-publish","hentry"],"yoast_head":"<!-- This site is optimized with the Yoast SEO plugin v23.3 - https:\/\/yoast.com\/wordpress\/plugins\/seo\/ -->\n<title>Licen\u00e7as de volume | usedSoft<\/title>\n<meta name=\"description\" content=\"Auch gebraucht sind Volumenlizenzen optimal. Sie lassen sich zentral verwalten und kommen mit n\u00fctzlichen Zusatzrechten.\" \/>\n<meta name=\"robots\" content=\"index, follow, max-snippet:-1, max-image-preview:large, max-video-preview:-1\" \/>\n<link rel=\"canonical\" href=\"https:\/\/www.usedsoft.com\/i\/pt-pt\/licencas-de-volume\/\" \/>\n<meta property=\"og:locale\" content=\"pt_PT\" \/>\n<meta property=\"og:type\" content=\"article\" \/>\n<meta property=\"og:title\" content=\"Licen\u00e7as de volume | usedSoft\" \/>\n<meta property=\"og:description\" content=\"Auch gebraucht sind Volumenlizenzen optimal. Sie lassen sich zentral verwalten und kommen mit n\u00fctzlichen Zusatzrechten.\" \/>\n<meta property=\"og:url\" content=\"https:\/\/www.usedsoft.com\/i\/pt-pt\/licencas-de-volume\/\" \/>\n<meta property=\"og:site_name\" content=\"usedSoft\" \/>\n<meta property=\"article:modified_time\" content=\"2023-07-05T07:29:15+00:00\" \/>\n<meta property=\"og:image\" content=\"https:\/\/www.usedsoft.com\/i\/wp-content\/uploads\/2022\/11\/volumenlizenzen.jpg\" \/>\n\t<meta property=\"og:image:width\" content=\"600\" \/>\n\t<meta property=\"og:image:height\" content=\"600\" \/>\n\t<meta property=\"og:image:type\" content=\"image\/jpeg\" \/>\n<meta name=\"twitter:card\" content=\"summary_large_image\" \/>\n<meta name=\"twitter:title\" content=\"Licen\u00e7as de volume | usedSoft\" \/>\n<meta name=\"twitter:description\" content=\"Auch gebraucht sind Volumenlizenzen optimal. Sie lassen sich zentral verwalten und kommen mit n\u00fctzlichen Zusatzrechten.\" \/>\n<meta name=\"twitter:image\" content=\"https:\/\/www.usedsoft.com\/i\/wp-content\/uploads\/2022\/11\/volumenlizenzen.jpg\" \/>\n<meta name=\"twitter:label1\" content=\"Tempo estimado de leitura\" \/>\n\t<meta name=\"twitter:data1\" content=\"3 minutos\" \/>\n<script type=\"application\/ld+json\" class=\"yoast-schema-graph\">{\"@context\":\"https:\/\/schema.org\",\"@graph\":[{\"@type\":\"WebPage\",\"@id\":\"https:\/\/www.usedsoft.com\/i\/pt-pt\/licencas-de-volume\/\",\"url\":\"https:\/\/www.usedsoft.com\/i\/pt-pt\/licencas-de-volume\/\",\"name\":\"Licen\u00e7as de volume | usedSoft\",\"isPartOf\":{\"@id\":\"https:\/\/www.usedsoft.com\/i\/#website\"},\"datePublished\":\"2022-07-14T07:43:11+00:00\",\"dateModified\":\"2023-07-05T07:29:15+00:00\",\"description\":\"Auch gebraucht sind Volumenlizenzen optimal. Sie lassen sich zentral verwalten und kommen mit n\u00fctzlichen Zusatzrechten.\",\"breadcrumb\":{\"@id\":\"https:\/\/www.usedsoft.com\/i\/pt-pt\/licencas-de-volume\/#breadcrumb\"},\"inLanguage\":\"pt-PT\",\"potentialAction\":[{\"@type\":\"ReadAction\",\"target\":[\"https:\/\/www.usedsoft.com\/i\/pt-pt\/licencas-de-volume\/\"]}]},{\"@type\":\"BreadcrumbList\",\"@id\":\"https:\/\/www.usedsoft.com\/i\/pt-pt\/licencas-de-volume\/#breadcrumb\",\"itemListElement\":[{\"@type\":\"ListItem\",\"position\":1,\"name\":\"Startseite\",\"item\":\"https:\/\/www.usedsoft.com\/i\/pt-pt\/\"},{\"@type\":\"ListItem\",\"position\":2,\"name\":\"Licen\u00e7as de volume\"}]},{\"@type\":\"WebSite\",\"@id\":\"https:\/\/www.usedsoft.com\/i\/#website\",\"url\":\"https:\/\/www.usedsoft.com\/i\/\",\"name\":\"usedSoft\",\"description\":\"\",\"potentialAction\":[{\"@type\":\"SearchAction\",\"target\":{\"@type\":\"EntryPoint\",\"urlTemplate\":\"https:\/\/www.usedsoft.com\/i\/?s={search_term_string}\"},\"query-input\":\"required name=search_term_string\"}],\"inLanguage\":\"pt-PT\"}]}<\/script>\n<!-- \/ Yoast SEO plugin. -->","yoast_head_json":{"title":"Licen\u00e7as de volume | usedSoft","description":"Auch gebraucht sind Volumenlizenzen optimal. Sie lassen sich zentral verwalten und kommen mit n\u00fctzlichen Zusatzrechten.","robots":{"index":"index","follow":"follow","max-snippet":"max-snippet:-1","max-image-preview":"max-image-preview:large","max-video-preview":"max-video-preview:-1"},"canonical":"https:\/\/www.usedsoft.com\/i\/pt-pt\/licencas-de-volume\/","og_locale":"pt_PT","og_type":"article","og_title":"Licen\u00e7as de volume | usedSoft","og_description":"Auch gebraucht sind Volumenlizenzen optimal. Sie lassen sich zentral verwalten und kommen mit n\u00fctzlichen Zusatzrechten.","og_url":"https:\/\/www.usedsoft.com\/i\/pt-pt\/licencas-de-volume\/","og_site_name":"usedSoft","article_modified_time":"2023-07-05T07:29:15+00:00","og_image":[{"width":600,"height":600,"url":"https:\/\/www.usedsoft.com\/i\/wp-content\/uploads\/2022\/11\/volumenlizenzen.jpg","type":"image\/jpeg"}],"twitter_card":"summary_large_image","twitter_title":"Licen\u00e7as de volume | usedSoft","twitter_description":"Auch gebraucht sind Volumenlizenzen optimal. Sie lassen sich zentral verwalten und kommen mit n\u00fctzlichen Zusatzrechten.","twitter_image":"https:\/\/www.usedsoft.com\/i\/wp-content\/uploads\/2022\/11\/volumenlizenzen.jpg","twitter_misc":{"Tempo estimado de leitura":"3 minutos"},"schema":{"@context":"https:\/\/schema.org","@graph":[{"@type":"WebPage","@id":"https:\/\/www.usedsoft.com\/i\/pt-pt\/licencas-de-volume\/","url":"https:\/\/www.usedsoft.com\/i\/pt-pt\/licencas-de-volume\/","name":"Licen\u00e7as de volume | usedSoft","isPartOf":{"@id":"https:\/\/www.usedsoft.com\/i\/#website"},"datePublished":"2022-07-14T07:43:11+00:00","dateModified":"2023-07-05T07:29:15+00:00","description":"Auch gebraucht sind Volumenlizenzen optimal. Sie lassen sich zentral verwalten und kommen mit n\u00fctzlichen Zusatzrechten.","breadcrumb":{"@id":"https:\/\/www.usedsoft.com\/i\/pt-pt\/licencas-de-volume\/#breadcrumb"},"inLanguage":"pt-PT","potentialAction":[{"@type":"ReadAction","target":["https:\/\/www.usedsoft.com\/i\/pt-pt\/licencas-de-volume\/"]}]},{"@type":"BreadcrumbList","@id":"https:\/\/www.usedsoft.com\/i\/pt-pt\/licencas-de-volume\/#breadcrumb","itemListElement":[{"@type":"ListItem","position":1,"name":"Startseite","item":"https:\/\/www.usedsoft.com\/i\/pt-pt\/"},{"@type":"ListItem","position":2,"name":"Licen\u00e7as de volume"}]},{"@type":"WebSite","@id":"https:\/\/www.usedsoft.com\/i\/#website","url":"https:\/\/www.usedsoft.com\/i\/","name":"usedSoft","description":"","potentialAction":[{"@type":"SearchAction","target":{"@type":"EntryPoint","urlTemplate":"https:\/\/www.usedsoft.com\/i\/?s={search_term_string}"},"query-input":"required name=search_term_string"}],"inLanguage":"pt-PT"}]}},"_links":{"self":[{"href":"https:\/\/www.usedsoft.com\/i\/pt-pt\/wp-json\/wp\/v2\/pages\/7411","targetHints":{"allow":["GET"]}}],"collection":[{"href":"https:\/\/www.usedsoft.com\/i\/pt-pt\/wp-json\/wp\/v2\/pages"}],"about":[{"href":"https:\/\/www.usedsoft.com\/i\/pt-pt\/wp-json\/wp\/v2\/types\/page"}],"author":[{"embeddable":true,"href":"https:\/\/www.usedsoft.com\/i\/pt-pt\/wp-json\/wp\/v2\/users\/4"}],"replies":[{"embeddable":true,"href":"https:\/\/www.usedsoft.com\/i\/pt-pt\/wp-json\/wp\/v2\/comments?post=7411"}],"version-history":[{"count":5,"href":"https:\/\/www.usedsoft.com\/i\/pt-pt\/wp-json\/wp\/v2\/pages\/7411\/revisions"}],"predecessor-version":[{"id":7755,"href":"https:\/\/www.usedsoft.com\/i\/pt-pt\/wp-json\/wp\/v2\/pages\/7411\/revisions\/7755"}],"wp:attachment":[{"href":"https:\/\/www.usedsoft.com\/i\/pt-pt\/wp-json\/wp\/v2\/media?parent=7411"}],"curies":[{"name":"wp","href":"https:\/\/api.w.org\/{rel}","templated":true}]}}