{"id":7404,"date":"2022-07-19T09:58:20","date_gmt":"2022-07-19T07:58:20","guid":{"rendered":"https:\/\/www.usedsoft.com\/i\/karriere\/"},"modified":"2025-03-04T15:49:36","modified_gmt":"2025-03-04T14:49:36","slug":"karriere","status":"publish","type":"page","link":"https:\/\/www.usedsoft.com\/i\/pt-pt\/karriere\/","title":{"rendered":"Carreira"},"content":{"rendered":"<p>[vc_section el_class=&#8221;introBlock&#8221;][vc_row][vc_column][vc_single_image image=&#8221;5762&#8243; img_size=&#8221;600&#215;600&#8243; alignment=&#8221;center&#8221;][vc_column_text]<\/p>\n<h1>Carreira na venda de software: refor\u00e7ar a nossa equipa usedSoft!<\/h1>\n<p>Tem o que \u00e9 preciso para uma carreira na venda de software? E est\u00e1 \u00e0 procura de um novo desafio? Ent\u00e3o d\u00ea uma olhadela \u00e0s nossas ofertas de emprego. N\u00e3o s\u00f3 temos muito para oferecer aos nossos clientes, como tamb\u00e9m aos nossos colaboradores.<\/p>\n<p>Como pioneira no mercado, a usedSoft abalou o sector das TI com a ideia de neg\u00f3cio de &#8220;software usado&#8221;. Actualmente, combinamos o com\u00e9rcio electr\u00f3nico moderno com as vendas cl\u00e1ssicas. A base do nosso sucesso? A nossa forte <a href=\"https:\/\/www.usedsoft.com\/i\/pt-pt\/team\/\">equipa usedSoft<\/a>!<\/p>\n<p>Estamos constantemente \u00e0 procura de pessoas empenhadas que queiram crescer connosco. Est\u00e1 cheio de vontade e iniciativa e quer vender software na regi\u00e3o DACH\u00a0 (Alemanha, Austria, Su\u00ed\u00e7a) ou noutros mercados europeus? Ent\u00e3o envie-nos uma candidatura espont\u00e2nea ou candidate-se a uma das nossas vagas actuais. Comece a sua carreira na venda de software na usedSoft.[\/vc_column_text][vc_row_inner equal_height=&#8221;yes&#8221; el_class=&#8221;whiteboxes&#8221;][vc_column_inner width=&#8221;1\/3&#8243;]<div class=\"text-center\"><img decoding=\"async\" src=\"https:\/\/www.usedsoft.com\/i\/wp-content\/themes\/usedsoft\/svg\/bewerben.svg\"><\/div>[vc_column_text]<\/p>\n<h3 style=\"text-align: center;\">Candidatar-se agora!<\/h3>\n<p style=\"text-align: center;\">Est\u00e1 interessado num emprego na usedSoft? A nossa colega Julia Klein aguarda com expectativa a sua candidatura.<\/p>\n<p>[\/vc_column_text]<div class='usButton '><a href=\"mailto:Julia.Klein@usedSoft.com\" class='btn btn-primary mb-3' target=\"\" rel=\"\">E-Mail<\/a><\/div>[\/vc_column_inner][\/vc_row_inner][\/vc_column][\/vc_row][\/vc_section][vc_section][vc_row el_id=&#8221;#jobs&#8221;][vc_column][\/vc_column][\/vc_row][vc_row css=&#8221;.vc_custom_1667497162988{background-color: #f2f4f5 !important;}&#8221;][vc_column][vc_row_inner el_id=&#8221;juliaklein&#8221;][vc_column_inner width=&#8221;1\/3&#8243;][vc_column_text]<\/p>\n<h2 style=\"text-align: center;\">Candidatar-se agora.<\/h2>\n<p>[\/vc_column_text][\/vc_column_inner][vc_column_inner width=&#8221;1\/3&#8243;][vc_column_text]Julia Klein aguarda com expectativa a recep\u00e7\u00e3o da sua candidatura.<\/p>\n<p>Envie-lhe uma mensagem de correio electr\u00f3nico com:<\/p>\n<ul>\n<li>Carta de apresenta\u00e7\u00e3o<\/li>\n<li>curriculum vitae<\/li>\n<li>refer\u00eancias<\/li>\n<li>sal\u00e1rio pretendido<\/li>\n<li>data de in\u00edcio mais pr\u00f3xima poss\u00edvel<\/li>\n<\/ul>\n<p>[\/vc_column_text]<div class='usButton '><a href=\"mailto:Julia.Klein@usedSoft.com\" class='btn btn-primary mb-3' target=\"\" rel=\"\">E-Mail para Julia Klein<\/a><\/div>[\/vc_column_inner][vc_column_inner width=&#8221;1\/3&#8243;][vc_single_image image=&#8221;6882&#8243; img_size=&#8221;300&#8243;][\/vc_column_inner][\/vc_row_inner][\/vc_column][\/vc_row][vc_row css=&#8221;.vc_custom_1668090565175{background-color: #f2f4f5 !important;}&#8221;][vc_column][vc_empty_space][vc_column_text]<\/p>\n<h2 style=\"text-align: center;\">Trabalhar na usedSoft. O que nos faz vibrar.<\/h2>\n<p>[\/vc_column_text][vc_row_inner][vc_column_inner][vc_empty_space][vc_raw_html el_class=&#8221;text-center&#8221;]JTNDYSUyMGNsYXNzJTNEJTIyY29va2llY29uc2VudC1vcHRpbi1tYXJrZXRpbmclMjJocmVmJTNEJTIyaHR0cHMlM0ElMkYlMkZrdW51bnUuY29tJTJGZGUlMkZ1c2Vkc29mdC1kZXV0c2NobGFuZDElM0Z1dG1fbWVkaXVtJTNEYWZmaWxpYXRlJTI2dXRtX3NvdXJjZSUzRHdpZGdldCUyNnV0bV9jb250ZW50JTNEd2lkZ2V0X2ljb25fc2NvcmVfbG9nb19zbWFsbCUyNnJmciUzRGFmZmlsaWF0ZV93aWRnZXQlMjAlMjIlMjByZWwlM0QlMjJub2ZvbGxvdyUyMG5vb3BlbmVyJTIyJTIwdGFyZ2V0JTNEJTIyX2JsYW5rJTIyJTNFJTNDaW1nJTIwYWx0JTNEJTIya3VudW51JTIwd2lkZ2V0JTIyJTIwc3JjJTNEJTIyaHR0cHMlM0ElMkYlMkZ3aWRnZXRzLmt1bnVudS5jb20lMkZ3aWRnZXRfaWNvbl9zY29yZV9sb2dvX3NtYWxsJTJGcHJvZmlsZXMlMkY4NDNiOWYzOC1iMzdjLTRkM2YtYjExZi0xOTdkYTU4NDgwZTQlMjIlMjAlMkYlM0UlM0MlMkZhJTNF[\/vc_raw_html][\/vc_column_inner][\/vc_row_inner][vc_row_inner][vc_column_inner width=&#8221;1\/3&#8243;][vc_column_text]<\/p>\n<h4>Sal\u00e1rio e provis\u00e3o<\/h4>\n<ul class=\"styled\">\n<li>sal\u00e1rio de base justo<\/li>\n<li>comiss\u00f5es baseadas no desempenho<\/li>\n<li>Possibilidade de um regime de pens\u00f5es da empresa<\/li>\n<\/ul>\n<p>[\/vc_column_text][\/vc_column_inner][vc_column_inner width=&#8221;1\/3&#8243;][vc_column_text]<\/p>\n<h4>Flexibilidade<\/h4>\n<div class=\"module-container\">\n<div class=\"re-mb-30 md:re-mb-60 basic-text-component re-text-sm lg:re-text-base re-single-copy re-leading-tight is--following-text-false\" data-v-dde36c08=\"\">\n<ul>\n<li>Hor\u00e1rio flex\u00edvel<\/li>\n<li>Conta de tempo para hor\u00e1rios de trabalho flex\u00edveis<\/li>\n<li>Possibilidade de acordos individuais para dias de escrit\u00f3rio em casa<\/li>\n<\/ul>\n<\/div>\n<\/div>\n<p>[\/vc_column_text][\/vc_column_inner][vc_column_inner width=&#8221;1\/3&#8243;][vc_column_text]<\/p>\n<h4>Oportunidades de desenvolvimento<\/h4>\n<ul>\n<li>familiariza\u00e7\u00e3o cuidadosa<\/li>\n<li>Outras oportunidades de forma\u00e7\u00e3o, por exemplo, Microsoft Licensing Expert<\/li>\n<li>Liberdade para as suas pr\u00f3prias ideias<\/li>\n<\/ul>\n<p>[\/vc_column_text][\/vc_column_inner][\/vc_row_inner][vc_row_inner][vc_column_inner width=&#8221;1\/3&#8243;][vc_column_text]<\/p>\n<h4>Equipa e cultura<\/h4>\n<div class=\"module-container\">\n<div class=\"re-mb-30 md:re-mb-60 basic-text-component re-text-sm lg:re-text-base re-single-copy re-leading-tight is--following-text-false\" data-v-dde36c08=\"\">\n<ul>\n<li>Ambiente de trabalho agrad\u00e1vel com hierarquias planas<\/li>\n<li>colegas simp\u00e1ticos e competentes<\/li>\n<li>Sem c\u00f3digo de vestu\u00e1rio<\/li>\n<\/ul>\n<\/div>\n<\/div>\n<p>[\/vc_column_text][\/vc_column_inner][vc_column_inner width=&#8221;1\/3&#8243;][vc_column_text css=&#8221;.vc_custom_1683017568081{border-radius: 1px !important;}&#8221;]<\/p>\n<h4>Amigos e fam\u00edlia<\/h4>\n<ul>\n<li>Possibilidade de modelos de trabalho a tempo parcial que respeitem a fam\u00edlia<\/li>\n<li>os c\u00e3es do escrit\u00f3rio s\u00e3o bem-vindos<\/li>\n<li>Eventos da equipa<\/li>\n<\/ul>\n<p>[\/vc_column_text][\/vc_column_inner][vc_column_inner width=&#8221;1\/3&#8243;][vc_column_text]<\/p>\n<h4>Pausas para desloca\u00e7\u00f5es<\/h4>\n<div class=\"module-container\">\n<div class=\"re-mb-30 md:re-mb-60 basic-text-component re-text-sm lg:re-text-base re-single-copy re-leading-tight is--following-text-false\" data-v-dde36c08=\"\">\n<ul>\n<li>Cozinha, oferta gratuita de snacks, fruta e caf\u00e9<\/li>\n<li>Matraquilhos e jogo de dardos<\/li>\n<li>Tapetes de ioga, bandas de fitness<\/li>\n<\/ul>\n<\/div>\n<\/div>\n<p>[\/vc_column_text][\/vc_column_inner][\/vc_row_inner][\/vc_column][\/vc_row][\/vc_section]<\/p>\n","protected":false},"excerpt":{"rendered":"<p>[vc_section el_class=&#8221;introBlock&#8221;][vc_row][vc_column][vc_single_image image=&#8221;5762&#8243; img_size=&#8221;600&#215;600&#8243; alignment=&#8221;center&#8221;][vc_column_text] Carreira na venda de software: refor\u00e7ar a nossa equipa usedSoft! Tem o que \u00e9 preciso para uma carreira na venda de software? E est\u00e1 \u00e0 procura de um novo desafio? Ent\u00e3o d\u00ea uma olhadela \u00e0s nossas ofertas de emprego. N\u00e3o s\u00f3 temos muito para oferecer aos nossos clientes, como tamb\u00e9m [&hellip;]<\/p>\n","protected":false},"author":4,"featured_media":0,"parent":0,"menu_order":0,"comment_status":"closed","ping_status":"closed","template":"","meta":{"footnotes":""},"class_list":["post-7404","page","type-page","status-publish","hentry"],"yoast_head":"<!-- This site is optimized with the Yoast SEO plugin v23.3 - https:\/\/yoast.com\/wordpress\/plugins\/seo\/ -->\n<title>Karriere im Softwarevertrieb | usedSoft<\/title>\n<meta name=\"description\" content=\"Sie haben das Zeug f\u00fcr eine Karriere im Softwarevertrieb? Dann verst\u00e4rken Sie unser usedSoft-Team. Alle Infos zur Bewerbung finden Sie hier.\" \/>\n<meta name=\"robots\" content=\"index, follow, max-snippet:-1, max-image-preview:large, max-video-preview:-1\" \/>\n<link rel=\"canonical\" href=\"https:\/\/www.usedsoft.com\/i\/pt-pt\/karriere\/\" \/>\n<meta property=\"og:locale\" content=\"pt_PT\" \/>\n<meta property=\"og:type\" content=\"article\" \/>\n<meta property=\"og:title\" content=\"Karriere im Softwarevertrieb | usedSoft\" \/>\n<meta property=\"og:description\" content=\"Sie haben das Zeug f\u00fcr eine Karriere im Softwarevertrieb? Dann verst\u00e4rken Sie unser usedSoft-Team. Alle Infos zur Bewerbung finden Sie hier.\" \/>\n<meta property=\"og:url\" content=\"https:\/\/www.usedsoft.com\/i\/pt-pt\/karriere\/\" \/>\n<meta property=\"og:site_name\" content=\"usedSoft\" \/>\n<meta property=\"article:modified_time\" content=\"2025-03-04T14:49:36+00:00\" \/>\n<meta property=\"og:image\" content=\"https:\/\/www.usedsoft.com\/i\/wp-content\/uploads\/2022\/11\/karriere.jpg\" \/>\n\t<meta property=\"og:image:width\" content=\"600\" \/>\n\t<meta property=\"og:image:height\" content=\"600\" \/>\n\t<meta property=\"og:image:type\" content=\"image\/jpeg\" \/>\n<meta name=\"twitter:card\" content=\"summary_large_image\" \/>\n<meta name=\"twitter:title\" content=\"Karriere im Softwarevertrieb | usedSoft\" \/>\n<meta name=\"twitter:description\" content=\"Sie haben das Zeug f\u00fcr eine Karriere im Softwarevertrieb? Dann verst\u00e4rken Sie unser usedSoft-Team. Alle Infos zur Bewerbung finden Sie hier.\" \/>\n<meta name=\"twitter:image\" content=\"https:\/\/www.usedsoft.com\/i\/wp-content\/uploads\/2022\/11\/karriere.jpg\" \/>\n<meta name=\"twitter:label1\" content=\"Tempo estimado de leitura\" \/>\n\t<meta name=\"twitter:data1\" content=\"3 minutos\" \/>\n<script type=\"application\/ld+json\" class=\"yoast-schema-graph\">{\"@context\":\"https:\/\/schema.org\",\"@graph\":[{\"@type\":\"WebPage\",\"@id\":\"https:\/\/www.usedsoft.com\/i\/pt-pt\/karriere\/\",\"url\":\"https:\/\/www.usedsoft.com\/i\/pt-pt\/karriere\/\",\"name\":\"Karriere im Softwarevertrieb | usedSoft\",\"isPartOf\":{\"@id\":\"https:\/\/www.usedsoft.com\/i\/#website\"},\"datePublished\":\"2022-07-19T07:58:20+00:00\",\"dateModified\":\"2025-03-04T14:49:36+00:00\",\"description\":\"Sie haben das Zeug f\u00fcr eine Karriere im Softwarevertrieb? Dann verst\u00e4rken Sie unser usedSoft-Team. Alle Infos zur Bewerbung finden Sie hier.\",\"breadcrumb\":{\"@id\":\"https:\/\/www.usedsoft.com\/i\/pt-pt\/karriere\/#breadcrumb\"},\"inLanguage\":\"pt-PT\",\"potentialAction\":[{\"@type\":\"ReadAction\",\"target\":[\"https:\/\/www.usedsoft.com\/i\/pt-pt\/karriere\/\"]}]},{\"@type\":\"BreadcrumbList\",\"@id\":\"https:\/\/www.usedsoft.com\/i\/pt-pt\/karriere\/#breadcrumb\",\"itemListElement\":[{\"@type\":\"ListItem\",\"position\":1,\"name\":\"Startseite\",\"item\":\"https:\/\/www.usedsoft.com\/i\/pt-pt\/\"},{\"@type\":\"ListItem\",\"position\":2,\"name\":\"Carreira\"}]},{\"@type\":\"WebSite\",\"@id\":\"https:\/\/www.usedsoft.com\/i\/#website\",\"url\":\"https:\/\/www.usedsoft.com\/i\/\",\"name\":\"usedSoft\",\"description\":\"\",\"potentialAction\":[{\"@type\":\"SearchAction\",\"target\":{\"@type\":\"EntryPoint\",\"urlTemplate\":\"https:\/\/www.usedsoft.com\/i\/?s={search_term_string}\"},\"query-input\":\"required name=search_term_string\"}],\"inLanguage\":\"pt-PT\"}]}<\/script>\n<!-- \/ Yoast SEO plugin. -->","yoast_head_json":{"title":"Karriere im Softwarevertrieb | usedSoft","description":"Sie haben das Zeug f\u00fcr eine Karriere im Softwarevertrieb? Dann verst\u00e4rken Sie unser usedSoft-Team. Alle Infos zur Bewerbung finden Sie hier.","robots":{"index":"index","follow":"follow","max-snippet":"max-snippet:-1","max-image-preview":"max-image-preview:large","max-video-preview":"max-video-preview:-1"},"canonical":"https:\/\/www.usedsoft.com\/i\/pt-pt\/karriere\/","og_locale":"pt_PT","og_type":"article","og_title":"Karriere im Softwarevertrieb | usedSoft","og_description":"Sie haben das Zeug f\u00fcr eine Karriere im Softwarevertrieb? Dann verst\u00e4rken Sie unser usedSoft-Team. Alle Infos zur Bewerbung finden Sie hier.","og_url":"https:\/\/www.usedsoft.com\/i\/pt-pt\/karriere\/","og_site_name":"usedSoft","article_modified_time":"2025-03-04T14:49:36+00:00","og_image":[{"width":600,"height":600,"url":"https:\/\/www.usedsoft.com\/i\/wp-content\/uploads\/2022\/11\/karriere.jpg","type":"image\/jpeg"}],"twitter_card":"summary_large_image","twitter_title":"Karriere im Softwarevertrieb | usedSoft","twitter_description":"Sie haben das Zeug f\u00fcr eine Karriere im Softwarevertrieb? Dann verst\u00e4rken Sie unser usedSoft-Team. Alle Infos zur Bewerbung finden Sie hier.","twitter_image":"https:\/\/www.usedsoft.com\/i\/wp-content\/uploads\/2022\/11\/karriere.jpg","twitter_misc":{"Tempo estimado de leitura":"3 minutos"},"schema":{"@context":"https:\/\/schema.org","@graph":[{"@type":"WebPage","@id":"https:\/\/www.usedsoft.com\/i\/pt-pt\/karriere\/","url":"https:\/\/www.usedsoft.com\/i\/pt-pt\/karriere\/","name":"Karriere im Softwarevertrieb | usedSoft","isPartOf":{"@id":"https:\/\/www.usedsoft.com\/i\/#website"},"datePublished":"2022-07-19T07:58:20+00:00","dateModified":"2025-03-04T14:49:36+00:00","description":"Sie haben das Zeug f\u00fcr eine Karriere im Softwarevertrieb? Dann verst\u00e4rken Sie unser usedSoft-Team. Alle Infos zur Bewerbung finden Sie hier.","breadcrumb":{"@id":"https:\/\/www.usedsoft.com\/i\/pt-pt\/karriere\/#breadcrumb"},"inLanguage":"pt-PT","potentialAction":[{"@type":"ReadAction","target":["https:\/\/www.usedsoft.com\/i\/pt-pt\/karriere\/"]}]},{"@type":"BreadcrumbList","@id":"https:\/\/www.usedsoft.com\/i\/pt-pt\/karriere\/#breadcrumb","itemListElement":[{"@type":"ListItem","position":1,"name":"Startseite","item":"https:\/\/www.usedsoft.com\/i\/pt-pt\/"},{"@type":"ListItem","position":2,"name":"Carreira"}]},{"@type":"WebSite","@id":"https:\/\/www.usedsoft.com\/i\/#website","url":"https:\/\/www.usedsoft.com\/i\/","name":"usedSoft","description":"","potentialAction":[{"@type":"SearchAction","target":{"@type":"EntryPoint","urlTemplate":"https:\/\/www.usedsoft.com\/i\/?s={search_term_string}"},"query-input":"required name=search_term_string"}],"inLanguage":"pt-PT"}]}},"_links":{"self":[{"href":"https:\/\/www.usedsoft.com\/i\/pt-pt\/wp-json\/wp\/v2\/pages\/7404","targetHints":{"allow":["GET"]}}],"collection":[{"href":"https:\/\/www.usedsoft.com\/i\/pt-pt\/wp-json\/wp\/v2\/pages"}],"about":[{"href":"https:\/\/www.usedsoft.com\/i\/pt-pt\/wp-json\/wp\/v2\/types\/page"}],"author":[{"embeddable":true,"href":"https:\/\/www.usedsoft.com\/i\/pt-pt\/wp-json\/wp\/v2\/users\/4"}],"replies":[{"embeddable":true,"href":"https:\/\/www.usedsoft.com\/i\/pt-pt\/wp-json\/wp\/v2\/comments?post=7404"}],"version-history":[{"count":9,"href":"https:\/\/www.usedsoft.com\/i\/pt-pt\/wp-json\/wp\/v2\/pages\/7404\/revisions"}],"predecessor-version":[{"id":11315,"href":"https:\/\/www.usedsoft.com\/i\/pt-pt\/wp-json\/wp\/v2\/pages\/7404\/revisions\/11315"}],"wp:attachment":[{"href":"https:\/\/www.usedsoft.com\/i\/pt-pt\/wp-json\/wp\/v2\/media?parent=7404"}],"curies":[{"name":"wp","href":"https:\/\/api.w.org\/{rel}","templated":true}]}}