{"id":7400,"date":"2022-07-16T08:26:18","date_gmt":"2022-07-16T06:26:18","guid":{"rendered":"https:\/\/www.usedsoft.com\/i\/gebrauchtsoftware-von-usedsoft-die-clevere-alternative\/"},"modified":"2024-03-26T11:07:38","modified_gmt":"2024-03-26T10:07:38","slug":"gebrauchtsoftware-von-usedsoft-die-clevere-alternative","status":"publish","type":"page","link":"https:\/\/www.usedsoft.com\/i\/pt-pt\/","title":{"rendered":"Coisas a saber"},"content":{"rendered":"<p>[vc_section el_class=&#8221;introBlock&#8221;][vc_row][vc_column][vc_single_image image=&#8221;5780&#8243; img_size=&#8221;600&#215;600&#8243; alignment=&#8221;center&#8221;][vc_column_text]<\/p>\n<h1>Vale a pena conhecer o software usado: tutoriais, dicas e factos \u00fateis<\/h1>\n<p>Que vers\u00e3o devo comprar? Como posso activar a CAL RDS? Como \u00e9 que os servidores Windows s\u00e3o licenciados? A usedSoft aceita licen\u00e7as em pagamento? Como \u00e9 que funciona uma auditoria? E qual \u00e9 efectivamente a base legal para o com\u00e9rcio de software?<\/p>\n<p>Aqui encontrar\u00e1 tudo o que precisa de saber sobre a compra de software. Desde compara\u00e7\u00f5es de vers\u00f5es, dicas de actualiza\u00e7\u00e3o e tutoriais de instala\u00e7\u00e3o at\u00e9 informa\u00e7\u00f5es sobre paisagens de TI sustent\u00e1veis. E, claro, todo o tipo de factos sobre a venda e compra de licen\u00e7as usadas.[\/vc_column_text][vc_row_inner equal_height=&#8221;yes&#8221; el_class=&#8221;whiteboxes&#8221;][vc_column_inner width=&#8221;1\/3&#8243;]<div class=\"text-center\"><img decoding=\"async\" src=\"https:\/\/www.usedsoft.com\/i\/wp-content\/themes\/usedsoft\/svg\/faq.svg\"><\/div>[vc_column_text]<\/p>\n<h3 style=\"text-align: center;\">Perguntas?<\/h3>\n<p style=\"text-align: center;\">N\u00e3o consegue encontrar o que procura? N\u00e3o hesite em contactar directamente os nossos especialistas ou envie-nos uma mensagem de correio electr\u00f3nico aqui.<\/p>\n<p>[\/vc_column_text]<div class='usButton '><a href=\"mailto:info@usedsoft.com\" class='btn btn-primary mb-3' target=\"\" rel=\"\">E-Mail<\/a><\/div>[\/vc_column_inner][vc_column_inner width=&#8221;1\/3&#8243;]<div class=\"text-center\"><img decoding=\"async\" src=\"https:\/\/www.usedsoft.com\/i\/wp-content\/themes\/usedsoft\/svg\/mail.svg\"><\/div>[vc_column_text]<\/p>\n<h3 style=\"text-align: center;\">Manter-se informado<\/h3>\n<p style=\"text-align: center;\">Subscreva a nossa newsletter. Com ela, fornecer-lhe-emos mensalmente dicas \u00fateis sobre software usado e not\u00edcias relevantes sobre a usedSoft.<\/p>\n<p>[\/vc_column_text]<div class='usButton '><a href=\"https:\/\/www.usedsoft.com\/pt\/newsletter\/\" class='btn btn-primary mb-3' target=\"\" rel=\"\">Para Registar<\/a><\/div>[\/vc_column_inner][\/vc_row_inner][\/vc_column][\/vc_row][\/vc_section][vc_section][vc_row el_class=&#8221;boxed&#8221;][vc_column][vc_text_separator title=&#8221;Knowledge Base&#8221; title_align=&#8221;separator_align_left&#8221;][vc_row_inner][vc_column_inner width=&#8221;2\/3&#8243; offset=&#8221;vc_col-sm-offset-1&#8243;][vc_column_text]<\/p>\n<h3>O que \u00e9 efectivamente um software em segunda m\u00e3o?<\/h3>\n<p>A ideia \u00e9 simples: se uma empresa j\u00e1 n\u00e3o utiliza um software, pode vender as licen\u00e7as de que j\u00e1 n\u00e3o necessita. O pr\u00f3ximo comprador adquire assim as licen\u00e7as em segunda m\u00e3o. Uma vez que se trata de um direito de utiliza\u00e7\u00e3o que n\u00e3o se desgasta como os outros produtos, uma licen\u00e7a de software usada \u00e9 t\u00e3o boa como uma nova. No entanto, o pre\u00e7o \u00e9 consideravelmente mais baixo. Na usedSoft, profissionaliz\u00e1mos este modelo como o primeiro fornecedor de software usado na Europa.[\/vc_column_text][\/vc_column_inner][\/vc_row_inner][vc_row_inner][vc_column_inner width=&#8221;2\/3&#8243; offset=&#8221;vc_col-sm-offset-1&#8243;][vc_column_text]<\/p>\n<h3>De onde v\u00eam as licen\u00e7as usadas da usedSoft?<\/h3>\n<p>As licen\u00e7as de software t\u00eam origem, por exemplo, em insolv\u00eancias, encerramentos de empresas, reestrutura\u00e7\u00f5es, convers\u00f5es de sistemas ou capacidades excedent\u00e1rias de revendedores. Suponhamos que a sua empresa pretende mudar do Office 2016 para o Office 2021. Nesse caso, pode n\u00e3o s\u00f3 comprar a nova vers\u00e3o a um pre\u00e7o favor\u00e1vel na usedSoft. Tamb\u00e9m teremos todo o gosto em verificar se podemos aceitar as suas licen\u00e7as do Office 2016 que j\u00e1 n\u00e3o s\u00e3o necess\u00e1rias em pagamento. Pode saber quais os requisitos que t\u00eam de ser cumpridos <a href=\"https:\/\/www.usedsoft.com\/pt\/Lizenzen-verkaufen\/\">aqui<\/a>.[\/vc_column_text][\/vc_column_inner][\/vc_row_inner][vc_row_inner][vc_column_inner width=&#8221;5\/6&#8243; offset=&#8221;vc_col-sm-offset-1&#8243;]\r\n<div class=\"row banner secondary mb-3 align-items-center mx-0\">\r\n    <div class=\"col-12 col-md-auto ps-5 py-3\">\r\n            <h3 class=\"m-0\">Base jur\u00eddica<\/h3>\r\n    <\/div>\r\n    <div class=\"col-md py-4 secondcolor\">\r\n            <div class=\"row align-items-center\">\r\n                                <div class=\"col-12 col-md ps-5\">\r\n                    Informa\u00e7\u00f5es sobre o ac\u00f3rd\u00e3o do TJCE e a Co.                <\/div>\r\n                                <div class=\"col-12 col-md-auto  pe-md-5 mt-3 mt-md-0 text-center text-md-end\">\r\n                    <a href=\"https:\/\/www.usedsoft.com\/i\/pt-pt\/situacao-juridica\/\" target=\"\" rel=\"\" class=\"btn btn-white\">Saiba mais<\/a>\r\n                <\/div>\r\n            <\/div>\r\n    <\/div>\r\n<\/div>\r\n<div class=\"row banner  mb-3 align-items-center mx-0\">\r\n    <div class=\"col-12 col-md-auto ps-5 py-3\">\r\n            <h3 class=\"m-0\">Licen\u00e7as de volume<\/h3>\r\n    <\/div>\r\n    <div class=\"col-md py-4 secondcolor\">\r\n            <div class=\"row align-items-center\">\r\n                                <div class=\"col-12 col-md ps-5\">\r\n                    Tudo sobre as vantagens das licen\u00e7as por volume                <\/div>\r\n                                <div class=\"col-12 col-md-auto  pe-md-5 mt-3 mt-md-0 text-center text-md-end\">\r\n                    <a href=\"https:\/\/www.usedsoft.com\/i\/pt-pt\/licencas-de-volume\/\" target=\"\" rel=\"\" class=\"btn btn-white\">Ler aqui<\/a>\r\n                <\/div>\r\n            <\/div>\r\n    <\/div>\r\n<\/div>\r\n<div class=\"row banner secondary mb-3 align-items-center mx-0\">\r\n    <div class=\"col-12 col-md-auto ps-5 py-3\">\r\n            <h3 class=\"m-0\">Alguma pergunta?<\/h3>\r\n    <\/div>\r\n    <div class=\"col-md py-4 secondcolor\">\r\n            <div class=\"row align-items-center\">\r\n                                <div class=\"col-12 col-md ps-5\">\r\n                    Eis as respostas \u00e0s perguntas mais frequentes                <\/div>\r\n                                <div class=\"col-12 col-md-auto  pe-md-5 mt-3 mt-md-0 text-center text-md-end\">\r\n                    <a href=\"https:\/\/www.usedsoft.com\/i\/pt-pt\/faq\/\" target=\"\" rel=\"\" class=\"btn btn-white\">Para as FAQ<\/a>\r\n                <\/div>\r\n            <\/div>\r\n    <\/div>\r\n<\/div>[\/vc_column_inner][\/vc_row_inner][\/vc_column][\/vc_row][\/vc_section][vc_section][vc_row][vc_column][vc_text_separator title=&#8221;Dicas \u00fateis&#8221; title_align=&#8221;separator_align_left&#8221;]<div class=\"row mb-5 \">\r\n\r\n                <div class=\"col-12 col-md-6 col-lg-4 news mb-3\">\r\n            <div class=\"inner h-100\">\r\n                <img decoding=\"async\" class=\"img-fluid\" src=\"https:\/\/www.usedsoft.com\/i\/wp-content\/uploads\/2026\/01\/12-600x300.png\">\r\n\r\n                <div class=\"p-3\">\r\n                    <b class=\"highlight\">22. Outubro 2024<\/b>\r\n\r\n                    <h3 class=\"my-4\" style=\"font-weight: bold;\">Como instalar o Office, Visio e Project 2024, 2021 e 2019<\/h3>\r\n\r\n                    <div>\r\n                        <p>[vc_section content_placement=&#8221;middle&#8221;][vc_row][vc_column][vc_single_image image=&#8221;12262&#8243; img_size=&#8221;full&#8221; alignment=&#8221;center&#8221;][vc_row_inner][vc_column_inner width=&#8221;6\/12&#8243;][vc_column_text]Desde a vers\u00e3o 2019, o Microsoft Office pode ser instalado com a Office Deployment Tool. Com as nossas instru\u00e7\u00f5es, isto \u00e9 muito mais f\u00e1cil do que parece \u00e0 primeira vista. Nesta p\u00e1gina, mostrar-lhe-emos passo a passo como instalar o Office, Visio e Project 2024, 2021 ou 2019. Todas as liga\u00e7\u00f5es [&hellip;]<\/p>\n                    <\/div>\r\n\r\n                    <div class=\"mt-3\">\r\n                        <a href=\"https:\/\/www.usedsoft.com\/i\/pt-pt\/office-installieren-mit-dem-office-deployment-tool\/\" class=\"text-uppercase mt-3\">Ler mais<\/a>\r\n                    <\/div>\r\n                <\/div>\r\n            <\/div>\r\n        <\/div>\r\n                  <div class=\"col-12 col-md-6 col-lg-4 news mb-3\">\r\n            <div class=\"inner h-100\">\r\n                <img decoding=\"async\" class=\"img-fluid\" src=\"https:\/\/www.usedsoft.com\/i\/wp-content\/uploads\/2024\/05\/Design-ohne-Titel-23-600x300.png\">\r\n\r\n                <div class=\"p-3\">\r\n                    <b class=\"highlight\">26. Junho 2024<\/b>\r\n\r\n                    <h3 class=\"my-4\" style=\"font-weight: bold;\">Microsoft CAL Suite: agrupar direitos de acesso para v\u00e1rios produtos de servidor<\/h3>\r\n\r\n                    <div>\r\n                        <p>[vc_row][vc_column width=&#8221;1\/2&#8243;][vc_column_text]A gest\u00e3o dos direitos de acesso nas empresas pode ser muito trabalhosa. Especialmente quando est\u00e3o a ser utilizados v\u00e1rios produtos Microsoft para os quais s\u00e3o necess\u00e1rias CALs (licen\u00e7as de acesso), a gest\u00e3o de licen\u00e7as pode tornar-se rapidamente muito complexa e morosa. Cada funcion\u00e1rio ou dispositivo final necessita de uma CAL (Licen\u00e7a de Acesso de [&hellip;]<\/p>\n                    <\/div>\r\n\r\n                    <div class=\"mt-3\">\r\n                        <a href=\"https:\/\/www.usedsoft.com\/i\/pt-pt\/microsoft-cal-suite-agrupar-direitos-de-acesso-para-varios-produtos-de-servidor\/\" class=\"text-uppercase mt-3\">Ler mais<\/a>\r\n                    <\/div>\r\n                <\/div>\r\n            <\/div>\r\n        <\/div>\r\n                  <div class=\"col-12 col-md-6 col-lg-4 news mb-3\">\r\n            <div class=\"inner h-100\">\r\n                <img decoding=\"async\" class=\"img-fluid\" src=\"https:\/\/www.usedsoft.com\/i\/wp-content\/uploads\/2024\/03\/AdobeStock_114979059-600x300.jpeg\">\r\n\r\n                <div class=\"p-3\">\r\n                    <b class=\"highlight\">21. Mar\u00e7o 2024<\/b>\r\n\r\n                    <h3 class=\"my-4\" style=\"font-weight: bold;\">Microsoft Outlook: Poupar tempo &#8211; aumentar a produtividade<\/h3>\r\n\r\n                    <div>\r\n                        <p>[vc_section content_placement=&#8221;middle&#8221;][vc_row][vc_column][vc_row_inner][vc_column_inner width=&#8221;1\/2&#8243;][vc_column_text]Enviar emails, gerir contactos, organizar compromissos e ordenar tarefas: Desde a sua introdu\u00e7\u00e3o em 2012, o Microsoft Outlook tem proporcionado ordem e estrutura na vida quotidiana do escrit\u00f3rio. Mas provavelmente tamb\u00e9m conhece a sensa\u00e7\u00e3o de se perder numa enxurrada de emails e reuni\u00f5es. As cinco sugest\u00f5es seguintes ajudam a manter-se organizado e a [&hellip;]<\/p>\n                    <\/div>\r\n\r\n                    <div class=\"mt-3\">\r\n                        <a href=\"https:\/\/www.usedsoft.com\/i\/pt-pt\/microsoft-outlook-risparmiare-tempo-e-aumentare-la-produttivita\/\" class=\"text-uppercase mt-3\">Ler mais<\/a>\r\n                    <\/div>\r\n                <\/div>\r\n            <\/div>\r\n        <\/div>\r\n    <\/div>[\/vc_column][\/vc_row][\/vc_section]<\/p>\n","protected":false},"excerpt":{"rendered":"<p>[vc_section el_class=&#8221;introBlock&#8221;][vc_row][vc_column][vc_single_image image=&#8221;5780&#8243; img_size=&#8221;600&#215;600&#8243; alignment=&#8221;center&#8221;][vc_column_text] Vale a pena conhecer o software usado: tutoriais, dicas e factos \u00fateis Que vers\u00e3o devo comprar? Como posso activar a CAL RDS? Como \u00e9 que os servidores Windows s\u00e3o licenciados? A usedSoft aceita licen\u00e7as em pagamento? Como \u00e9 que funciona uma auditoria? E qual \u00e9 efectivamente a base legal para [&hellip;]<\/p>\n","protected":false},"author":1,"featured_media":0,"parent":0,"menu_order":0,"comment_status":"closed","ping_status":"closed","template":"","meta":{"footnotes":""},"class_list":["post-7400","page","type-page","status-publish","hentry"],"yoast_head":"<!-- This site is optimized with the Yoast SEO plugin v23.3 - https:\/\/yoast.com\/wordpress\/plugins\/seo\/ -->\n<title>Wissenswertes \u00fcber Gebrauchtsoftware<\/title>\n<meta name=\"description\" content=\"Hier finden Sie Versionsvergleiche, Installations-Tutorials, Tipps und nat\u00fcrlich alles rund um den Ver- und Ankauf von Gebrauchtsoftware.\" \/>\n<meta name=\"robots\" content=\"index, follow, max-snippet:-1, max-image-preview:large, max-video-preview:-1\" \/>\n<link rel=\"canonical\" href=\"https:\/\/www.usedsoft.com\/i\/pt-pt\/\" \/>\n<meta property=\"og:locale\" content=\"pt_PT\" \/>\n<meta property=\"og:type\" content=\"article\" \/>\n<meta property=\"og:title\" content=\"Wissenswertes \u00fcber Gebrauchtsoftware\" \/>\n<meta property=\"og:description\" content=\"Hier finden Sie Versionsvergleiche, Installations-Tutorials, Tipps und nat\u00fcrlich alles rund um den Ver- und Ankauf von Gebrauchtsoftware.\" \/>\n<meta property=\"og:url\" content=\"https:\/\/www.usedsoft.com\/i\/pt-pt\/\" \/>\n<meta property=\"og:site_name\" content=\"usedSoft\" \/>\n<meta property=\"article:modified_time\" content=\"2024-03-26T10:07:38+00:00\" \/>\n<meta property=\"og:image\" content=\"https:\/\/www.usedsoft.com\/i\/wp-content\/uploads\/2022\/11\/wissenswertes.jpg\" \/>\n\t<meta property=\"og:image:width\" content=\"600\" \/>\n\t<meta property=\"og:image:height\" content=\"600\" \/>\n\t<meta property=\"og:image:type\" content=\"image\/jpeg\" \/>\n<meta name=\"twitter:card\" content=\"summary_large_image\" \/>\n<meta name=\"twitter:title\" content=\"Wissenswertes \u00fcber Gebrauchtsoftware\" \/>\n<meta name=\"twitter:description\" content=\"Hier finden Sie Versionsvergleiche, Installations-Tutorials, Tipps und nat\u00fcrlich alles rund um den Ver- und Ankauf von Gebrauchtsoftware.\" \/>\n<meta name=\"twitter:image\" content=\"https:\/\/www.usedsoft.com\/i\/wp-content\/uploads\/2022\/11\/wissenswertes.jpg\" \/>\n<meta name=\"twitter:label1\" content=\"Tempo estimado de leitura\" \/>\n\t<meta name=\"twitter:data1\" content=\"3 minutos\" \/>\n<script type=\"application\/ld+json\" class=\"yoast-schema-graph\">{\"@context\":\"https:\/\/schema.org\",\"@graph\":[{\"@type\":\"WebPage\",\"@id\":\"https:\/\/www.usedsoft.com\/i\/pt-pt\/\",\"url\":\"https:\/\/www.usedsoft.com\/i\/pt-pt\/\",\"name\":\"Wissenswertes \u00fcber Gebrauchtsoftware\",\"isPartOf\":{\"@id\":\"https:\/\/www.usedsoft.com\/i\/#website\"},\"datePublished\":\"2022-07-16T06:26:18+00:00\",\"dateModified\":\"2024-03-26T10:07:38+00:00\",\"description\":\"Hier finden Sie Versionsvergleiche, Installations-Tutorials, Tipps und nat\u00fcrlich alles rund um den Ver- und Ankauf von Gebrauchtsoftware.\",\"breadcrumb\":{\"@id\":\"https:\/\/www.usedsoft.com\/i\/pt-pt\/#breadcrumb\"},\"inLanguage\":\"pt-PT\",\"potentialAction\":[{\"@type\":\"ReadAction\",\"target\":[\"https:\/\/www.usedsoft.com\/i\/pt-pt\/\"]}]},{\"@type\":\"BreadcrumbList\",\"@id\":\"https:\/\/www.usedsoft.com\/i\/pt-pt\/#breadcrumb\",\"itemListElement\":[{\"@type\":\"ListItem\",\"position\":1,\"name\":\"Startseite\",\"item\":\"https:\/\/www.usedsoft.com\/i\/pt-pt\/\"},{\"@type\":\"ListItem\",\"position\":2,\"name\":\"Coisas a saber\"}]},{\"@type\":\"WebSite\",\"@id\":\"https:\/\/www.usedsoft.com\/i\/#website\",\"url\":\"https:\/\/www.usedsoft.com\/i\/\",\"name\":\"usedSoft\",\"description\":\"\",\"potentialAction\":[{\"@type\":\"SearchAction\",\"target\":{\"@type\":\"EntryPoint\",\"urlTemplate\":\"https:\/\/www.usedsoft.com\/i\/?s={search_term_string}\"},\"query-input\":\"required name=search_term_string\"}],\"inLanguage\":\"pt-PT\"}]}<\/script>\n<!-- \/ Yoast SEO plugin. -->","yoast_head_json":{"title":"Wissenswertes \u00fcber Gebrauchtsoftware","description":"Hier finden Sie Versionsvergleiche, Installations-Tutorials, Tipps und nat\u00fcrlich alles rund um den Ver- und Ankauf von Gebrauchtsoftware.","robots":{"index":"index","follow":"follow","max-snippet":"max-snippet:-1","max-image-preview":"max-image-preview:large","max-video-preview":"max-video-preview:-1"},"canonical":"https:\/\/www.usedsoft.com\/i\/pt-pt\/","og_locale":"pt_PT","og_type":"article","og_title":"Wissenswertes \u00fcber Gebrauchtsoftware","og_description":"Hier finden Sie Versionsvergleiche, Installations-Tutorials, Tipps und nat\u00fcrlich alles rund um den Ver- und Ankauf von Gebrauchtsoftware.","og_url":"https:\/\/www.usedsoft.com\/i\/pt-pt\/","og_site_name":"usedSoft","article_modified_time":"2024-03-26T10:07:38+00:00","og_image":[{"width":600,"height":600,"url":"https:\/\/www.usedsoft.com\/i\/wp-content\/uploads\/2022\/11\/wissenswertes.jpg","type":"image\/jpeg"}],"twitter_card":"summary_large_image","twitter_title":"Wissenswertes \u00fcber Gebrauchtsoftware","twitter_description":"Hier finden Sie Versionsvergleiche, Installations-Tutorials, Tipps und nat\u00fcrlich alles rund um den Ver- und Ankauf von Gebrauchtsoftware.","twitter_image":"https:\/\/www.usedsoft.com\/i\/wp-content\/uploads\/2022\/11\/wissenswertes.jpg","twitter_misc":{"Tempo estimado de leitura":"3 minutos"},"schema":{"@context":"https:\/\/schema.org","@graph":[{"@type":"WebPage","@id":"https:\/\/www.usedsoft.com\/i\/pt-pt\/","url":"https:\/\/www.usedsoft.com\/i\/pt-pt\/","name":"Wissenswertes \u00fcber Gebrauchtsoftware","isPartOf":{"@id":"https:\/\/www.usedsoft.com\/i\/#website"},"datePublished":"2022-07-16T06:26:18+00:00","dateModified":"2024-03-26T10:07:38+00:00","description":"Hier finden Sie Versionsvergleiche, Installations-Tutorials, Tipps und nat\u00fcrlich alles rund um den Ver- und Ankauf von Gebrauchtsoftware.","breadcrumb":{"@id":"https:\/\/www.usedsoft.com\/i\/pt-pt\/#breadcrumb"},"inLanguage":"pt-PT","potentialAction":[{"@type":"ReadAction","target":["https:\/\/www.usedsoft.com\/i\/pt-pt\/"]}]},{"@type":"BreadcrumbList","@id":"https:\/\/www.usedsoft.com\/i\/pt-pt\/#breadcrumb","itemListElement":[{"@type":"ListItem","position":1,"name":"Startseite","item":"https:\/\/www.usedsoft.com\/i\/pt-pt\/"},{"@type":"ListItem","position":2,"name":"Coisas a saber"}]},{"@type":"WebSite","@id":"https:\/\/www.usedsoft.com\/i\/#website","url":"https:\/\/www.usedsoft.com\/i\/","name":"usedSoft","description":"","potentialAction":[{"@type":"SearchAction","target":{"@type":"EntryPoint","urlTemplate":"https:\/\/www.usedsoft.com\/i\/?s={search_term_string}"},"query-input":"required name=search_term_string"}],"inLanguage":"pt-PT"}]}},"_links":{"self":[{"href":"https:\/\/www.usedsoft.com\/i\/pt-pt\/wp-json\/wp\/v2\/pages\/7400","targetHints":{"allow":["GET"]}}],"collection":[{"href":"https:\/\/www.usedsoft.com\/i\/pt-pt\/wp-json\/wp\/v2\/pages"}],"about":[{"href":"https:\/\/www.usedsoft.com\/i\/pt-pt\/wp-json\/wp\/v2\/types\/page"}],"author":[{"embeddable":true,"href":"https:\/\/www.usedsoft.com\/i\/pt-pt\/wp-json\/wp\/v2\/users\/1"}],"replies":[{"embeddable":true,"href":"https:\/\/www.usedsoft.com\/i\/pt-pt\/wp-json\/wp\/v2\/comments?post=7400"}],"version-history":[{"count":7,"href":"https:\/\/www.usedsoft.com\/i\/pt-pt\/wp-json\/wp\/v2\/pages\/7400\/revisions"}],"predecessor-version":[{"id":9816,"href":"https:\/\/www.usedsoft.com\/i\/pt-pt\/wp-json\/wp\/v2\/pages\/7400\/revisions\/9816"}],"wp:attachment":[{"href":"https:\/\/www.usedsoft.com\/i\/pt-pt\/wp-json\/wp\/v2\/media?parent=7400"}],"curies":[{"name":"wp","href":"https:\/\/api.w.org\/{rel}","templated":true}]}}