{"id":7390,"date":"2022-08-31T13:07:55","date_gmt":"2022-08-31T11:07:55","guid":{"rendered":"https:\/\/www.usedsoft.com\/i\/ueber-usedsoft\/"},"modified":"2026-03-04T16:33:29","modified_gmt":"2026-03-04T15:33:29","slug":"sobre-a-usedsoft-2","status":"publish","type":"page","link":"https:\/\/www.usedsoft.com\/i\/pt-pt\/sobre-a-usedsoft-2\/","title":{"rendered":"Sobre a usedSoft"},"content":{"rendered":"<p>[vc_section el_class=&#8221;introBlock&#8221;][vc_row][vc_column][vc_single_image image=&#8221;5751&#8243; img_size=&#8221;600&#215;600&#8243; alignment=&#8221;center&#8221;][vc_column_text]<\/p>\n<h1 style=\"text-align: left;\">usedSoft: O seu pioneiro de software usado de confian\u00e7a<\/h1>\n<p>Com a usedSoft pode poupar muito dinheiro na compra de software. Oferecemos licen\u00e7as usadas que s\u00e3o at\u00e9 70% mais baratas do que comprar novas. E o melhor de tudo: como o software n\u00e3o se desgasta, a qualidade \u00e9 igual \u00e0 do novo. Fomos o primeiro fornecedor B2B na Europa a lan\u00e7ar a nossa ideia de neg\u00f3cio para licen\u00e7as de software em segunda m\u00e3o em 2003. Actualmente, n\u00e3o s\u00f3 somos um dos principais fornecedores europeus, como tamb\u00e9m temos uma loja online premiada.<\/p>\n<p>Combinamos o com\u00e9rcio electr\u00f3nico moderno com as vendas cl\u00e1ssicas. Isto permite-nos estar presentes para os nossos clientes da forma que mais lhes conv\u00e9m. A nossa filosofia? Pre\u00e7os atractivos, processamento profissional e simples, melhor servi\u00e7o, entrega r\u00e1pida e fiabilidade absoluta. Com estes valores, j\u00e1 convencemos cerca de 17.500 clientes! Os compradores de software usado s\u00e3o empresas de todas as dimens\u00f5es, autoridades p\u00fablicas e institui\u00e7\u00f5es p\u00fablicas, mas tamb\u00e9m comerciantes de software e casas de sistemas.[\/vc_column_text][vc_row_inner equal_height=&#8221;yes&#8221; el_class=&#8221;whiteboxes&#8221;][vc_column_inner width=&#8221;1\/3&#8243;]<div class=\"text-center\"><img decoding=\"async\" src=\"https:\/\/www.usedsoft.com\/i\/wp-content\/themes\/usedsoft\/svg\/pioneer.svg\"><\/div>[vc_column_text]<\/p>\n<h3 style=\"text-align: center;\">Software usado desde 2003<\/h3>\n<p style=\"text-align: center;\">A usedSoft \u00e9 pioneira no sector do software usado e levou a ideia de neg\u00f3cio \u00e0 maturidade do mercado na Europa. N\u00e3o \u00e9 de admirar que a nossa equipa saiba o que fazer. Se tiver alguma quest\u00e3o, teremos todo o gosto em ajud\u00e1-lo<\/p>\n<p>[\/vc_column_text]<div class='usButton '><a href=\"https:\/\/www.usedsoft.com\/i\/pt-pt\/team\/\" class='btn btn-primary mb-3' target=\"\" rel=\"\">Para a Equipa<\/a><\/div>[\/vc_column_inner][vc_column_inner width=&#8221;1\/3&#8243;]<div class=\"text-center\"><img decoding=\"async\" src=\"https:\/\/www.usedsoft.com\/i\/wp-content\/themes\/usedsoft\/svg\/excellent.svg\"><\/div>[vc_column_text]<\/p>\n<h3 style=\"text-align: center;\">Loja online premiada<\/h3>\n<p style=\"text-align: center;\">A nossa loja online para clientes B2B \u00e9 testada pela EHI, tem certifica\u00e7\u00e3o ISO e foi galardoada com o pr\u00e9mio &#8220;As melhores lojas online da Alemanha&#8221; na categoria &#8220;Software B2B&#8221; pela revista especializada em TI &#8220;manage it&#8221;.<\/p>\n<p>[\/vc_column_text]<div class='usButton '><a href=\"https:\/\/www.usedsoft.com\/\" class='btn btn-primary mb-3' target=\"\" rel=\"\">Comprar licen\u00e7as<\/a><\/div>[\/vc_column_inner][\/vc_row_inner][\/vc_column][\/vc_row][\/vc_section][vc_section][vc_row][vc_column][vc_text_separator title=&#8221;Uma selec\u00e7\u00e3o dos nossos clientes&#8221; title_align=&#8221;separator_align_left&#8221;]<div class=\"slider row my-5 align-items-center\">\r\n        \r\n    <a href=\"https:\/\/www.usedsoft.com\/i\/referenzen\/\" class=\"col-6 col-md-3 mb-3\">\r\n                    <img decoding=\"async\" class=\"img-fluid\" src=\"https:\/\/www.usedsoft.com\/i\/wp-content\/uploads\/2022\/06\/Kaerntner_Flughafen-214x300.jpg\" class=\"card-img-top\" alt=\"K\u00e4rntner Flughafen Betriebsgesellschaft mbH\">\r\n            <\/a>\r\n\r\n        \r\n    <a href=\"https:\/\/www.usedsoft.com\/i\/referenzen\/\" class=\"col-6 col-md-3 mb-3\">\r\n                    <img decoding=\"async\" class=\"img-fluid\" src=\"https:\/\/www.usedsoft.com\/i\/wp-content\/uploads\/2022\/06\/Segafredo.png\" class=\"card-img-top\" alt=\"Segafredo Deutschland GmbH\">\r\n            <\/a>\r\n\r\n        \r\n    <a href=\"https:\/\/www.usedsoft.com\/i\/referenzen\/\" class=\"col-6 col-md-3 mb-3\">\r\n                    <img decoding=\"async\" class=\"img-fluid\" src=\"https:\/\/www.usedsoft.com\/i\/wp-content\/uploads\/2022\/06\/EHI-Retail-Institute.png\" class=\"card-img-top\" alt=\"EHI Retail Institute\">\r\n            <\/a>\r\n\r\n        \r\n    <a href=\"https:\/\/www.usedsoft.com\/i\/referenzen\/\" class=\"col-6 col-md-3 mb-3\">\r\n                    <img decoding=\"async\" class=\"img-fluid\" src=\"https:\/\/www.usedsoft.com\/i\/wp-content\/uploads\/2022\/06\/Bonduelle-300x200.jpg\" class=\"card-img-top\" alt=\"Bonduelle Italia S. R. L.\">\r\n            <\/a>\r\n\r\n        \r\n    <a href=\"https:\/\/www.usedsoft.com\/i\/referenzen\/\" class=\"col-6 col-md-3 mb-3\">\r\n                    <img decoding=\"async\" class=\"img-fluid\" src=\"https:\/\/www.usedsoft.com\/i\/wp-content\/uploads\/2022\/06\/sOliver-300x109.png\" class=\"card-img-top\" alt=\"s.Oliver\">\r\n            <\/a>\r\n\r\n    <\/div>[\/vc_column][\/vc_row][vc_row equal_height=&#8221;yes&#8221; el_id=&#8221;team&#8221;][vc_column width=&#8221;9\/12&#8243;][vc_text_separator title=&#8221;A nossa equipa de gest\u00e3o&#8221; title_align=&#8221;separator_align_left&#8221;][vc_row_inner][vc_column_inner width=&#8221;1\/2&#8243;][vc_single_image image=&#8221;9862&#8243; img_size=&#8221;full&#8221;][\/vc_column_inner][vc_column_inner width=&#8221;1\/2&#8243;][vc_column_text css=&#8221;.vc_custom_1683014563407{margin-top: -10px !important;margin-bottom: 15px !important;}&#8221;]<strong>Johannes J\u00e4ger<br \/>\n<\/strong>Director Geral, usedSoft Deutschland GmbH<\/p>\n<p>Johannes J\u00e4ger tem muitos anos de experi\u00eancia internacional em gest\u00e3o e vendas. Antes de se tornar Director-Geral da usedSoft, foi Director Comercial e T\u00e9cnico de Vendas na Schniewindt GmbH &amp; Co. KG, o principal fabricante de tecnologia de aquecimento el\u00e9ctrico. A\u00ed, foi respons\u00e1vel, entre outras coisas, pela orienta\u00e7\u00e3o estrat\u00e9gica das vendas, pelo desenvolvimento da rede de vendas e pelo desenvolvimento de novos mercados de vendas, bem como de uma loja online. Anteriormente, J\u00e4ger trabalhou para a Schniewindt como Director Geral da unidade chinesa em Xangai. J\u00e4ger estudou engenharia e tem tamb\u00e9m um MBA em administra\u00e7\u00e3o de empresas.[\/vc_column_text][\/vc_column_inner][\/vc_row_inner][\/vc_column][vc_column width=&#8221;3\/12&#8243; el_class=&#8221;sticky&#8221;][vc_column_text el_class=&#8221;infobox sticky&#8221;]<\/p>\n<h4>Junte-se \u00e0 equipa da usedSoft!<\/h4>\n<p>Estamos sempre \u00e0 procura de colegas motivados que queiram contribuir com as suas compet\u00eancias e ideias para a nossa equipa. Especialmente os profissionais de vendas que queiram crescer connosco s\u00e3o sempre bem-vindos.<\/p>\n<p>Todas as informa\u00e7\u00f5es e vagas actuais podem ser encontradas na nossa p\u00e1gina de carreiras.[\/vc_column_text][vc_raw_html]JTNDYSUyMGNsYXNzJTNEJTIyY29va2llY29uc2VudC1vcHRpbi1tYXJrZXRpbmclMjIlMjBocmVmJTNEJTIyaHR0cHMlM0ElMkYlMkZrdW51bnUuY29tJTJGZGUlMkZ1c2Vkc29mdC1kZXV0c2NobGFuZDElM0Z1dG1fbWVkaXVtJTNEYWZmaWxpYXRlJTI2dXRtX3NvdXJjZSUzRHdpZGdldCUyNnV0bV9jb250ZW50JTNEd2lkZ2V0X2ljb25fc2NvcmVfbG9nb19zbWFsbCUyNnJmciUzRGFmZmlsaWF0ZV93aWRnZXQlMjAlMjIlMjByZWwlM0QlMjJub2ZvbGxvdyUyMG5vb3BlbmVyJTIyJTIwdGFyZ2V0JTNEJTIyX2JsYW5rJTIyJTNFJTNDaW1nJTIwYWx0JTNEJTIya3VudW51JTIwd2lkZ2V0JTIyJTIwc3JjJTNEJTIyaHR0cHMlM0ElMkYlMkZ3aWRnZXRzLmt1bnVudS5jb20lMkZ3aWRnZXRfaWNvbl9zY29yZV9sb2dvX3NtYWxsJTJGcHJvZmlsZXMlMkY4NDNiOWYzOC1iMzdjLTRkM2YtYjExZi0xOTdkYTU4NDgwZTQlMjIlMjAlMkYlM0UlM0MlMkZhJTNF[\/vc_raw_html][\/vc_column][\/vc_row][\/vc_section][vc_section][vc_row][vc_column]<\/div><\/div><\/div><\/div><\/div>\r\n<div id=\"linkBanner\" class=\"container-fluid bg-primary mb-5\">\r\n    <div class=\"container\">\r\n        <div class=\"row my-5\">\r\n            <div class=\"col my-3\">\r\n                <div class=\"inner h-100\">\r\n                    <h3>Comprar licen\u00e7as<\/h3>\r\n\r\n                    <a href=\"\/pt\" class=\"btn btn-white mt-5\">mais informa\u00e7\u00f5es<\/a>\r\n                <\/div>\r\n            <\/div>\r\n            <div class=\"col my-3\">\r\n                <div class=\"inner h-100\">\r\n                    <h3>Vender licen\u00e7as<\/h3>\r\n\r\n                    <a href=\"\/pt\/Lizenzen-verkaufen\/\" class=\"btn btn-white mt-5\">mais informa\u00e7\u00f5es<\/a>\r\n                <\/div>\r\n            <\/div>\r\n            <div class=\"col my-3\">\r\n                <div class=\"inner h-100\">\r\n                    <h3>Oferta especial<\/h3>\r\n                    <a href=\"\/pt\/Oferta-especial\/\" class=\"btn btn-white mt-5\">mais informa\u00e7\u00f5es<\/a>\r\n                <\/div>\r\n            <\/div>\r\n        <\/div>\r\n    <\/div>\r\n\r\n<\/div>\r\n<div class=\"container\"><div><div><div><div>\r\n\r\n\r\n[\/vc_column][\/vc_row][\/vc_section]<\/p>\n","protected":false},"excerpt":{"rendered":"<p>[vc_section el_class=&#8221;introBlock&#8221;][vc_row][vc_column][vc_single_image image=&#8221;5751&#8243; img_size=&#8221;600&#215;600&#8243; alignment=&#8221;center&#8221;][vc_column_text] usedSoft: O seu pioneiro de software usado de confian\u00e7a Com a usedSoft pode poupar muito dinheiro na compra de software. Oferecemos licen\u00e7as usadas que s\u00e3o at\u00e9 70% mais baratas do que comprar novas. E o melhor de tudo: como o software n\u00e3o se desgasta, a qualidade \u00e9 igual \u00e0 do [&hellip;]<\/p>\n","protected":false},"author":5,"featured_media":0,"parent":0,"menu_order":0,"comment_status":"closed","ping_status":"closed","template":"","meta":{"footnotes":""},"class_list":["post-7390","page","type-page","status-publish","hentry"],"yoast_head":"<!-- This site is optimized with the Yoast SEO plugin v23.3 - https:\/\/yoast.com\/wordpress\/plugins\/seo\/ -->\n<title>Sobre a usedSoft | usedSoft<\/title>\n<meta name=\"description\" content=\"usedSoft ist einer der f\u00fchrenden Anbieter f\u00fcr Gebrauchtsoftware. Das Unternehmen hat den Gebrauchtsoftware-Handel in Europa etabliert.\" \/>\n<meta name=\"robots\" content=\"index, follow, max-snippet:-1, max-image-preview:large, max-video-preview:-1\" \/>\n<link rel=\"canonical\" href=\"https:\/\/www.usedsoft.com\/i\/pt-pt\/sobre-a-usedsoft-2\/\" \/>\n<meta property=\"og:locale\" content=\"pt_PT\" \/>\n<meta property=\"og:type\" content=\"article\" \/>\n<meta property=\"og:title\" content=\"\u00dcber usedSoft\" \/>\n<meta property=\"og:description\" content=\"usedSoft ist einer der f\u00fchrenden Anbieter f\u00fcr Gebrauchtsoftware. Das Unternehmen hat den Gebrauchtsoftware-Handel in Europa etabliert.\" \/>\n<meta property=\"og:url\" content=\"https:\/\/www.usedsoft.com\/i\/pt-pt\/sobre-a-usedsoft-2\/\" \/>\n<meta property=\"og:site_name\" content=\"usedSoft\" \/>\n<meta property=\"article:modified_time\" content=\"2026-03-04T15:33:29+00:00\" \/>\n<meta property=\"og:image\" content=\"https:\/\/www.usedsoft.com\/i\/wp-content\/uploads\/2022\/11\/ueber-uns.jpg\" \/>\n\t<meta property=\"og:image:width\" content=\"600\" \/>\n\t<meta property=\"og:image:height\" content=\"600\" \/>\n\t<meta property=\"og:image:type\" content=\"image\/jpeg\" \/>\n<meta name=\"twitter:card\" content=\"summary_large_image\" \/>\n<meta name=\"twitter:title\" content=\"\u00dcber usedSoft\" \/>\n<meta name=\"twitter:description\" content=\"usedSoft ist einer der f\u00fchrenden Anbieter f\u00fcr Gebrauchtsoftware. Das Unternehmen hat den Gebrauchtsoftware-Handel in Europa etabliert.\" \/>\n<meta name=\"twitter:image\" content=\"https:\/\/www.usedsoft.com\/i\/wp-content\/uploads\/2022\/11\/ueber-uns.jpg\" \/>\n<meta name=\"twitter:label1\" content=\"Tempo estimado de leitura\" \/>\n\t<meta name=\"twitter:data1\" content=\"3 minutos\" \/>\n<script type=\"application\/ld+json\" class=\"yoast-schema-graph\">{\"@context\":\"https:\/\/schema.org\",\"@graph\":[{\"@type\":\"WebPage\",\"@id\":\"https:\/\/www.usedsoft.com\/i\/pt-pt\/sobre-a-usedsoft-2\/\",\"url\":\"https:\/\/www.usedsoft.com\/i\/pt-pt\/sobre-a-usedsoft-2\/\",\"name\":\"Sobre a usedSoft | usedSoft\",\"isPartOf\":{\"@id\":\"https:\/\/www.usedsoft.com\/i\/#website\"},\"datePublished\":\"2022-08-31T11:07:55+00:00\",\"dateModified\":\"2026-03-04T15:33:29+00:00\",\"description\":\"usedSoft ist einer der f\u00fchrenden Anbieter f\u00fcr Gebrauchtsoftware. Das Unternehmen hat den Gebrauchtsoftware-Handel in Europa etabliert.\",\"breadcrumb\":{\"@id\":\"https:\/\/www.usedsoft.com\/i\/pt-pt\/sobre-a-usedsoft-2\/#breadcrumb\"},\"inLanguage\":\"pt-PT\",\"potentialAction\":[{\"@type\":\"ReadAction\",\"target\":[\"https:\/\/www.usedsoft.com\/i\/pt-pt\/sobre-a-usedsoft-2\/\"]}]},{\"@type\":\"BreadcrumbList\",\"@id\":\"https:\/\/www.usedsoft.com\/i\/pt-pt\/sobre-a-usedsoft-2\/#breadcrumb\",\"itemListElement\":[{\"@type\":\"ListItem\",\"position\":1,\"name\":\"Startseite\",\"item\":\"https:\/\/www.usedsoft.com\/i\/pt-pt\/\"},{\"@type\":\"ListItem\",\"position\":2,\"name\":\"Sobre a usedSoft\"}]},{\"@type\":\"WebSite\",\"@id\":\"https:\/\/www.usedsoft.com\/i\/#website\",\"url\":\"https:\/\/www.usedsoft.com\/i\/\",\"name\":\"usedSoft\",\"description\":\"\",\"potentialAction\":[{\"@type\":\"SearchAction\",\"target\":{\"@type\":\"EntryPoint\",\"urlTemplate\":\"https:\/\/www.usedsoft.com\/i\/?s={search_term_string}\"},\"query-input\":\"required name=search_term_string\"}],\"inLanguage\":\"pt-PT\"}]}<\/script>\n<!-- \/ Yoast SEO plugin. -->","yoast_head_json":{"title":"Sobre a usedSoft | usedSoft","description":"usedSoft ist einer der f\u00fchrenden Anbieter f\u00fcr Gebrauchtsoftware. Das Unternehmen hat den Gebrauchtsoftware-Handel in Europa etabliert.","robots":{"index":"index","follow":"follow","max-snippet":"max-snippet:-1","max-image-preview":"max-image-preview:large","max-video-preview":"max-video-preview:-1"},"canonical":"https:\/\/www.usedsoft.com\/i\/pt-pt\/sobre-a-usedsoft-2\/","og_locale":"pt_PT","og_type":"article","og_title":"\u00dcber usedSoft","og_description":"usedSoft ist einer der f\u00fchrenden Anbieter f\u00fcr Gebrauchtsoftware. Das Unternehmen hat den Gebrauchtsoftware-Handel in Europa etabliert.","og_url":"https:\/\/www.usedsoft.com\/i\/pt-pt\/sobre-a-usedsoft-2\/","og_site_name":"usedSoft","article_modified_time":"2026-03-04T15:33:29+00:00","og_image":[{"width":600,"height":600,"url":"https:\/\/www.usedsoft.com\/i\/wp-content\/uploads\/2022\/11\/ueber-uns.jpg","type":"image\/jpeg"}],"twitter_card":"summary_large_image","twitter_title":"\u00dcber usedSoft","twitter_description":"usedSoft ist einer der f\u00fchrenden Anbieter f\u00fcr Gebrauchtsoftware. Das Unternehmen hat den Gebrauchtsoftware-Handel in Europa etabliert.","twitter_image":"https:\/\/www.usedsoft.com\/i\/wp-content\/uploads\/2022\/11\/ueber-uns.jpg","twitter_misc":{"Tempo estimado de leitura":"3 minutos"},"schema":{"@context":"https:\/\/schema.org","@graph":[{"@type":"WebPage","@id":"https:\/\/www.usedsoft.com\/i\/pt-pt\/sobre-a-usedsoft-2\/","url":"https:\/\/www.usedsoft.com\/i\/pt-pt\/sobre-a-usedsoft-2\/","name":"Sobre a usedSoft | usedSoft","isPartOf":{"@id":"https:\/\/www.usedsoft.com\/i\/#website"},"datePublished":"2022-08-31T11:07:55+00:00","dateModified":"2026-03-04T15:33:29+00:00","description":"usedSoft ist einer der f\u00fchrenden Anbieter f\u00fcr Gebrauchtsoftware. Das Unternehmen hat den Gebrauchtsoftware-Handel in Europa etabliert.","breadcrumb":{"@id":"https:\/\/www.usedsoft.com\/i\/pt-pt\/sobre-a-usedsoft-2\/#breadcrumb"},"inLanguage":"pt-PT","potentialAction":[{"@type":"ReadAction","target":["https:\/\/www.usedsoft.com\/i\/pt-pt\/sobre-a-usedsoft-2\/"]}]},{"@type":"BreadcrumbList","@id":"https:\/\/www.usedsoft.com\/i\/pt-pt\/sobre-a-usedsoft-2\/#breadcrumb","itemListElement":[{"@type":"ListItem","position":1,"name":"Startseite","item":"https:\/\/www.usedsoft.com\/i\/pt-pt\/"},{"@type":"ListItem","position":2,"name":"Sobre a usedSoft"}]},{"@type":"WebSite","@id":"https:\/\/www.usedsoft.com\/i\/#website","url":"https:\/\/www.usedsoft.com\/i\/","name":"usedSoft","description":"","potentialAction":[{"@type":"SearchAction","target":{"@type":"EntryPoint","urlTemplate":"https:\/\/www.usedsoft.com\/i\/?s={search_term_string}"},"query-input":"required name=search_term_string"}],"inLanguage":"pt-PT"}]}},"_links":{"self":[{"href":"https:\/\/www.usedsoft.com\/i\/pt-pt\/wp-json\/wp\/v2\/pages\/7390","targetHints":{"allow":["GET"]}}],"collection":[{"href":"https:\/\/www.usedsoft.com\/i\/pt-pt\/wp-json\/wp\/v2\/pages"}],"about":[{"href":"https:\/\/www.usedsoft.com\/i\/pt-pt\/wp-json\/wp\/v2\/types\/page"}],"author":[{"embeddable":true,"href":"https:\/\/www.usedsoft.com\/i\/pt-pt\/wp-json\/wp\/v2\/users\/5"}],"replies":[{"embeddable":true,"href":"https:\/\/www.usedsoft.com\/i\/pt-pt\/wp-json\/wp\/v2\/comments?post=7390"}],"version-history":[{"count":22,"href":"https:\/\/www.usedsoft.com\/i\/pt-pt\/wp-json\/wp\/v2\/pages\/7390\/revisions"}],"predecessor-version":[{"id":12297,"href":"https:\/\/www.usedsoft.com\/i\/pt-pt\/wp-json\/wp\/v2\/pages\/7390\/revisions\/12297"}],"wp:attachment":[{"href":"https:\/\/www.usedsoft.com\/i\/pt-pt\/wp-json\/wp\/v2\/media?parent=7390"}],"curies":[{"name":"wp","href":"https:\/\/api.w.org\/{rel}","templated":true}]}}