{"id":12130,"date":"2025-10-18T02:41:46","date_gmt":"2025-10-18T00:41:46","guid":{"rendered":"https:\/\/www.usedsoft.com\/i\/?page_id=12130"},"modified":"2025-10-18T03:03:06","modified_gmt":"2025-10-18T01:03:06","slug":"acessibilidade","status":"publish","type":"page","link":"https:\/\/www.usedsoft.com\/i\/pt-pt\/acessibilidade\/","title":{"rendered":"Acessibilidade"},"content":{"rendered":"<p>[vc_section][vc_row][vc_column][vc_column_text]<\/p>\n<h1>Declara\u00e7\u00e3o sobre acessibilidade<\/h1>\n<p>A <strong>usedSoft Deutschland GmbH<\/strong> esfor\u00e7a-se por tornar o seu website acess\u00edvel, em conformidade com a <strong>Lei de Refor\u00e7o da Acessibilidade (BFSG)<\/strong> e o <strong>Regulamento sobre Tecnologias da Informa\u00e7\u00e3o Acess\u00edveis (BFSGV)<\/strong>.<\/p>\n<p>Esta declara\u00e7\u00e3o de acessibilidade aplica-se ao website:<br \/>\n<a href=\"https:\/\/www.usedsoft.com\/\">https:\/\/www.usedsoft.com\/<\/a><\/p>\n<h3>Estado de conformidade com os requisitos<\/h3>\n<p>Este site est\u00e1 <strong>parcialmente<\/strong> em conformidade com os requisitos da BFSG. Os conte\u00fados n\u00e3o acess\u00edveis est\u00e3o listados abaixo.<\/p>\n<h3>Conte\u00fados n\u00e3o acess\u00edveis<\/h3>\n<ul>\n<li>Nem todos os gr\u00e1ficos t\u00eam designa\u00e7\u00f5es alternativas e t\u00edtulos.<\/li>\n<li>Nem todas as \u00e1reas cumprem uma rela\u00e7\u00e3o de contraste de 3:1.<\/li>\n<li>Nem todos os campos do formul\u00e1rio t\u00eam um bot\u00e3o Enviar.<\/li>\n<li>Nem todos os elementos clic\u00e1veis t\u00eam um atributo ARIA v\u00e1lido.<\/li>\n<li>Existem elementos com atributos ID duplicados.<\/li>\n<li>Existem \u00edcones ou s\u00edmbolos n\u00e3o funcionais que n\u00e3o s\u00e3o exclu\u00eddos das tecnologias de apoio.<\/li>\n<\/ul>\n<p>Estamos constantemente a trabalhar para melhorar a acessibilidade e planeamos resolver os pontos mencionados at\u00e9 03.09.2028.<\/p>\n<h3>Elabora\u00e7\u00e3o desta declara\u00e7\u00e3o<\/h3>\n<p>Esta declara\u00e7\u00e3o foi elaborada em 3 de setembro de 2025.<br \/>\nA avalia\u00e7\u00e3o baseia-se numa <strong>autoavalia\u00e7\u00e3o<\/strong>.<\/p>\n<h3>Feedback e contacto<\/h3>\n<p>Notou alguma defici\u00eancia no acesso sem barreiras ao conte\u00fado deste site?<br \/>\nEnt\u00e3o, entre em contacto connosco:<\/p>\n<p><strong>Johannes J\u00e4ger<\/strong><br \/>\nE-Mail: <a href=\"mailto:info@usedSoft.com\">info@usedSoft.com<\/a><br \/>\nTelefone: +49 231 9999 1000<br \/>\nEndere\u00e7o: Feldstrasse 40, 44141 Dortmund, Alemanha<\/p>\n<h3>Procedimento de execu\u00e7\u00e3o<\/h3>\n<p>Caso n\u00e3o receba uma resposta satisfat\u00f3ria \u00e0s suas observa\u00e7\u00f5es ou perguntas sobre acessibilidade, pode contactar a autoridade respons\u00e1vel pela execu\u00e7\u00e3o:<\/p>\n<p><strong>\u00d3rg\u00e3o de concilia\u00e7\u00e3o nos termos da Lei sobre a Igualdade das Pessoas com Defici\u00eancia (BGG)<\/strong><br \/>\nJunto do Representante do Governo Federal para os Assuntos das Pessoas com Defici\u00eancia<br \/>\nMauerstra\u00dfe 53, 10117 Berlin, Alemanha<br \/>\nTelefone: +49 30 18 527-2805<br \/>\nE-Mail: <a href=\"mailto:info@schlichtungsstelle-bgg.de\">info@schlichtungsstelle-bgg.de<\/a><br \/>\nWebsite: <a href=\"https:\/\/www.schlichtungsstelle-bgg.de\">www.schlichtungsstelle-bgg.de<\/a><br \/>\n[\/vc_column_text][\/vc_column][\/vc_row][\/vc_section]<\/p>\n","protected":false},"excerpt":{"rendered":"<p>[vc_section][vc_row][vc_column][vc_column_text] Declara\u00e7\u00e3o sobre acessibilidade A usedSoft Deutschland GmbH esfor\u00e7a-se por tornar o seu website acess\u00edvel, em conformidade com a Lei de Refor\u00e7o da Acessibilidade (BFSG) e o Regulamento sobre Tecnologias da Informa\u00e7\u00e3o Acess\u00edveis (BFSGV). Esta declara\u00e7\u00e3o de acessibilidade aplica-se ao website: https:\/\/www.usedsoft.com\/ Estado de conformidade com os requisitos Este site est\u00e1 parcialmente em conformidade com [&hellip;]<\/p>\n","protected":false},"author":1,"featured_media":0,"parent":0,"menu_order":0,"comment_status":"closed","ping_status":"closed","template":"","meta":{"footnotes":""},"class_list":["post-12130","page","type-page","status-publish","hentry"],"yoast_head":"<!-- This site is optimized with the Yoast SEO plugin v23.3 - https:\/\/yoast.com\/wordpress\/plugins\/seo\/ -->\n<title>Acessibilidade | usedSoft<\/title>\n<meta name=\"robots\" content=\"index, follow, max-snippet:-1, max-image-preview:large, max-video-preview:-1\" \/>\n<link rel=\"canonical\" href=\"https:\/\/www.usedsoft.com\/i\/pt-pt\/acessibilidade\/\" \/>\n<meta property=\"og:locale\" content=\"pt_PT\" \/>\n<meta property=\"og:type\" content=\"article\" \/>\n<meta property=\"og:title\" content=\"Acessibilidade | usedSoft\" \/>\n<meta property=\"og:description\" content=\"[vc_section][vc_row][vc_column][vc_column_text] Declara\u00e7\u00e3o sobre acessibilidade A usedSoft Deutschland GmbH esfor\u00e7a-se por tornar o seu website acess\u00edvel, em conformidade com a Lei de Refor\u00e7o da Acessibilidade (BFSG) e o Regulamento sobre Tecnologias da Informa\u00e7\u00e3o Acess\u00edveis (BFSGV). Esta declara\u00e7\u00e3o de acessibilidade aplica-se ao website: https:\/\/www.usedsoft.com\/ Estado de conformidade com os requisitos Este site est\u00e1 parcialmente em conformidade com [&hellip;]\" \/>\n<meta property=\"og:url\" content=\"https:\/\/www.usedsoft.com\/i\/pt-pt\/acessibilidade\/\" \/>\n<meta property=\"og:site_name\" content=\"usedSoft\" \/>\n<meta property=\"article:modified_time\" content=\"2025-10-18T01:03:06+00:00\" \/>\n<meta name=\"twitter:card\" content=\"summary_large_image\" \/>\n<meta name=\"twitter:label1\" content=\"Tempo estimado de leitura\" \/>\n\t<meta name=\"twitter:data1\" content=\"2 minutos\" \/>\n<script type=\"application\/ld+json\" class=\"yoast-schema-graph\">{\"@context\":\"https:\/\/schema.org\",\"@graph\":[{\"@type\":\"WebPage\",\"@id\":\"https:\/\/www.usedsoft.com\/i\/pt-pt\/acessibilidade\/\",\"url\":\"https:\/\/www.usedsoft.com\/i\/pt-pt\/acessibilidade\/\",\"name\":\"Acessibilidade | usedSoft\",\"isPartOf\":{\"@id\":\"https:\/\/www.usedsoft.com\/i\/#website\"},\"datePublished\":\"2025-10-18T00:41:46+00:00\",\"dateModified\":\"2025-10-18T01:03:06+00:00\",\"breadcrumb\":{\"@id\":\"https:\/\/www.usedsoft.com\/i\/pt-pt\/acessibilidade\/#breadcrumb\"},\"inLanguage\":\"pt-PT\",\"potentialAction\":[{\"@type\":\"ReadAction\",\"target\":[\"https:\/\/www.usedsoft.com\/i\/pt-pt\/acessibilidade\/\"]}]},{\"@type\":\"BreadcrumbList\",\"@id\":\"https:\/\/www.usedsoft.com\/i\/pt-pt\/acessibilidade\/#breadcrumb\",\"itemListElement\":[{\"@type\":\"ListItem\",\"position\":1,\"name\":\"Startseite\",\"item\":\"https:\/\/www.usedsoft.com\/i\/pt-pt\/\"},{\"@type\":\"ListItem\",\"position\":2,\"name\":\"Acessibilidade\"}]},{\"@type\":\"WebSite\",\"@id\":\"https:\/\/www.usedsoft.com\/i\/#website\",\"url\":\"https:\/\/www.usedsoft.com\/i\/\",\"name\":\"usedSoft\",\"description\":\"\",\"potentialAction\":[{\"@type\":\"SearchAction\",\"target\":{\"@type\":\"EntryPoint\",\"urlTemplate\":\"https:\/\/www.usedsoft.com\/i\/?s={search_term_string}\"},\"query-input\":\"required name=search_term_string\"}],\"inLanguage\":\"pt-PT\"}]}<\/script>\n<!-- \/ Yoast SEO plugin. -->","yoast_head_json":{"title":"Acessibilidade | usedSoft","robots":{"index":"index","follow":"follow","max-snippet":"max-snippet:-1","max-image-preview":"max-image-preview:large","max-video-preview":"max-video-preview:-1"},"canonical":"https:\/\/www.usedsoft.com\/i\/pt-pt\/acessibilidade\/","og_locale":"pt_PT","og_type":"article","og_title":"Acessibilidade | usedSoft","og_description":"[vc_section][vc_row][vc_column][vc_column_text] Declara\u00e7\u00e3o sobre acessibilidade A usedSoft Deutschland GmbH esfor\u00e7a-se por tornar o seu website acess\u00edvel, em conformidade com a Lei de Refor\u00e7o da Acessibilidade (BFSG) e o Regulamento sobre Tecnologias da Informa\u00e7\u00e3o Acess\u00edveis (BFSGV). Esta declara\u00e7\u00e3o de acessibilidade aplica-se ao website: https:\/\/www.usedsoft.com\/ Estado de conformidade com os requisitos Este site est\u00e1 parcialmente em conformidade com [&hellip;]","og_url":"https:\/\/www.usedsoft.com\/i\/pt-pt\/acessibilidade\/","og_site_name":"usedSoft","article_modified_time":"2025-10-18T01:03:06+00:00","twitter_card":"summary_large_image","twitter_misc":{"Tempo estimado de leitura":"2 minutos"},"schema":{"@context":"https:\/\/schema.org","@graph":[{"@type":"WebPage","@id":"https:\/\/www.usedsoft.com\/i\/pt-pt\/acessibilidade\/","url":"https:\/\/www.usedsoft.com\/i\/pt-pt\/acessibilidade\/","name":"Acessibilidade | usedSoft","isPartOf":{"@id":"https:\/\/www.usedsoft.com\/i\/#website"},"datePublished":"2025-10-18T00:41:46+00:00","dateModified":"2025-10-18T01:03:06+00:00","breadcrumb":{"@id":"https:\/\/www.usedsoft.com\/i\/pt-pt\/acessibilidade\/#breadcrumb"},"inLanguage":"pt-PT","potentialAction":[{"@type":"ReadAction","target":["https:\/\/www.usedsoft.com\/i\/pt-pt\/acessibilidade\/"]}]},{"@type":"BreadcrumbList","@id":"https:\/\/www.usedsoft.com\/i\/pt-pt\/acessibilidade\/#breadcrumb","itemListElement":[{"@type":"ListItem","position":1,"name":"Startseite","item":"https:\/\/www.usedsoft.com\/i\/pt-pt\/"},{"@type":"ListItem","position":2,"name":"Acessibilidade"}]},{"@type":"WebSite","@id":"https:\/\/www.usedsoft.com\/i\/#website","url":"https:\/\/www.usedsoft.com\/i\/","name":"usedSoft","description":"","potentialAction":[{"@type":"SearchAction","target":{"@type":"EntryPoint","urlTemplate":"https:\/\/www.usedsoft.com\/i\/?s={search_term_string}"},"query-input":"required name=search_term_string"}],"inLanguage":"pt-PT"}]}},"_links":{"self":[{"href":"https:\/\/www.usedsoft.com\/i\/pt-pt\/wp-json\/wp\/v2\/pages\/12130","targetHints":{"allow":["GET"]}}],"collection":[{"href":"https:\/\/www.usedsoft.com\/i\/pt-pt\/wp-json\/wp\/v2\/pages"}],"about":[{"href":"https:\/\/www.usedsoft.com\/i\/pt-pt\/wp-json\/wp\/v2\/types\/page"}],"author":[{"embeddable":true,"href":"https:\/\/www.usedsoft.com\/i\/pt-pt\/wp-json\/wp\/v2\/users\/1"}],"replies":[{"embeddable":true,"href":"https:\/\/www.usedsoft.com\/i\/pt-pt\/wp-json\/wp\/v2\/comments?post=12130"}],"version-history":[{"count":2,"href":"https:\/\/www.usedsoft.com\/i\/pt-pt\/wp-json\/wp\/v2\/pages\/12130\/revisions"}],"predecessor-version":[{"id":12132,"href":"https:\/\/www.usedsoft.com\/i\/pt-pt\/wp-json\/wp\/v2\/pages\/12130\/revisions\/12132"}],"wp:attachment":[{"href":"https:\/\/www.usedsoft.com\/i\/pt-pt\/wp-json\/wp\/v2\/media?parent=12130"}],"curies":[{"name":"wp","href":"https:\/\/api.w.org\/{rel}","templated":true}]}}