{"id":5231,"date":"2022-08-31T13:07:55","date_gmt":"2022-08-31T11:07:55","guid":{"rendered":"https:\/\/usedsoft.dev.bitdivision.de\/i\/ueber-uns\/"},"modified":"2026-03-04T16:33:16","modified_gmt":"2026-03-04T15:33:16","slug":"chi-siamo","status":"publish","type":"page","link":"https:\/\/www.usedsoft.com\/i\/it\/chi-siamo\/","title":{"rendered":"Chi siamo"},"content":{"rendered":"<p>[vc_section el_class=&#8221;introBlock&#8221;][vc_row][vc_column][vc_single_image image=&#8221;5754&#8243; img_size=&#8221;600&#215;600&#8243; alignment=&#8221;center&#8221;][vc_column_text]<\/p>\n<h1 style=\"text-align: left;\">usedSoft: il vostro affidabile pioniere del software usato<\/h1>\n<p>Con usedSoft potete davvero risparmiare sull&#8217;acquisto di software. Offriamo licenze usate che sono fino al 70% pi\u00f9 economiche rispetto all&#8217;acquisto di quelle nuove. E la cosa migliore \u00e8 che, poich\u00e9 il software non si usura, la qualit\u00e0 dell&#8217;usato \u00e8 la stessa del nuovo. Nel 2003 siamo stati il primo fornitore B2B in Europa a lanciare la nostra idea commerciale di licenze software usate. Oggi non solo siamo uno dei pi\u00f9 importanti fornitori europei, ma abbiamo anche un negozio online pluripremiato.<\/p>\n<p>La nostra filosofia? Prezzi attraenti, gestione professionale e semplice, servizio impeccabile, consegna rapida e assoluta affidabilit\u00e0. Con questi valori abbiamo gi\u00e0 convinto pi\u00f9 di 17.500 clienti!\u00a0Gli acquirenti di software usato sono aziende di tutte le dimensioni, enti pubblici e istituzioni pubbliche, ma anche rivenditori di software e system house. Le nostre referenze parlano per s\u00e9![\/vc_column_text][vc_row_inner equal_height=&#8221;yes&#8221; el_class=&#8221;whiteboxes&#8221;][vc_column_inner width=&#8221;1\/3&#8243;]<div class=\"text-center\"><img decoding=\"async\" src=\"https:\/\/www.usedsoft.com\/i\/wp-content\/themes\/usedsoft\/svg\/pioneer.svg\"><\/div>[vc_column_text]<\/p>\n<h3 style=\"text-align: center;\"><strong>Software usato dal 2003<\/strong><\/h3>\n<p style=\"text-align: center;\">usedSoft \u00e8 il pioniere del software usato e ha portato l\u2019idea commerciale alla maturit\u00e0 del mercato in Europa. Non c&#8217;\u00e8 da stupirsi che il nostro team se ne intenda. Se avete domande, saremo lieti di aiutarvi.<\/p>\n<p>[\/vc_column_text]<div class='usButton '><a href=\"https:\/\/www.usedsoft.com\/i\/it\/team\/\" class='btn btn-primary mb-3' target=\"\" rel=\"\">Al team di esperti<\/a><\/div>[\/vc_column_inner][vc_column_inner width=&#8221;1\/3&#8243;]<div class=\"text-center\"><img decoding=\"async\" src=\"https:\/\/www.usedsoft.com\/i\/wp-content\/themes\/usedsoft\/svg\/excellent.svg\"><\/div>[vc_column_text]<\/p>\n<h3 style=\"text-align: center;\"><strong>Premiato negozio online<\/strong><\/h3>\n<p style=\"text-align: center;\">Il nostro negozio online per i clienti B2B \u00e8 verificato dall\u2019EHI Retail Institute, certificato ISO e premiato come &#8220;miglior negozio online della Germania&#8221; nella categoria &#8220;software B2B&#8221; dalla rivista specializzata \u201cmanage it\u201d. I criteri sono stati la chiarezza, i prezzi e la facilit\u00e0 di gestione dei processi.<\/p>\n<p>[\/vc_column_text]<div class='usButton '><a href=\"https:\/\/www.usedsoft.com\/index.php?cl=start&lang=3\" class='btn btn-primary mb-3' target=\"\" rel=\"\">Comprare licenze<\/a><\/div>[\/vc_column_inner][vc_column_inner width=&#8221;1\/3&#8243;]<div class=\"text-center\"><img decoding=\"async\" src=\"https:\/\/www.usedsoft.com\/i\/wp-content\/themes\/usedsoft\/svg\/clients.svg\"><\/div>[vc_column_text]<\/p>\n<h3 style=\"text-align: center;\"><strong>Clienti convinti<\/strong><\/h3>\n<p style=\"text-align: center;\">Aziende, autorit\u00e0, rivenditori: i clienti soddisfatti di usedSoft provengono da quasi tutti i settori. Le nostre referenze parlano per s\u00e9!<\/p>\n<p>[\/vc_column_text]<div class='usButton '><a href=\"https:\/\/www.usedsoft.com\/i\/it\/referenze\/\" class='btn btn-primary mb-3' target=\"\" rel=\"\">Alle referenze<\/a><\/div>[\/vc_column_inner][\/vc_row_inner][\/vc_column][\/vc_row][\/vc_section][vc_section][vc_row][vc_column][vc_text_separator title=&#8221;Una selezione dei nostri clienti&#8221; title_align=&#8221;separator_align_left&#8221;]<div class=\"slider row my-5 align-items-center\">\r\n        \r\n    <a href=\"https:\/\/www.usedsoft.com\/i\/it\/referenze\/\" class=\"col-6 col-md-3 mb-3\">\r\n                    <img decoding=\"async\" class=\"img-fluid\" src=\"https:\/\/www.usedsoft.com\/i\/wp-content\/uploads\/2022\/06\/Pace-e-Sviluppo-245x300.png\" class=\"card-img-top\" alt=\"Pace e Sviluppo Societ\u00e0 Cooperativa Sociale\">\r\n            <\/a>\r\n\r\n        \r\n    <a href=\"https:\/\/www.usedsoft.com\/i\/it\/referenze\/\" class=\"col-6 col-md-3 mb-3\">\r\n                    <img decoding=\"async\" class=\"img-fluid\" src=\"https:\/\/www.usedsoft.com\/i\/wp-content\/uploads\/2022\/06\/MIDI-Europe-300x75.jpg\" class=\"card-img-top\" alt=\"Midi Europe - ISUZU\">\r\n            <\/a>\r\n\r\n        \r\n    <a href=\"https:\/\/www.usedsoft.com\/i\/it\/referenze\/\" class=\"col-6 col-md-3 mb-3\">\r\n                    <img decoding=\"async\" class=\"img-fluid\" src=\"https:\/\/www.usedsoft.com\/i\/wp-content\/uploads\/2022\/06\/Kaerntner_Flughafen-214x300.jpg\" class=\"card-img-top\" alt=\"K\u00e4rntner Flughafen Betriebsgesellschaft mbH\">\r\n            <\/a>\r\n\r\n        \r\n    <a href=\"https:\/\/www.usedsoft.com\/i\/it\/referenze\/\" class=\"col-6 col-md-3 mb-3\">\r\n                    <img decoding=\"async\" class=\"img-fluid\" src=\"https:\/\/www.usedsoft.com\/i\/wp-content\/uploads\/2022\/06\/Bresser-300x70.png\" class=\"card-img-top\" alt=\"Bresser GmbH\">\r\n            <\/a>\r\n\r\n        \r\n    <a href=\"https:\/\/www.usedsoft.com\/i\/it\/referenze\/\" class=\"col-6 col-md-3 mb-3\">\r\n                    <img decoding=\"async\" class=\"img-fluid\" src=\"https:\/\/www.usedsoft.com\/i\/wp-content\/uploads\/2022\/06\/Cavagna-300x228.png\" class=\"card-img-top\" alt=\"Cavagna Group\">\r\n            <\/a>\r\n\r\n        \r\n    <a href=\"https:\/\/www.usedsoft.com\/i\/it\/referenze\/\" class=\"col-6 col-md-3 mb-3\">\r\n                    <img decoding=\"async\" class=\"img-fluid\" src=\"https:\/\/www.usedsoft.com\/i\/wp-content\/uploads\/2022\/06\/Erzdioezese-Salzburg.png\" class=\"card-img-top\" alt=\"Arcidiocesi di Salisburgo\">\r\n            <\/a>\r\n\r\n        \r\n    <a href=\"https:\/\/www.usedsoft.com\/i\/it\/referenze\/\" class=\"col-6 col-md-3 mb-3\">\r\n                    <img decoding=\"async\" class=\"img-fluid\" src=\"https:\/\/www.usedsoft.com\/i\/wp-content\/uploads\/2022\/06\/Segafredo.png\" class=\"card-img-top\" alt=\"Segafredo Deutschland GmbH\">\r\n            <\/a>\r\n\r\n        \r\n    <a href=\"https:\/\/www.usedsoft.com\/i\/it\/referenze\/\" class=\"col-6 col-md-3 mb-3\">\r\n                    <img decoding=\"async\" class=\"img-fluid\" src=\"https:\/\/www.usedsoft.com\/i\/wp-content\/uploads\/2022\/06\/sOliver-300x109.png\" class=\"card-img-top\" alt=\"s.Oliver\">\r\n            <\/a>\r\n\r\n        \r\n    <a href=\"https:\/\/www.usedsoft.com\/i\/it\/referenze\/\" class=\"col-6 col-md-3 mb-3\">\r\n                    <img decoding=\"async\" class=\"img-fluid\" src=\"https:\/\/www.usedsoft.com\/i\/wp-content\/uploads\/2022\/06\/Bonduelle-300x200.jpg\" class=\"card-img-top\" alt=\"Bonduelle Italia S. R. L.\">\r\n            <\/a>\r\n\r\n        \r\n    <a href=\"https:\/\/www.usedsoft.com\/i\/it\/referenze\/\" class=\"col-6 col-md-3 mb-3\">\r\n                    <img decoding=\"async\" class=\"img-fluid\" src=\"https:\/\/www.usedsoft.com\/i\/wp-content\/uploads\/2022\/06\/Gral.jpg\" class=\"card-img-top\" alt=\"Gral Italia S.r.l.\">\r\n            <\/a>\r\n\r\n    <\/div>[\/vc_column][\/vc_row][vc_row equal_height=&#8221;yes&#8221;][vc_column width=&#8221;9\/12&#8243;][vc_text_separator title=&#8221;Il nostro management&#8221; title_align=&#8221;separator_align_left&#8221;][vc_row_inner][vc_column_inner width=&#8221;1\/2&#8243;][vc_single_image image=&#8221;9861&#8243; img_size=&#8221;full&#8221;][\/vc_column_inner][vc_column_inner width=&#8221;1\/2&#8243;][vc_column_text css=&#8221;.vc_custom_1667840399239{margin-top: -10px !important;margin-bottom: 15px !important;}&#8221;]<strong>Johannes J\u00e4ger<br \/>\n<\/strong>Direttore Generale, usedSoft Deutschland GmbH<\/p>\n<p>Johannes J\u00e4ger vanta una lunga esperienza internazionale nel campo della gestione e delle vendite. Prima di diventare direttore generale di usedSoft, \u00e8 stato responsabile commerciale e tecnico delle vendite presso Schniewindt GmbH &amp; Co.KG, produttore leader di tecnologie per il riscaldamento elettrico. Tra le altre cose, \u00e8 stato responsabile dell\u2019orientamento strategico delle vendite, dello sviluppo della rete di vendita e dello sviluppo di nuovi mercati di vendita e di un negozio online. In precedenza, J\u00e4ger ha lavorato per Schniewindt come Direttore Generale della sede cinese di Shanghai. J\u00e4ger ha studiato ingegneria e ha conseguito un MBA in amministrazione aziendale.[\/vc_column_text][\/vc_column_inner][\/vc_row_inner][\/vc_column][vc_column width=&#8221;3\/12&#8243; el_class=&#8221;sticky&#8221;][vc_column_text el_class=&#8221;infobox sticky&#8221;]<\/p>\n<h4>Vieni nel team di usedSoft!<\/h4>\n<p>Siamo sempre alla ricerca di colleghi motivati che vogliano contribuire con le loro competenze e idee al nostro team. Soprattutto i professionisti delle vendite che vogliono crescere con noi sono sempre i benvenuti.<\/p>\n<p>Tutte le informazioni sulle attuali annunci di lavoro sono disponibili alla pagina <a href=\"https:\/\/www.usedsoft.com\/i\/it\/lavora-con-noi\/\">Lavora con noi<\/a>.[\/vc_column_text][vc_raw_html]JTNDYSUyMGNsYXNzJTNEJTIyY29va2llY29uc2VudC1vcHRpbi1tYXJrZXRpbmclMjIlMjBocmVmJTNEJTIyaHR0cHMlM0ElMkYlMkZrdW51bnUuY29tJTJGZGUlMkZ1c2Vkc29mdC1kZXV0c2NobGFuZDElM0Z1dG1fbWVkaXVtJTNEYWZmaWxpYXRlJTI2dXRtX3NvdXJjZSUzRHdpZGdldCUyNnV0bV9jb250ZW50JTNEd2lkZ2V0X2ljb25fc2NvcmVfbG9nb19zbWFsbCUyNnJmciUzRGFmZmlsaWF0ZV93aWRnZXQlMjAlMjIlMjByZWwlM0QlMjJub2ZvbGxvdyUyMG5vb3BlbmVyJTIyJTIwdGFyZ2V0JTNEJTIyX2JsYW5rJTIyJTNFJTNDaW1nJTIwYWx0JTNEJTIya3VudW51JTIwd2lkZ2V0JTIyJTIwc3JjJTNEJTIyaHR0cHMlM0ElMkYlMkZ3aWRnZXRzLmt1bnVudS5jb20lMkZ3aWRnZXRfaWNvbl9zY29yZV9sb2dvX3NtYWxsJTJGcHJvZmlsZXMlMkY4NDNiOWYzOC1iMzdjLTRkM2YtYjExZi0xOTdkYTU4NDgwZTQlMjIlMjAlMkYlM0UlM0MlMkZhJTNF[\/vc_raw_html][\/vc_column][\/vc_row][\/vc_section][vc_section][vc_row][vc_column]<\/div><\/div><\/div><\/div><\/div>\r\n<div id=\"linkBanner\" class=\"container-fluid bg-primary mb-5\">\r\n    <div class=\"container\">\r\n        <div class=\"row my-5\">\r\n            <div class=\"col my-3\">\r\n                <div class=\"inner h-100\">\r\n                    <h3>Comprare licenze<\/h3>\r\n\r\n                    <a href=\"\/it\" class=\"btn btn-white mt-5\">maggiori informazioni<\/a>\r\n                <\/div>\r\n            <\/div>\r\n            <div class=\"col my-3\">\r\n                <div class=\"inner h-100\">\r\n                    <h3>Vendere licenze<\/h3>\r\n\r\n                    <a href=\"\/it\/Vendita-licenze\/\" class=\"btn btn-white mt-5\">maggiori informazioni<\/a>\r\n                <\/div>\r\n            <\/div>\r\n            <div class=\"col my-3\">\r\n                <div class=\"inner h-100\">\r\n                    <h3>Offerte promozionali<\/h3>\r\n                    <a href=\"\/it\/Promozioni-speciali\/\" class=\"btn btn-white mt-5\">maggiori informazioni<\/a>\r\n                <\/div>\r\n            <\/div>\r\n        <\/div>\r\n    <\/div>\r\n\r\n<\/div>\r\n<div class=\"container\"><div><div><div><div>\r\n\r\n\r\n[\/vc_column][\/vc_row][\/vc_section]<\/p>\n","protected":false},"excerpt":{"rendered":"<p>[vc_section el_class=&#8221;introBlock&#8221;][vc_row][vc_column][vc_single_image image=&#8221;5754&#8243; img_size=&#8221;600&#215;600&#8243; alignment=&#8221;center&#8221;][vc_column_text] usedSoft: il vostro affidabile pioniere del software usato Con usedSoft potete davvero risparmiare sull&#8217;acquisto di software. Offriamo licenze usate che sono fino al 70% pi\u00f9 economiche rispetto all&#8217;acquisto di quelle nuove. E la cosa migliore \u00e8 che, poich\u00e9 il software non si usura, la qualit\u00e0 dell&#8217;usato \u00e8 la stessa del [&hellip;]<\/p>\n","protected":false},"author":5,"featured_media":0,"parent":0,"menu_order":0,"comment_status":"closed","ping_status":"closed","template":"","meta":{"footnotes":""},"class_list":["post-5231","page","type-page","status-publish","hentry"],"yoast_head":"<!-- This site is optimized with the Yoast SEO plugin v23.3 - https:\/\/yoast.com\/wordpress\/plugins\/seo\/ -->\n<title>Chi siamo | usedSoft<\/title>\n<meta name=\"description\" content=\"usedSoft \u00e8 uno dei principali fornitori di software usato. L&#039;azienda ha stabilito il commercio di software usato in Europa.\" \/>\n<meta name=\"robots\" content=\"index, follow, max-snippet:-1, max-image-preview:large, max-video-preview:-1\" \/>\n<link rel=\"canonical\" href=\"https:\/\/www.usedsoft.com\/i\/it\/chi-siamo\/\" \/>\n<meta property=\"og:locale\" content=\"it_IT\" \/>\n<meta property=\"og:type\" content=\"article\" \/>\n<meta property=\"og:title\" content=\"Chi siamo | usedSoft\" \/>\n<meta property=\"og:description\" content=\"usedSoft \u00e8 uno dei principali fornitori di software usato. L&#039;azienda ha stabilito il commercio di software usato in Europa.\" \/>\n<meta property=\"og:url\" content=\"https:\/\/www.usedsoft.com\/i\/it\/chi-siamo\/\" \/>\n<meta property=\"og:site_name\" content=\"usedSoft\" \/>\n<meta property=\"article:modified_time\" content=\"2026-03-04T15:33:16+00:00\" \/>\n<meta name=\"twitter:card\" content=\"summary_large_image\" \/>\n<meta name=\"twitter:label1\" content=\"Tempo di lettura stimato\" \/>\n\t<meta name=\"twitter:data1\" content=\"4 minuti\" \/>\n<script type=\"application\/ld+json\" class=\"yoast-schema-graph\">{\"@context\":\"https:\/\/schema.org\",\"@graph\":[{\"@type\":\"WebPage\",\"@id\":\"https:\/\/www.usedsoft.com\/i\/it\/chi-siamo\/\",\"url\":\"https:\/\/www.usedsoft.com\/i\/it\/chi-siamo\/\",\"name\":\"Chi siamo | usedSoft\",\"isPartOf\":{\"@id\":\"https:\/\/www.usedsoft.com\/i\/#website\"},\"datePublished\":\"2022-08-31T11:07:55+00:00\",\"dateModified\":\"2026-03-04T15:33:16+00:00\",\"description\":\"usedSoft \u00e8 uno dei principali fornitori di software usato. L'azienda ha stabilito il commercio di software usato in Europa.\",\"breadcrumb\":{\"@id\":\"https:\/\/www.usedsoft.com\/i\/it\/chi-siamo\/#breadcrumb\"},\"inLanguage\":\"it-IT\",\"potentialAction\":[{\"@type\":\"ReadAction\",\"target\":[\"https:\/\/www.usedsoft.com\/i\/it\/chi-siamo\/\"]}]},{\"@type\":\"BreadcrumbList\",\"@id\":\"https:\/\/www.usedsoft.com\/i\/it\/chi-siamo\/#breadcrumb\",\"itemListElement\":[{\"@type\":\"ListItem\",\"position\":1,\"name\":\"Startseite\",\"item\":\"https:\/\/www.usedsoft.com\/i\/it\/\"},{\"@type\":\"ListItem\",\"position\":2,\"name\":\"Chi siamo\"}]},{\"@type\":\"WebSite\",\"@id\":\"https:\/\/www.usedsoft.com\/i\/#website\",\"url\":\"https:\/\/www.usedsoft.com\/i\/\",\"name\":\"usedSoft\",\"description\":\"\",\"potentialAction\":[{\"@type\":\"SearchAction\",\"target\":{\"@type\":\"EntryPoint\",\"urlTemplate\":\"https:\/\/www.usedsoft.com\/i\/?s={search_term_string}\"},\"query-input\":\"required name=search_term_string\"}],\"inLanguage\":\"it-IT\"}]}<\/script>\n<!-- \/ Yoast SEO plugin. -->","yoast_head_json":{"title":"Chi siamo | usedSoft","description":"usedSoft \u00e8 uno dei principali fornitori di software usato. L'azienda ha stabilito il commercio di software usato in Europa.","robots":{"index":"index","follow":"follow","max-snippet":"max-snippet:-1","max-image-preview":"max-image-preview:large","max-video-preview":"max-video-preview:-1"},"canonical":"https:\/\/www.usedsoft.com\/i\/it\/chi-siamo\/","og_locale":"it_IT","og_type":"article","og_title":"Chi siamo | usedSoft","og_description":"usedSoft \u00e8 uno dei principali fornitori di software usato. L'azienda ha stabilito il commercio di software usato in Europa.","og_url":"https:\/\/www.usedsoft.com\/i\/it\/chi-siamo\/","og_site_name":"usedSoft","article_modified_time":"2026-03-04T15:33:16+00:00","twitter_card":"summary_large_image","twitter_misc":{"Tempo di lettura stimato":"4 minuti"},"schema":{"@context":"https:\/\/schema.org","@graph":[{"@type":"WebPage","@id":"https:\/\/www.usedsoft.com\/i\/it\/chi-siamo\/","url":"https:\/\/www.usedsoft.com\/i\/it\/chi-siamo\/","name":"Chi siamo | usedSoft","isPartOf":{"@id":"https:\/\/www.usedsoft.com\/i\/#website"},"datePublished":"2022-08-31T11:07:55+00:00","dateModified":"2026-03-04T15:33:16+00:00","description":"usedSoft \u00e8 uno dei principali fornitori di software usato. L'azienda ha stabilito il commercio di software usato in Europa.","breadcrumb":{"@id":"https:\/\/www.usedsoft.com\/i\/it\/chi-siamo\/#breadcrumb"},"inLanguage":"it-IT","potentialAction":[{"@type":"ReadAction","target":["https:\/\/www.usedsoft.com\/i\/it\/chi-siamo\/"]}]},{"@type":"BreadcrumbList","@id":"https:\/\/www.usedsoft.com\/i\/it\/chi-siamo\/#breadcrumb","itemListElement":[{"@type":"ListItem","position":1,"name":"Startseite","item":"https:\/\/www.usedsoft.com\/i\/it\/"},{"@type":"ListItem","position":2,"name":"Chi siamo"}]},{"@type":"WebSite","@id":"https:\/\/www.usedsoft.com\/i\/#website","url":"https:\/\/www.usedsoft.com\/i\/","name":"usedSoft","description":"","potentialAction":[{"@type":"SearchAction","target":{"@type":"EntryPoint","urlTemplate":"https:\/\/www.usedsoft.com\/i\/?s={search_term_string}"},"query-input":"required name=search_term_string"}],"inLanguage":"it-IT"}]}},"_links":{"self":[{"href":"https:\/\/www.usedsoft.com\/i\/it\/wp-json\/wp\/v2\/pages\/5231","targetHints":{"allow":["GET"]}}],"collection":[{"href":"https:\/\/www.usedsoft.com\/i\/it\/wp-json\/wp\/v2\/pages"}],"about":[{"href":"https:\/\/www.usedsoft.com\/i\/it\/wp-json\/wp\/v2\/types\/page"}],"author":[{"embeddable":true,"href":"https:\/\/www.usedsoft.com\/i\/it\/wp-json\/wp\/v2\/users\/5"}],"replies":[{"embeddable":true,"href":"https:\/\/www.usedsoft.com\/i\/it\/wp-json\/wp\/v2\/comments?post=5231"}],"version-history":[{"count":57,"href":"https:\/\/www.usedsoft.com\/i\/it\/wp-json\/wp\/v2\/pages\/5231\/revisions"}],"predecessor-version":[{"id":12296,"href":"https:\/\/www.usedsoft.com\/i\/it\/wp-json\/wp\/v2\/pages\/5231\/revisions\/12296"}],"wp:attachment":[{"href":"https:\/\/www.usedsoft.com\/i\/it\/wp-json\/wp\/v2\/media?parent=5231"}],"curies":[{"name":"wp","href":"https:\/\/api.w.org\/{rel}","templated":true}]}}