{"id":4012,"date":"2022-07-14T12:05:28","date_gmt":"2022-07-14T10:05:28","guid":{"rendered":"https:\/\/us.dev.bitdivision.de\/i\/rechtslage-beim-kauf-gebrauchter-software-von-usedsoft\/"},"modified":"2024-03-26T13:16:40","modified_gmt":"2024-03-26T12:16:40","slug":"situazione-giuridica","status":"publish","type":"page","link":"https:\/\/www.usedsoft.com\/i\/it\/situazione-giuridica\/","title":{"rendered":"Situazione giuridica"},"content":{"rendered":"<p>[vc_section el_class=&#8221;introBlock&#8221;][vc_row][vc_column][vc_single_image image=&#8221;5933&#8243; img_size=&#8221;600&#215;600&#8243; alignment=&#8221;center&#8221;][vc_column_text]<\/p>\n<h1>Situazione legale del software usato: acquisto e vendita legale<\/h1>\n<div class=\"wpb_text_column wpb_content_element \">\n<div class=\"wpb_wrapper\">\n<p>La situazione legale relativa all&#8217;acquisto di software usato da usedSoft \u00e8 chiara. Secondo la Corte di giustizia europea, l&#8217;acquisto \u00e8 legale.\u00a0Il <a href=\"https:\/\/curia.europa.eu\/jcms\/upload\/docs\/application\/pdf\/2012-07\/cp120094it.pdf\" target=\"_blank\" rel=\"noopener\">comunicato stampa n. 94\/12<\/a> sulla sentenza nella causa C-128\/11 della Corte di giustizia europea (CGUE) afferma:<\/p>\n<p><strong>&#8220;L\u2019autore di un software non pu\u00f2 opporsi alla rivendita di proprie licenze \u00abusate\u00bb che <\/strong><strong>consentono di utilizzare i suoi programmi scaricati via Internet.&#8221;<\/strong><\/p>\n<p>Con la sua sentenza, la Corte di Giustizia Europea, in qualit\u00e0 di massimo organo giudiziario dell\u2019Unione Europea, ha fatto chiarezza definitiva e ha dichiarato che, in linea di principio, il commercio di programmi informatici di seconda mano \u00e8 lecito.<br \/>\n(La Corte di giustizia europea ha inoltre stabilito che il commercio di software di seconda mano \u00e8 consentito anche se il software viene trasferito online.)<\/p>\n<\/div>\n<\/div>\n<p>[\/vc_column_text][vc_row_inner equal_height=&#8221;yes&#8221; el_class=&#8221;whiteboxes&#8221;][vc_column_inner width=&#8221;1\/3&#8243;]<div class=\"text-center\"><img decoding=\"async\" src=\"https:\/\/www.usedsoft.com\/i\/wp-content\/themes\/usedsoft\/svg\/rechtssicherheit.svg\"><\/div>[vc_column_text]<\/p>\n<h3 style=\"text-align: center;\"><strong>Sicurezza giuridica<\/strong><\/h3>\n<p style=\"text-align: center;\">La Corte di giustizia europea ha fatto chiarezza con la sua sentenza. Il commercio di software di seconda mano \u00e8 legale. Inoltre, \u00e8 consentito anche se il software viene trasferito online.<\/p>\n<p>[\/vc_column_text][\/vc_column_inner][vc_column_inner width=&#8221;1\/3&#8243;]<div class=\"text-center\"><img decoding=\"async\" src=\"https:\/\/www.usedsoft.com\/i\/wp-content\/themes\/usedsoft\/svg\/volumenlizenzen.svg\"><\/div>[vc_column_text]<\/p>\n<h3 style=\"text-align: center;\">Licenze a volume<\/h3>\n<p style=\"text-align: center;\">Le <a href=\"https:\/\/www.usedsoft.com\/i\/it\/contratti-multilicenza\/\">licenze a volume<\/a> possono essere rivendute anche individualmente. Questo perch\u00e9 gi\u00e0 dalla sentenza della Corte di giustizia europea usedSoft\/Oracle si evince che il cosiddetto &#8220;esaurimento&#8221; si verifica per ogni singolo programma acquistato.<\/p>\n<p>[\/vc_column_text][\/vc_column_inner][\/vc_row_inner][\/vc_column][\/vc_row][\/vc_section][vc_section][vc_row][vc_column][vc_text_separator title=&#8221;Principio di esaurimento&#8221; title_align=&#8221;separator_align_left&#8221;][vc_row_inner][vc_column_inner width=&#8221;1\/6&#8243;][\/vc_column_inner][vc_column_inner width=&#8221;4\/6&#8243;][vc_column_text]<\/p>\n<h3>Le basi del commercio di software di seconda mano<\/h3>\n<p>Il cosiddetto principio dell&#8217;esaurimento \u00e8 sancito dalla legge sul diritto d&#8217;autore e stabilisce che il diritto di distribuzione dell&#8217;autore si esaurisce nel momento in cui egli immette per la prima volta la sua opera sul mercato. Ci\u00f2 significa che, dopo la vendita, egli non pu\u00f2 pi\u00f9 determinare il percorso successivo dell&#8217;opera e il primo acquirente pu\u00f2 decidere se e a chi rivenderla senza il consenso del produttore.<\/p>\n<p><strong>Il principio dell&#8217;esaurimento si applica anche al software.<\/strong><\/p>\n<p>Il produttore pu\u00f2 trarre profitto solo una volta dalla vendita del suo prodotto. Le clausole contrattuali con cui i produttori di software vogliono limitare il commercio di licenze di software usato non sono compatibili con l&#8217;idea di base del principio di esaurimento e sono quindi generalmente invalide.<\/p>\n<p><strong>Anche ogni singola licenza software di un contratto di licenza di volume rientra nel principio di esaurimento e pu\u00f2 quindi essere rivenduta singolarmente.<\/strong>[\/vc_column_text][\/vc_column_inner][vc_column_inner width=&#8221;1\/6&#8243;][\/vc_column_inner][\/vc_row_inner][\/vc_column][\/vc_row][vc_row css=&#8221;.vc_custom_1667919004147{background-color: #f2f4f5 !important;}&#8221;][vc_column][vc_row_inner css=&#8221;.vc_custom_1667919309031{background-color: #f2f4f5 !important;}&#8221;][vc_column_inner width=&#8221;1\/6&#8243;][\/vc_column_inner][vc_column_inner width=&#8221;4\/6&#8243;][vc_text_separator title=&#8221;Giudizi importanti&#8221; title_align=&#8221;separator_align_left&#8221;][vc_column_text]<\/p>\n<h3>La sentenza della CGUE stabilisce una certezza per l\u2019intera Unione Europea.<\/h3>\n<p>Con la sua sentenza, la Corte di Giustizia dell\u2019unione Europea (CGUE), massimo organo giurisdizionale dell\u2019Unione Europea, ha chiarito definitivamente la questione e ha <span class=\"corpcolor\">dichiarato legittima la commercializzazione dei programmi usati per computer<\/span>.\u00a0La CGUE ha stabilito che la commercializzazione di licenze software usate \u00e8 consentita anche nel caso in cui il software viene distribuito mediante download via Internet.\u00a0Inoltre \u00e8 possibile applicare la sentenza della CGUE per i\u00a0<a href=\"https:\/\/www.usedsoft.com\/i\/it\/contratti-multilicenza\/\">contratti multilicenza<\/a> e la relativa scissione. Ci\u00f2 \u00e8 confermato dalla Corte d\u2019Appello di Francoforte (Germania) sul Meno nella controversia tra Adobe e usedSoft.<\/p>\n<p>I 13 giudici della Grande Camera hanno motivato la sentenza dichiarando che il principio di esaurimento vale per la prima vendita di un software. La Corte inoltre ha stabilito che il secondo acquirente di una licenza trasferita via Internet puo\u2019 anche nuovamente scaricare il software dal produttore: \u201c\u201dInoltre, l\u2019esaurimento di tale diritto si estende alla copia del programma venduta, corretta e aggiornata\u201d\u201d, ha affermato la CGUE. La Corte \u00e8 andata ben oltre il parere definitivo dell\u2019avvocato generale della Corte di Giustizia del 24 Aprile 2012.<\/p>\n<h3>La legittimit\u00e0 vale anche per i contratti multilicenza e la loro scissione.<\/h3>\n<p>In una sentenza successiva della Corte d\u2019Appello di Francoforte sul Meno nella controversia tra Adobe e usedSoft si sono confermate ulteriori conseguenze della sentenza della CGUE: la Corte d\u2019Appello di Francoforte ha deciso che la sentenza della CGUE \u00e8 applicabile anche per gli accordi multilicenza e la loro scissione.\u00a0L\u201911.12.2014 la Corte Suprema Federale tedesca ha del tutto respinto il ricorso di Adobe (Az. I ZR 8\/13). La sentenza della Corte d\u2019Appello di Francoforte sul Meno \u00e8 stata perci\u00f2 confermata in ultima istanza.<\/p>\n<p>Inoltre in Svizzera si \u00e8 avuta una giurisprudenza positiva per la commercializzazione di software usato. Per ulteriori informazioni consultare\u00a0il\u00a0sito\u00a0<a href=\"https:\/\/www.usedsoft.com\/i\/it\/faq\/\">FAQ<\/a>.<\/p>\n<p><strong>Ulteriori informazioni:<\/strong><br \/>\n<a href=\"https:\/\/curia.europa.eu\/jcms\/upload\/docs\/application\/pdf\/2012-07\/cp120094it.pdf\" target=\"_blank\" rel=\"noopener\">Comunicato stampa della CGE (PDF)<\/a>[\/vc_column_text][\/vc_column_inner][vc_column_inner width=&#8221;1\/6&#8243;][\/vc_column_inner][\/vc_row_inner][\/vc_column][\/vc_row][vc_row][vc_column]<\/div><\/div><\/div><\/div><\/div>\r\n<div id=\"linkBanner\" class=\"container-fluid bg-primary mb-5\">\r\n    <div class=\"container\">\r\n        <div class=\"row my-5\">\r\n            <div class=\"col my-3\">\r\n                <div class=\"inner h-100\">\r\n                    <h3>Comprare licenze<\/h3>\r\n\r\n                    <a href=\"\/it\" class=\"btn btn-white mt-5\">maggiori informazioni<\/a>\r\n                <\/div>\r\n            <\/div>\r\n            <div class=\"col my-3\">\r\n                <div class=\"inner h-100\">\r\n                    <h3>Vendere licenze<\/h3>\r\n\r\n                    <a href=\"\/it\/Vendita-licenze\/\" class=\"btn btn-white mt-5\">maggiori informazioni<\/a>\r\n                <\/div>\r\n            <\/div>\r\n            <div class=\"col my-3\">\r\n                <div class=\"inner h-100\">\r\n                    <h3>Offerte promozionali<\/h3>\r\n                    <a href=\"\/it\/Promozioni-speciali\/\" class=\"btn btn-white mt-5\">maggiori informazioni<\/a>\r\n                <\/div>\r\n            <\/div>\r\n        <\/div>\r\n    <\/div>\r\n\r\n<\/div>\r\n<div class=\"container\"><div><div><div><div>\r\n\r\n\r\n[\/vc_column][\/vc_row][\/vc_section]<\/p>\n","protected":false},"excerpt":{"rendered":"<p>[vc_section el_class=&#8221;introBlock&#8221;][vc_row][vc_column][vc_single_image image=&#8221;5933&#8243; img_size=&#8221;600&#215;600&#8243; alignment=&#8221;center&#8221;][vc_column_text] Situazione legale del software usato: acquisto e vendita legale La situazione legale relativa all&#8217;acquisto di software usato da usedSoft \u00e8 chiara. Secondo la Corte di giustizia europea, l&#8217;acquisto \u00e8 legale.\u00a0Il comunicato stampa n. 94\/12 sulla sentenza nella causa C-128\/11 della Corte di giustizia europea (CGUE) afferma: &#8220;L\u2019autore di un software [&hellip;]<\/p>\n","protected":false},"author":4,"featured_media":0,"parent":0,"menu_order":0,"comment_status":"closed","ping_status":"closed","template":"","meta":{"footnotes":""},"class_list":["post-4012","page","type-page","status-publish","hentry"],"yoast_head":"<!-- This site is optimized with the Yoast SEO plugin v23.3 - https:\/\/yoast.com\/wordpress\/plugins\/seo\/ -->\n<title>Situazione legale del software usato: acquisto e vendita legale<\/title>\n<meta name=\"description\" content=\"La situazione legale relativa all&#039;acquisto di software usato \u00e8 chiara. Secondo la Corte di Giustizia Europea, il commercio \u00e8 legale.\" \/>\n<meta name=\"robots\" content=\"index, follow, max-snippet:-1, max-image-preview:large, max-video-preview:-1\" \/>\n<link rel=\"canonical\" href=\"https:\/\/www.usedsoft.com\/i\/it\/situazione-giuridica\/\" \/>\n<meta property=\"og:locale\" content=\"it_IT\" \/>\n<meta property=\"og:type\" content=\"article\" \/>\n<meta property=\"og:title\" content=\"Situazione legale del software usato: acquisto e vendita legale\" \/>\n<meta property=\"og:description\" content=\"La situazione legale relativa all&#039;acquisto di software usato \u00e8 chiara. Secondo la Corte di Giustizia Europea, il commercio \u00e8 legale.\" \/>\n<meta property=\"og:url\" content=\"https:\/\/www.usedsoft.com\/i\/it\/situazione-giuridica\/\" \/>\n<meta property=\"og:site_name\" content=\"usedSoft\" \/>\n<meta property=\"article:modified_time\" content=\"2024-03-26T12:16:40+00:00\" \/>\n<meta property=\"og:image\" content=\"https:\/\/www.usedsoft.com\/i\/wp-content\/uploads\/2022\/11\/rechtliches.jpg\" \/>\n\t<meta property=\"og:image:width\" content=\"600\" \/>\n\t<meta property=\"og:image:height\" content=\"600\" \/>\n\t<meta property=\"og:image:type\" content=\"image\/jpeg\" \/>\n<meta name=\"twitter:card\" content=\"summary_large_image\" \/>\n<meta name=\"twitter:title\" content=\"Situazione legale del software usato: acquisto e vendita legale\" \/>\n<meta name=\"twitter:description\" content=\"La situazione legale relativa all&#039;acquisto di software usato \u00e8 chiara. Secondo la Corte di Giustizia Europea, il commercio \u00e8 legale.\" \/>\n<meta name=\"twitter:image\" content=\"https:\/\/www.usedsoft.com\/i\/wp-content\/uploads\/2022\/11\/rechtliches.jpg\" \/>\n<meta name=\"twitter:label1\" content=\"Tempo di lettura stimato\" \/>\n\t<meta name=\"twitter:data1\" content=\"4 minuti\" \/>\n<script type=\"application\/ld+json\" class=\"yoast-schema-graph\">{\"@context\":\"https:\/\/schema.org\",\"@graph\":[{\"@type\":\"WebPage\",\"@id\":\"https:\/\/www.usedsoft.com\/i\/it\/situazione-giuridica\/\",\"url\":\"https:\/\/www.usedsoft.com\/i\/it\/situazione-giuridica\/\",\"name\":\"Situazione legale del software usato: acquisto e vendita legale\",\"isPartOf\":{\"@id\":\"https:\/\/www.usedsoft.com\/i\/#website\"},\"datePublished\":\"2022-07-14T10:05:28+00:00\",\"dateModified\":\"2024-03-26T12:16:40+00:00\",\"description\":\"La situazione legale relativa all'acquisto di software usato \u00e8 chiara. Secondo la Corte di Giustizia Europea, il commercio \u00e8 legale.\",\"breadcrumb\":{\"@id\":\"https:\/\/www.usedsoft.com\/i\/it\/situazione-giuridica\/#breadcrumb\"},\"inLanguage\":\"it-IT\",\"potentialAction\":[{\"@type\":\"ReadAction\",\"target\":[\"https:\/\/www.usedsoft.com\/i\/it\/situazione-giuridica\/\"]}]},{\"@type\":\"BreadcrumbList\",\"@id\":\"https:\/\/www.usedsoft.com\/i\/it\/situazione-giuridica\/#breadcrumb\",\"itemListElement\":[{\"@type\":\"ListItem\",\"position\":1,\"name\":\"Startseite\",\"item\":\"https:\/\/www.usedsoft.com\/i\/it\/\"},{\"@type\":\"ListItem\",\"position\":2,\"name\":\"Situazione giuridica\"}]},{\"@type\":\"WebSite\",\"@id\":\"https:\/\/www.usedsoft.com\/i\/#website\",\"url\":\"https:\/\/www.usedsoft.com\/i\/\",\"name\":\"usedSoft\",\"description\":\"\",\"potentialAction\":[{\"@type\":\"SearchAction\",\"target\":{\"@type\":\"EntryPoint\",\"urlTemplate\":\"https:\/\/www.usedsoft.com\/i\/?s={search_term_string}\"},\"query-input\":\"required name=search_term_string\"}],\"inLanguage\":\"it-IT\"}]}<\/script>\n<!-- \/ Yoast SEO plugin. -->","yoast_head_json":{"title":"Situazione legale del software usato: acquisto e vendita legale","description":"La situazione legale relativa all'acquisto di software usato \u00e8 chiara. Secondo la Corte di Giustizia Europea, il commercio \u00e8 legale.","robots":{"index":"index","follow":"follow","max-snippet":"max-snippet:-1","max-image-preview":"max-image-preview:large","max-video-preview":"max-video-preview:-1"},"canonical":"https:\/\/www.usedsoft.com\/i\/it\/situazione-giuridica\/","og_locale":"it_IT","og_type":"article","og_title":"Situazione legale del software usato: acquisto e vendita legale","og_description":"La situazione legale relativa all'acquisto di software usato \u00e8 chiara. Secondo la Corte di Giustizia Europea, il commercio \u00e8 legale.","og_url":"https:\/\/www.usedsoft.com\/i\/it\/situazione-giuridica\/","og_site_name":"usedSoft","article_modified_time":"2024-03-26T12:16:40+00:00","og_image":[{"width":600,"height":600,"url":"https:\/\/www.usedsoft.com\/i\/wp-content\/uploads\/2022\/11\/rechtliches.jpg","type":"image\/jpeg"}],"twitter_card":"summary_large_image","twitter_title":"Situazione legale del software usato: acquisto e vendita legale","twitter_description":"La situazione legale relativa all'acquisto di software usato \u00e8 chiara. Secondo la Corte di Giustizia Europea, il commercio \u00e8 legale.","twitter_image":"https:\/\/www.usedsoft.com\/i\/wp-content\/uploads\/2022\/11\/rechtliches.jpg","twitter_misc":{"Tempo di lettura stimato":"4 minuti"},"schema":{"@context":"https:\/\/schema.org","@graph":[{"@type":"WebPage","@id":"https:\/\/www.usedsoft.com\/i\/it\/situazione-giuridica\/","url":"https:\/\/www.usedsoft.com\/i\/it\/situazione-giuridica\/","name":"Situazione legale del software usato: acquisto e vendita legale","isPartOf":{"@id":"https:\/\/www.usedsoft.com\/i\/#website"},"datePublished":"2022-07-14T10:05:28+00:00","dateModified":"2024-03-26T12:16:40+00:00","description":"La situazione legale relativa all'acquisto di software usato \u00e8 chiara. Secondo la Corte di Giustizia Europea, il commercio \u00e8 legale.","breadcrumb":{"@id":"https:\/\/www.usedsoft.com\/i\/it\/situazione-giuridica\/#breadcrumb"},"inLanguage":"it-IT","potentialAction":[{"@type":"ReadAction","target":["https:\/\/www.usedsoft.com\/i\/it\/situazione-giuridica\/"]}]},{"@type":"BreadcrumbList","@id":"https:\/\/www.usedsoft.com\/i\/it\/situazione-giuridica\/#breadcrumb","itemListElement":[{"@type":"ListItem","position":1,"name":"Startseite","item":"https:\/\/www.usedsoft.com\/i\/it\/"},{"@type":"ListItem","position":2,"name":"Situazione giuridica"}]},{"@type":"WebSite","@id":"https:\/\/www.usedsoft.com\/i\/#website","url":"https:\/\/www.usedsoft.com\/i\/","name":"usedSoft","description":"","potentialAction":[{"@type":"SearchAction","target":{"@type":"EntryPoint","urlTemplate":"https:\/\/www.usedsoft.com\/i\/?s={search_term_string}"},"query-input":"required name=search_term_string"}],"inLanguage":"it-IT"}]}},"_links":{"self":[{"href":"https:\/\/www.usedsoft.com\/i\/it\/wp-json\/wp\/v2\/pages\/4012","targetHints":{"allow":["GET"]}}],"collection":[{"href":"https:\/\/www.usedsoft.com\/i\/it\/wp-json\/wp\/v2\/pages"}],"about":[{"href":"https:\/\/www.usedsoft.com\/i\/it\/wp-json\/wp\/v2\/types\/page"}],"author":[{"embeddable":true,"href":"https:\/\/www.usedsoft.com\/i\/it\/wp-json\/wp\/v2\/users\/4"}],"replies":[{"embeddable":true,"href":"https:\/\/www.usedsoft.com\/i\/it\/wp-json\/wp\/v2\/comments?post=4012"}],"version-history":[{"count":23,"href":"https:\/\/www.usedsoft.com\/i\/it\/wp-json\/wp\/v2\/pages\/4012\/revisions"}],"predecessor-version":[{"id":9830,"href":"https:\/\/www.usedsoft.com\/i\/it\/wp-json\/wp\/v2\/pages\/4012\/revisions\/9830"}],"wp:attachment":[{"href":"https:\/\/www.usedsoft.com\/i\/it\/wp-json\/wp\/v2\/media?parent=4012"}],"curies":[{"name":"wp","href":"https:\/\/api.w.org\/{rel}","templated":true}]}}