{"id":12127,"date":"2025-10-18T02:41:46","date_gmt":"2025-10-18T00:41:46","guid":{"rendered":"https:\/\/www.usedsoft.com\/i\/?page_id=12127"},"modified":"2025-10-18T03:02:13","modified_gmt":"2025-10-18T01:02:13","slug":"accessibilita","status":"publish","type":"page","link":"https:\/\/www.usedsoft.com\/i\/it\/accessibilita\/","title":{"rendered":"Accessibilit\u00e0"},"content":{"rendered":"<p>[vc_section][vc_row][vc_column][vc_column_text]<\/p>\n<h1>Dichiarazione di accessibilit\u00e0<\/h1>\n<p>La <strong>usedSoft Deutschland GmbH<\/strong> si impegna a rendere il proprio sito web accessibile in conformit\u00e0 con la <strong>legge tedesca sul rafforzamento dell&#8217;accessibilit\u00e0 (BFSG)<\/strong> e il <strong>regolamento tedesco sulla tecnologia dell&#8217;informazione accessibile (BFSGV)<\/strong>.<\/p>\n<p>La presente dichiarazione di accessibilit\u00e0 si applica al sito web:<br \/>\n<a href=\"https:\/\/www.usedsoft.com\/\">https:\/\/www.usedsoft.com\/<\/a><\/p>\n<h3>Stato di conformit\u00e0 ai requisiti<\/h3>\n<p>Questo sito web \u00e8 <strong>parzialmente<\/strong> conforme ai requisiti della BFSG. I contenuti non accessibili sono elencati di seguito.<\/p>\n<h3>Contenuti non accessibili<\/h3>\n<ul>\n<li>Non tutte le immagini hanno nomi alternativi e titoli.<\/li>\n<li>Non tutte le aree rispettano un rapporto di contrasto di 3:1.<\/li>\n<li>Non tutti i campi dei moduli hanno un pulsante di invio.<\/li>\n<li>Non tutti gli elementi cliccabili hanno un attributo ARIA valido.<\/li>\n<li>Ci sono elementi con attributi ID duplicati.<\/li>\n<li>Ci sono icone o simboli non funzionali che non sono esclusi dalle tecnologie di supporto.<\/li>\n<\/ul>\n<p>Lavoriamo costantemente per migliorare l&#8217;accessibilit\u00e0 e prevediamo di risolvere i punti citati entro il 03\/09\/2028.<\/p>\n<h3>Redazione della presente dichiarazione<\/h3>\n<p>La presente dichiarazione \u00e8 stata redatta il 3 settembre 2025.<br \/>\nLa valutazione si basa su una <strong>autovalutazione<\/strong>.<\/p>\n<h3>Feedback e contatti<\/h3>\n<p>Avete riscontrato delle carenze nell&#8217;accessibilit\u00e0 dei contenuti di questo sito web?<br \/>\nNon esitate a contattarci:<\/p>\n<p><strong>Johannes J\u00e4ger<\/strong><br \/>\nE-Mail: <a href=\"mailto:info@usedSoft.com\">info@usedSoft.com<\/a><br \/>\nTelefono: +49 231 9999 1000<br \/>\nIndirizzo: Feldstrasse 40, 44141 Dortmund, Germania<\/p>\n<h3>Procedura di applicazione<\/h3>\n<p>Se non ricevete una risposta soddisfacente alle vostre segnalazioni o richieste relative all&#8217;accessibilit\u00e0, potete rivolgervi all&#8217;organismo di applicazione:<\/p>\n<p><strong>Organismo di conciliazione ai sensi della legge sulla parit\u00e0 di trattamento delle persone con disabilit\u00e0 (BGG)<\/strong><br \/>\nPresso il Commissario del Governo federale per le questioni relative alle persone con disabilit\u00e0<br \/>\nMauerstra\u00dfe 53, 10117 Berlin, Germania<br \/>\nTelefono: +49 30 18 527-2805<br \/>\nE-Mail: <a href=\"mailto:info@schlichtungsstelle-bgg.de\">info@schlichtungsstelle-bgg.de<\/a><br \/>\nSito web: <a href=\"https:\/\/www.schlichtungsstelle-bgg.de\">www.schlichtungsstelle-bgg.de<\/a><br \/>\n[\/vc_column_text][\/vc_column][\/vc_row][\/vc_section]<\/p>\n","protected":false},"excerpt":{"rendered":"<p>[vc_section][vc_row][vc_column][vc_column_text] Dichiarazione di accessibilit\u00e0 La usedSoft Deutschland GmbH si impegna a rendere il proprio sito web accessibile in conformit\u00e0 con la legge tedesca sul rafforzamento dell&#8217;accessibilit\u00e0 (BFSG) e il regolamento tedesco sulla tecnologia dell&#8217;informazione accessibile (BFSGV). La presente dichiarazione di accessibilit\u00e0 si applica al sito web: https:\/\/www.usedsoft.com\/ Stato di conformit\u00e0 ai requisiti Questo sito web [&hellip;]<\/p>\n","protected":false},"author":1,"featured_media":0,"parent":0,"menu_order":0,"comment_status":"closed","ping_status":"closed","template":"","meta":{"footnotes":""},"class_list":["post-12127","page","type-page","status-publish","hentry"],"yoast_head":"<!-- This site is optimized with the Yoast SEO plugin v23.3 - https:\/\/yoast.com\/wordpress\/plugins\/seo\/ -->\n<title>Accessibilit\u00e0 | usedSoft<\/title>\n<meta name=\"robots\" content=\"index, follow, max-snippet:-1, max-image-preview:large, max-video-preview:-1\" \/>\n<link rel=\"canonical\" href=\"https:\/\/www.usedsoft.com\/i\/it\/accessibilita\/\" \/>\n<meta property=\"og:locale\" content=\"it_IT\" \/>\n<meta property=\"og:type\" content=\"article\" \/>\n<meta property=\"og:title\" content=\"Accessibilit\u00e0 | usedSoft\" \/>\n<meta property=\"og:description\" content=\"[vc_section][vc_row][vc_column][vc_column_text] Dichiarazione di accessibilit\u00e0 La usedSoft Deutschland GmbH si impegna a rendere il proprio sito web accessibile in conformit\u00e0 con la legge tedesca sul rafforzamento dell&#8217;accessibilit\u00e0 (BFSG) e il regolamento tedesco sulla tecnologia dell&#8217;informazione accessibile (BFSGV). La presente dichiarazione di accessibilit\u00e0 si applica al sito web: https:\/\/www.usedsoft.com\/ Stato di conformit\u00e0 ai requisiti Questo sito web [&hellip;]\" \/>\n<meta property=\"og:url\" content=\"https:\/\/www.usedsoft.com\/i\/it\/accessibilita\/\" \/>\n<meta property=\"og:site_name\" content=\"usedSoft\" \/>\n<meta property=\"article:modified_time\" content=\"2025-10-18T01:02:13+00:00\" \/>\n<meta name=\"twitter:card\" content=\"summary_large_image\" \/>\n<meta name=\"twitter:label1\" content=\"Tempo di lettura stimato\" \/>\n\t<meta name=\"twitter:data1\" content=\"2 minuti\" \/>\n<script type=\"application\/ld+json\" class=\"yoast-schema-graph\">{\"@context\":\"https:\/\/schema.org\",\"@graph\":[{\"@type\":\"WebPage\",\"@id\":\"https:\/\/www.usedsoft.com\/i\/it\/accessibilita\/\",\"url\":\"https:\/\/www.usedsoft.com\/i\/it\/accessibilita\/\",\"name\":\"Accessibilit\u00e0 | usedSoft\",\"isPartOf\":{\"@id\":\"https:\/\/www.usedsoft.com\/i\/#website\"},\"datePublished\":\"2025-10-18T00:41:46+00:00\",\"dateModified\":\"2025-10-18T01:02:13+00:00\",\"breadcrumb\":{\"@id\":\"https:\/\/www.usedsoft.com\/i\/it\/accessibilita\/#breadcrumb\"},\"inLanguage\":\"it-IT\",\"potentialAction\":[{\"@type\":\"ReadAction\",\"target\":[\"https:\/\/www.usedsoft.com\/i\/it\/accessibilita\/\"]}]},{\"@type\":\"BreadcrumbList\",\"@id\":\"https:\/\/www.usedsoft.com\/i\/it\/accessibilita\/#breadcrumb\",\"itemListElement\":[{\"@type\":\"ListItem\",\"position\":1,\"name\":\"Startseite\",\"item\":\"https:\/\/www.usedsoft.com\/i\/it\/\"},{\"@type\":\"ListItem\",\"position\":2,\"name\":\"Accessibilit\u00e0\"}]},{\"@type\":\"WebSite\",\"@id\":\"https:\/\/www.usedsoft.com\/i\/#website\",\"url\":\"https:\/\/www.usedsoft.com\/i\/\",\"name\":\"usedSoft\",\"description\":\"\",\"potentialAction\":[{\"@type\":\"SearchAction\",\"target\":{\"@type\":\"EntryPoint\",\"urlTemplate\":\"https:\/\/www.usedsoft.com\/i\/?s={search_term_string}\"},\"query-input\":\"required name=search_term_string\"}],\"inLanguage\":\"it-IT\"}]}<\/script>\n<!-- \/ Yoast SEO plugin. -->","yoast_head_json":{"title":"Accessibilit\u00e0 | usedSoft","robots":{"index":"index","follow":"follow","max-snippet":"max-snippet:-1","max-image-preview":"max-image-preview:large","max-video-preview":"max-video-preview:-1"},"canonical":"https:\/\/www.usedsoft.com\/i\/it\/accessibilita\/","og_locale":"it_IT","og_type":"article","og_title":"Accessibilit\u00e0 | usedSoft","og_description":"[vc_section][vc_row][vc_column][vc_column_text] Dichiarazione di accessibilit\u00e0 La usedSoft Deutschland GmbH si impegna a rendere il proprio sito web accessibile in conformit\u00e0 con la legge tedesca sul rafforzamento dell&#8217;accessibilit\u00e0 (BFSG) e il regolamento tedesco sulla tecnologia dell&#8217;informazione accessibile (BFSGV). La presente dichiarazione di accessibilit\u00e0 si applica al sito web: https:\/\/www.usedsoft.com\/ Stato di conformit\u00e0 ai requisiti Questo sito web [&hellip;]","og_url":"https:\/\/www.usedsoft.com\/i\/it\/accessibilita\/","og_site_name":"usedSoft","article_modified_time":"2025-10-18T01:02:13+00:00","twitter_card":"summary_large_image","twitter_misc":{"Tempo di lettura stimato":"2 minuti"},"schema":{"@context":"https:\/\/schema.org","@graph":[{"@type":"WebPage","@id":"https:\/\/www.usedsoft.com\/i\/it\/accessibilita\/","url":"https:\/\/www.usedsoft.com\/i\/it\/accessibilita\/","name":"Accessibilit\u00e0 | usedSoft","isPartOf":{"@id":"https:\/\/www.usedsoft.com\/i\/#website"},"datePublished":"2025-10-18T00:41:46+00:00","dateModified":"2025-10-18T01:02:13+00:00","breadcrumb":{"@id":"https:\/\/www.usedsoft.com\/i\/it\/accessibilita\/#breadcrumb"},"inLanguage":"it-IT","potentialAction":[{"@type":"ReadAction","target":["https:\/\/www.usedsoft.com\/i\/it\/accessibilita\/"]}]},{"@type":"BreadcrumbList","@id":"https:\/\/www.usedsoft.com\/i\/it\/accessibilita\/#breadcrumb","itemListElement":[{"@type":"ListItem","position":1,"name":"Startseite","item":"https:\/\/www.usedsoft.com\/i\/it\/"},{"@type":"ListItem","position":2,"name":"Accessibilit\u00e0"}]},{"@type":"WebSite","@id":"https:\/\/www.usedsoft.com\/i\/#website","url":"https:\/\/www.usedsoft.com\/i\/","name":"usedSoft","description":"","potentialAction":[{"@type":"SearchAction","target":{"@type":"EntryPoint","urlTemplate":"https:\/\/www.usedsoft.com\/i\/?s={search_term_string}"},"query-input":"required name=search_term_string"}],"inLanguage":"it-IT"}]}},"_links":{"self":[{"href":"https:\/\/www.usedsoft.com\/i\/it\/wp-json\/wp\/v2\/pages\/12127","targetHints":{"allow":["GET"]}}],"collection":[{"href":"https:\/\/www.usedsoft.com\/i\/it\/wp-json\/wp\/v2\/pages"}],"about":[{"href":"https:\/\/www.usedsoft.com\/i\/it\/wp-json\/wp\/v2\/types\/page"}],"author":[{"embeddable":true,"href":"https:\/\/www.usedsoft.com\/i\/it\/wp-json\/wp\/v2\/users\/1"}],"replies":[{"embeddable":true,"href":"https:\/\/www.usedsoft.com\/i\/it\/wp-json\/wp\/v2\/comments?post=12127"}],"version-history":[{"count":2,"href":"https:\/\/www.usedsoft.com\/i\/it\/wp-json\/wp\/v2\/pages\/12127\/revisions"}],"predecessor-version":[{"id":12129,"href":"https:\/\/www.usedsoft.com\/i\/it\/wp-json\/wp\/v2\/pages\/12127\/revisions\/12129"}],"wp:attachment":[{"href":"https:\/\/www.usedsoft.com\/i\/it\/wp-json\/wp\/v2\/media?parent=12127"}],"curies":[{"name":"wp","href":"https:\/\/api.w.org\/{rel}","templated":true}]}}