{"id":8943,"date":"2024-03-11T12:18:50","date_gmt":"2024-03-11T11:18:50","guid":{"rendered":"https:\/\/www.usedsoft.com\/i\/team\/"},"modified":"2026-01-16T12:15:15","modified_gmt":"2026-01-16T11:15:15","slug":"team","status":"publish","type":"page","link":"https:\/\/www.usedsoft.com\/i\/fr\/team\/","title":{"rendered":"Team"},"content":{"rendered":"<p>[vc_section el_class=\u00a0\u00bbintroBlock\u00a0\u00bb][vc_row][vc_column][vc_single_image image=\u00a0\u00bb8928&Prime; img_size=\u00a0\u00bb600&#215;600&Prime; alignment=\u00a0\u00bbcenter\u00a0\u00bb][vc_column_text]<\/p>\n<h1 style=\"text-align: left;\">Notre \u00e9quipe usedSoft : Vos experts en mati\u00e8re de logiciels d&rsquo;occasion<\/h1>\n<p>Nous assistons les clients B2B dans l\u2019achat de licences d\u2019occasion. Vous trouverez chez nous des interlocuteurs comp\u00e9tents : notre \u00e9quipe usedSoft est compos\u00e9e d\u2019experts en logiciels d\u2019occasion exp\u00e9riment\u00e9s et de partenaires certifi\u00e9s Microsoft Licensing.[\/vc_column_text][vc_row_inner equal_height=\u00a0\u00bbyes\u00a0\u00bb el_class=\u00a0\u00bbwhiteboxes\u00a0\u00bb][vc_column_inner width=\u00a0\u00bb1\/3&Prime;]<div class=\"text-center\"><img decoding=\"async\" src=\"https:\/\/www.usedsoft.com\/i\/wp-content\/themes\/usedsoft\/svg\/kontakt.svg\"><\/div>[vc_column_text]<\/p>\n<h3 style=\"text-align: center;\">Contactez-nous<\/h3>\n<p style=\"text-align: center;\">Vous avez des questions ? N&rsquo;h\u00e9sitez pas \u00e0 nous contacter personnellement. Sur cette page, vous trouverez les coordonn\u00e9es de notre \u00e9quipe d&rsquo;experts. Ou contactez-nous via notre adresse mail centrale.<\/p>\n<p>[\/vc_column_text]<div class='usButton '><a href=\"mailto:info@usedsoft.com\" class='btn btn-primary mb-3' target=\"\" rel=\"\">\u00c9crire un e-mail<\/a><\/div>[\/vc_column_inner][vc_column_inner width=\u00a0\u00bb1\/3&Prime;]<div class=\"text-center\"><img decoding=\"async\" src=\"https:\/\/www.usedsoft.com\/i\/wp-content\/themes\/usedsoft\/svg\/sparschwein.svg\"><\/div>[vc_column_text]<\/p>\n<h3 style=\"text-align: center;\">Achetez dans notre boutique en ligne<\/h3>\n<p style=\"text-align: center;\">Vous savez d\u00e9j\u00e0 ce dont vous avez besoin ? Alors simplifiez-vous la vie et achetez votre logiciel d&rsquo;occasion confortablement dans notre boutique en ligne.<\/p>\n<p>[\/vc_column_text]<div class='usButton '><a href=\"https:\/\/www.usedsoft.com\/fr\/\" class='btn btn-primary mb-3' target=\"\" rel=\"\">Acheter des licences<\/a><\/div>[\/vc_column_inner][\/vc_row_inner][\/vc_column][\/vc_row][\/vc_section][vc_section][vc_row equal_height=\u00a0\u00bbyes\u00a0\u00bb el_id=\u00a0\u00bbteam\u00a0\u00bb][vc_column width=\u00a0\u00bb9\/12&Prime;][vc_row_inner][vc_column_inner width=\u00a0\u00bb1\/3&Prime;][vc_single_image image=\u00a0\u00bb6837&Prime; img_size=\u00a0\u00bbfull\u00a0\u00bb][vc_column_text css=\u00a0\u00bb.vc_custom_1710156759021{margin-top: -10px !important;margin-bottom: 15px !important;}\u00a0\u00bb]<strong>Audrey Tchicaya<br \/>\n<\/strong>Sales Manager<br \/>\nFrance<br \/>\n+49 (0)231 9999-1018[\/vc_column_text]<div class='usButton '><a href=\"mailto:audrey.tchicaya@usedsoft.com\" class='btn btn-primary mb-3' target=\"\" rel=\"\">E-Mail<\/a><\/div>[\/vc_column_inner][vc_column_inner width=\u00a0\u00bb1\/3&Prime;][vc_single_image image=\u00a0\u00bb1074&Prime; img_size=\u00a0\u00bbfull\u00a0\u00bb][vc_column_text css=\u00a0\u00bb.vc_custom_1710156764685{margin-top: -10px !important;margin-bottom: 15px !important;}\u00a0\u00bb]<strong>Mohamed Bertoz<br \/>\n<\/strong>Sales Manager<br \/>\nFrance<br \/>\n+49 (0)231 9999-1022[\/vc_column_text]<div class='usButton '><a href=\"mailto:mohamed.bertoz@usedsoft.com\" class='btn btn-primary mb-3' target=\"\" rel=\"\">E-Mail<\/a><\/div>[\/vc_column_inner][vc_column_inner width=\u00a0\u00bb1\/3&Prime;][vc_single_image image=\u00a0\u00bb8333&Prime; img_size=\u00a0\u00bbfull\u00a0\u00bb][vc_column_text css=\u00a0\u00bb.vc_custom_1710156770088{margin-top: -10px !important;margin-bottom: 15px !important;}\u00a0\u00bb]<strong>Christelle Hamba<br \/>\n<\/strong>Sales Manager<br \/>\nFrance<br \/>\n+49 (0)231 9999-1017[\/vc_column_text]<div class='usButton '><a href=\"mailto:christelle.hamba@usedsoft.com\" class='btn btn-primary mb-3' target=\"\" rel=\"\">E-Mail<\/a><\/div>[\/vc_column_inner][\/vc_row_inner][vc_row_inner el_id=\u00a0\u00bbansprechpartner\u00a0\u00bb][vc_column_inner width=\u00a0\u00bb1\/3&Prime;][vc_single_image image=\u00a0\u00bb6864&Prime; img_size=\u00a0\u00bbfull\u00a0\u00bb][vc_column_text css=\u00a0\u00bb.vc_custom_1710156778715{margin-top: -10px !important;margin-bottom: 15px !important;}\u00a0\u00bb]<strong>Anabela Alexandre<br \/>\n<\/strong>Sales Assistant France<br \/>\nSales Manager Portugal<br \/>\n+49 (0)231 9999-1024[\/vc_column_text]<div class='usButton '><a href=\"mailto:anabela.alexandre@usedsoft.com\" class='btn btn-primary mb-3' target=\"\" rel=\"\">E-Mail<\/a><\/div>[\/vc_column_inner][vc_column_inner width=\u00a0\u00bb1\/3&Prime;][vc_single_image image=\u00a0\u00bb6900&Prime; img_size=\u00a0\u00bbfull\u00a0\u00bb][vc_column_text css=\u00a0\u00bb.vc_custom_1667839290497{margin-top: -10px !important;margin-bottom: 15px !important;}\u00a0\u00bb]<strong>Georg Merkel<br \/>\n<\/strong>Sales Manager<br \/>\nMicrosoft Licensing Professional<br \/>\n+49 (0)231 9999-1014[\/vc_column_text]<div class='usButton '><a href=\"mailto:georg.merkel@usedsoft.com\" class='btn btn-primary mb-3' target=\"\" rel=\"\">E-Mail<\/a><\/div>[\/vc_column_inner][vc_column_inner width=\u00a0\u00bb1\/3&Prime;][vc_single_image image=\u00a0\u00bb6909&Prime; img_size=\u00a0\u00bbfull\u00a0\u00bb][vc_column_text css=\u00a0\u00bb.vc_custom_1678095304641{margin-top: -10px !important;margin-bottom: 15px !important;}\u00a0\u00bb]<strong>Enis \u00d6.<br \/>\n<\/strong>Sales Manager<br \/>\nMicrosoft Licensing Professional<br \/>\n+49 (0)231 9999-1015[\/vc_column_text]<div class='usButton '><a href=\"mailto:eo@usedsoft.com\" class='btn btn-primary mb-3' target=\"\" rel=\"\">E-Mail<\/a><\/div>[\/vc_column_inner][\/vc_row_inner][vc_row_inner][vc_column_inner width=\u00a0\u00bb1\/3&Prime;][vc_single_image image=\u00a0\u00bb6844&Prime; img_size=\u00a0\u00bbfull\u00a0\u00bb][vc_column_text css=\u00a0\u00bb.vc_custom_1699866636138{margin-top: -10px !important;margin-bottom: 15px !important;}\u00a0\u00bb]<strong>Markus Rummel<br \/>\n<\/strong>Purchasing Manager<br \/>\nSales Webshop<br \/>\n+49 (0)231 9999-1012[\/vc_column_text]<div class='usButton '><a href=\"mailto:markus.rummel@usedsoft.com\" class='btn btn-primary mb-3' target=\"\" rel=\"\">E-Mail<\/a><\/div>[\/vc_column_inner][vc_column_inner width=\u00a0\u00bb1\/3&Prime;][vc_single_image image=\u00a0\u00bb6821&Prime; img_size=\u00a0\u00bbfull\u00a0\u00bb][vc_column_text css=\u00a0\u00bb.vc_custom_1743163798583{margin-top: -10px !important;margin-bottom: 15px !important;}\u00a0\u00bb]<strong>Luca Calabria<br \/>\n<\/strong>Sales Webshop<br \/>\nSales Manager Italie<br \/>\n+49 (0)231 9999-1013[\/vc_column_text]<div class='usButton '><a href=\"mailto:luca.calabria@usedsoft.com\" class='btn btn-primary mb-3' target=\"\" rel=\"\">E-Mail<\/a><\/div>[\/vc_column_inner][vc_column_inner width=\u00a0\u00bb1\/3&Prime;][vc_single_image image=\u00a0\u00bb6925&Prime; img_size=\u00a0\u00bbfull\u00a0\u00bb][vc_column_text css=\u00a0\u00bb.vc_custom_1710157244096{margin-top: -10px !important;margin-bottom: 15px !important;}\u00a0\u00bb]<strong>Andrea Giannetto<br \/>\n<\/strong>Sales Manager<br \/>\nItalie<br \/>\n+39 348 52 39 711[\/vc_column_text]<div class='usButton '><a href=\"mailto:andrea.giannetto@usedsoft.com\" class='btn btn-primary mb-3' target=\"\" rel=\"\">E-Mail<\/a><\/div>[\/vc_column_inner][\/vc_row_inner][vc_row_inner][vc_column_inner width=\u00a0\u00bb1\/3&Prime;][vc_single_image image=\u00a0\u00bb8281&Prime; img_size=\u00a0\u00bbfull\u00a0\u00bb][vc_column_text css=\u00a0\u00bb.vc_custom_1710157248609{margin-top: -10px !important;margin-bottom: 15px !important;}\u00a0\u00bb]<strong>Cesare Ghisalberti<\/strong><br \/>\nSales Manager<br \/>\nItalie<br \/>\n+39 345 5080720[\/vc_column_text]<div class='usButton '><a href=\"mailto:cesare.ghisalberti@usedsoft.com\" class='btn btn-primary mb-3' target=\"\" rel=\"\">E-Mail<\/a><\/div>[\/vc_column_inner][vc_column_inner width=\u00a0\u00bb1\/3&Prime;][vc_single_image image=\u00a0\u00bb8343&Prime; img_size=\u00a0\u00bbfull\u00a0\u00bb][vc_column_text css=\u00a0\u00bb.vc_custom_1667839366901{margin-top: -10px !important;margin-bottom: 15px !important;}\u00a0\u00bb]<strong>Daniela Heider<br \/>\n<\/strong>Accounting Manager<br \/>\n+49 (0)231 9999-1010[\/vc_column_text]<div class='usButton '><a href=\"mailto:daniela.heider@usedsoft.com\" class='btn btn-primary mb-3' target=\"\" rel=\"\">E-Mail<\/a><\/div>[\/vc_column_inner][vc_column_inner width=\u00a0\u00bb1\/3&Prime;][vc_single_image image=\u00a0\u00bb6882&Prime; img_size=\u00a0\u00bbfull\u00a0\u00bb][vc_column_text css=\u00a0\u00bb.vc_custom_1667839372844{margin-top: -10px !important;margin-bottom: 15px !important;}\u00a0\u00bb]<strong>Julia Klein<br \/>\n<\/strong>Accounting Assistant<br \/>\n+49 (0)231 9999-1000[\/vc_column_text]<div class='usButton '><a href=\"mailto:julia.klein@usedsoft.com\" class='btn btn-primary mb-3' target=\"\" rel=\"\">E-Mail<\/a><\/div>[\/vc_column_inner][\/vc_row_inner][\/vc_column][vc_column width=\u00a0\u00bb3\/12&Prime; el_class=\u00a0\u00bbsticky\u00a0\u00bb][vc_column_text el_class=\u00a0\u00bbinfobox sticky\u00a0\u00bb]<\/p>\n<h4>Rejoins notre \u00e9quipe usedSoft !<\/h4>\n<p>Nous sommes toujours \u00e0 la recherche de coll\u00e8gues motiv\u00e9s qui souhaitent apporter leurs comp\u00e9tences et id\u00e9es \u00e0 notre \u00e9quipe. Les professionnels de la vente en particulier qui souhaitent progresser avec nous sont toujours les bienvenus.<\/p>\n<p>Tu trouveras sur notre page\u00a0<a href=\"https:\/\/www.usedsoft.com\/i\/fr\/carriere\/\">Carri\u00e8re<\/a>\u00a0toutes les informations sur les offres d\u2019emploi actuelles.[\/vc_column_text][vc_raw_html]JTNDYSUyMGNsYXNzJTNEJTIyY29va2llY29uc2VudC1vcHRpbi1tYXJrZXRpbmclMjIlMjBocmVmJTNEJTIyaHR0cHMlM0ElMkYlMkZrdW51bnUuY29tJTJGZGUlMkZ1c2Vkc29mdC1kZXV0c2NobGFuZDElM0Z1dG1fbWVkaXVtJTNEYWZmaWxpYXRlJTI2dXRtX3NvdXJjZSUzRHdpZGdldCUyNnV0bV9jb250ZW50JTNEd2lkZ2V0X2ljb25fc2NvcmVfbG9nb19zbWFsbCUyNnJmciUzRGFmZmlsaWF0ZV93aWRnZXQlMjAlMjIlMjByZWwlM0QlMjJub2ZvbGxvdyUyMG5vb3BlbmVyJTIyJTIwdGFyZ2V0JTNEJTIyX2JsYW5rJTIyJTNFJTNDaW1nJTIwYWx0JTNEJTIya3VudW51JTIwd2lkZ2V0JTIyJTIwc3JjJTNEJTIyaHR0cHMlM0ElMkYlMkZ3aWRnZXRzLmt1bnVudS5jb20lMkZ3aWRnZXRfaWNvbl9zY29yZV9sb2dvX3NtYWxsJTJGcHJvZmlsZXMlMkY4NDNiOWYzOC1iMzdjLTRkM2YtYjExZi0xOTdkYTU4NDgwZTQlMjIlMjAlMkYlM0UlM0MlMkZhJTNF[\/vc_raw_html][\/vc_column][\/vc_row][\/vc_section]<\/p>\n","protected":false},"excerpt":{"rendered":"<p>[vc_section el_class=\u00a0\u00bbintroBlock\u00a0\u00bb][vc_row][vc_column][vc_single_image image=\u00a0\u00bb8928&Prime; img_size=\u00a0\u00bb600&#215;600&Prime; alignment=\u00a0\u00bbcenter\u00a0\u00bb][vc_column_text] Notre \u00e9quipe usedSoft : Vos experts en mati\u00e8re de logiciels d&rsquo;occasion Nous assistons les clients B2B dans l\u2019achat de licences d\u2019occasion. Vous trouverez chez nous des interlocuteurs comp\u00e9tents : notre \u00e9quipe usedSoft est compos\u00e9e d\u2019experts en logiciels d\u2019occasion exp\u00e9riment\u00e9s et de partenaires certifi\u00e9s Microsoft Licensing.[\/vc_column_text][vc_row_inner equal_height=\u00a0\u00bbyes\u00a0\u00bb el_class=\u00a0\u00bbwhiteboxes\u00a0\u00bb][vc_column_inner width=\u00a0\u00bb1\/3&Prime;][vc_column_text] Contactez-nous Vous [&hellip;]<\/p>\n","protected":false},"author":3,"featured_media":0,"parent":0,"menu_order":0,"comment_status":"closed","ping_status":"closed","template":"","meta":{"footnotes":""},"class_list":["post-8943","page","type-page","status-publish","hentry"],"yoast_head":"<!-- This site is optimized with the Yoast SEO plugin v23.3 - https:\/\/yoast.com\/wordpress\/plugins\/seo\/ -->\n<title>Team | usedSoft<\/title>\n<meta name=\"robots\" content=\"index, follow, max-snippet:-1, max-image-preview:large, max-video-preview:-1\" \/>\n<link rel=\"canonical\" href=\"https:\/\/www.usedsoft.com\/i\/fr\/team\/\" \/>\n<meta property=\"og:locale\" content=\"fr_FR\" \/>\n<meta property=\"og:type\" content=\"article\" \/>\n<meta property=\"og:title\" content=\"Team | usedSoft\" \/>\n<meta property=\"og:description\" content=\"[vc_section el_class=\u00a0\u00bbintroBlock\u00a0\u00bb][vc_row][vc_column][vc_single_image image=\u00a0\u00bb8928&Prime; img_size=\u00a0\u00bb600&#215;600&Prime; alignment=\u00a0\u00bbcenter\u00a0\u00bb][vc_column_text] Notre \u00e9quipe usedSoft : Vos experts en mati\u00e8re de logiciels d&rsquo;occasion Nous assistons les clients B2B dans l\u2019achat de licences d\u2019occasion. Vous trouverez chez nous des interlocuteurs comp\u00e9tents : notre \u00e9quipe usedSoft est compos\u00e9e d\u2019experts en logiciels d\u2019occasion exp\u00e9riment\u00e9s et de partenaires certifi\u00e9s Microsoft Licensing.[\/vc_column_text][vc_row_inner equal_height=\u00a0\u00bbyes\u00a0\u00bb el_class=\u00a0\u00bbwhiteboxes\u00a0\u00bb][vc_column_inner width=\u00a0\u00bb1\/3&Prime;][vc_column_text] Contactez-nous Vous [&hellip;]\" \/>\n<meta property=\"og:url\" content=\"https:\/\/www.usedsoft.com\/i\/fr\/team\/\" \/>\n<meta property=\"og:site_name\" content=\"usedSoft\" \/>\n<meta property=\"article:modified_time\" content=\"2026-01-16T11:15:15+00:00\" \/>\n<meta name=\"twitter:card\" content=\"summary_large_image\" \/>\n<meta name=\"twitter:label1\" content=\"Dur\u00e9e de lecture estim\u00e9e\" \/>\n\t<meta name=\"twitter:data1\" content=\"6 minutes\" \/>\n<script type=\"application\/ld+json\" class=\"yoast-schema-graph\">{\"@context\":\"https:\/\/schema.org\",\"@graph\":[{\"@type\":\"WebPage\",\"@id\":\"https:\/\/www.usedsoft.com\/i\/fr\/team\/\",\"url\":\"https:\/\/www.usedsoft.com\/i\/fr\/team\/\",\"name\":\"Team | usedSoft\",\"isPartOf\":{\"@id\":\"https:\/\/www.usedsoft.com\/i\/#website\"},\"datePublished\":\"2024-03-11T11:18:50+00:00\",\"dateModified\":\"2026-01-16T11:15:15+00:00\",\"breadcrumb\":{\"@id\":\"https:\/\/www.usedsoft.com\/i\/fr\/team\/#breadcrumb\"},\"inLanguage\":\"fr-FR\",\"potentialAction\":[{\"@type\":\"ReadAction\",\"target\":[\"https:\/\/www.usedsoft.com\/i\/fr\/team\/\"]}]},{\"@type\":\"BreadcrumbList\",\"@id\":\"https:\/\/www.usedsoft.com\/i\/fr\/team\/#breadcrumb\",\"itemListElement\":[{\"@type\":\"ListItem\",\"position\":1,\"name\":\"Startseite\",\"item\":\"https:\/\/www.usedsoft.com\/i\/fr\/\"},{\"@type\":\"ListItem\",\"position\":2,\"name\":\"Team\"}]},{\"@type\":\"WebSite\",\"@id\":\"https:\/\/www.usedsoft.com\/i\/#website\",\"url\":\"https:\/\/www.usedsoft.com\/i\/\",\"name\":\"usedSoft\",\"description\":\"\",\"potentialAction\":[{\"@type\":\"SearchAction\",\"target\":{\"@type\":\"EntryPoint\",\"urlTemplate\":\"https:\/\/www.usedsoft.com\/i\/?s={search_term_string}\"},\"query-input\":\"required name=search_term_string\"}],\"inLanguage\":\"fr-FR\"}]}<\/script>\n<!-- \/ Yoast SEO plugin. -->","yoast_head_json":{"title":"Team | usedSoft","robots":{"index":"index","follow":"follow","max-snippet":"max-snippet:-1","max-image-preview":"max-image-preview:large","max-video-preview":"max-video-preview:-1"},"canonical":"https:\/\/www.usedsoft.com\/i\/fr\/team\/","og_locale":"fr_FR","og_type":"article","og_title":"Team | usedSoft","og_description":"[vc_section el_class=\u00a0\u00bbintroBlock\u00a0\u00bb][vc_row][vc_column][vc_single_image image=\u00a0\u00bb8928&Prime; img_size=\u00a0\u00bb600&#215;600&Prime; alignment=\u00a0\u00bbcenter\u00a0\u00bb][vc_column_text] Notre \u00e9quipe usedSoft : Vos experts en mati\u00e8re de logiciels d&rsquo;occasion Nous assistons les clients B2B dans l\u2019achat de licences d\u2019occasion. Vous trouverez chez nous des interlocuteurs comp\u00e9tents : notre \u00e9quipe usedSoft est compos\u00e9e d\u2019experts en logiciels d\u2019occasion exp\u00e9riment\u00e9s et de partenaires certifi\u00e9s Microsoft Licensing.[\/vc_column_text][vc_row_inner equal_height=\u00a0\u00bbyes\u00a0\u00bb el_class=\u00a0\u00bbwhiteboxes\u00a0\u00bb][vc_column_inner width=\u00a0\u00bb1\/3&Prime;][vc_column_text] Contactez-nous Vous [&hellip;]","og_url":"https:\/\/www.usedsoft.com\/i\/fr\/team\/","og_site_name":"usedSoft","article_modified_time":"2026-01-16T11:15:15+00:00","twitter_card":"summary_large_image","twitter_misc":{"Dur\u00e9e de lecture estim\u00e9e":"6 minutes"},"schema":{"@context":"https:\/\/schema.org","@graph":[{"@type":"WebPage","@id":"https:\/\/www.usedsoft.com\/i\/fr\/team\/","url":"https:\/\/www.usedsoft.com\/i\/fr\/team\/","name":"Team | usedSoft","isPartOf":{"@id":"https:\/\/www.usedsoft.com\/i\/#website"},"datePublished":"2024-03-11T11:18:50+00:00","dateModified":"2026-01-16T11:15:15+00:00","breadcrumb":{"@id":"https:\/\/www.usedsoft.com\/i\/fr\/team\/#breadcrumb"},"inLanguage":"fr-FR","potentialAction":[{"@type":"ReadAction","target":["https:\/\/www.usedsoft.com\/i\/fr\/team\/"]}]},{"@type":"BreadcrumbList","@id":"https:\/\/www.usedsoft.com\/i\/fr\/team\/#breadcrumb","itemListElement":[{"@type":"ListItem","position":1,"name":"Startseite","item":"https:\/\/www.usedsoft.com\/i\/fr\/"},{"@type":"ListItem","position":2,"name":"Team"}]},{"@type":"WebSite","@id":"https:\/\/www.usedsoft.com\/i\/#website","url":"https:\/\/www.usedsoft.com\/i\/","name":"usedSoft","description":"","potentialAction":[{"@type":"SearchAction","target":{"@type":"EntryPoint","urlTemplate":"https:\/\/www.usedsoft.com\/i\/?s={search_term_string}"},"query-input":"required name=search_term_string"}],"inLanguage":"fr-FR"}]}},"_links":{"self":[{"href":"https:\/\/www.usedsoft.com\/i\/fr\/wp-json\/wp\/v2\/pages\/8943","targetHints":{"allow":["GET"]}}],"collection":[{"href":"https:\/\/www.usedsoft.com\/i\/fr\/wp-json\/wp\/v2\/pages"}],"about":[{"href":"https:\/\/www.usedsoft.com\/i\/fr\/wp-json\/wp\/v2\/types\/page"}],"author":[{"embeddable":true,"href":"https:\/\/www.usedsoft.com\/i\/fr\/wp-json\/wp\/v2\/users\/3"}],"replies":[{"embeddable":true,"href":"https:\/\/www.usedsoft.com\/i\/fr\/wp-json\/wp\/v2\/comments?post=8943"}],"version-history":[{"count":19,"href":"https:\/\/www.usedsoft.com\/i\/fr\/wp-json\/wp\/v2\/pages\/8943\/revisions"}],"predecessor-version":[{"id":12175,"href":"https:\/\/www.usedsoft.com\/i\/fr\/wp-json\/wp\/v2\/pages\/8943\/revisions\/12175"}],"wp:attachment":[{"href":"https:\/\/www.usedsoft.com\/i\/fr\/wp-json\/wp\/v2\/media?parent=8943"}],"curies":[{"name":"wp","href":"https:\/\/api.w.org\/{rel}","templated":true}]}}