{"id":4046,"date":"2022-07-14T13:18:35","date_gmt":"2022-07-14T11:18:35","guid":{"rendered":"https:\/\/us.dev.bitdivision.de\/i\/presseinformationen-und-downloads-zu-usedsoft\/"},"modified":"2025-03-04T12:33:30","modified_gmt":"2025-03-04T11:33:30","slug":"presse","status":"publish","type":"page","link":"https:\/\/www.usedsoft.com\/i\/fr\/presse\/","title":{"rendered":"Presse"},"content":{"rendered":"<p>[vc_section el_class=\u00a0\u00bbintroBlock\u00a0\u00bb][vc_row][vc_column][vc_single_image image=\u00a0\u00bb5908&Prime; img_size=\u00a0\u00bb600&#215;600&Prime; alignment=\u00a0\u00bbcenter\u00a0\u00bb][vc_column_text]<\/p>\n<h1>Bienvenue dans l&rsquo;espace presse usedSoft<\/h1>\n<p>Vous trouverez ici les derniers communiqu\u00e9s de presse et les t\u00e9l\u00e9chargements concernant usedSoft. Vous avez besoin de plus d&rsquo;informations sur les logiciels d&rsquo;occasion, notre entreprise ou des images sp\u00e9ciales ? Notre contact presse Julia Hisge se fera un plaisir de vous aider.[\/vc_column_text][vc_row_inner equal_height=\u00a0\u00bbyes\u00a0\u00bb el_class=\u00a0\u00bbwhiteboxes\u00a0\u00bb][vc_column_inner width=\u00a0\u00bb1\/3&Prime;]<div class=\"text-center\"><img decoding=\"async\" src=\"https:\/\/www.usedsoft.com\/i\/wp-content\/themes\/usedsoft\/svg\/kontakt.svg\"><\/div>[vc_column_text]<\/p>\n<h3 style=\"text-align: center;\">Contact presse<\/h3>\n<p style=\"text-align: center;\">Julia Hisge<br \/>\n+49 (0) 221 80 10 87-90<br \/>\n<a href=\"mailto:jh@moeller-pr.de\">jh@moeller-pr.de<\/a><br \/>\n<a href=\"http:\/\/www.moeller-pr.de\">www.moeller-pr.de<\/a><\/p>\n<p>[\/vc_column_text][\/vc_column_inner][\/vc_row_inner][\/vc_column][\/vc_row][\/vc_section][vc_section][vc_row][vc_column][vc_text_separator title=\u00a0\u00bbT\u00e9l\u00e9chargements\u00a0\u00bb title_align=\u00a0\u00bbseparator_align_left\u00a0\u00bb][\/vc_column][\/vc_row][vc_row][vc_column width=\u00a0\u00bb1\/2&Prime;][vc_single_image image=\u00a0\u00bb3443&Prime; img_size=\u00a0\u00bblarge\u00a0\u00bb][vc_column_text]<strong>Johannes J\u00e4ger<\/strong><br \/>\nDirecteur g\u00e9n\u00e9ral, usedSoft Deutschland GmbH<br \/>\n(3 motifs, haute r\u00e9solution en fichier ZIP, 15 MB)[\/vc_column_text]<div class='usButton '><a href=\"\/i\/wp-content\/uploads\/2022\/07\/Johannes_Jaeger.zip\" class='btn btn-primary mb-3' target=\"_blank\" rel=\"\">T\u00e9l\u00e9chargement<\/a><\/div>[\/vc_column][vc_column width=\u00a0\u00bb1\/2&Prime;][\/vc_column][\/vc_row][\/vc_section][vc_section][vc_row][vc_column][vc_text_separator title=\u00a0\u00bbCommuniqu\u00e9s de presse\u00a0\u00bb title_align=\u00a0\u00bbseparator_align_left\u00a0\u00bb]<div class=\"row mb-5 \">\r\n\r\n                <div class=\"col-12 col-md-6 col-lg-4 news mb-3\">\r\n            <div class=\"inner h-100\">\r\n                <img decoding=\"async\" class=\"img-fluid\" src=\"https:\/\/www.usedsoft.com\/i\/wp-content\/uploads\/2022\/07\/TR_0973-scaled-e1657192839875.jpg\">\r\n\r\n                <div class=\"p-3\">\r\n                    <b class=\"highlight\">13. juin 2022<\/b>\r\n\r\n                    <h3 class=\"my-4\" style=\"font-weight: bold;\">D\u00e9c\u00e8s de Peter Schneider, pionnier des logiciels d\u2019occasion<\/h3>\r\n\r\n                    <div>\r\n                        <p>[vc_section content_placement=\u00a0\u00bbmiddle\u00a0\u00bb][vc_row][vc_column width=\u00a0\u00bb1\/2&Prime; el_class=\u00a0\u00bbvc_col-sm-push-6&Prime;][vc_single_image image=\u00a0\u00bb296&Prime; img_size=\u00a0\u00bbmedium\u00a0\u00bb alignment=\u00a0\u00bbcenter\u00a0\u00bb][\/vc_column][vc_column width=\u00a0\u00bb1\/2&Prime; el_class=\u00a0\u00bbvc_col-sm-pull-6&Prime;][vc_column_text el_class=\u00a0\u00bbheadline\u00a0\u00bb]Peter Schneider, pionnier des logiciels d\u2019occasion et fondateur du groupe international de vente de logiciels usedSoft, est d\u00e9c\u00e9d\u00e9 il y a quelques jours des suites d\u2019une grave maladie. C\u2019est ce qu\u2019a annonc\u00e9 aujourd\u2019hui sa famille. Peter Schneider \u00e9tait \u00e2g\u00e9 de 67 ans.[\/vc_column_text][vc_column_text]Peter Schneider avait fond\u00e9 l\u2019entreprise [&hellip;]<\/p>\n                    <\/div>\r\n\r\n                    <div class=\"mt-3\">\r\n                        <a href=\"https:\/\/www.usedsoft.com\/i\/fr\/peter-schneider-pionnier-des-logiciels-doccasion\/\" class=\"text-uppercase mt-3\">Lire plus<\/a>\r\n                    <\/div>\r\n                <\/div>\r\n            <\/div>\r\n        <\/div>\r\n                  <div class=\"col-12 col-md-6 col-lg-4 news mb-3\">\r\n            <div class=\"inner h-100\">\r\n                <img decoding=\"async\" class=\"img-fluid\" src=\"https:\/\/www.usedsoft.com\/i\/wp-content\/uploads\/2022\/05\/Nachhaltigkeit-600x300-1.jpg\">\r\n\r\n                <div class=\"p-3\">\r\n                    <b class=\"highlight\">12. mai 2022<\/b>\r\n\r\n                    <h3 class=\"my-4\" style=\"font-weight: bold;\">Les logiciels d&rsquo;occasion sont durables<\/h3>\r\n\r\n                    <div>\r\n                        <p>[vc_section content_placement=\u00a0\u00bbmiddle\u00a0\u00bb][vc_row][vc_column width=\u00a0\u00bb1\/2&Prime; el_class=\u00a0\u00bbvc_col-sm-push-6&Prime;][vc_single_image image=\u00a0\u00bb1051&Prime; img_size=\u00a0\u00bbfull\u00a0\u00bb alignment=\u00a0\u00bbcenter\u00a0\u00bb][\/vc_column][vc_column width=\u00a0\u00bb1\/2&Prime; el_class=\u00a0\u00bbvc_col-sm-pull-6&Prime;][vc_column_text el_class=\u00a0\u00bbheadline\u00a0\u00bb]Des v\u00eatements en coton bio, des l\u00e9gumes de la r\u00e9gion, des emballages en papier \u2013 dans la vie priv\u00e9e, de nombreuses personnes veillent sciemment \u00e0 faire des achats durables. Mais les logiciels d&rsquo;occasion sont aussi durables : Dans son \u00e9tude de march\u00e9 de cette ann\u00e9e, le [&hellip;]<\/p>\n                    <\/div>\r\n\r\n                    <div class=\"mt-3\">\r\n                        <a href=\"https:\/\/www.usedsoft.com\/i\/fr\/les-logiciels-doccasion-sont-durables\/\" class=\"text-uppercase mt-3\">Lire plus<\/a>\r\n                    <\/div>\r\n                <\/div>\r\n            <\/div>\r\n        <\/div>\r\n                  <div class=\"col-12 col-md-6 col-lg-4 news mb-3\">\r\n            <div class=\"inner h-100\">\r\n                <img decoding=\"async\" class=\"img-fluid\" src=\"https:\/\/www.usedsoft.com\/i\/wp-content\/uploads\/2022\/02\/Steigerung-600x300-1.jpg\">\r\n\r\n                <div class=\"p-3\">\r\n                    <b class=\"highlight\">15. f\u00e9vrier 2022<\/b>\r\n\r\n                    <h3 class=\"my-4\" style=\"font-weight: bold;\">best-sellers: versions 2019 des logiciels d&rsquo;occasion<\/h3>\r\n\r\n                    <div>\r\n                        <p>[vc_section content_placement=\u00a0\u00bbmiddle\u00a0\u00bb][vc_row][vc_column width=\u00a0\u00bb1\/2&Prime; el_class=\u00a0\u00bbvc_col-sm-push-6&Prime;][vc_single_image image=\u00a0\u00bb1025&Prime; img_size=\u00a0\u00bbfull\u00a0\u00bb alignment=\u00a0\u00bbcenter\u00a0\u00bb][\/vc_column][vc_column width=\u00a0\u00bb1\/2&Prime; el_class=\u00a0\u00bbvc_col-sm-pull-6&Prime;][vc_column_text el_class=\u00a0\u00bbheadline\u00a0\u00bb]Best-sellers: versions 2019 des logiciels d&rsquo;occasion: Pour la premi\u00e8re fois l\u2019ann\u00e9e derni\u00e8re, les versions 2019 des applications Microsoft Office et des serveurs ont \u00e9t\u00e9 achet\u00e9es plus souvent que leurs pr\u00e9d\u00e9cesseurs. Les versions de logiciels d&rsquo;occasion de 2019 sont donc sur la voie rapide. C\u2019est ce qu\u2019a [&hellip;]<\/p>\n                    <\/div>\r\n\r\n                    <div class=\"mt-3\">\r\n                        <a href=\"https:\/\/www.usedsoft.com\/i\/fr\/best-sellers-versions-2019-des-logiciels-doccasion\/\" class=\"text-uppercase mt-3\">Lire plus<\/a>\r\n                    <\/div>\r\n                <\/div>\r\n            <\/div>\r\n        <\/div>\r\n    <\/div>[\/vc_column][\/vc_row][\/vc_section]<\/p>\n","protected":false},"excerpt":{"rendered":"<p>[vc_section el_class=\u00a0\u00bbintroBlock\u00a0\u00bb][vc_row][vc_column][vc_single_image image=\u00a0\u00bb5908&Prime; img_size=\u00a0\u00bb600&#215;600&Prime; alignment=\u00a0\u00bbcenter\u00a0\u00bb][vc_column_text] Bienvenue dans l&rsquo;espace presse usedSoft Vous trouverez ici les derniers communiqu\u00e9s de presse et les t\u00e9l\u00e9chargements concernant usedSoft. Vous avez besoin de plus d&rsquo;informations sur les logiciels d&rsquo;occasion, notre entreprise ou des images sp\u00e9ciales ? Notre contact presse Julia Hisge se fera un plaisir de vous aider.[\/vc_column_text][vc_row_inner equal_height=\u00a0\u00bbyes\u00a0\u00bb el_class=\u00a0\u00bbwhiteboxes\u00a0\u00bb][vc_column_inner width=\u00a0\u00bb1\/3&Prime;][vc_column_text] [&hellip;]<\/p>\n","protected":false},"author":4,"featured_media":0,"parent":0,"menu_order":0,"comment_status":"closed","ping_status":"closed","template":"","meta":{"footnotes":""},"class_list":["post-4046","page","type-page","status-publish","hentry"],"yoast_head":"<!-- This site is optimized with the Yoast SEO plugin v23.3 - https:\/\/yoast.com\/wordpress\/plugins\/seo\/ -->\n<title>Bienvenue dans notre espace presse | usedSoft<\/title>\n<meta name=\"description\" content=\"Vous trouverez ici les derniers informations de presse et telechargements concernant usedsoft et notre contact presse.\" \/>\n<meta name=\"robots\" content=\"index, follow, max-snippet:-1, max-image-preview:large, max-video-preview:-1\" \/>\n<link rel=\"canonical\" href=\"https:\/\/www.usedsoft.com\/i\/fr\/presse\/\" \/>\n<meta property=\"og:locale\" content=\"fr_FR\" \/>\n<meta property=\"og:type\" content=\"article\" \/>\n<meta property=\"og:title\" content=\"Bienvenue dans notre espace presse | usedSoft\" \/>\n<meta property=\"og:description\" content=\"Vous trouverez ici les derniers informations de presse et telechargements concernant usedsoft et notre contact presse.\" \/>\n<meta property=\"og:url\" content=\"https:\/\/www.usedsoft.com\/i\/fr\/presse\/\" \/>\n<meta property=\"og:site_name\" content=\"usedSoft\" \/>\n<meta property=\"article:modified_time\" content=\"2025-03-04T11:33:30+00:00\" \/>\n<meta name=\"twitter:card\" content=\"summary_large_image\" \/>\n<meta name=\"twitter:label1\" content=\"Dur\u00e9e de lecture estim\u00e9e\" \/>\n\t<meta name=\"twitter:data1\" content=\"1 minute\" \/>\n<script type=\"application\/ld+json\" class=\"yoast-schema-graph\">{\"@context\":\"https:\/\/schema.org\",\"@graph\":[{\"@type\":\"WebPage\",\"@id\":\"https:\/\/www.usedsoft.com\/i\/fr\/presse\/\",\"url\":\"https:\/\/www.usedsoft.com\/i\/fr\/presse\/\",\"name\":\"Bienvenue dans notre espace presse | usedSoft\",\"isPartOf\":{\"@id\":\"https:\/\/www.usedsoft.com\/i\/#website\"},\"datePublished\":\"2022-07-14T11:18:35+00:00\",\"dateModified\":\"2025-03-04T11:33:30+00:00\",\"description\":\"Vous trouverez ici les derniers informations de presse et telechargements concernant usedsoft et notre contact presse.\",\"breadcrumb\":{\"@id\":\"https:\/\/www.usedsoft.com\/i\/fr\/presse\/#breadcrumb\"},\"inLanguage\":\"fr-FR\",\"potentialAction\":[{\"@type\":\"ReadAction\",\"target\":[\"https:\/\/www.usedsoft.com\/i\/fr\/presse\/\"]}]},{\"@type\":\"BreadcrumbList\",\"@id\":\"https:\/\/www.usedsoft.com\/i\/fr\/presse\/#breadcrumb\",\"itemListElement\":[{\"@type\":\"ListItem\",\"position\":1,\"name\":\"Startseite\",\"item\":\"https:\/\/www.usedsoft.com\/i\/fr\/\"},{\"@type\":\"ListItem\",\"position\":2,\"name\":\"Presse\"}]},{\"@type\":\"WebSite\",\"@id\":\"https:\/\/www.usedsoft.com\/i\/#website\",\"url\":\"https:\/\/www.usedsoft.com\/i\/\",\"name\":\"usedSoft\",\"description\":\"\",\"potentialAction\":[{\"@type\":\"SearchAction\",\"target\":{\"@type\":\"EntryPoint\",\"urlTemplate\":\"https:\/\/www.usedsoft.com\/i\/?s={search_term_string}\"},\"query-input\":\"required name=search_term_string\"}],\"inLanguage\":\"fr-FR\"}]}<\/script>\n<!-- \/ Yoast SEO plugin. -->","yoast_head_json":{"title":"Bienvenue dans notre espace presse | usedSoft","description":"Vous trouverez ici les derniers informations de presse et telechargements concernant usedsoft et notre contact presse.","robots":{"index":"index","follow":"follow","max-snippet":"max-snippet:-1","max-image-preview":"max-image-preview:large","max-video-preview":"max-video-preview:-1"},"canonical":"https:\/\/www.usedsoft.com\/i\/fr\/presse\/","og_locale":"fr_FR","og_type":"article","og_title":"Bienvenue dans notre espace presse | usedSoft","og_description":"Vous trouverez ici les derniers informations de presse et telechargements concernant usedsoft et notre contact presse.","og_url":"https:\/\/www.usedsoft.com\/i\/fr\/presse\/","og_site_name":"usedSoft","article_modified_time":"2025-03-04T11:33:30+00:00","twitter_card":"summary_large_image","twitter_misc":{"Dur\u00e9e de lecture estim\u00e9e":"1 minute"},"schema":{"@context":"https:\/\/schema.org","@graph":[{"@type":"WebPage","@id":"https:\/\/www.usedsoft.com\/i\/fr\/presse\/","url":"https:\/\/www.usedsoft.com\/i\/fr\/presse\/","name":"Bienvenue dans notre espace presse | usedSoft","isPartOf":{"@id":"https:\/\/www.usedsoft.com\/i\/#website"},"datePublished":"2022-07-14T11:18:35+00:00","dateModified":"2025-03-04T11:33:30+00:00","description":"Vous trouverez ici les derniers informations de presse et telechargements concernant usedsoft et notre contact presse.","breadcrumb":{"@id":"https:\/\/www.usedsoft.com\/i\/fr\/presse\/#breadcrumb"},"inLanguage":"fr-FR","potentialAction":[{"@type":"ReadAction","target":["https:\/\/www.usedsoft.com\/i\/fr\/presse\/"]}]},{"@type":"BreadcrumbList","@id":"https:\/\/www.usedsoft.com\/i\/fr\/presse\/#breadcrumb","itemListElement":[{"@type":"ListItem","position":1,"name":"Startseite","item":"https:\/\/www.usedsoft.com\/i\/fr\/"},{"@type":"ListItem","position":2,"name":"Presse"}]},{"@type":"WebSite","@id":"https:\/\/www.usedsoft.com\/i\/#website","url":"https:\/\/www.usedsoft.com\/i\/","name":"usedSoft","description":"","potentialAction":[{"@type":"SearchAction","target":{"@type":"EntryPoint","urlTemplate":"https:\/\/www.usedsoft.com\/i\/?s={search_term_string}"},"query-input":"required name=search_term_string"}],"inLanguage":"fr-FR"}]}},"_links":{"self":[{"href":"https:\/\/www.usedsoft.com\/i\/fr\/wp-json\/wp\/v2\/pages\/4046","targetHints":{"allow":["GET"]}}],"collection":[{"href":"https:\/\/www.usedsoft.com\/i\/fr\/wp-json\/wp\/v2\/pages"}],"about":[{"href":"https:\/\/www.usedsoft.com\/i\/fr\/wp-json\/wp\/v2\/types\/page"}],"author":[{"embeddable":true,"href":"https:\/\/www.usedsoft.com\/i\/fr\/wp-json\/wp\/v2\/users\/4"}],"replies":[{"embeddable":true,"href":"https:\/\/www.usedsoft.com\/i\/fr\/wp-json\/wp\/v2\/comments?post=4046"}],"version-history":[{"count":18,"href":"https:\/\/www.usedsoft.com\/i\/fr\/wp-json\/wp\/v2\/pages\/4046\/revisions"}],"predecessor-version":[{"id":11306,"href":"https:\/\/www.usedsoft.com\/i\/fr\/wp-json\/wp\/v2\/pages\/4046\/revisions\/11306"}],"wp:attachment":[{"href":"https:\/\/www.usedsoft.com\/i\/fr\/wp-json\/wp\/v2\/media?parent=4046"}],"curies":[{"name":"wp","href":"https:\/\/api.w.org\/{rel}","templated":true}]}}