{"id":3989,"date":"2022-07-14T09:43:11","date_gmt":"2022-07-14T07:43:11","guid":{"rendered":"https:\/\/us.dev.bitdivision.de\/i\/gebrauchtesoftware-volumenlizenzen\/"},"modified":"2023-02-09T16:20:05","modified_gmt":"2023-02-09T15:20:05","slug":"licences-en-volume","status":"publish","type":"page","link":"https:\/\/www.usedsoft.com\/i\/fr\/licences-en-volume\/","title":{"rendered":"Licences en volume"},"content":{"rendered":"<p>[vc_section el_class=\u00a0\u00bbintroBlock\u00a0\u00bb][vc_row][vc_column][vc_single_image image=\u00a0\u00bb5914&Prime; img_size=\u00a0\u00bb600&#215;600&Prime; alignment=\u00a0\u00bbcenter\u00a0\u00bb][vc_column_text]<\/p>\n<h1>Licences en volume &#8211; optimales pour les entreprises, m\u00eame d&rsquo;occasion<\/h1>\n<p>Qu&rsquo;elles soient neuves ou d&rsquo;occasion, les licences en volume sont g\u00e9n\u00e9ralement la meilleure option lorsque plusieurs licences sont n\u00e9cessaires en m\u00eame temps. Elles sont donc optimales pour les entreprises. Lors de l&rsquo;achat, vous recevez un support de donn\u00e9es et une cl\u00e9 d&rsquo;activation. Le logiciel peut \u00eatre d\u00e9ploy\u00e9 et activ\u00e9 par l&rsquo;administrateur sur plusieurs appareils et pour plusieurs utilisateurs. Un gain de temps et de travail ![\/vc_column_text][vc_row_inner equal_height=\u00a0\u00bbyes\u00a0\u00bb el_class=\u00a0\u00bbwhiteboxes\u00a0\u00bb][vc_column_inner width=\u00a0\u00bb1\/3&Prime;]<div class=\"text-center\"><img decoding=\"async\" src=\"https:\/\/www.usedsoft.com\/i\/wp-content\/themes\/usedsoft\/svg\/zeitsparen.svg\"><\/div>[vc_column_text]<\/p>\n<h3 style=\"text-align: center;\">Activation rapide<\/h3>\n<p style=\"text-align: center;\">Pour les licences en volume, il existe un \u00ab\u00a0service de gestion des cl\u00e9s\u00a0\u00bb pratique qui permet d&rsquo;activer plusieurs appareils dans un r\u00e9seau. Pour savoir comment cela fonctionne, cliquez <a href=\"https:\/\/www.usedsoft.com\/i\/fr\/licences-en-volume\/#Activation\">ici<\/a>.<\/p>\n<p>[\/vc_column_text][\/vc_column_inner][vc_column_inner width=\u00a0\u00bb1\/3&Prime;]<div class=\"text-center\"><img decoding=\"async\" src=\"https:\/\/www.usedsoft.com\/i\/wp-content\/themes\/usedsoft\/svg\/sparschwein.svg\"><\/div>[vc_column_text]<\/p>\n<h3 style=\"text-align: center;\">Plus simple &amp; plus avantageux<\/h3>\n<p style=\"text-align: center;\">En r\u00e8gle g\u00e9n\u00e9rale, les licences en volume ne sont pas seulement moins ch\u00e8res. Gr\u00e2ce \u00e0 un approvisionnement plus simple et \u00e0 la possibilit\u00e9 de g\u00e9rer les licences et les cl\u00e9s de mani\u00e8re centralis\u00e9e et efficace, les co\u00fbts totaux baissent \u00e9galement.<\/p>\n<p>[\/vc_column_text][\/vc_column_inner][vc_column_inner width=\u00a0\u00bb1\/3&Prime;]<div class=\"text-center\"><img decoding=\"async\" src=\"https:\/\/www.usedsoft.com\/i\/wp-content\/themes\/usedsoft\/svg\/volumenlizenzen.svg\"><\/div>[vc_column_text]<\/p>\n<h3 style=\"text-align: center;\">Droits d&rsquo;utilisation particuliers<\/h3>\n<p>Certaines fonctions ne sont possibles qu\u2019avec des licences en volume : par exemple, elles sont compatibles avec les terminaux. Le titulaire des droits peut utiliser une infrastructure de bureau virtuel et elles peuvent \u00eatre r\u00e9trograd\u00e9es si n\u00e9cessaire.[\/vc_column_text][\/vc_column_inner][\/vc_row_inner][\/vc_column][\/vc_row][\/vc_section][vc_section][vc_row][vc_column][vc_row_inner][vc_column_inner][vc_text_separator title=\u00a0\u00bbVid\u00e9os utiles sur les licences en volume\u00a0\u00bb title_align=\u00a0\u00bbseparator_align_left\u00a0\u00bb][\/vc_column_inner][\/vc_row_inner][vc_row_inner][vc_column_inner width=\u00a0\u00bb5\/12&Prime;][vc_column_text]<\/p>\n<h3>Quels sont les diff\u00e9rents types de licences ?<\/h3>\n<p>Dans cette vid\u00e9o, nous vous expliquons les diff\u00e9rences entre les types de licences les plus courants de Microsoft : FPP, OEM et licences en volume.[\/vc_column_text][\/vc_column_inner][vc_column_inner width=\u00a0\u00bb1\/12&Prime;][\/vc_column_inner][vc_column_inner width=\u00a0\u00bb6\/12&Prime;][vc_video link=\u00a0\u00bbhttps:\/\/youtu.be\/VOVjsKBIob4&Prime;][\/vc_column_inner][\/vc_row_inner][vc_row_inner el_id=\u00a0\u00bbActivation\u00a0\u00bb][vc_column_inner width=\u00a0\u00bb5\/12&Prime;][vc_column_text]<\/p>\n<h3>Activer les licences en volume<\/h3>\n<p>Dans ce tutoriel, vous apprendrez la meilleure fa\u00e7on d&rsquo;activer vos licences en volume : par MAK (Multiple Activation Key) ou par KMS (Key Management Service).[\/vc_column_text][\/vc_column_inner][vc_column_inner width=\u00a0\u00bb1\/12&Prime;][\/vc_column_inner][vc_column_inner width=\u00a0\u00bb6\/12&Prime;][vc_video link=\u00a0\u00bbhttps:\/\/youtu.be\/WzMUqWyXDS4&Prime;][\/vc_column_inner][\/vc_row_inner][vc_row_inner][vc_column_inner width=\u00a0\u00bb5\/12&Prime;][vc_column_text]<\/p>\n<h3>Configurer un h\u00f4te KMS sur un serveur<\/h3>\n<p>Dans cette vid\u00e9o, nous vous expliquons comment configurer un h\u00f4te KMS sur votre serveur Windows.[\/vc_column_text][\/vc_column_inner][vc_column_inner width=\u00a0\u00bb1\/12&Prime;][\/vc_column_inner][vc_column_inner width=\u00a0\u00bb6\/12&Prime;][vc_video link=\u00a0\u00bbhttps:\/\/youtu.be\/TkyXhBBEdHE\u00a0\u00bb][\/vc_column_inner][\/vc_row_inner][vc_row_inner][vc_column_inner width=\u00a0\u00bb5\/12&Prime;][vc_column_text]<\/p>\n<h3><strong>D\u00e9finir un PC en tant qu\u2019h\u00f4te KMS<\/strong><\/h3>\n<p>Nous vous expliquons dans cette vid\u00e9o comment configurer un PC en tant qu\u2019h\u00f4te KMS sur votre r\u00e9seau.[\/vc_column_text][\/vc_column_inner][vc_column_inner width=\u00a0\u00bb1\/12&Prime;][\/vc_column_inner][vc_column_inner width=\u00a0\u00bb6\/12&Prime;][vc_video link=\u00a0\u00bbhttps:\/\/youtu.be\/v7pfjPEbjPI\u00a0\u00bb][\/vc_column_inner][\/vc_row_inner][vc_row_inner][vc_column_inner][vc_text_separator title=\u00a0\u00bbSituation juridique\u00a0\u00bb title_align=\u00a0\u00bbseparator_align_left\u00a0\u00bb][\/vc_column_inner][\/vc_row_inner][vc_row_inner][vc_column_inner width=\u00a0\u00bb1\/12&Prime;][\/vc_column_inner][vc_column_inner width=\u00a0\u00bb10\/12&Prime;][vc_column_text]<\/p>\n<h3>Les licences individuelles issues de contrats de licence en volume peuvent-elles \u00eatre revendues ?<\/h3>\n<p>Oui, il ressort d\u00e9j\u00e0 de l&rsquo;arr\u00eat usedSoft\/Oracle de la <a href=\"https:\/\/curia.europa.eu\/jcms\/upload\/docs\/application\/pdf\/2012-07\/cp120094fr.pdf\" target=\"_blank\" rel=\"noopener\">CJCE<\/a> que l&rsquo;\u00e9puisement des droits s&rsquo;applique \u00e0 chaque programme achet\u00e9. Le fait que les programmes individuels soient vendus dans le cadre d&rsquo;un contrat de licence en volume n&rsquo;a pas d&rsquo;importance.<\/p>\n<p>Le tribunal r\u00e9gional sup\u00e9rieur de Francfort s&rsquo;est \u00e9galement ralli\u00e9 \u00e0 ce point de vue dans une d\u00e9cision de d\u00e9cembre 2012. Elle a constat\u00e9 que la revente de licences individuelles acquises \u00e0 l&rsquo;origine dans le cadre d&rsquo;un contrat de licence en volume \u00ab\u00a0ne permet pas de supposer qu&rsquo;il y a eu ici un fractionnement non autoris\u00e9\u00a0\u00bb.[\/vc_column_text]<div class='usButton '><a href=\"https:\/\/www.usedsoft.com\/i\/fr\/situation-juridique\/\" class='btn btn-primary mb-3' target=\"\" rel=\"\">Sur la situation juridique<\/a><\/div>[\/vc_column_inner][vc_column_inner width=\u00a0\u00bb1\/12&Prime;][\/vc_column_inner][\/vc_row_inner][\/vc_column][\/vc_row][vc_row][vc_column]<\/div><\/div><\/div><\/div><\/div>\r\n<div id=\"linkBanner\" class=\"container-fluid bg-primary mb-5\">\r\n    <div class=\"container\">\r\n        <div class=\"row my-5\">\r\n            <div class=\"col my-3\">\r\n                <div class=\"inner h-100\">\r\n                    <h3>Acheter des licences<\/h3>\r\n\r\n                    <a href=\"\/fr\" class=\"btn btn-white mt-5\">plus d\u2019informations<\/a>\r\n                <\/div>\r\n            <\/div>\r\n            <div class=\"col my-3\">\r\n                <div class=\"inner h-100\">\r\n                    <h3>Vendre des licences<\/h3>\r\n\r\n                    <a href=\"\/fr\/Vendre-une-licence\/\" class=\"btn btn-white mt-5\">plus d\u2019informations<\/a>\r\n                <\/div>\r\n            <\/div>\r\n            <div class=\"col my-3\">\r\n                <div class=\"inner h-100\">\r\n                    <h3>Offres sp\u00e9ciales<\/h3>\r\n                    <a href=\"\/fr\/Offres-speciales\/\" class=\"btn btn-white mt-5\">plus d\u2019informations<\/a>\r\n                <\/div>\r\n            <\/div>\r\n        <\/div>\r\n    <\/div>\r\n\r\n<\/div>\r\n<div class=\"container\"><div><div><div><div>\r\n\r\n\r\n[\/vc_column][\/vc_row][\/vc_section]<\/p>\n","protected":false},"excerpt":{"rendered":"<p>[vc_section el_class=\u00a0\u00bbintroBlock\u00a0\u00bb][vc_row][vc_column][vc_single_image image=\u00a0\u00bb5914&Prime; img_size=\u00a0\u00bb600&#215;600&Prime; alignment=\u00a0\u00bbcenter\u00a0\u00bb][vc_column_text] Licences en volume &#8211; optimales pour les entreprises, m\u00eame d&rsquo;occasion Qu&rsquo;elles soient neuves ou d&rsquo;occasion, les licences en volume sont g\u00e9n\u00e9ralement la meilleure option lorsque plusieurs licences sont n\u00e9cessaires en m\u00eame temps. Elles sont donc optimales pour les entreprises. Lors de l&rsquo;achat, vous recevez un support de donn\u00e9es et une [&hellip;]<\/p>\n","protected":false},"author":4,"featured_media":0,"parent":0,"menu_order":0,"comment_status":"closed","ping_status":"closed","template":"","meta":{"footnotes":""},"class_list":["post-3989","page","type-page","status-publish","hentry"],"yoast_head":"<!-- This site is optimized with the Yoast SEO plugin v23.3 - https:\/\/yoast.com\/wordpress\/plugins\/seo\/ -->\n<title>Licences en volume | usedSoft<\/title>\n<meta name=\"description\" content=\"Les licences en volume sont g\u00e9n\u00e9ralement la meilleure option lorsque plusieurs licences sont n\u00e9cessaires en m\u00eame temps.\" \/>\n<meta name=\"robots\" content=\"index, follow, max-snippet:-1, max-image-preview:large, max-video-preview:-1\" \/>\n<link rel=\"canonical\" href=\"https:\/\/www.usedsoft.com\/i\/fr\/licences-en-volume\/\" \/>\n<meta property=\"og:locale\" content=\"fr_FR\" \/>\n<meta property=\"og:type\" content=\"article\" \/>\n<meta property=\"og:title\" content=\"Licences en volume | usedSoft\" \/>\n<meta property=\"og:description\" content=\"Les licences en volume sont g\u00e9n\u00e9ralement la meilleure option lorsque plusieurs licences sont n\u00e9cessaires en m\u00eame temps.\" \/>\n<meta property=\"og:url\" content=\"https:\/\/www.usedsoft.com\/i\/fr\/licences-en-volume\/\" \/>\n<meta property=\"og:site_name\" content=\"usedSoft\" \/>\n<meta property=\"article:modified_time\" content=\"2023-02-09T15:20:05+00:00\" \/>\n<meta name=\"twitter:card\" content=\"summary_large_image\" \/>\n<meta name=\"twitter:label1\" content=\"Dur\u00e9e de lecture estim\u00e9e\" \/>\n\t<meta name=\"twitter:data1\" content=\"3 minutes\" \/>\n<script type=\"application\/ld+json\" class=\"yoast-schema-graph\">{\"@context\":\"https:\/\/schema.org\",\"@graph\":[{\"@type\":\"WebPage\",\"@id\":\"https:\/\/www.usedsoft.com\/i\/fr\/licences-en-volume\/\",\"url\":\"https:\/\/www.usedsoft.com\/i\/fr\/licences-en-volume\/\",\"name\":\"Licences en volume | usedSoft\",\"isPartOf\":{\"@id\":\"https:\/\/www.usedsoft.com\/i\/#website\"},\"datePublished\":\"2022-07-14T07:43:11+00:00\",\"dateModified\":\"2023-02-09T15:20:05+00:00\",\"description\":\"Les licences en volume sont g\u00e9n\u00e9ralement la meilleure option lorsque plusieurs licences sont n\u00e9cessaires en m\u00eame temps.\",\"breadcrumb\":{\"@id\":\"https:\/\/www.usedsoft.com\/i\/fr\/licences-en-volume\/#breadcrumb\"},\"inLanguage\":\"fr-FR\",\"potentialAction\":[{\"@type\":\"ReadAction\",\"target\":[\"https:\/\/www.usedsoft.com\/i\/fr\/licences-en-volume\/\"]}]},{\"@type\":\"BreadcrumbList\",\"@id\":\"https:\/\/www.usedsoft.com\/i\/fr\/licences-en-volume\/#breadcrumb\",\"itemListElement\":[{\"@type\":\"ListItem\",\"position\":1,\"name\":\"Startseite\",\"item\":\"https:\/\/www.usedsoft.com\/i\/fr\/\"},{\"@type\":\"ListItem\",\"position\":2,\"name\":\"Licences en volume\"}]},{\"@type\":\"WebSite\",\"@id\":\"https:\/\/www.usedsoft.com\/i\/#website\",\"url\":\"https:\/\/www.usedsoft.com\/i\/\",\"name\":\"usedSoft\",\"description\":\"\",\"potentialAction\":[{\"@type\":\"SearchAction\",\"target\":{\"@type\":\"EntryPoint\",\"urlTemplate\":\"https:\/\/www.usedsoft.com\/i\/?s={search_term_string}\"},\"query-input\":\"required name=search_term_string\"}],\"inLanguage\":\"fr-FR\"}]}<\/script>\n<!-- \/ Yoast SEO plugin. -->","yoast_head_json":{"title":"Licences en volume | usedSoft","description":"Les licences en volume sont g\u00e9n\u00e9ralement la meilleure option lorsque plusieurs licences sont n\u00e9cessaires en m\u00eame temps.","robots":{"index":"index","follow":"follow","max-snippet":"max-snippet:-1","max-image-preview":"max-image-preview:large","max-video-preview":"max-video-preview:-1"},"canonical":"https:\/\/www.usedsoft.com\/i\/fr\/licences-en-volume\/","og_locale":"fr_FR","og_type":"article","og_title":"Licences en volume | usedSoft","og_description":"Les licences en volume sont g\u00e9n\u00e9ralement la meilleure option lorsque plusieurs licences sont n\u00e9cessaires en m\u00eame temps.","og_url":"https:\/\/www.usedsoft.com\/i\/fr\/licences-en-volume\/","og_site_name":"usedSoft","article_modified_time":"2023-02-09T15:20:05+00:00","twitter_card":"summary_large_image","twitter_misc":{"Dur\u00e9e de lecture estim\u00e9e":"3 minutes"},"schema":{"@context":"https:\/\/schema.org","@graph":[{"@type":"WebPage","@id":"https:\/\/www.usedsoft.com\/i\/fr\/licences-en-volume\/","url":"https:\/\/www.usedsoft.com\/i\/fr\/licences-en-volume\/","name":"Licences en volume | usedSoft","isPartOf":{"@id":"https:\/\/www.usedsoft.com\/i\/#website"},"datePublished":"2022-07-14T07:43:11+00:00","dateModified":"2023-02-09T15:20:05+00:00","description":"Les licences en volume sont g\u00e9n\u00e9ralement la meilleure option lorsque plusieurs licences sont n\u00e9cessaires en m\u00eame temps.","breadcrumb":{"@id":"https:\/\/www.usedsoft.com\/i\/fr\/licences-en-volume\/#breadcrumb"},"inLanguage":"fr-FR","potentialAction":[{"@type":"ReadAction","target":["https:\/\/www.usedsoft.com\/i\/fr\/licences-en-volume\/"]}]},{"@type":"BreadcrumbList","@id":"https:\/\/www.usedsoft.com\/i\/fr\/licences-en-volume\/#breadcrumb","itemListElement":[{"@type":"ListItem","position":1,"name":"Startseite","item":"https:\/\/www.usedsoft.com\/i\/fr\/"},{"@type":"ListItem","position":2,"name":"Licences en volume"}]},{"@type":"WebSite","@id":"https:\/\/www.usedsoft.com\/i\/#website","url":"https:\/\/www.usedsoft.com\/i\/","name":"usedSoft","description":"","potentialAction":[{"@type":"SearchAction","target":{"@type":"EntryPoint","urlTemplate":"https:\/\/www.usedsoft.com\/i\/?s={search_term_string}"},"query-input":"required name=search_term_string"}],"inLanguage":"fr-FR"}]}},"_links":{"self":[{"href":"https:\/\/www.usedsoft.com\/i\/fr\/wp-json\/wp\/v2\/pages\/3989","targetHints":{"allow":["GET"]}}],"collection":[{"href":"https:\/\/www.usedsoft.com\/i\/fr\/wp-json\/wp\/v2\/pages"}],"about":[{"href":"https:\/\/www.usedsoft.com\/i\/fr\/wp-json\/wp\/v2\/types\/page"}],"author":[{"embeddable":true,"href":"https:\/\/www.usedsoft.com\/i\/fr\/wp-json\/wp\/v2\/users\/4"}],"replies":[{"embeddable":true,"href":"https:\/\/www.usedsoft.com\/i\/fr\/wp-json\/wp\/v2\/comments?post=3989"}],"version-history":[{"count":39,"href":"https:\/\/www.usedsoft.com\/i\/fr\/wp-json\/wp\/v2\/pages\/3989\/revisions"}],"predecessor-version":[{"id":6473,"href":"https:\/\/www.usedsoft.com\/i\/fr\/wp-json\/wp\/v2\/pages\/3989\/revisions\/6473"}],"wp:attachment":[{"href":"https:\/\/www.usedsoft.com\/i\/fr\/wp-json\/wp\/v2\/media?parent=3989"}],"curies":[{"name":"wp","href":"https:\/\/api.w.org\/{rel}","templated":true}]}}