{"id":12121,"date":"2025-10-18T02:41:46","date_gmt":"2025-10-18T00:41:46","guid":{"rendered":"https:\/\/www.usedsoft.com\/i\/?page_id=12121"},"modified":"2025-10-18T02:59:20","modified_gmt":"2025-10-18T00:59:20","slug":"accessibilite","status":"publish","type":"page","link":"https:\/\/www.usedsoft.com\/i\/fr\/accessibilite\/","title":{"rendered":"Accessibilit\u00e9"},"content":{"rendered":"<p>[vc_section][vc_row][vc_column][vc_column_text]<\/p>\n<h1>D\u00e9claration relative \u00e0 l&rsquo;accessibilit\u00e9<\/h1>\n<p>La <strong>usedSoft Deutschland GmbH<\/strong> s&rsquo;efforce de rendre son site web accessible conform\u00e9ment \u00e0 la <strong>loi allemande sur le renforcement de l&rsquo;accessibilit\u00e9 (BFSG)<\/strong> et au <strong>d\u00e9cret allemand sur les technologies de l&rsquo;information accessibles (BFSGV)<\/strong>.<\/p>\n<p>Cette d\u00e9claration d&rsquo;accessibilit\u00e9 s&rsquo;applique au site web :<br \/>\n<a href=\"https:\/\/www.usedsoft.com\/\">https:\/\/www.usedsoft.com\/<\/a><\/p>\n<h3>\u00c9tat de conformit\u00e9 aux exigences<\/h3>\n<p>Ce site web est <strong>partiellement<\/strong> conforme aux exigences de la BFSG. Les contenus non accessibles sont \u00e9num\u00e9r\u00e9s ci-dessous.<\/p>\n<h3>Contenus non accessibles<\/h3>\n<ul>\n<li>Tous les graphiques ne disposent pas d&rsquo;intitul\u00e9s alternatifs et de titres.<\/li>\n<li>Le rapport de contraste de 3:1 n&rsquo;est pas respect\u00e9 dans toutes les sections.<\/li>\n<li>Tous les champs du formulaire ne disposent pas d&rsquo;un bouton \u00ab Soumettre \u00bb.<\/li>\n<li>Tous les \u00e9l\u00e9ments cliquables ne disposent pas d&rsquo;un attribut ARIA valide.<\/li>\n<li>Certains \u00e9l\u00e9ments ont des attributs ID en double.<\/li>\n<li>Certaines ic\u00f4nes ou symboles non fonctionnels ne sont pas exclus des technologies d&rsquo;assistance.<\/li>\n<\/ul>\n<p>Nous travaillons en permanence \u00e0 l&rsquo;am\u00e9lioration de l&rsquo;accessibilit\u00e9 et pr\u00e9voyons de rem\u00e9dier aux points mentionn\u00e9s d&rsquo;ici le 03\/09\/2028.<\/p>\n<h3>R\u00e9daction de cette d\u00e9claration<\/h3>\n<p>Cette d\u00e9claration a \u00e9t\u00e9 r\u00e9dig\u00e9e le 3 septembre 2025.<br \/>\nL&rsquo;\u00e9valuation repose sur une <strong>auto-\u00e9valuation<\/strong>.<\/p>\n<h3>Commentaires et contact<\/h3>\n<p>Avez-vous remarqu\u00e9 des lacunes dans l&rsquo;accessibilit\u00e9 des contenus de ce site web ?<br \/>\nN&rsquo;h\u00e9sitez pas \u00e0 nous contacter :<\/p>\n<p><strong>Johannes J\u00e4ger<\/strong><br \/>\nE-Mail: <a href=\"mailto:info@usedSoft.com\">info@usedSoft.com<\/a><br \/>\nT\u00e9l\u00e9phone: +49 231 9999 1000<br \/>\nAdresse: Feldstrasse 40, 44141 Dortmund, Allemagne<\/p>\n<h3>Proc\u00e9dure d&rsquo;application<\/h3>\n<p>Si vous n&rsquo;obtenez pas de r\u00e9ponse satisfaisante \u00e0 vos remarques ou demandes concernant l&rsquo;accessibilit\u00e9, vous pouvez vous adresser \u00e0 l&rsquo;organisme charg\u00e9 de l&rsquo;application :<\/p>\n<p><strong>Organisme de conciliation selon la loi sur l&rsquo;\u00e9galit\u00e9 des personnes handicap\u00e9es (BGG)<\/strong><br \/>\nAupr\u00e8s du d\u00e9l\u00e9gu\u00e9 du gouvernement f\u00e9d\u00e9ral charg\u00e9 des questions relatives aux personnes handicap\u00e9es<br \/>\nMauerstra\u00dfe 53, 10117 Berlin, Allemagne<br \/>\nT\u00e9l\u00e9phone: +49 30 18 527-2805<br \/>\nE-Mail: <a href=\"mailto:info@schlichtungsstelle-bgg.de\">info@schlichtungsstelle-bgg.de<\/a><br \/>\nSite web: <a href=\"https:\/\/www.schlichtungsstelle-bgg.de\">www.schlichtungsstelle-bgg.de<\/a><br \/>\n[\/vc_column_text][\/vc_column][\/vc_row][\/vc_section]<\/p>\n","protected":false},"excerpt":{"rendered":"<p>[vc_section][vc_row][vc_column][vc_column_text] D\u00e9claration relative \u00e0 l&rsquo;accessibilit\u00e9 La usedSoft Deutschland GmbH s&rsquo;efforce de rendre son site web accessible conform\u00e9ment \u00e0 la loi allemande sur le renforcement de l&rsquo;accessibilit\u00e9 (BFSG) et au d\u00e9cret allemand sur les technologies de l&rsquo;information accessibles (BFSGV). Cette d\u00e9claration d&rsquo;accessibilit\u00e9 s&rsquo;applique au site web : https:\/\/www.usedsoft.com\/ \u00c9tat de conformit\u00e9 aux exigences Ce site web [&hellip;]<\/p>\n","protected":false},"author":1,"featured_media":0,"parent":0,"menu_order":0,"comment_status":"closed","ping_status":"closed","template":"","meta":{"footnotes":""},"class_list":["post-12121","page","type-page","status-publish","hentry"],"yoast_head":"<!-- This site is optimized with the Yoast SEO plugin v23.3 - https:\/\/yoast.com\/wordpress\/plugins\/seo\/ -->\n<title>Accessibilit\u00e9 | usedSoft<\/title>\n<meta name=\"robots\" content=\"index, follow, max-snippet:-1, max-image-preview:large, max-video-preview:-1\" \/>\n<link rel=\"canonical\" href=\"https:\/\/www.usedsoft.com\/i\/fr\/accessibilite\/\" \/>\n<meta property=\"og:locale\" content=\"fr_FR\" \/>\n<meta property=\"og:type\" content=\"article\" \/>\n<meta property=\"og:title\" content=\"Accessibilit\u00e9 | usedSoft\" \/>\n<meta property=\"og:description\" content=\"[vc_section][vc_row][vc_column][vc_column_text] D\u00e9claration relative \u00e0 l&rsquo;accessibilit\u00e9 La usedSoft Deutschland GmbH s&rsquo;efforce de rendre son site web accessible conform\u00e9ment \u00e0 la loi allemande sur le renforcement de l&rsquo;accessibilit\u00e9 (BFSG) et au d\u00e9cret allemand sur les technologies de l&rsquo;information accessibles (BFSGV). Cette d\u00e9claration d&rsquo;accessibilit\u00e9 s&rsquo;applique au site web : https:\/\/www.usedsoft.com\/ \u00c9tat de conformit\u00e9 aux exigences Ce site web [&hellip;]\" \/>\n<meta property=\"og:url\" content=\"https:\/\/www.usedsoft.com\/i\/fr\/accessibilite\/\" \/>\n<meta property=\"og:site_name\" content=\"usedSoft\" \/>\n<meta property=\"article:modified_time\" content=\"2025-10-18T00:59:20+00:00\" \/>\n<meta name=\"twitter:card\" content=\"summary_large_image\" \/>\n<meta name=\"twitter:label1\" content=\"Dur\u00e9e de lecture estim\u00e9e\" \/>\n\t<meta name=\"twitter:data1\" content=\"2 minutes\" \/>\n<script type=\"application\/ld+json\" class=\"yoast-schema-graph\">{\"@context\":\"https:\/\/schema.org\",\"@graph\":[{\"@type\":\"WebPage\",\"@id\":\"https:\/\/www.usedsoft.com\/i\/fr\/accessibilite\/\",\"url\":\"https:\/\/www.usedsoft.com\/i\/fr\/accessibilite\/\",\"name\":\"Accessibilit\u00e9 | usedSoft\",\"isPartOf\":{\"@id\":\"https:\/\/www.usedsoft.com\/i\/#website\"},\"datePublished\":\"2025-10-18T00:41:46+00:00\",\"dateModified\":\"2025-10-18T00:59:20+00:00\",\"breadcrumb\":{\"@id\":\"https:\/\/www.usedsoft.com\/i\/fr\/accessibilite\/#breadcrumb\"},\"inLanguage\":\"fr-FR\",\"potentialAction\":[{\"@type\":\"ReadAction\",\"target\":[\"https:\/\/www.usedsoft.com\/i\/fr\/accessibilite\/\"]}]},{\"@type\":\"BreadcrumbList\",\"@id\":\"https:\/\/www.usedsoft.com\/i\/fr\/accessibilite\/#breadcrumb\",\"itemListElement\":[{\"@type\":\"ListItem\",\"position\":1,\"name\":\"Startseite\",\"item\":\"https:\/\/www.usedsoft.com\/i\/fr\/\"},{\"@type\":\"ListItem\",\"position\":2,\"name\":\"Accessibilit\u00e9\"}]},{\"@type\":\"WebSite\",\"@id\":\"https:\/\/www.usedsoft.com\/i\/#website\",\"url\":\"https:\/\/www.usedsoft.com\/i\/\",\"name\":\"usedSoft\",\"description\":\"\",\"potentialAction\":[{\"@type\":\"SearchAction\",\"target\":{\"@type\":\"EntryPoint\",\"urlTemplate\":\"https:\/\/www.usedsoft.com\/i\/?s={search_term_string}\"},\"query-input\":\"required name=search_term_string\"}],\"inLanguage\":\"fr-FR\"}]}<\/script>\n<!-- \/ Yoast SEO plugin. -->","yoast_head_json":{"title":"Accessibilit\u00e9 | usedSoft","robots":{"index":"index","follow":"follow","max-snippet":"max-snippet:-1","max-image-preview":"max-image-preview:large","max-video-preview":"max-video-preview:-1"},"canonical":"https:\/\/www.usedsoft.com\/i\/fr\/accessibilite\/","og_locale":"fr_FR","og_type":"article","og_title":"Accessibilit\u00e9 | usedSoft","og_description":"[vc_section][vc_row][vc_column][vc_column_text] D\u00e9claration relative \u00e0 l&rsquo;accessibilit\u00e9 La usedSoft Deutschland GmbH s&rsquo;efforce de rendre son site web accessible conform\u00e9ment \u00e0 la loi allemande sur le renforcement de l&rsquo;accessibilit\u00e9 (BFSG) et au d\u00e9cret allemand sur les technologies de l&rsquo;information accessibles (BFSGV). Cette d\u00e9claration d&rsquo;accessibilit\u00e9 s&rsquo;applique au site web : https:\/\/www.usedsoft.com\/ \u00c9tat de conformit\u00e9 aux exigences Ce site web [&hellip;]","og_url":"https:\/\/www.usedsoft.com\/i\/fr\/accessibilite\/","og_site_name":"usedSoft","article_modified_time":"2025-10-18T00:59:20+00:00","twitter_card":"summary_large_image","twitter_misc":{"Dur\u00e9e de lecture estim\u00e9e":"2 minutes"},"schema":{"@context":"https:\/\/schema.org","@graph":[{"@type":"WebPage","@id":"https:\/\/www.usedsoft.com\/i\/fr\/accessibilite\/","url":"https:\/\/www.usedsoft.com\/i\/fr\/accessibilite\/","name":"Accessibilit\u00e9 | usedSoft","isPartOf":{"@id":"https:\/\/www.usedsoft.com\/i\/#website"},"datePublished":"2025-10-18T00:41:46+00:00","dateModified":"2025-10-18T00:59:20+00:00","breadcrumb":{"@id":"https:\/\/www.usedsoft.com\/i\/fr\/accessibilite\/#breadcrumb"},"inLanguage":"fr-FR","potentialAction":[{"@type":"ReadAction","target":["https:\/\/www.usedsoft.com\/i\/fr\/accessibilite\/"]}]},{"@type":"BreadcrumbList","@id":"https:\/\/www.usedsoft.com\/i\/fr\/accessibilite\/#breadcrumb","itemListElement":[{"@type":"ListItem","position":1,"name":"Startseite","item":"https:\/\/www.usedsoft.com\/i\/fr\/"},{"@type":"ListItem","position":2,"name":"Accessibilit\u00e9"}]},{"@type":"WebSite","@id":"https:\/\/www.usedsoft.com\/i\/#website","url":"https:\/\/www.usedsoft.com\/i\/","name":"usedSoft","description":"","potentialAction":[{"@type":"SearchAction","target":{"@type":"EntryPoint","urlTemplate":"https:\/\/www.usedsoft.com\/i\/?s={search_term_string}"},"query-input":"required name=search_term_string"}],"inLanguage":"fr-FR"}]}},"_links":{"self":[{"href":"https:\/\/www.usedsoft.com\/i\/fr\/wp-json\/wp\/v2\/pages\/12121","targetHints":{"allow":["GET"]}}],"collection":[{"href":"https:\/\/www.usedsoft.com\/i\/fr\/wp-json\/wp\/v2\/pages"}],"about":[{"href":"https:\/\/www.usedsoft.com\/i\/fr\/wp-json\/wp\/v2\/types\/page"}],"author":[{"embeddable":true,"href":"https:\/\/www.usedsoft.com\/i\/fr\/wp-json\/wp\/v2\/users\/1"}],"replies":[{"embeddable":true,"href":"https:\/\/www.usedsoft.com\/i\/fr\/wp-json\/wp\/v2\/comments?post=12121"}],"version-history":[{"count":3,"href":"https:\/\/www.usedsoft.com\/i\/fr\/wp-json\/wp\/v2\/pages\/12121\/revisions"}],"predecessor-version":[{"id":12124,"href":"https:\/\/www.usedsoft.com\/i\/fr\/wp-json\/wp\/v2\/pages\/12121\/revisions\/12124"}],"wp:attachment":[{"href":"https:\/\/www.usedsoft.com\/i\/fr\/wp-json\/wp\/v2\/media?parent=12121"}],"curies":[{"name":"wp","href":"https:\/\/api.w.org\/{rel}","templated":true}]}}